{"id":12166,"date":"2018-05-08T14:23:45","date_gmt":"2018-05-08T14:23:45","guid":{"rendered":"https:\/\/twsites.com.br\/novomigcenter\/?product=rechaud-retangular-1-cuba-brinox"},"modified":"2018-05-08T14:23:45","modified_gmt":"2018-05-08T14:23:45","slug":"rechaud-retangular-1-cuba-brinox","status":"publish","type":"product","link":"https:\/\/twsites.com.br\/novomigcenter\/?product=rechaud-retangular-1-cuba-brinox","title":{"rendered":"Rechaud Inox Banho Maria Savoy Retangular 1 Cuba &#8211; Brinox"},"content":{"rendered":"<p class=\"MsoNormal\" style=\"text-align:justify\"><b>Rechaud Inox Banho Maria Savoy Retangular 1 Cuba &#8211; Brinox<o:p><\/o:p><\/b><\/p>\n<p class=\"MsoNormal\" style=\"text-align:justify\">O rechaud de inox banho maria \u00e9 a op\u00e7\u00e3o ideal para quem precisa expor a comida por um tempo maior e mant\u00ea-la aquecida. Isso porque esse utens\u00edlio foi desenvolvido especialmente para oferecer uma apresenta\u00e7\u00e3o do alimento com mais sofistica\u00e7\u00e3o e praticidade. O banho maria permite que a temperatura se mantenha pelo tempo que for necess\u00e1rio. E a cuba possui espa\u00e7o suficiente para armazenar os alimentos. <o:p><\/o:p><\/p>\n<p class=\"MsoNormal\" style=\"text-align:justify\"><o:p>&nbsp;<\/o:p><\/p>\n<p class=\"MsoNormal\" style=\"text-align:justify\"><b>Durabilidade<o:p><\/o:p><\/b><\/p>\n<p class=\"MsoNormal\" style=\"text-align:justify\">Al\u00e9m disso, o a\u00e7o inox no qual esse rechaud \u00e9 fabricado possui resist\u00eancia a altas temperaturas e \u00e9 muito mais dur\u00e1vel. Outra vantagem \u00e9 que o inox n\u00e3o libera nenhum tipo de subst\u00e2ncia nos alimentos, mantendo a comida aquecida sem nenhuma preocupa\u00e7\u00e3o. Por este motivo o rechaud \u00e9 t\u00e3o requisitado pelos melhores restaurantes e buffet&#8217;s. <o:p><\/o:p><\/p>\n<p class=\"MsoNormal\" style=\"text-align:justify\"><o:p>&nbsp;<\/o:p><\/p>\n<p class=\"MsoNormal\" style=\"text-align:justify\"><b>Brinox<o:p><\/o:p><\/b><\/p>\n<p class=\"MsoNormal\" style=\"text-align:justify\">A Brinox\u00e9 uma das maiores empresas no ramos de equipamentos e utens\u00edlios de cozinha. A Brinox existe para desenvolver, produzir e entregar produtos de qualidade, que tornem melhor a vida das pessoas. Assim, a empresa gera valor para seus consumidores, funcion\u00e1rios, acionistas e comunidades em que est\u00e1 inserida.<o:p><\/o:p><\/p>\n<p class=\"MsoNormal\" style=\"text-align:justify\"><o:p>&nbsp;<\/o:p><\/p>\n<p class=\"MsoNormal\" style=\"text-align:justify\"><b>Caracter\u00edsticas<o:p><\/o:p><\/b><\/p>\n<p class=\"MsoNormal\" style=\"text-align:justify\">O Rechaud Retangular Savoy vem com Banho Maria e queimador. \u00c9 um produto 100% A\u00e7o Inox, dur\u00e1vel, resistente e f\u00e1cil de limpar. Acompanha duas Cubas GN 1\/2. N\u00e3o molha a mesa! A \u00e1gua condensada na tampa escorre sobre a borda retornando para o interior da cuba de Banho Maria.<o:p><\/o:p><\/p>\n<p class=\"MsoNormal\" style=\"text-align:justify\"><o:p>&nbsp;<\/o:p><\/p>\n<p class=\"MsoNormal\" style=\"text-align:justify\"><b>Dimens\u00f5es<o:p><\/o:p><\/b><\/p>\n<p class=\"MsoNormal\" style=\"text-align:justify\"><b>Peso:<\/b> 5,50 Kg<o:p><\/o:p><\/p>\n<p class=\"MsoNormal\" style=\"text-align:justify\"><b>Altura:<\/b> 31 cm<o:p><\/o:p><\/p>\n<p class=\"MsoNormal\" style=\"text-align:justify\"><b>Largura:<\/b> 41 cm<o:p><\/o:p><\/p>\n<p class=\"MsoNormal\" style=\"text-align:justify\"><b>Profundidade:<\/b> 40 cm<o:p><\/o:p><\/p>\n<p class=\"MsoNormal\" style=\"text-align:justify\"><b>Ambiente<o:p><\/o:p><\/b><\/p>\n<p class=\"MsoNormal\" style=\"text-align:justify\">Corporativo<o:p><\/o:p><\/p>\n<p class=\"MsoNormal\" style=\"text-align:justify\"><b>Material<o:p><\/o:p><\/b><\/p>\n<p class=\"MsoNormal\" style=\"text-align:justify\">A\u00e7o inox<o:p><\/o:p><\/p>\n<p class=\"MsoNormal\" style=\"text-align:justify\"><b>Linha<o:p><\/o:p><\/b><\/p>\n<p class=\"MsoNormal\" style=\"text-align:justify\">Savoy<o:p><\/o:p><\/p>\n<p class=\"MsoNormal\" style=\"text-align:justify\"><b>Tipo de produto<o:p><\/o:p><\/b><\/p>\n<p class=\"MsoNormal\" style=\"text-align:justify\">Servir corporate<o:p><\/o:p><\/p>\n<p class=\"MsoNormal\" style=\"text-align:justify\"><b>Composi\u00e7\u00e3o<o:p><\/o:p><\/b><\/p>\n<p class=\"MsoNormal\" style=\"text-align:justify\">01 rechaud retangular com banho maria 02 cubas 1\/2 02 fogareiros<o:p><\/o:p><\/p>\n<p class=\"MsoNormal\" style=\"text-align:justify\"><b>Suporte<o:p><\/o:p><\/b><\/p>\n<\/p>\n<p class=\"MsoNormal\" style=\"text-align:justify\">Para mais informa\u00e7\u00f5es entre em contato com a Brinox pelo n\u00famero 54 4009.7000.<o:p><\/o:p><\/p>\n","protected":false},"excerpt":{"rendered":"<p>Rechaud Inox Banho Maria Savoy Retangular 1 Cuba &#8211; Brinox O rechaud de inox banho maria \u00e9 a op\u00e7\u00e3o ideal para quem precisa expor a comida por um tempo maior e mant\u00ea-la aquecida. Isso porque esse utens\u00edlio foi desenvolvido especialmente para oferecer uma apresenta\u00e7\u00e3o do alimento com mais sofistica\u00e7\u00e3o e praticidade. O banho maria permite [&hellip;]<\/p>\n","protected":false},"featured_media":12165,"comment_status":"open","ping_status":"closed","template":"","meta":[],"product_brand":[],"product_cat":[357,436],"product_tag":[],"class_list":{"0":"post-12166","1":"product","2":"type-product","3":"status-publish","4":"has-post-thumbnail","6":"product_cat-rechaud","7":"product_cat-cozinha","9":"first","10":"instock","11":"shipping-taxable","12":"purchasable","13":"product-type-simple"},"_links":{"self":[{"href":"https:\/\/twsites.com.br\/novomigcenter\/index.php?rest_route=\/wp\/v2\/product\/12166","targetHints":{"allow":["GET"]}}],"collection":[{"href":"https:\/\/twsites.com.br\/novomigcenter\/index.php?rest_route=\/wp\/v2\/product"}],"about":[{"href":"https:\/\/twsites.com.br\/novomigcenter\/index.php?rest_route=\/wp\/v2\/types\/product"}],"replies":[{"embeddable":true,"href":"https:\/\/twsites.com.br\/novomigcenter\/index.php?rest_route=%2Fwp%2Fv2%2Fcomments&post=12166"}],"wp:featuredmedia":[{"embeddable":true,"href":"https:\/\/twsites.com.br\/novomigcenter\/index.php?rest_route=\/wp\/v2\/media\/12165"}],"wp:attachment":[{"href":"https:\/\/twsites.com.br\/novomigcenter\/index.php?rest_route=%2Fwp%2Fv2%2Fmedia&parent=12166"}],"wp:term":[{"taxonomy":"product_brand","embeddable":true,"href":"https:\/\/twsites.com.br\/novomigcenter\/index.php?rest_route=%2Fwp%2Fv2%2Fproduct_brand&post=12166"},{"taxonomy":"product_cat","embeddable":true,"href":"https:\/\/twsites.com.br\/novomigcenter\/index.php?rest_route=%2Fwp%2Fv2%2Fproduct_cat&post=12166"},{"taxonomy":"product_tag","embeddable":true,"href":"https:\/\/twsites.com.br\/novomigcenter\/index.php?rest_route=%2Fwp%2Fv2%2Fproduct_tag&post=12166"}],"curies":[{"name":"wp","href":"https:\/\/api.w.org\/{rel}","templated":true}]}}