{"id":12168,"date":"2018-05-08T14:33:27","date_gmt":"2018-05-08T14:33:27","guid":{"rendered":"https:\/\/twsites.com.br\/novomigcenter\/?product=rechaud-retangular-2-cubas-8-litros-tramontina"},"modified":"2018-05-08T14:33:27","modified_gmt":"2018-05-08T14:33:27","slug":"rechaud-retangular-2-cubas-8-litros-tramontina","status":"publish","type":"product","link":"https:\/\/twsites.com.br\/novomigcenter\/?product=rechaud-retangular-2-cubas-8-litros-tramontina","title":{"rendered":"Rechaud Inox Banho Maria Retangular 2 Cubas 8 Litros com Tampa &#8211; Tramontina"},"content":{"rendered":"<p class=\"MsoNormal\"><b>Detalhes:<o:p><\/o:p><\/b><\/p>\n<p class=\"MsoNormal\">Tramontina: Rechaud Banho-Maria Retangular Tramontina Inox c\/ Tampa Vers\u00e1til e 2 Cubas &#8211; 8L<o:p><\/o:p><\/p>\n<p class=\"MsoNormal\" style=\"text-align:justify\">Muito mais efici\u00eancia na hora de servir os convidados! Esse rechaud, da Tramontina, \u00e9 pr\u00f3prio para uso em buffet\u2019s ou eventos. Totalmente feita em a\u00e7o inox, n\u00e3o solta nenhum res\u00edduo nos alimentos, mantendo-os saud\u00e1veis. Altamente dur\u00e1vel e higi\u00eanico, possui tampa vers\u00e1til. Conta com al\u00e7as para facilitar o transporte. Tamb\u00e9m tem acabamento polido, contrastando com os detalhes foscos da estrutura e da cuba. T\u00eam duas cubas 1\/2 para os alimentos, os alimentos s\u00e3o aquecidos pelo calor dos dois fogareiros, e capacidade para at\u00e9 8 litros.<o:p><\/o:p><\/p>\n<p class=\"MsoNormal\"><b>Caracter\u00edsticas<o:p><\/o:p><\/b><\/p>\n<p class=\"MsoNormal\">Material Inox<o:p><\/o:p><\/p>\n<p class=\"MsoNormal\"><b>Caracter\u00edsticas Gerais <o:p><\/o:p><\/b><\/p>\n<p class=\"MsoNormal\">&#8211; Tampa vers\u00e1til <o:p><\/o:p><\/p>\n<p class=\"MsoNormal\">&#8211; Capacidade para 8 litros <o:p><\/o:p><\/p>\n<p class=\"MsoNormal\">&#8211; Sistema com dois fogareiros <o:p><\/o:p><\/p>\n<p class=\"MsoNormal\">&#8211; 2 cubas 1\/2 <o:p><\/o:p><\/p>\n<p class=\"MsoNormal\">&#8211; Acabamento polido, contrastando com os detalhes fosco da estrutura e da cuba <o:p><\/o:p><\/p>\n<p class=\"MsoNormal\">&#8211; Recomenda-se o uso de \u00e1lcool gel no fogareiro <o:p><\/o:p><\/p>\n<p class=\"MsoNormal\">&#8211; Totalmente feito em a\u00e7o inox, n\u00e3o solta nenhum res\u00edduo nos alimentos, mantendo-os saud\u00e1veis <o:p><\/o:p><\/p>\n<p class=\"MsoNormal\">&#8211; A \u00e1gua condensada na tampa retorna para a cuba da \u00e1gua <o:p><\/o:p><\/p>\n<p class=\"MsoNormal\">&#8211; Refer\u00eancia Tramontina: 61045\/020 <o:p><\/o:p><\/p>\n<p class=\"MsoNormal\">Especifica\u00e7\u00f5es T\u00e9cnicas<o:p><\/o:p><\/p>\n<p class=\"MsoNormal\">Lav\u00e1vel em lava-lou\u00e7as sim<o:p><\/o:p><\/p>\n<p class=\"MsoNormal\">Cor Inox<o:p><\/o:p><\/p>\n<p class=\"MsoNormal\">Conte\u00fado da Embalagem &#8211; 1 Rechaud banho-maria econ\u00f4mico <o:p><\/o:p><\/p>\n<p class=\"MsoNormal\">Garantia 12 meses contra defeito de fabrica\u00e7\u00e3o<o:p><\/o:p><\/p>\n<p class=\"MsoNormal\">Observa\u00e7\u00f5es &#8211; Foto meramente ilustrativa, possui 2 cubas 1\/2. <o:p><\/o:p><\/p>\n<p class=\"MsoNormal\"><b>Modo de usar: <o:p><\/o:p><\/b><\/p>\n<p class=\"MsoNormal\">&#8211; Adicione \u00e1gua quente no recipiente externo, at\u00e9 o n\u00edvel indicado. <o:p><\/o:p><\/p>\n<p class=\"MsoNormal\">&#8211; Coloque a comida no recipiente interno. <o:p><\/o:p><\/p>\n<p class=\"MsoNormal\">&#8211; Retire o fogareiro da base do rechaud e adicione \u00e1lcool gel. <o:p><\/o:p><\/p>\n<p class=\"MsoNormal\">&#8211; Leve o fogareiro at\u00e9 a base do rechaud. <o:p><\/o:p><\/p>\n<p class=\"MsoNormal\">&#8211; Acenda o fogareiro. <o:p><\/o:p><\/p>\n<p class=\"MsoNormal\">&#8211; Para apagar a chama, utilize a tampa do fogareiro. <o:p><\/o:p><\/p>\n<p class=\"MsoNormal\">&#8211; Para conservar a comida resfriada, mantenha o fogareiro apagado e coloque gelo no recipiente externo<o:p><\/o:p><\/p>\n<p class=\"MsoNormal\">Dimens\u00f5es<o:p><\/o:p><\/p>\n<p class=\"MsoNormal\">Rechaud Banho-Maria Retangular Tramontina Inox c\/ Tampa Vers\u00e1til e 2 Cubas &#8211; 8L<o:p><\/o:p><\/p>\n<p class=\"MsoNormal\"><b>Altura<o:p><\/o:p><\/b><\/p>\n<p class=\"MsoNormal\">35,00 Cent\u00edmetros<o:p><\/o:p><\/p>\n<p class=\"MsoNormal\"><b>Largura<o:p><\/o:p><\/b><\/p>\n<p class=\"MsoNormal\">41,00 Cent\u00edmetros<o:p><\/o:p><\/p>\n<p class=\"MsoNormal\"><b>Profundidade<o:p><\/o:p><\/b><\/p>\n<p class=\"MsoNormal\">69,00 Cent\u00edmetros<o:p><\/o:p><\/p>\n<p class=\"MsoNormal\"><b>Peso <o:p><\/o:p><\/b><\/p>\n<p class=\"MsoNormal\">8,62 Quilos<o:p><\/o:p><\/p>\n<p class=\"MsoNormal\"><b>Fabricante: <o:p><\/o:p><\/b><\/p>\n<p class=\"MsoNormal\">Tramontina<o:p><\/o:p><\/p>\n<p class=\"MsoNormal\"><b>Telefone: SAC: (11) 4197-1266<o:p><\/o:p><\/b><\/p>\n<p class=\"MsoNormal\">\n<p class=\"MsoNormal\"><b>E-mail\/Site: <\/b>www.tramontina.com.br\/contato\/atendimento-ao-consumidor<o:p><\/o:p><\/p>\n","protected":false},"excerpt":{"rendered":"<p>Detalhes: Tramontina: Rechaud Banho-Maria Retangular Tramontina Inox c\/ Tampa Vers\u00e1til e 2 Cubas &#8211; 8L Muito mais efici\u00eancia na hora de servir os convidados! Esse rechaud, da Tramontina, \u00e9 pr\u00f3prio para uso em buffet\u2019s ou eventos. Totalmente feita em a\u00e7o inox, n\u00e3o solta nenhum res\u00edduo nos alimentos, mantendo-os saud\u00e1veis. Altamente dur\u00e1vel e higi\u00eanico, possui tampa [&hellip;]<\/p>\n","protected":false},"featured_media":12167,"comment_status":"open","ping_status":"closed","template":"","meta":[],"product_brand":[],"product_cat":[357,436],"product_tag":[],"class_list":{"0":"post-12168","1":"product","2":"type-product","3":"status-publish","4":"has-post-thumbnail","6":"product_cat-rechaud","7":"product_cat-cozinha","9":"first","10":"instock","11":"shipping-taxable","12":"purchasable","13":"product-type-simple"},"_links":{"self":[{"href":"https:\/\/twsites.com.br\/novomigcenter\/index.php?rest_route=\/wp\/v2\/product\/12168","targetHints":{"allow":["GET"]}}],"collection":[{"href":"https:\/\/twsites.com.br\/novomigcenter\/index.php?rest_route=\/wp\/v2\/product"}],"about":[{"href":"https:\/\/twsites.com.br\/novomigcenter\/index.php?rest_route=\/wp\/v2\/types\/product"}],"replies":[{"embeddable":true,"href":"https:\/\/twsites.com.br\/novomigcenter\/index.php?rest_route=%2Fwp%2Fv2%2Fcomments&post=12168"}],"wp:featuredmedia":[{"embeddable":true,"href":"https:\/\/twsites.com.br\/novomigcenter\/index.php?rest_route=\/wp\/v2\/media\/12167"}],"wp:attachment":[{"href":"https:\/\/twsites.com.br\/novomigcenter\/index.php?rest_route=%2Fwp%2Fv2%2Fmedia&parent=12168"}],"wp:term":[{"taxonomy":"product_brand","embeddable":true,"href":"https:\/\/twsites.com.br\/novomigcenter\/index.php?rest_route=%2Fwp%2Fv2%2Fproduct_brand&post=12168"},{"taxonomy":"product_cat","embeddable":true,"href":"https:\/\/twsites.com.br\/novomigcenter\/index.php?rest_route=%2Fwp%2Fv2%2Fproduct_cat&post=12168"},{"taxonomy":"product_tag","embeddable":true,"href":"https:\/\/twsites.com.br\/novomigcenter\/index.php?rest_route=%2Fwp%2Fv2%2Fproduct_tag&post=12168"}],"curies":[{"name":"wp","href":"https:\/\/api.w.org\/{rel}","templated":true}]}}