{"id":12173,"date":"2018-05-08T14:41:34","date_gmt":"2018-05-08T14:41:34","guid":{"rendered":"https:\/\/twsites.com.br\/novomigcenter\/?product=rechaud-4-litros-tramontina-cod-tra-61041000"},"modified":"2018-05-08T14:41:34","modified_gmt":"2018-05-08T14:41:34","slug":"rechaud-4-litros-tramontina-cod-tra-61041000","status":"publish","type":"product","link":"https:\/\/twsites.com.br\/novomigcenter\/?product=rechaud-4-litros-tramontina-cod-tra-61041000","title":{"rendered":"Rechaud Inox Banho Maria Redondo 4 Litros com Fogareiro &#8211; Tramontina"},"content":{"rendered":"<p class=\"MsoNormal\"><b><font face=\"Arial\" style=\"\"><span style=\"font-size: 14px;\">Detalhes<\/span><o:p><\/o:p><\/font><\/b><\/p>\n<p class=\"MsoNormal\"><b><font face=\"Arial\" style=\"\"><span style=\"font-size: 14px;\">Rechaud Inox Banho Maria Redondo 4 Litros com Fogareiro &#8211; Tramontina<\/span><o:p><\/o:p><\/font><\/b><\/p>\n<p class=\"MsoNormal\" style=\"text-align:justify\"><font face=\"Arial\" style=\"\"><span style=\"font-size: 14px;\">O Rechaud \u00e9 um utens\u00edlio bastante utilizado em restaurantes e lanchonetes por ser pr\u00e1tico e acrescentar um bom efeito visual ao buffet. \u00c9 f\u00e1cil de ser manuseado devido \u00e0s al\u00e7as laterais que facilitam seu transporte. Por tanto, \u00e9 ideal para situa\u00e7\u00f5es que precisam de mobilidade, como eventos, por exemplo.<\/span><\/font><\/p>\n<p class=\"MsoNormal\" style=\"text-align:justify\"><b><font face=\"Arial\" style=\"\"><span style=\"font-size: 14px;\">Vers\u00e1til e f\u00e1cil de limpar<\/span><o:p><\/o:p><\/font><\/b><\/p>\n<p class=\"MsoNormal\" style=\"text-align:justify\"><font face=\"Arial\" style=\"\"><span style=\"font-size: 14px;\">Tamb\u00e9m \u00e9 bem vers\u00e1til, pode ser usado em v\u00e1rios tipos de ambientes e estabelecimentos. Por ser port\u00e1til pode, inclusive ser usado em foodtrucks e estabelecimentos do tipo. \u00c9 fabricado em a\u00e7o inox, por este motivo, n\u00e3o solta res\u00edduos nos alimentos. Al\u00e9m de tudo, \u00e9 f\u00e1cil de limpar e bastante dur\u00e1vel.<\/span><o:p><\/o:p><\/font><\/p>\n<p class=\"MsoNormal\" style=\"text-align:justify\"><\/p>\n<p class=\"MsoNormal\" style=\"text-align:justify\"><b><font face=\"Arial\" style=\"\"><span style=\"font-size: 14px;\">Tramontina<\/span><o:p><\/o:p><\/font><\/b><\/p>\n<p class=\"MsoNormal\" style=\"text-align:justify\"><font face=\"Arial\" style=\"\"><span style=\"font-size: 14px;\">A Tramontina \u00e9 uma das maiores empresas no ramos de equipamentos e utens\u00edlios de cozinha. A Tramontina existe para desenvolver, produzir e entregar produtos de qualidade, que tornem melhor a vida das pessoas. Assim, a empresa gera valor para seus consumidores, funcion\u00e1rios, acionistas e comunidades em que est\u00e1 inserida.<\/span><o:p><\/o:p><\/font><\/p>\n<p class=\"MsoNormal\" style=\"text-align:justify\"><b><font face=\"Arial\" style=\"\"><span style=\"font-size: 14px;\">&nbsp;<\/span><\/font><\/b><\/p>\n<p class=\"MsoNormal\" style=\"text-align:justify\"><b><font face=\"Arial\" style=\"\"><span style=\"font-size: 14px;\">Caracter\u00edsticas<\/span><o:p><\/o:p><\/font><\/b><\/p>\n<p class=\"MsoNormal\" style=\"text-align:justify\"><font face=\"Arial\" style=\"\"><span style=\"font-size: 14px;\">Totalmente feito de a\u00e7o inox, n\u00e3o solta nenhum res\u00edduo nos alimentos, mantendo-os saud\u00e1veis. Altamente dur\u00e1vel e higi\u00eanico, possui tampa de vidro, permitindo visualizar os alimentos. As al\u00e7as facilitam o transporte. Conserva os alimentos na temperatura ideal. Pr\u00f3prio para uso em buf\u00eas ou eventos. Possui suporte para descanso da tampa durante o uso. Acompanha fogareiro de a\u00e7o inox.<\/span><\/font><b><font face=\"Arial\"><span style=\"font-size: 14px;\">&nbsp;<\/span><\/font><\/b><\/p>\n<p class=\"MsoNormal\" style=\"text-align:justify\"><b><font face=\"Arial\" style=\"\"><span style=\"font-size: 14px;\">Dimens\u00f5es<\/span><o:p><\/o:p><\/font><\/b><\/p>\n<p class=\"MsoNormal\" style=\"text-align:justify\"><font face=\"Arial\" style=\"\"><b><span style=\"font-size: 14px;\">Peso: <\/span><\/b><span style=\"font-size: 14px;\">4,45 Kg<\/span><o:p><\/o:p><\/font><\/p>\n<p class=\"MsoNormal\" style=\"text-align:justify\"><font face=\"Arial\" style=\"\"><b><span style=\"font-size: 14px;\">Altura: <\/span><\/b><span style=\"font-size: 14px;\">27 cm<\/span><b><o:p><\/o:p><\/b><\/font><\/p>\n<p class=\"MsoNormal\" style=\"text-align:justify\"><font face=\"Arial\" style=\"\"><b><span style=\"font-size: 14px;\">Largura: <\/span><\/b><span style=\"font-size: 14px;\">41 cm<\/span><b><o:p><\/o:p><\/b><\/font><\/p>\n<p class=\"MsoNormal\" style=\"text-align:justify\"><font face=\"Arial\" style=\"\"><b><span style=\"font-size: 14px;\">Profundidade: <\/span><\/b><span style=\"font-size: 14px;\">33 cm<\/span><b><o:p><\/o:p><\/b><\/font><\/p>\n<p class=\"MsoNormal\" style=\"text-align:justify\"><b><font face=\"Arial\" style=\"\"><span style=\"font-size: 14px;\">Suporte<\/span><o:p><\/o:p><\/font><\/b><\/p>\n<p><span style=\"font-size: 14px;\">                                      <\/span><\/p>\n<p class=\"MsoNormal\" style=\"text-align:justify\"><font face=\"Arial\" style=\"\"><span style=\"font-size: 14px;\">Para mais informa\u00e7\u00f5es entre em contato com a Tramontina pelo n\u00famero (54) 3433.2800.<\/span><\/font><o:p><\/o:p><\/p>\n","protected":false},"excerpt":{"rendered":"<p>Detalhes Rechaud Inox Banho Maria Redondo 4 Litros com Fogareiro &#8211; Tramontina O Rechaud \u00e9 um utens\u00edlio bastante utilizado em restaurantes e lanchonetes por ser pr\u00e1tico e acrescentar um bom efeito visual ao buffet. \u00c9 f\u00e1cil de ser manuseado devido \u00e0s al\u00e7as laterais que facilitam seu transporte. Por tanto, \u00e9 ideal para situa\u00e7\u00f5es que precisam [&hellip;]<\/p>\n","protected":false},"featured_media":12169,"comment_status":"open","ping_status":"closed","template":"","meta":[],"product_brand":[],"product_cat":[357,436],"product_tag":[],"class_list":{"0":"post-12173","1":"product","2":"type-product","3":"status-publish","4":"has-post-thumbnail","6":"product_cat-rechaud","7":"product_cat-cozinha","9":"first","10":"instock","11":"shipping-taxable","12":"purchasable","13":"product-type-simple"},"_links":{"self":[{"href":"https:\/\/twsites.com.br\/novomigcenter\/index.php?rest_route=\/wp\/v2\/product\/12173","targetHints":{"allow":["GET"]}}],"collection":[{"href":"https:\/\/twsites.com.br\/novomigcenter\/index.php?rest_route=\/wp\/v2\/product"}],"about":[{"href":"https:\/\/twsites.com.br\/novomigcenter\/index.php?rest_route=\/wp\/v2\/types\/product"}],"replies":[{"embeddable":true,"href":"https:\/\/twsites.com.br\/novomigcenter\/index.php?rest_route=%2Fwp%2Fv2%2Fcomments&post=12173"}],"wp:featuredmedia":[{"embeddable":true,"href":"https:\/\/twsites.com.br\/novomigcenter\/index.php?rest_route=\/wp\/v2\/media\/12169"}],"wp:attachment":[{"href":"https:\/\/twsites.com.br\/novomigcenter\/index.php?rest_route=%2Fwp%2Fv2%2Fmedia&parent=12173"}],"wp:term":[{"taxonomy":"product_brand","embeddable":true,"href":"https:\/\/twsites.com.br\/novomigcenter\/index.php?rest_route=%2Fwp%2Fv2%2Fproduct_brand&post=12173"},{"taxonomy":"product_cat","embeddable":true,"href":"https:\/\/twsites.com.br\/novomigcenter\/index.php?rest_route=%2Fwp%2Fv2%2Fproduct_cat&post=12173"},{"taxonomy":"product_tag","embeddable":true,"href":"https:\/\/twsites.com.br\/novomigcenter\/index.php?rest_route=%2Fwp%2Fv2%2Fproduct_tag&post=12173"}],"curies":[{"name":"wp","href":"https:\/\/api.w.org\/{rel}","templated":true}]}}