{"id":12177,"date":"2018-05-08T16:32:25","date_gmt":"2018-05-08T16:32:25","guid":{"rendered":"https:\/\/twsites.com.br\/novomigcenter\/?product=garrafa-termica-8-litros-azul-termolar"},"modified":"2018-05-08T16:32:25","modified_gmt":"2018-05-08T16:32:25","slug":"garrafa-termica-8-litros-azul-termolar","status":"publish","type":"product","link":"https:\/\/twsites.com.br\/novomigcenter\/?product=garrafa-termica-8-litros-azul-termolar","title":{"rendered":"Garrafa T\u00e9rmica 8 Litros Azul Termolar"},"content":{"rendered":"<div class=\"heading-content\">\n<h3 class=\"product-description-heading\">&nbsp; &nbsp; &nbsp; &nbsp; &nbsp; &nbsp; &nbsp; &nbsp; &nbsp; &nbsp; &nbsp; &nbsp; &nbsp; &nbsp; &nbsp; &nbsp; &nbsp;Descri\u00e7\u00e3o do produto                             <\/h3>\n<\/p><\/div>\n<\/p>\n<div class=\"product-description-text-content product-tab-content\">\n<p>Caracter\u00edsticas:<\/p>\n<p>O Maxitermo \u00e9 um produto com isolamento t\u00e9rmico em PU, que garante alta resist\u00eancia e durabilidade.<\/p>\n<p>Possui al\u00e7a que se integra ao produto, facilitando o manuseio e  transporte, tamb\u00e9m conta com p\u00e9s retr\u00e1teis e torneira pr\u00e1tica para  servir.<\/p>\n<p>Apresenta toda a praticidade e comodidade para tornar os momentos ao ar livre ainda mais confort\u00e1veis.<\/p>\n<p>Com a confian\u00e7a e qualidade dos produtos Termolar, possui conserva\u00e7\u00e3o  t\u00e9rmica diferenciada, o que garantir\u00e1 l\u00edquidos quentes ou frios por  muito mais tempo.<\/p>\n<p>Resist\u00eancia P\u00e9s retr\u00e1teis Al\u00e7a que se integra ao produto, melhor manuseio e transporte.<\/p>\n<p>Capacidade: 8 litros<\/p>\n<p>Conserva\u00e7\u00e3o T\u00e9rmica: 10 litros<\/p>\n<p>Dimens\u00f5es:<\/p>\n<p>Peso: 1,492 Kg<\/p>\n<p>Altura: 30 cm<\/p>\n<p>Largura: 26,5 cm<\/p>\n<p>Profundidade: 28 cm<\/p>\n<\/div>\n","protected":false},"excerpt":{"rendered":"<p>&nbsp; &nbsp; &nbsp; &nbsp; &nbsp; &nbsp; &nbsp; &nbsp; &nbsp; &nbsp; &nbsp; &nbsp; &nbsp; &nbsp; &nbsp; &nbsp; &nbsp;Descri\u00e7\u00e3o do produto Caracter\u00edsticas: O Maxitermo \u00e9 um produto com isolamento t\u00e9rmico em PU, que garante alta resist\u00eancia e durabilidade. Possui al\u00e7a que se integra ao produto, facilitando o manuseio e transporte, tamb\u00e9m conta com p\u00e9s retr\u00e1teis e torneira [&hellip;]<\/p>\n","protected":false},"featured_media":12176,"comment_status":"open","ping_status":"closed","template":"","meta":[],"product_brand":[],"product_cat":[372,444],"product_tag":[641],"class_list":{"0":"post-12177","1":"product","2":"type-product","3":"status-publish","4":"has-post-thumbnail","6":"product_cat-garrafa-termica","7":"product_cat-utensilios","8":"product_tag-garrafa-termica-8-litros-azul-termolar","10":"first","11":"instock","12":"shipping-taxable","13":"purchasable","14":"product-type-simple"},"_links":{"self":[{"href":"https:\/\/twsites.com.br\/novomigcenter\/index.php?rest_route=\/wp\/v2\/product\/12177","targetHints":{"allow":["GET"]}}],"collection":[{"href":"https:\/\/twsites.com.br\/novomigcenter\/index.php?rest_route=\/wp\/v2\/product"}],"about":[{"href":"https:\/\/twsites.com.br\/novomigcenter\/index.php?rest_route=\/wp\/v2\/types\/product"}],"replies":[{"embeddable":true,"href":"https:\/\/twsites.com.br\/novomigcenter\/index.php?rest_route=%2Fwp%2Fv2%2Fcomments&post=12177"}],"wp:featuredmedia":[{"embeddable":true,"href":"https:\/\/twsites.com.br\/novomigcenter\/index.php?rest_route=\/wp\/v2\/media\/12176"}],"wp:attachment":[{"href":"https:\/\/twsites.com.br\/novomigcenter\/index.php?rest_route=%2Fwp%2Fv2%2Fmedia&parent=12177"}],"wp:term":[{"taxonomy":"product_brand","embeddable":true,"href":"https:\/\/twsites.com.br\/novomigcenter\/index.php?rest_route=%2Fwp%2Fv2%2Fproduct_brand&post=12177"},{"taxonomy":"product_cat","embeddable":true,"href":"https:\/\/twsites.com.br\/novomigcenter\/index.php?rest_route=%2Fwp%2Fv2%2Fproduct_cat&post=12177"},{"taxonomy":"product_tag","embeddable":true,"href":"https:\/\/twsites.com.br\/novomigcenter\/index.php?rest_route=%2Fwp%2Fv2%2Fproduct_tag&post=12177"}],"curies":[{"name":"wp","href":"https:\/\/api.w.org\/{rel}","templated":true}]}}