{"id":12212,"date":"2018-05-11T12:21:25","date_gmt":"2018-05-11T12:21:25","guid":{"rendered":"https:\/\/twsites.com.br\/novomigcenter\/?product=masseira-para-churros-ademaq"},"modified":"2018-05-11T12:21:25","modified_gmt":"2018-05-11T12:21:25","slug":"masseira-para-churros-ademaq","status":"publish","type":"product","link":"https:\/\/twsites.com.br\/novomigcenter\/?product=masseira-para-churros-ademaq","title":{"rendered":"Masseira para Churros &#8211; Ademaq"},"content":{"rendered":"<p id=\"u3740-2\" style=\"margin-bottom: 0px; padding: 0px; border-width: 0px; transform-origin: 0% 0%; font-size: 14px;\"><font face=\"Arial\">\u2022 Colunas em alum\u00ednio polido<\/font><\/p>\n<p id=\"u3740-3\" style=\"margin-bottom: 0px; padding: 0px; border-width: 0px; transform-origin: 0% 0%; font-size: 14px;\"><font face=\"Arial\">&nbsp;<\/font><\/p>\n<p id=\"u3740-5\" style=\"margin-bottom: 0px; padding: 0px; border-width: 0px; transform-origin: 0% 0%; font-size: 14px;\"><font face=\"Arial\">\u2022 Exclusivo copo em a\u00e7o inox 304 escovado, super refor\u00e7ado e confeccionado em uma pe\u00e7a \u00fanica<\/font><\/p>\n<p id=\"u3740-6\" style=\"margin-bottom: 0px; padding: 0px; border-width: 0px; transform-origin: 0% 0%; font-size: 14px;\"><font face=\"Arial\">&nbsp;<\/font><\/p>\n<p id=\"u3740-8\" style=\"margin-bottom: 0px; padding: 0px; border-width: 0px; transform-origin: 0% 0%; font-size: 14px;\"><font face=\"Arial\">\u2022 Engrenagens temperadas e zincadas<\/font><\/p>\n<p id=\"u3740-9\" style=\"margin-bottom: 0px; padding: 0px; border-width: 0px; transform-origin: 0% 0%; font-size: 14px;\"><font face=\"Arial\">&nbsp;<\/font><\/p>\n<p id=\"u3740-11\" style=\"margin-bottom: 0px; padding: 0px; border-width: 0px; transform-origin: 0% 0%; font-size: 14px;\"><font face=\"Arial\">\u2022 Disco em a\u00e7o inox 304<\/font><\/p>\n<p id=\"u3740-12\" style=\"margin-bottom: 0px; padding: 0px; border-width: 0px; transform-origin: 0% 0%; font-size: 14px;\"><font face=\"Arial\">&nbsp;<\/font><\/p>\n<p id=\"u3740-14\" style=\"margin-bottom: 0px; padding: 0px; border-width: 0px; transform-origin: 0% 0%; font-size: 14px;\"><font face=\"Arial\">\u2022 Exclusivo cabo girat\u00f3rio<\/font><\/p>\n<p id=\"u3740-15\" style=\"margin-bottom: 0px; padding: 0px; border-width: 0px; transform-origin: 0% 0%; font-size: 14px;\"><font face=\"Arial\">&nbsp;<\/font><\/p>\n<p id=\"u3740-18\" style=\"margin-bottom: 0px; padding: 0px; border-width: 0px; transform-origin: 0% 0%; font-size: 14px;\"><font face=\"Arial\">\u2022 Acompanha uma estrelinha modelo tradicional (26,0 mm) &#8211;&nbsp;<span id=\"u3740-17\" style=\"font-weight: 700;\">vide abaixo<\/span><\/font><\/p>\n<p id=\"u3740-19\" style=\"margin-bottom: 0px; padding: 0px; border-width: 0px; transform-origin: 0% 0%; font-size: 14px;\"><font face=\"Arial\">&nbsp;<\/font><\/p>\n<p id=\"u3740-21\" style=\"margin-bottom: 0px; padding: 0px; border-width: 0px; transform-origin: 0% 0%; font-weight: 700; font-size: 14px;\"><font face=\"Arial\">Capacidade:<\/font><\/p>\n<p id=\"u3740-23\" style=\"margin-bottom: 0px; padding: 0px; border-width: 0px; transform-origin: 0% 0%; font-size: 14px;\"><font face=\"Arial\">3,5 kg. de massa<\/font><\/p>\n<p id=\"u3740-23\" style=\"margin-bottom: 0px; padding: 0px; border-width: 0px; transform-origin: 0% 0%; font-size: 14px;\"><font face=\"Arial\"><br \/><\/font><\/p>\n<div class=\"clearfix grpelem\" id=\"u3741-10\" style=\"margin: 0px -10000px 0px 0px; padding: 0px; border-width: 0px; transform-origin: 0% 0%; display: inline; float: left; z-index: 445; width: 338px; position: relative; font-size: 14px;\">\n<p id=\"u3741-2\" style=\"margin-bottom: 0px; padding: 0px; border-width: 0px; transform-origin: 0% 0%; font-weight: 700;\"><font face=\"Arial\">Caracter\u00edsticas T\u00e9cnicas:<\/font><\/p>\n<p id=\"u3741-4\" style=\"margin-bottom: 0px; padding: 0px; border-width: 0px; transform-origin: 0% 0%;\"><font face=\"Arial\">\u2022 Altura (cremalheira abaixada): 58,0 cm.<\/font><\/p>\n<p id=\"u3741-6\" style=\"margin-bottom: 0px; padding: 0px; border-width: 0px; transform-origin: 0% 0%;\"><font face=\"Arial\">\u2022 Altura (cremalheira erguida): 82,0 cm.<\/font><\/p>\n<p id=\"u3741-8\" style=\"margin-bottom: 0px; padding: 0px; border-width: 0px; transform-origin: 0% 0%;\"><font face=\"Arial\">\u2022 Largura: 31,0 cm.<\/font><\/p>\n<\/div>\n<div class=\"clearfix grpelem\" id=\"u3742-8\" style=\"margin: 17px -10000px 0px 0px; padding: 0px; border-width: 0px; transform-origin: 0% 0%; display: inline; float: left; z-index: 455; width: 247px; position: relative; left: 323px; font-size: 14px;\">\n<p style=\"margin-bottom: 0px; padding: 0px; border-width: 0px; transform-origin: 0% 0%;\"><font face=\"Arial\">\u2022 Profundidade: 18,0 cm.<\/font><\/p>\n<p style=\"margin-bottom: 0px; padding: 0px; border-width: 0px; transform-origin: 0% 0%;\"><font face=\"Arial\">\u2022 Peso l\u00edquido: 9,0 kg.<\/font><\/p>\n<p style=\"margin-bottom: 0px; padding: 0px; border-width: 0px; transform-origin: 0% 0%;\"><font face=\"Arial\">\u2022 Garantia total de 6 meses<\/font><\/p>\n<\/div>\n","protected":false},"excerpt":{"rendered":"<p>\u2022 Colunas em alum\u00ednio polido &nbsp; \u2022 Exclusivo copo em a\u00e7o inox 304 escovado, super refor\u00e7ado e confeccionado em uma pe\u00e7a \u00fanica &nbsp; \u2022 Engrenagens temperadas e zincadas &nbsp; \u2022 Disco em a\u00e7o inox 304 &nbsp; \u2022 Exclusivo cabo girat\u00f3rio &nbsp; \u2022 Acompanha uma estrelinha modelo tradicional (26,0 mm) &#8211;&nbsp;vide abaixo &nbsp; Capacidade: 3,5 kg. [&hellip;]<\/p>\n","protected":false},"featured_media":12211,"comment_status":"open","ping_status":"closed","template":"","meta":[],"product_brand":[],"product_cat":[389,439],"product_tag":[644],"class_list":{"0":"post-12212","1":"product","2":"type-product","3":"status-publish","4":"has-post-thumbnail","6":"product_cat-masseira-de-churros","7":"product_cat-festa","8":"product_tag-masseira-para-churros-ademaq","10":"first","11":"instock","12":"shipping-taxable","13":"purchasable","14":"product-type-simple"},"_links":{"self":[{"href":"https:\/\/twsites.com.br\/novomigcenter\/index.php?rest_route=\/wp\/v2\/product\/12212","targetHints":{"allow":["GET"]}}],"collection":[{"href":"https:\/\/twsites.com.br\/novomigcenter\/index.php?rest_route=\/wp\/v2\/product"}],"about":[{"href":"https:\/\/twsites.com.br\/novomigcenter\/index.php?rest_route=\/wp\/v2\/types\/product"}],"replies":[{"embeddable":true,"href":"https:\/\/twsites.com.br\/novomigcenter\/index.php?rest_route=%2Fwp%2Fv2%2Fcomments&post=12212"}],"wp:featuredmedia":[{"embeddable":true,"href":"https:\/\/twsites.com.br\/novomigcenter\/index.php?rest_route=\/wp\/v2\/media\/12211"}],"wp:attachment":[{"href":"https:\/\/twsites.com.br\/novomigcenter\/index.php?rest_route=%2Fwp%2Fv2%2Fmedia&parent=12212"}],"wp:term":[{"taxonomy":"product_brand","embeddable":true,"href":"https:\/\/twsites.com.br\/novomigcenter\/index.php?rest_route=%2Fwp%2Fv2%2Fproduct_brand&post=12212"},{"taxonomy":"product_cat","embeddable":true,"href":"https:\/\/twsites.com.br\/novomigcenter\/index.php?rest_route=%2Fwp%2Fv2%2Fproduct_cat&post=12212"},{"taxonomy":"product_tag","embeddable":true,"href":"https:\/\/twsites.com.br\/novomigcenter\/index.php?rest_route=%2Fwp%2Fv2%2Fproduct_tag&post=12212"}],"curies":[{"name":"wp","href":"https:\/\/api.w.org\/{rel}","templated":true}]}}