{"id":12218,"date":"2018-05-11T15:03:23","date_gmt":"2018-05-11T15:03:23","guid":{"rendered":"https:\/\/twsites.com.br\/novomigcenter\/?product=garfo-trinchante-tramontina-inox-extrata-63815-471"},"modified":"2018-05-11T15:03:23","modified_gmt":"2018-05-11T15:03:23","slug":"garfo-trinchante-tramontina-inox-extrata-63815-471","status":"publish","type":"product","link":"https:\/\/twsites.com.br\/novomigcenter\/?product=garfo-trinchante-tramontina-inox-extrata-63815-471","title":{"rendered":"Garfo Trinchante Tramontina Inox Extrata 63815\/471"},"content":{"rendered":"<div class=\"heading-content\">\n<h3 class=\"product-description-heading\" style=\"text-align: justify; \">&nbsp; &nbsp; &nbsp; &nbsp; &nbsp; &nbsp; &nbsp; &nbsp; &nbsp; &nbsp; &nbsp; &nbsp; &nbsp; &nbsp; &nbsp; &nbsp; <font face=\"Arial\"><span style=\"font-size: 18px;\">&nbsp;<b>Descri\u00e7\u00e3o do produto                             <\/b><\/span><\/font><\/h3>\n<p><span style=\"font-size: 18px;\">                         <\/span><\/div>\n<p><span style=\"font-size: 18px;\">                           <\/span><\/p>\n<div class=\"product-description-text-content product-tab-content\"><span style=\"font-size: 18px;\">                             <\/span><\/p>\n<p style=\"text-align: justify;\"><font face=\"Arial\"><span style=\"font-size: 14px;\">Garfo Trinchante Tramontina Inox Extrata 63815\/471<\/span><\/font><\/p>\n<p><span style=\"font-size: 14px;\"> <\/span><\/p>\n<p style=\"text-align: justify;\"><font face=\"Arial\"><span style=\"font-size: 14px;\">Todo bom cozinheiro reconhece a import\u00e2ncia de ter utens\u00edlios que  proporcionem facilidade no dia a dia da cozinha. Com o garfo Trinchante  Tramontina para carnes em a\u00e7o inox acabamento brilho voc\u00ea poder\u00e1  realizar preparos perfeitos. O garfo da linha Extrata leva toda a  qualidade, durabilidade e beleza do a\u00e7o inox, al\u00e9m disso, o seu furo  permite que voc\u00ea possa inclu\u00ed-lo na decora\u00e7\u00e3o da sua cozinha, trazendo  um ar de modernidade, eleg\u00e2ncia e sofistica\u00e7\u00e3o.<\/span><\/font><\/p>\n<p><span style=\"font-size: 14px;\"> <\/span><\/p>\n<p style=\"text-align: justify;\"><font face=\"Arial\"><span style=\"font-size: 14px;\"><b>Dimens\u00f5es:<\/b><\/span><\/font><\/p>\n<p><span style=\"font-size: 14px;\"> <\/span><\/p>\n<p style=\"text-align: justify;\"><font face=\"Arial\"><span style=\"font-size: 14px;\"><b>Peso: <\/b>0,075 Kg<\/span><\/font><\/p>\n<p><span style=\"font-size: 14px;\"> <\/span><\/p>\n<p style=\"text-align: justify;\"><font face=\"Arial\"><span style=\"font-size: 14px;\"><b>Altura:<\/b> 3,3 Cm<\/span><\/font><\/p>\n<p><span style=\"font-size: 14px;\"> <\/span><\/p>\n<p style=\"text-align: justify;\"><font face=\"Arial\"><span style=\"font-size: 14px;\"><b>Largura:<\/b> 31,2 Cm<\/span><\/font><\/p>\n<p><span style=\"font-size: 14px;\"> <\/span><\/p>\n<p style=\"text-align: justify;\"><font face=\"Arial\"><span style=\"font-size: 14px;\"><b>Profundidade: <\/b>4,4 Cm<\/span><\/font><\/p>\n<\/div>\n","protected":false},"excerpt":{"rendered":"<p>&nbsp; &nbsp; &nbsp; &nbsp; &nbsp; &nbsp; &nbsp; &nbsp; &nbsp; &nbsp; &nbsp; &nbsp; &nbsp; &nbsp; &nbsp; &nbsp; &nbsp;Descri\u00e7\u00e3o do produto Garfo Trinchante Tramontina Inox Extrata 63815\/471 Todo bom cozinheiro reconhece a import\u00e2ncia de ter utens\u00edlios que proporcionem facilidade no dia a dia da cozinha. Com o garfo Trinchante Tramontina para carnes em a\u00e7o inox acabamento brilho [&hellip;]<\/p>\n","protected":false},"featured_media":12217,"comment_status":"open","ping_status":"closed","template":"","meta":[],"product_brand":[],"product_cat":[377,444],"product_tag":[647],"class_list":{"0":"post-12218","1":"product","2":"type-product","3":"status-publish","4":"has-post-thumbnail","6":"product_cat-talheres-e-acessorios","7":"product_cat-utensilios","8":"product_tag-garfo-trinchante-tramontina-inox-extrata-63815-471","10":"first","11":"instock","12":"shipping-taxable","13":"purchasable","14":"product-type-simple"},"_links":{"self":[{"href":"https:\/\/twsites.com.br\/novomigcenter\/index.php?rest_route=\/wp\/v2\/product\/12218","targetHints":{"allow":["GET"]}}],"collection":[{"href":"https:\/\/twsites.com.br\/novomigcenter\/index.php?rest_route=\/wp\/v2\/product"}],"about":[{"href":"https:\/\/twsites.com.br\/novomigcenter\/index.php?rest_route=\/wp\/v2\/types\/product"}],"replies":[{"embeddable":true,"href":"https:\/\/twsites.com.br\/novomigcenter\/index.php?rest_route=%2Fwp%2Fv2%2Fcomments&post=12218"}],"wp:featuredmedia":[{"embeddable":true,"href":"https:\/\/twsites.com.br\/novomigcenter\/index.php?rest_route=\/wp\/v2\/media\/12217"}],"wp:attachment":[{"href":"https:\/\/twsites.com.br\/novomigcenter\/index.php?rest_route=%2Fwp%2Fv2%2Fmedia&parent=12218"}],"wp:term":[{"taxonomy":"product_brand","embeddable":true,"href":"https:\/\/twsites.com.br\/novomigcenter\/index.php?rest_route=%2Fwp%2Fv2%2Fproduct_brand&post=12218"},{"taxonomy":"product_cat","embeddable":true,"href":"https:\/\/twsites.com.br\/novomigcenter\/index.php?rest_route=%2Fwp%2Fv2%2Fproduct_cat&post=12218"},{"taxonomy":"product_tag","embeddable":true,"href":"https:\/\/twsites.com.br\/novomigcenter\/index.php?rest_route=%2Fwp%2Fv2%2Fproduct_tag&post=12218"}],"curies":[{"name":"wp","href":"https:\/\/api.w.org\/{rel}","templated":true}]}}