{"id":12220,"date":"2018-05-11T15:05:11","date_gmt":"2018-05-11T15:05:11","guid":{"rendered":"https:\/\/twsites.com.br\/novomigcenter\/?product=colher-de-cha-tramontina-inox-buzios-12-pcs-23757-000"},"modified":"2018-05-11T15:05:11","modified_gmt":"2018-05-11T15:05:11","slug":"colher-de-cha-tramontina-inox-buzios-12-pcs-23757-000","status":"publish","type":"product","link":"https:\/\/twsites.com.br\/novomigcenter\/?product=colher-de-cha-tramontina-inox-buzios-12-pcs-23757-000","title":{"rendered":"Colher de Cha Tramontina Inox Buzios 12 p\u00e7s 23757\/000"},"content":{"rendered":"<div class=\"heading-content\">\n<h3 class=\"product-description-heading\">&nbsp; &nbsp; &nbsp; &nbsp; &nbsp; &nbsp; &nbsp; &nbsp; &nbsp; &nbsp; &nbsp; &nbsp; &nbsp; &nbsp; &nbsp; &nbsp; <b>&nbsp;<\/b><font face=\"Arial\"><span style=\"font-size: 18px;\"><b>Descri\u00e7\u00e3o do produto<\/b><\/span>                             <\/font><\/h3>\n<\/p><\/div>\n<\/p>\n<div class=\"product-description-text-content product-tab-content\">\n<p><font face=\"Arial\"><span style=\"font-size: 14px;\">Colher de Cha Tramontina Inox Buzios 12 p\u00e7s 23757\/000<\/span><\/font><\/p>\n<p><span style=\"font-size: 14px;\"> <\/span><\/p>\n<p><font face=\"Arial\"><span style=\"font-size: 14px;\">Talheres cl\u00e1ssicos, totalmente em a\u00e7o inox, v\u00e3o \u00e0 mesa nas refei\u00e7\u00f5es  di\u00e1rias. A espessura e o brilho do a\u00e7o garantem resist\u00eancia e beleza \u00e0s  pe\u00e7as mesmo ap\u00f3s muitos tempo de uso. N\u00e3o deformam mesmo expostos a  altas temperaturas. Podem ir \u00e0 m\u00e1quina de lavar lou\u00e7as.<\/span><\/font><\/p>\n<p><span style=\"font-size: 14px;\"> <\/span><\/p>\n<p><font face=\"Arial\"><span style=\"font-size: 14px;\">Dimens\u00f5es:<\/span><\/font><\/p>\n<p><span style=\"font-size: 14px;\"> <\/span><\/p>\n<p><font face=\"Arial\"><span style=\"font-size: 14px;\"><b>Peso: <\/b>0,0134 Kg<\/span><\/font><\/p>\n<p><span style=\"font-size: 14px;\"> <\/span><\/p>\n<p><font face=\"Arial\"><span style=\"font-size: 14px;\"><b>Altura:<\/b> 1,6 Cm<\/span><\/font><\/p>\n<p><span style=\"font-size: 14px;\"> <\/span><\/p>\n<p><font face=\"Arial\"><span style=\"font-size: 14px;\"><b>Largura:<\/b> 12,8 Cm<\/span><\/font><\/p>\n<p><span style=\"font-size: 14px;\"> <\/span><\/p>\n<p><font face=\"Arial\"><span style=\"font-size: 14px;\"><b>Profundidade:<\/b> 2,7 Cm<\/span><\/font><\/p>\n<\/div>\n","protected":false},"excerpt":{"rendered":"<p>&nbsp; &nbsp; &nbsp; &nbsp; &nbsp; &nbsp; &nbsp; &nbsp; &nbsp; &nbsp; &nbsp; &nbsp; &nbsp; &nbsp; &nbsp; &nbsp; &nbsp;Descri\u00e7\u00e3o do produto Colher de Cha Tramontina Inox Buzios 12 p\u00e7s 23757\/000 Talheres cl\u00e1ssicos, totalmente em a\u00e7o inox, v\u00e3o \u00e0 mesa nas refei\u00e7\u00f5es di\u00e1rias. A espessura e o brilho do a\u00e7o garantem resist\u00eancia e beleza \u00e0s pe\u00e7as mesmo ap\u00f3s [&hellip;]<\/p>\n","protected":false},"featured_media":12219,"comment_status":"open","ping_status":"closed","template":"","meta":[],"product_brand":[],"product_cat":[377,444],"product_tag":[648],"class_list":{"0":"post-12220","1":"product","2":"type-product","3":"status-publish","4":"has-post-thumbnail","6":"product_cat-talheres-e-acessorios","7":"product_cat-utensilios","8":"product_tag-colher-de-cha-tramontina-inox-buzios-12-pcs-23757-000","10":"first","11":"instock","12":"shipping-taxable","13":"purchasable","14":"product-type-simple"},"_links":{"self":[{"href":"https:\/\/twsites.com.br\/novomigcenter\/index.php?rest_route=\/wp\/v2\/product\/12220","targetHints":{"allow":["GET"]}}],"collection":[{"href":"https:\/\/twsites.com.br\/novomigcenter\/index.php?rest_route=\/wp\/v2\/product"}],"about":[{"href":"https:\/\/twsites.com.br\/novomigcenter\/index.php?rest_route=\/wp\/v2\/types\/product"}],"replies":[{"embeddable":true,"href":"https:\/\/twsites.com.br\/novomigcenter\/index.php?rest_route=%2Fwp%2Fv2%2Fcomments&post=12220"}],"wp:featuredmedia":[{"embeddable":true,"href":"https:\/\/twsites.com.br\/novomigcenter\/index.php?rest_route=\/wp\/v2\/media\/12219"}],"wp:attachment":[{"href":"https:\/\/twsites.com.br\/novomigcenter\/index.php?rest_route=%2Fwp%2Fv2%2Fmedia&parent=12220"}],"wp:term":[{"taxonomy":"product_brand","embeddable":true,"href":"https:\/\/twsites.com.br\/novomigcenter\/index.php?rest_route=%2Fwp%2Fv2%2Fproduct_brand&post=12220"},{"taxonomy":"product_cat","embeddable":true,"href":"https:\/\/twsites.com.br\/novomigcenter\/index.php?rest_route=%2Fwp%2Fv2%2Fproduct_cat&post=12220"},{"taxonomy":"product_tag","embeddable":true,"href":"https:\/\/twsites.com.br\/novomigcenter\/index.php?rest_route=%2Fwp%2Fv2%2Fproduct_tag&post=12220"}],"curies":[{"name":"wp","href":"https:\/\/api.w.org\/{rel}","templated":true}]}}