{"id":12222,"date":"2018-05-11T15:07:15","date_gmt":"2018-05-11T15:07:15","guid":{"rendered":"https:\/\/twsites.com.br\/novomigcenter\/?product=colher-de-arroz-tramontina-inox-extrata-63815-101"},"modified":"2018-05-11T15:07:15","modified_gmt":"2018-05-11T15:07:15","slug":"colher-de-arroz-tramontina-inox-extrata-63815-101","status":"publish","type":"product","link":"https:\/\/twsites.com.br\/novomigcenter\/?product=colher-de-arroz-tramontina-inox-extrata-63815-101","title":{"rendered":"Colher de Arroz Tramontina Inox Extrata 63815\/101"},"content":{"rendered":"<div class=\"heading-content\">\n<h3 style=\"margin-top:0cm;margin-right:0cm;margin-bottom:6.75pt;margin-left: 0cm\"><span style=\"font-size: 14pt; font-family: &quot;Arial Narrow&quot;, sans-serif;\">&nbsp; &nbsp; &nbsp; &nbsp; &nbsp; &nbsp; &nbsp; &nbsp; &nbsp; &nbsp; &nbsp; &nbsp; &nbsp; &nbsp; &nbsp; &nbsp; &nbsp; &nbsp; &nbsp; &nbsp; &nbsp; &nbsp; &nbsp; &nbsp; &nbsp; &nbsp; &nbsp; &nbsp; &nbsp; &nbsp; &nbsp; <b>&nbsp; &nbsp;&nbsp;<\/b><\/span><span style=\"font-size: 14pt; font-family: &quot;Arial Narrow&quot;, sans-serif;\"><b>Descri\u00e7\u00e3o do Produto<\/b><\/span><\/h3>\n<h3 style=\"margin-top:0cm;margin-right:0cm;margin-bottom:6.75pt;margin-left: 0cm\"><span style=\"font-size: 14pt; font-family: &quot;Arial Narrow&quot;, sans-serif;\"><br \/><\/span><b style=\"color: inherit; font-family: inherit; text-align: center;\"><span style=\"font-size:14.0pt;line-height:107%;font-family:&quot;Arial Narrow&quot;,&quot;sans-serif&quot;\">Dados T\u00e9cnicos<\/span><\/b><\/h3>\n<h3 style=\"text-align: center; margin: 0cm 0cm 6.75pt;\">\n<p class=\"MsoNormal\" style=\"margin-bottom:6.75pt;text-align:justify;line-height: normal\"><span style=\"font-size: 14pt; font-family: &quot;Arial Narrow&quot;, sans-serif;\">Colher de Arroz Tramontina Inox Extrata 63815\/101<o:p><\/o:p><\/span><\/p>\n<p class=\"MsoNormal\" style=\"margin-bottom:6.75pt;text-align:justify;line-height: normal\"><span style=\"font-size: 14pt; font-family: &quot;Arial Narrow&quot;, sans-serif;\">A cozinha j\u00e1 \u00e9 aquele espa\u00e7o da casa que brilha por si s\u00f3, mas com a colher Tramontina da linha Extrata para arroz em a\u00e7o inox acabamento brilho voc\u00ea trar\u00e1 ainda mais eleg\u00e2ncia e sofistica\u00e7\u00e3o para o local. Confeccionada em a\u00e7o inox, ela promove durabilidade, resist\u00eancia e qualidade para voc\u00ea executar as suas melhores receitas.<o:p><\/o:p><\/span><\/p>\n<p class=\"MsoNormal\" style=\"margin-bottom:6.75pt;text-align:justify;line-height: normal\"><span style=\"font-size: 14pt; font-family: &quot;Arial Narrow&quot;, sans-serif;\">Dimens\u00f5es:<o:p><\/o:p><\/span><\/p>\n<p class=\"MsoNormal\" style=\"margin-bottom:6.75pt;text-align:justify;line-height: normal\"><b><span style=\"font-size: 14pt; font-family: &quot;Arial Narrow&quot;, sans-serif;\">Peso:<\/span><\/b><span style=\"font-size: 14pt; font-family: &quot;Arial Narrow&quot;, sans-serif;\"> 0,115 Kg<\/span><\/p>\n<p class=\"MsoNormal\" style=\"margin-bottom:6.75pt;text-align:justify;line-height: normal\"><b style=\"color: inherit; font-family: inherit; text-align: center;\"><span style=\"font-size: 14pt; font-family: &quot;Arial Narrow&quot;, sans-serif;\">Altura:<\/span><\/b><span style=\"color: inherit; text-align: center; font-size: 14pt; font-family: &quot;Arial Narrow&quot;, sans-serif;\"> 3,8 Cm<\/span><\/p>\n<p class=\"MsoNormal\" style=\"margin-bottom:6.75pt;text-align:justify;line-height: normal\"><b><span style=\"font-size: 14pt; font-family: &quot;Arial Narrow&quot;, sans-serif;\">Largura:<\/span><\/b><span style=\"font-size: 14pt; font-family: &quot;Arial Narrow&quot;, sans-serif;\"> 31 Cm<o:p><\/o:p><\/span><\/p>\n<p class=\"MsoNormal\" style=\"margin-bottom:6.75pt;text-align:justify;line-height: normal\"><b><span style=\"font-size: 14pt; font-family: &quot;Arial Narrow&quot;, sans-serif;\">Profundidade:<\/span><\/b><span style=\"font-size: 14pt; font-family: &quot;Arial Narrow&quot;, sans-serif;\"> 6,7 C<o:p><\/o:p><\/span><\/p>\n<\/h3>\n<\/div>\n","protected":false},"excerpt":{"rendered":"<p>&nbsp; &nbsp; &nbsp; &nbsp; &nbsp; &nbsp; &nbsp; &nbsp; &nbsp; &nbsp; &nbsp; &nbsp; &nbsp; &nbsp; &nbsp; &nbsp; &nbsp; &nbsp; &nbsp; &nbsp; &nbsp; &nbsp; &nbsp; &nbsp; &nbsp; &nbsp; &nbsp; &nbsp; &nbsp; &nbsp; &nbsp; &nbsp; &nbsp;&nbsp;Descri\u00e7\u00e3o do Produto Dados T\u00e9cnicos Colher de Arroz Tramontina Inox Extrata 63815\/101 A cozinha j\u00e1 \u00e9 aquele espa\u00e7o da casa que brilha por [&hellip;]<\/p>\n","protected":false},"featured_media":12221,"comment_status":"open","ping_status":"closed","template":"","meta":[],"product_brand":[],"product_cat":[377,444],"product_tag":[649],"class_list":{"0":"post-12222","1":"product","2":"type-product","3":"status-publish","4":"has-post-thumbnail","6":"product_cat-talheres-e-acessorios","7":"product_cat-utensilios","8":"product_tag-colher-de-arroz-tramontina-inox-extrata-63815-101","10":"first","11":"instock","12":"shipping-taxable","13":"purchasable","14":"product-type-simple"},"_links":{"self":[{"href":"https:\/\/twsites.com.br\/novomigcenter\/index.php?rest_route=\/wp\/v2\/product\/12222","targetHints":{"allow":["GET"]}}],"collection":[{"href":"https:\/\/twsites.com.br\/novomigcenter\/index.php?rest_route=\/wp\/v2\/product"}],"about":[{"href":"https:\/\/twsites.com.br\/novomigcenter\/index.php?rest_route=\/wp\/v2\/types\/product"}],"replies":[{"embeddable":true,"href":"https:\/\/twsites.com.br\/novomigcenter\/index.php?rest_route=%2Fwp%2Fv2%2Fcomments&post=12222"}],"wp:featuredmedia":[{"embeddable":true,"href":"https:\/\/twsites.com.br\/novomigcenter\/index.php?rest_route=\/wp\/v2\/media\/12221"}],"wp:attachment":[{"href":"https:\/\/twsites.com.br\/novomigcenter\/index.php?rest_route=%2Fwp%2Fv2%2Fmedia&parent=12222"}],"wp:term":[{"taxonomy":"product_brand","embeddable":true,"href":"https:\/\/twsites.com.br\/novomigcenter\/index.php?rest_route=%2Fwp%2Fv2%2Fproduct_brand&post=12222"},{"taxonomy":"product_cat","embeddable":true,"href":"https:\/\/twsites.com.br\/novomigcenter\/index.php?rest_route=%2Fwp%2Fv2%2Fproduct_cat&post=12222"},{"taxonomy":"product_tag","embeddable":true,"href":"https:\/\/twsites.com.br\/novomigcenter\/index.php?rest_route=%2Fwp%2Fv2%2Fproduct_tag&post=12222"}],"curies":[{"name":"wp","href":"https:\/\/api.w.org\/{rel}","templated":true}]}}