{"id":12230,"date":"2018-05-11T15:17:45","date_gmt":"2018-05-11T15:17:45","guid":{"rendered":"https:\/\/twsites.com.br\/novomigcenter\/?product=garfo-trinchante-tramontina-inox-utilita-branco"},"modified":"2018-05-11T15:17:45","modified_gmt":"2018-05-11T15:17:45","slug":"garfo-trinchante-tramontina-inox-utilita-branco","status":"publish","type":"product","link":"https:\/\/twsites.com.br\/novomigcenter\/?product=garfo-trinchante-tramontina-inox-utilita-branco","title":{"rendered":"Garfo Trinchante Tramontina Utilit\u00e1 Branco"},"content":{"rendered":"<div class=\"heading-content\">\n<h3 class=\"product-description-heading\">&nbsp; &nbsp; &nbsp; &nbsp; &nbsp; &nbsp; &nbsp; &nbsp; &nbsp; &nbsp; &nbsp; &nbsp; &nbsp; &nbsp; &nbsp; &nbsp; &nbsp;<font face=\"Arial\"><span style=\"font-size: 18px;\"><b>Descri\u00e7\u00e3o do produto                             <\/b><\/span><\/font><\/h3>\n<p><span style=\"font-size: 18px;\"><b>                         <\/b><\/span><\/div>\n<p><span style=\"font-size: 18px;\"><b>                           <\/b><\/span><\/p>\n<div class=\"product-description-text-content product-tab-content\"><span style=\"font-size: 18px;\"><b>                             <\/b><\/span><\/p>\n<p><font face=\"Arial\"><span style=\"font-size: 14px;\">Garfo Trinchante Tramontina Utilit\u00e1 Branco<\/span><\/font><\/p>\n<p><span style=\"font-size: 14px;\"> <\/span><\/p>\n<p><font face=\"Arial\"><span style=\"font-size: 14px;\"><b>Dimens\u00f5es:<\/b><\/span><\/font><\/p>\n<p><span style=\"font-size: 14px;\"> <\/span><\/p>\n<p><font face=\"Arial\"><span style=\"font-size: 14px;\"><b>Peso:<\/b> 0,08 Kg<\/span><\/font><\/p>\n<p><span style=\"font-size: 14px;\"> <\/span><\/p>\n<p><font face=\"Arial\"><span style=\"font-size: 14px;\"><b>Altura:<\/b> 5,6 Cm<\/span><\/font><\/p>\n<p><span style=\"font-size: 14px;\"> <\/span><\/p>\n<p><font face=\"Arial\"><span style=\"font-size: 14px;\"><b>Largura:<\/b> 34,5 Cm<\/span><\/font><\/p>\n<p><span style=\"font-size: 14px;\"> <\/span><\/p>\n<p><font face=\"Arial\"><span style=\"font-size: 14px;\"><b>Profundidade: <\/b>8,2 Cm<\/span><\/font><\/p>\n<\/div>\n","protected":false},"excerpt":{"rendered":"<p>&nbsp; &nbsp; &nbsp; &nbsp; &nbsp; &nbsp; &nbsp; &nbsp; &nbsp; &nbsp; &nbsp; &nbsp; &nbsp; &nbsp; &nbsp; &nbsp; &nbsp;Descri\u00e7\u00e3o do produto Garfo Trinchante Tramontina Utilit\u00e1 Branco Dimens\u00f5es: Peso: 0,08 Kg Altura: 5,6 Cm Largura: 34,5 Cm Profundidade: 8,2 Cm<\/p>\n","protected":false},"featured_media":12229,"comment_status":"open","ping_status":"closed","template":"","meta":[],"product_brand":[],"product_cat":[377,444],"product_tag":[653],"class_list":{"0":"post-12230","1":"product","2":"type-product","3":"status-publish","4":"has-post-thumbnail","6":"product_cat-talheres-e-acessorios","7":"product_cat-utensilios","8":"product_tag-garfo-trinchante-tramontina-utilita-branco","10":"first","11":"instock","12":"shipping-taxable","13":"purchasable","14":"product-type-simple"},"_links":{"self":[{"href":"https:\/\/twsites.com.br\/novomigcenter\/index.php?rest_route=\/wp\/v2\/product\/12230","targetHints":{"allow":["GET"]}}],"collection":[{"href":"https:\/\/twsites.com.br\/novomigcenter\/index.php?rest_route=\/wp\/v2\/product"}],"about":[{"href":"https:\/\/twsites.com.br\/novomigcenter\/index.php?rest_route=\/wp\/v2\/types\/product"}],"replies":[{"embeddable":true,"href":"https:\/\/twsites.com.br\/novomigcenter\/index.php?rest_route=%2Fwp%2Fv2%2Fcomments&post=12230"}],"wp:featuredmedia":[{"embeddable":true,"href":"https:\/\/twsites.com.br\/novomigcenter\/index.php?rest_route=\/wp\/v2\/media\/12229"}],"wp:attachment":[{"href":"https:\/\/twsites.com.br\/novomigcenter\/index.php?rest_route=%2Fwp%2Fv2%2Fmedia&parent=12230"}],"wp:term":[{"taxonomy":"product_brand","embeddable":true,"href":"https:\/\/twsites.com.br\/novomigcenter\/index.php?rest_route=%2Fwp%2Fv2%2Fproduct_brand&post=12230"},{"taxonomy":"product_cat","embeddable":true,"href":"https:\/\/twsites.com.br\/novomigcenter\/index.php?rest_route=%2Fwp%2Fv2%2Fproduct_cat&post=12230"},{"taxonomy":"product_tag","embeddable":true,"href":"https:\/\/twsites.com.br\/novomigcenter\/index.php?rest_route=%2Fwp%2Fv2%2Fproduct_tag&post=12230"}],"curies":[{"name":"wp","href":"https:\/\/api.w.org\/{rel}","templated":true}]}}