{"id":12231,"date":"2018-05-11T15:19:58","date_gmt":"2018-05-11T15:19:58","guid":{"rendered":"https:\/\/twsites.com.br\/novomigcenter\/?product=colher-de-sobremesa-tramontina-inox-buzios-12-pcs"},"modified":"2018-05-11T15:19:58","modified_gmt":"2018-05-11T15:19:58","slug":"colher-de-sobremesa-tramontina-inox-buzios-12-pcs","status":"publish","type":"product","link":"https:\/\/twsites.com.br\/novomigcenter\/?product=colher-de-sobremesa-tramontina-inox-buzios-12-pcs","title":{"rendered":"Colher de Sobremesa Tramontina Inox Buzios 12 p\u00e7s"},"content":{"rendered":"<div class=\"heading-content\">\n<h3 class=\"product-description-heading\">&nbsp; &nbsp; &nbsp; &nbsp; &nbsp; &nbsp; &nbsp; &nbsp; &nbsp; &nbsp; &nbsp; &nbsp; &nbsp; &nbsp; &nbsp; &nbsp; &nbsp;<font face=\"Arial\"><span style=\"font-size: 14px;\"><span style=\"font-size: 18px;\"><b>Descri\u00e7\u00e3o do produto<\/b><\/span>                             <\/span><\/font><\/h3>\n<p><span style=\"font-size: 14px;\">                         <\/span><\/div>\n<p><span style=\"font-size: 14px;\">                           <\/span><\/p>\n<div class=\"product-description-text-content product-tab-content\"><span style=\"font-size: 14px;\">                             <\/span><\/p>\n<p><font face=\"Arial\"><span style=\"font-size: 14px;\"><b>Caracter\u00edsticas:<\/b><\/span><\/font><\/p>\n<p><span style=\"font-size: 14px;\"> <\/span><\/p>\n<p style=\"text-align: justify; \"><font face=\"Arial\"><span style=\"font-size: 14px;\">Talheres cl\u00e1ssicos, totalmente em a\u00e7o inox, v\u00e3o \u00e0 mesa nas refei\u00e7\u00f5es  di\u00e1rias. A espessura e o brilho do a\u00e7o garantem resist\u00eancia e beleza \u00e0s  pe\u00e7as mesmo ap\u00f3s muitos tempo de uso. N\u00e3o deformam mesmo expostos a  altas temperaturas. Podem ir \u00e0 m\u00e1quina de lavar lou\u00e7as.<\/span><\/font><\/p>\n<p><span style=\"font-size: 14px;\"> <\/span><\/p>\n<p><font face=\"Arial\"><span style=\"font-size: 14px;\"><b>Peso:<\/b> 0,178 Kg<\/span><\/font><\/p>\n<p><span style=\"font-size: 14px;\"> <\/span><\/p>\n<p><font face=\"Arial\"><span style=\"font-size: 14px;\"><b>Altura:<\/b> 2 cm<\/span><\/font><\/p>\n<p><span style=\"font-size: 14px;\"> <\/span><\/p>\n<p><font face=\"Arial\"><span style=\"font-size: 14px;\"><b>Largura: <\/b>15,3 cm<\/span><\/font><\/p>\n<p><span style=\"font-size: 14px;\"> <\/span><\/p>\n<p><font face=\"Arial\"><span style=\"font-size: 14px;\"><b>Profundidade:<\/b> 3,3 cm<\/span><\/font><\/p>\n<\/div>\n","protected":false},"excerpt":{"rendered":"<p>&nbsp; &nbsp; &nbsp; &nbsp; &nbsp; &nbsp; &nbsp; &nbsp; &nbsp; &nbsp; &nbsp; &nbsp; &nbsp; &nbsp; &nbsp; &nbsp; &nbsp;Descri\u00e7\u00e3o do produto Caracter\u00edsticas: Talheres cl\u00e1ssicos, totalmente em a\u00e7o inox, v\u00e3o \u00e0 mesa nas refei\u00e7\u00f5es di\u00e1rias. A espessura e o brilho do a\u00e7o garantem resist\u00eancia e beleza \u00e0s pe\u00e7as mesmo ap\u00f3s muitos tempo de uso. N\u00e3o deformam mesmo expostos [&hellip;]<\/p>\n","protected":false},"featured_media":12219,"comment_status":"open","ping_status":"closed","template":"","meta":[],"product_brand":[],"product_cat":[377,444],"product_tag":[654],"class_list":{"0":"post-12231","1":"product","2":"type-product","3":"status-publish","4":"has-post-thumbnail","6":"product_cat-talheres-e-acessorios","7":"product_cat-utensilios","8":"product_tag-colher-de-sobremesa-tramontina-inox-buzios-12-pcs","10":"first","11":"instock","12":"shipping-taxable","13":"purchasable","14":"product-type-simple"},"_links":{"self":[{"href":"https:\/\/twsites.com.br\/novomigcenter\/index.php?rest_route=\/wp\/v2\/product\/12231","targetHints":{"allow":["GET"]}}],"collection":[{"href":"https:\/\/twsites.com.br\/novomigcenter\/index.php?rest_route=\/wp\/v2\/product"}],"about":[{"href":"https:\/\/twsites.com.br\/novomigcenter\/index.php?rest_route=\/wp\/v2\/types\/product"}],"replies":[{"embeddable":true,"href":"https:\/\/twsites.com.br\/novomigcenter\/index.php?rest_route=%2Fwp%2Fv2%2Fcomments&post=12231"}],"wp:featuredmedia":[{"embeddable":true,"href":"https:\/\/twsites.com.br\/novomigcenter\/index.php?rest_route=\/wp\/v2\/media\/12219"}],"wp:attachment":[{"href":"https:\/\/twsites.com.br\/novomigcenter\/index.php?rest_route=%2Fwp%2Fv2%2Fmedia&parent=12231"}],"wp:term":[{"taxonomy":"product_brand","embeddable":true,"href":"https:\/\/twsites.com.br\/novomigcenter\/index.php?rest_route=%2Fwp%2Fv2%2Fproduct_brand&post=12231"},{"taxonomy":"product_cat","embeddable":true,"href":"https:\/\/twsites.com.br\/novomigcenter\/index.php?rest_route=%2Fwp%2Fv2%2Fproduct_cat&post=12231"},{"taxonomy":"product_tag","embeddable":true,"href":"https:\/\/twsites.com.br\/novomigcenter\/index.php?rest_route=%2Fwp%2Fv2%2Fproduct_tag&post=12231"}],"curies":[{"name":"wp","href":"https:\/\/api.w.org\/{rel}","templated":true}]}}