{"id":12233,"date":"2018-05-11T15:21:40","date_gmt":"2018-05-11T15:21:40","guid":{"rendered":"https:\/\/twsites.com.br\/novomigcenter\/?product=faqueiro-tramontina-leme-cabo-azul-12-pcs"},"modified":"2018-05-11T15:21:40","modified_gmt":"2018-05-11T15:21:40","slug":"faqueiro-tramontina-leme-cabo-azul-12-pcs","status":"publish","type":"product","link":"https:\/\/twsites.com.br\/novomigcenter\/?product=faqueiro-tramontina-leme-cabo-azul-12-pcs","title":{"rendered":"Faqueiro Tramontina Leme Cabo Azul 12 P\u00e7s"},"content":{"rendered":"<article class=\"product\" itemscope=\"\" itemtype=\"http:\/\/schema.org\/Product\">\n<div class=\"row\">\n<div class=\"product-description col-lg-12 col-md-12\">\n<div class=\"heading-content\">\n<h3 class=\"product-description-heading\">&nbsp; &nbsp; &nbsp; &nbsp; &nbsp; &nbsp; &nbsp; &nbsp; &nbsp; &nbsp; &nbsp; &nbsp; &nbsp; &nbsp; &nbsp; &nbsp; <b>&nbsp;<font face=\"Arial\"><span style=\"font-size: 14px;\"><span style=\"font-size: 18px;\">Descri\u00e7\u00e3o do produto<\/span>                             <\/span><\/font><\/b><\/h3>\n<p><span style=\"font-size: 14px;\"><b>                         <\/b><\/span><\/div>\n<p><span style=\"font-size: 14px;\"><b>                           <\/b><\/span><\/p>\n<div class=\"product-description-text-content product-tab-content\"><span style=\"font-size: 14px;\"><b>                             <\/b><\/span><\/p>\n<p><font face=\"Arial\"><span style=\"font-size: 14px;\"><b>Faqueiro Tramontina Leme Cabo Azul 12 P\u00e7s<\/b><\/span><\/font><\/p>\n<p><span style=\"font-size: 14px;\"> <\/span><\/p>\n<p style=\"text-align: justify; \"><font face=\"Arial\"><span style=\"font-size: 14px;\">Leve \u00e0 mesa a alegria das cores. Os talheres da linha Leme tem cabos  coloridos e resistentes de polipropileno. Com l\u00e2minas em a\u00e7o inox, os  garfos t\u00eam alta resist\u00eancia e durabilidade. Todas as pe\u00e7as podem ir \u00e0  m\u00e1quina de lavar.<\/span><\/font><\/p>\n<p><span style=\"font-size: 14px;\"> <\/span><\/p>\n<p style=\"text-align: justify;\"><font face=\"Arial\"><span style=\"font-size: 14px;\">&nbsp;<\/span><\/font><\/p>\n<p><span style=\"font-size: 14px;\"> <\/span><\/p>\n<p><font face=\"Arial\"><span style=\"font-size: 14px;\"><b>Conte\u00fado:<\/b><\/span><\/font><\/p>\n<p><span style=\"font-size: 14px;\"> <\/span><\/p>\n<p><font face=\"Arial\"><span style=\"font-size: 14px;\">3 Facas para churrasco<\/span><\/font><\/p>\n<p><span style=\"font-size: 14px;\"> <\/span><\/p>\n<p><font face=\"Arial\"><span style=\"font-size: 14px;\">3 Garfos de mesa<\/span><\/font><\/p>\n<p><span style=\"font-size: 14px;\"> <\/span><\/p>\n<p><font face=\"Arial\"><span style=\"font-size: 14px;\">3 Colheres de mesa<\/span><\/font><\/p>\n<p><span style=\"font-size: 14px;\"> <\/span><\/p>\n<p><font face=\"Arial\"><span style=\"font-size: 14px;\">3 Colheres para ch\u00e1<\/span><\/font><\/p>\n<p><span style=\"font-size: 14px;\"> <\/span><\/p>\n<p><font face=\"Arial\"><span style=\"font-size: 14px;\">&nbsp;<\/span><\/font><\/p>\n<p><span style=\"font-size: 14px;\"> <\/span><\/p>\n<p><font face=\"Arial\"><span style=\"font-size: 14px;\"><b>Dimens\u00f5es:<\/b><\/span><\/font><\/p>\n<p><span style=\"font-size: 14px;\"> <\/span><\/p>\n<p><font face=\"Arial\"><span style=\"font-size: 14px;\">Peso: 0,24 Kg<\/span><\/font><\/p>\n<p><span style=\"font-size: 14px;\"> <\/span><\/p>\n<p><font face=\"Arial\"><span style=\"font-size: 14px;\">Altura: 4 Cm<\/span><\/font><\/p>\n<p><span style=\"font-size: 14px;\"> <\/span><\/p>\n<p><font face=\"Arial\"><span style=\"font-size: 14px;\">Largura: 27,5 Cm<\/span><\/font><\/p>\n<p><span style=\"font-size: 14px;\"> <\/span><\/p>\n<p><font face=\"Arial\"><span style=\"font-size: 14px;\">Profundidade: 10 Cm<\/span><\/font><\/p>\n<p><span style=\"font-size: 14px;\">                         <\/span><\/div>\n<p><span style=\"font-size: 14px;\">                     <\/span><\/div>\n<p><span style=\"font-size: 14px;\">                 <\/span><\/div>\n<p><span style=\"font-size: 14px;\">                     <\/span><\/article>\n<p><\/p>\n","protected":false},"excerpt":{"rendered":"<p>&nbsp; &nbsp; &nbsp; &nbsp; &nbsp; &nbsp; &nbsp; &nbsp; &nbsp; &nbsp; &nbsp; &nbsp; &nbsp; &nbsp; &nbsp; &nbsp; &nbsp;Descri\u00e7\u00e3o do produto Faqueiro Tramontina Leme Cabo Azul 12 P\u00e7s Leve \u00e0 mesa a alegria das cores. Os talheres da linha Leme tem cabos coloridos e resistentes de polipropileno. Com l\u00e2minas em a\u00e7o inox, os garfos t\u00eam alta resist\u00eancia [&hellip;]<\/p>\n","protected":false},"featured_media":12232,"comment_status":"open","ping_status":"closed","template":"","meta":[],"product_brand":[],"product_cat":[377,444],"product_tag":[655],"class_list":{"0":"post-12233","1":"product","2":"type-product","3":"status-publish","4":"has-post-thumbnail","6":"product_cat-talheres-e-acessorios","7":"product_cat-utensilios","8":"product_tag-faqueiro-tramontina-leme-cabo-azul-12-pcs","10":"first","11":"instock","12":"shipping-taxable","13":"purchasable","14":"product-type-simple"},"_links":{"self":[{"href":"https:\/\/twsites.com.br\/novomigcenter\/index.php?rest_route=\/wp\/v2\/product\/12233","targetHints":{"allow":["GET"]}}],"collection":[{"href":"https:\/\/twsites.com.br\/novomigcenter\/index.php?rest_route=\/wp\/v2\/product"}],"about":[{"href":"https:\/\/twsites.com.br\/novomigcenter\/index.php?rest_route=\/wp\/v2\/types\/product"}],"replies":[{"embeddable":true,"href":"https:\/\/twsites.com.br\/novomigcenter\/index.php?rest_route=%2Fwp%2Fv2%2Fcomments&post=12233"}],"wp:featuredmedia":[{"embeddable":true,"href":"https:\/\/twsites.com.br\/novomigcenter\/index.php?rest_route=\/wp\/v2\/media\/12232"}],"wp:attachment":[{"href":"https:\/\/twsites.com.br\/novomigcenter\/index.php?rest_route=%2Fwp%2Fv2%2Fmedia&parent=12233"}],"wp:term":[{"taxonomy":"product_brand","embeddable":true,"href":"https:\/\/twsites.com.br\/novomigcenter\/index.php?rest_route=%2Fwp%2Fv2%2Fproduct_brand&post=12233"},{"taxonomy":"product_cat","embeddable":true,"href":"https:\/\/twsites.com.br\/novomigcenter\/index.php?rest_route=%2Fwp%2Fv2%2Fproduct_cat&post=12233"},{"taxonomy":"product_tag","embeddable":true,"href":"https:\/\/twsites.com.br\/novomigcenter\/index.php?rest_route=%2Fwp%2Fv2%2Fproduct_tag&post=12233"}],"curies":[{"name":"wp","href":"https:\/\/api.w.org\/{rel}","templated":true}]}}