{"id":12245,"date":"2018-05-11T15:31:21","date_gmt":"2018-05-11T15:31:21","guid":{"rendered":"https:\/\/twsites.com.br\/novomigcenter\/?product=faca-de-pao-precision-8-de-20-cm-brinox"},"modified":"2018-05-11T15:31:21","modified_gmt":"2018-05-11T15:31:21","slug":"faca-de-pao-precision-8-de-20-cm-brinox","status":"publish","type":"product","link":"https:\/\/twsites.com.br\/novomigcenter\/?product=faca-de-pao-precision-8-de-20-cm-brinox","title":{"rendered":"Faca de P\u00e3o Precision 8 de 20 cm Brinox"},"content":{"rendered":"<div class=\"heading-content\">\n<h3 class=\"product-description-heading\">&nbsp; &nbsp; &nbsp; &nbsp; &nbsp; &nbsp; &nbsp; &nbsp; &nbsp; &nbsp; &nbsp; &nbsp; &nbsp; &nbsp; &nbsp; &nbsp; &nbsp; &nbsp; &nbsp; &nbsp; &nbsp; &nbsp; &nbsp; &nbsp; &nbsp; &nbsp;&nbsp;<font face=\"Arial\"><span style=\"font-size: 18px;\"><b>Descri\u00e7\u00e3o do produto<\/b><\/span>                             <\/font><\/h3>\n<\/p><\/div>\n<\/p>\n<div class=\"product-description-text-content product-tab-content\">\n<p><b><font face=\"Arial\"><span style=\"font-size: 14px;\">Caracter\u00edsticas: <\/span><\/font><\/b><\/p>\n<p><span style=\"font-size: 14px;\">  <\/span><\/p>\n<p style=\"text-align: justify; \"><font face=\"Arial\"><span style=\"font-size: 14px;\">A faca para p\u00e3o possui l\u00e2mina longa e serrilhada, perfeita para  cortar p\u00e3es e bolos sem ferir a casca dos alimentos. Seu cabo em  polipropileno tem prote\u00e7\u00e3o antibacteriana, desenho ergon\u00f4mico, \u00e9  resistente e f\u00e1cil de limpar. A l\u00e2mina \u00e9 feita em a\u00e7o especial,  temperado e revenido, o que possibilita a excel\u00eancia no corte. A pe\u00e7a  tem 8 polegadas.<\/span><\/font><\/p>\n<p><span style=\"font-size: 14px;\">  <\/span><\/p>\n<p style=\"text-align: justify;\"><b><font face=\"Arial\"><span style=\"font-size: 14px;\">Dimens\u00f5es: <\/span><\/font><\/b><\/p>\n<p><span style=\"font-size: 14px;\">  <\/span><\/p>\n<p><font face=\"Arial\"><b><span style=\"font-size: 14px;\">Peso: <\/span><\/b><span style=\"font-size: 14px;\">0,100 Kg<\/span><\/font><\/p>\n<p><span style=\"font-size: 14px;\"> <\/span><\/p>\n<p><font face=\"Arial\"><b><span style=\"font-size: 14px;\">Altura: <\/span><\/b><span style=\"font-size: 14px;\">3 cm<\/span><\/font><\/p>\n<p><span style=\"font-size: 14px;\"> <\/span><\/p>\n<p><font face=\"Arial\"><b><span style=\"font-size: 14px;\">Largura: <\/span><\/b><span style=\"font-size: 14px;\">29 cm<\/span><\/font><\/p>\n<p><span style=\"font-size: 14px;\"> <\/span><\/p>\n<p><font face=\"Arial\"><b><span style=\"font-size: 14px;\">Profundidade: <\/span><\/b><span style=\"font-size: 14px;\">3 cm<\/span><\/font><\/p>\n<\/div>\n","protected":false},"excerpt":{"rendered":"<p>&nbsp; &nbsp; &nbsp; &nbsp; &nbsp; &nbsp; &nbsp; &nbsp; &nbsp; &nbsp; &nbsp; &nbsp; &nbsp; &nbsp; &nbsp; &nbsp; &nbsp; &nbsp; &nbsp; &nbsp; &nbsp; &nbsp; &nbsp; &nbsp; &nbsp; &nbsp;&nbsp;Descri\u00e7\u00e3o do produto Caracter\u00edsticas: A faca para p\u00e3o possui l\u00e2mina longa e serrilhada, perfeita para cortar p\u00e3es e bolos sem ferir a casca dos alimentos. Seu cabo em polipropileno tem [&hellip;]<\/p>\n","protected":false},"featured_media":12244,"comment_status":"open","ping_status":"closed","template":"","meta":[],"product_brand":[],"product_cat":[377,444],"product_tag":[661],"class_list":{"0":"post-12245","1":"product","2":"type-product","3":"status-publish","4":"has-post-thumbnail","6":"product_cat-talheres-e-acessorios","7":"product_cat-utensilios","8":"product_tag-faca-de-pao-precision-8-de-20-cm-brinox","10":"first","11":"instock","12":"shipping-taxable","13":"purchasable","14":"product-type-simple"},"_links":{"self":[{"href":"https:\/\/twsites.com.br\/novomigcenter\/index.php?rest_route=\/wp\/v2\/product\/12245","targetHints":{"allow":["GET"]}}],"collection":[{"href":"https:\/\/twsites.com.br\/novomigcenter\/index.php?rest_route=\/wp\/v2\/product"}],"about":[{"href":"https:\/\/twsites.com.br\/novomigcenter\/index.php?rest_route=\/wp\/v2\/types\/product"}],"replies":[{"embeddable":true,"href":"https:\/\/twsites.com.br\/novomigcenter\/index.php?rest_route=%2Fwp%2Fv2%2Fcomments&post=12245"}],"wp:featuredmedia":[{"embeddable":true,"href":"https:\/\/twsites.com.br\/novomigcenter\/index.php?rest_route=\/wp\/v2\/media\/12244"}],"wp:attachment":[{"href":"https:\/\/twsites.com.br\/novomigcenter\/index.php?rest_route=%2Fwp%2Fv2%2Fmedia&parent=12245"}],"wp:term":[{"taxonomy":"product_brand","embeddable":true,"href":"https:\/\/twsites.com.br\/novomigcenter\/index.php?rest_route=%2Fwp%2Fv2%2Fproduct_brand&post=12245"},{"taxonomy":"product_cat","embeddable":true,"href":"https:\/\/twsites.com.br\/novomigcenter\/index.php?rest_route=%2Fwp%2Fv2%2Fproduct_cat&post=12245"},{"taxonomy":"product_tag","embeddable":true,"href":"https:\/\/twsites.com.br\/novomigcenter\/index.php?rest_route=%2Fwp%2Fv2%2Fproduct_tag&post=12245"}],"curies":[{"name":"wp","href":"https:\/\/api.w.org\/{rel}","templated":true}]}}