{"id":12247,"date":"2018-05-11T15:32:33","date_gmt":"2018-05-11T15:32:33","guid":{"rendered":"https:\/\/twsites.com.br\/novomigcenter\/?product=garfo-de-mesa-tramontina-leme-cabo-azul-12-pcs"},"modified":"2018-05-11T15:32:33","modified_gmt":"2018-05-11T15:32:33","slug":"garfo-de-mesa-tramontina-leme-cabo-azul-12-pcs","status":"publish","type":"product","link":"https:\/\/twsites.com.br\/novomigcenter\/?product=garfo-de-mesa-tramontina-leme-cabo-azul-12-pcs","title":{"rendered":"Garfo de Mesa Tramontina Leme Cabo Azul 12 P\u00e7s"},"content":{"rendered":"<div class=\"heading-content\">\n<h3 class=\"product-description-heading\">&nbsp; &nbsp; &nbsp; &nbsp; &nbsp; &nbsp; &nbsp; &nbsp; &nbsp; &nbsp; &nbsp; &nbsp; &nbsp; &nbsp; &nbsp; &nbsp; <font face=\"Arial\"><span style=\"font-size: 18px;\">&nbsp;<\/span><span style=\"font-size: 18px;\"><b>Descri\u00e7\u00e3o do produto<\/b><\/span>                             <\/font><\/h3>\n<\/p><\/div>\n<\/p>\n<div class=\"product-description-text-content product-tab-content\">\n<p style=\"text-align: justify; \"><font face=\"Arial\">Garfo de Mesa Tramontina Leme Cabo Azul 12 P\u00e7s<\/font><\/p>\n<p style=\"text-align: justify;\"><font face=\"Arial\">Leve \u00e0 mesa a alegria das cores. Os talheres da linha Leme tem cabos  coloridos e resistentes de polipropileno. Com l\u00e2minas em a\u00e7o inox, os  garfos t\u00eam alta resist\u00eancia e durabilidade. Todas as pe\u00e7as podem ir \u00e0  m\u00e1quina de lavar.<\/font><\/p>\n<p style=\"text-align: justify;\"><font face=\"Arial\"><b>Dimens\u00f5es:<\/b><\/font><\/p>\n<p style=\"text-align: justify;\"><font face=\"Arial\"><b>Peso:<\/b> 0,28 Kg<\/font><\/p>\n<p style=\"text-align: justify;\"><font face=\"Arial\"><b>Altura: <\/b>1,3 Cm<\/font><\/p>\n<p style=\"text-align: justify;\"><font face=\"Arial\"><b>Largura: <\/b>18,5 Cm<\/font><\/p>\n<p style=\"text-align: justify;\"><font face=\"Arial\"><b>Profundidade: <\/b>2,3 Cm<\/font><\/p>\n<\/div>\n","protected":false},"excerpt":{"rendered":"<p>&nbsp; &nbsp; &nbsp; &nbsp; &nbsp; &nbsp; &nbsp; &nbsp; &nbsp; &nbsp; &nbsp; &nbsp; &nbsp; &nbsp; &nbsp; &nbsp; &nbsp;Descri\u00e7\u00e3o do produto Garfo de Mesa Tramontina Leme Cabo Azul 12 P\u00e7s Leve \u00e0 mesa a alegria das cores. Os talheres da linha Leme tem cabos coloridos e resistentes de polipropileno. Com l\u00e2minas em a\u00e7o inox, os garfos t\u00eam [&hellip;]<\/p>\n","protected":false},"featured_media":12246,"comment_status":"open","ping_status":"closed","template":"","meta":[],"product_brand":[],"product_cat":[377,444],"product_tag":[662],"class_list":{"0":"post-12247","1":"product","2":"type-product","3":"status-publish","4":"has-post-thumbnail","6":"product_cat-talheres-e-acessorios","7":"product_cat-utensilios","8":"product_tag-garfo-de-mesa-tramontina-leme-cabo-azul-12-pcs","10":"first","11":"instock","12":"shipping-taxable","13":"purchasable","14":"product-type-simple"},"_links":{"self":[{"href":"https:\/\/twsites.com.br\/novomigcenter\/index.php?rest_route=\/wp\/v2\/product\/12247","targetHints":{"allow":["GET"]}}],"collection":[{"href":"https:\/\/twsites.com.br\/novomigcenter\/index.php?rest_route=\/wp\/v2\/product"}],"about":[{"href":"https:\/\/twsites.com.br\/novomigcenter\/index.php?rest_route=\/wp\/v2\/types\/product"}],"replies":[{"embeddable":true,"href":"https:\/\/twsites.com.br\/novomigcenter\/index.php?rest_route=%2Fwp%2Fv2%2Fcomments&post=12247"}],"wp:featuredmedia":[{"embeddable":true,"href":"https:\/\/twsites.com.br\/novomigcenter\/index.php?rest_route=\/wp\/v2\/media\/12246"}],"wp:attachment":[{"href":"https:\/\/twsites.com.br\/novomigcenter\/index.php?rest_route=%2Fwp%2Fv2%2Fmedia&parent=12247"}],"wp:term":[{"taxonomy":"product_brand","embeddable":true,"href":"https:\/\/twsites.com.br\/novomigcenter\/index.php?rest_route=%2Fwp%2Fv2%2Fproduct_brand&post=12247"},{"taxonomy":"product_cat","embeddable":true,"href":"https:\/\/twsites.com.br\/novomigcenter\/index.php?rest_route=%2Fwp%2Fv2%2Fproduct_cat&post=12247"},{"taxonomy":"product_tag","embeddable":true,"href":"https:\/\/twsites.com.br\/novomigcenter\/index.php?rest_route=%2Fwp%2Fv2%2Fproduct_tag&post=12247"}],"curies":[{"name":"wp","href":"https:\/\/api.w.org\/{rel}","templated":true}]}}