{"id":12255,"date":"2018-05-11T15:38:49","date_gmt":"2018-05-11T15:38:49","guid":{"rendered":"https:\/\/twsites.com.br\/novomigcenter\/?product=colher-de-arroz-inox-suprema-34-cm-brinox"},"modified":"2018-05-11T15:38:49","modified_gmt":"2018-05-11T15:38:49","slug":"colher-de-arroz-inox-suprema-34-cm-brinox","status":"publish","type":"product","link":"https:\/\/twsites.com.br\/novomigcenter\/?product=colher-de-arroz-inox-suprema-34-cm-brinox","title":{"rendered":"Colher de Arroz Inox Suprema 34 cm Brinox"},"content":{"rendered":"<div class=\"heading-content\">\n<h3 class=\"product-description-heading\">&nbsp; &nbsp; &nbsp; &nbsp; &nbsp; &nbsp; &nbsp; &nbsp; &nbsp; &nbsp; &nbsp; &nbsp; &nbsp; &nbsp; &nbsp; &nbsp; <span style=\"font-size: 18px;\"><b>&nbsp;<\/b><\/span><font face=\"Arial\"><span style=\"font-size: 18px;\"><b>Descri\u00e7\u00e3o do produto<\/b><\/span>                             <\/font><\/h3>\n<\/p><\/div>\n<\/p>\n<div class=\"product-description-text-content product-tab-content\">\n<p><font face=\"Arial\"><span style=\"font-size: 14px;\">Colher de Arroz Inox Suprema 34 cm Brinox<\/span><\/font><\/p>\n<p><span style=\"font-size: 14px;\"> <\/span><\/p>\n<p><font face=\"Arial\"><b><span style=\"font-size: 14px;\">Dimens\u00f5es:<\/span><\/b><\/font><\/p>\n<p><span style=\"font-size: 14px;\"> <\/span><\/p>\n<p><font face=\"Arial\"><b><span style=\"font-size: 14px;\">Peso:<\/span><\/b><span style=\"font-size: 14px;\"> 0,116 Kg<\/span><\/font><\/p>\n<p><span style=\"font-size: 14px;\"> <\/span><\/p>\n<p><font face=\"Arial\"><b><span style=\"font-size: 14px;\">Altura: <\/span><\/b><span style=\"font-size: 14px;\">3,5 Cm<\/span><\/font><\/p>\n<p><span style=\"font-size: 14px;\"> <\/span><\/p>\n<p><font face=\"Arial\"><b><span style=\"font-size: 14px;\">Largura:<\/span><\/b><span style=\"font-size: 14px;\"> 34 Cm<\/span><\/font><\/p>\n<p><span style=\"font-size: 14px;\"> <\/span><\/p>\n<p><font face=\"Arial\"><b><span style=\"font-size: 14px;\">Profundidade: <\/span><\/b><span style=\"font-size: 14px;\">6,5 C<\/span>m<\/font><\/p>\n<\/div>\n","protected":false},"excerpt":{"rendered":"<p>&nbsp; &nbsp; &nbsp; &nbsp; &nbsp; &nbsp; &nbsp; &nbsp; &nbsp; &nbsp; &nbsp; &nbsp; &nbsp; &nbsp; &nbsp; &nbsp; &nbsp;Descri\u00e7\u00e3o do produto Colher de Arroz Inox Suprema 34 cm Brinox Dimens\u00f5es: Peso: 0,116 Kg Altura: 3,5 Cm Largura: 34 Cm Profundidade: 6,5 Cm<\/p>\n","protected":false},"featured_media":12254,"comment_status":"open","ping_status":"closed","template":"","meta":[],"product_brand":[],"product_cat":[377,444],"product_tag":[666],"class_list":{"0":"post-12255","1":"product","2":"type-product","3":"status-publish","4":"has-post-thumbnail","6":"product_cat-talheres-e-acessorios","7":"product_cat-utensilios","8":"product_tag-colher-de-arroz-inox-suprema-34-cm-brinox","10":"first","11":"instock","12":"shipping-taxable","13":"purchasable","14":"product-type-simple"},"_links":{"self":[{"href":"https:\/\/twsites.com.br\/novomigcenter\/index.php?rest_route=\/wp\/v2\/product\/12255","targetHints":{"allow":["GET"]}}],"collection":[{"href":"https:\/\/twsites.com.br\/novomigcenter\/index.php?rest_route=\/wp\/v2\/product"}],"about":[{"href":"https:\/\/twsites.com.br\/novomigcenter\/index.php?rest_route=\/wp\/v2\/types\/product"}],"replies":[{"embeddable":true,"href":"https:\/\/twsites.com.br\/novomigcenter\/index.php?rest_route=%2Fwp%2Fv2%2Fcomments&post=12255"}],"wp:featuredmedia":[{"embeddable":true,"href":"https:\/\/twsites.com.br\/novomigcenter\/index.php?rest_route=\/wp\/v2\/media\/12254"}],"wp:attachment":[{"href":"https:\/\/twsites.com.br\/novomigcenter\/index.php?rest_route=%2Fwp%2Fv2%2Fmedia&parent=12255"}],"wp:term":[{"taxonomy":"product_brand","embeddable":true,"href":"https:\/\/twsites.com.br\/novomigcenter\/index.php?rest_route=%2Fwp%2Fv2%2Fproduct_brand&post=12255"},{"taxonomy":"product_cat","embeddable":true,"href":"https:\/\/twsites.com.br\/novomigcenter\/index.php?rest_route=%2Fwp%2Fv2%2Fproduct_cat&post=12255"},{"taxonomy":"product_tag","embeddable":true,"href":"https:\/\/twsites.com.br\/novomigcenter\/index.php?rest_route=%2Fwp%2Fv2%2Fproduct_tag&post=12255"}],"curies":[{"name":"wp","href":"https:\/\/api.w.org\/{rel}","templated":true}]}}