{"id":12257,"date":"2018-05-11T15:40:20","date_gmt":"2018-05-11T15:40:20","guid":{"rendered":"https:\/\/twsites.com.br\/novomigcenter\/?product=colher-de-mesa-tramontina-leme-cabo-azul-12-pcs"},"modified":"2018-05-11T15:40:20","modified_gmt":"2018-05-11T15:40:20","slug":"colher-de-mesa-tramontina-leme-cabo-azul-12-pcs","status":"publish","type":"product","link":"https:\/\/twsites.com.br\/novomigcenter\/?product=colher-de-mesa-tramontina-leme-cabo-azul-12-pcs","title":{"rendered":"Colher de Mesa Tramontina Leme Cabo Azul 12 P\u00e7s"},"content":{"rendered":"<div class=\"heading-content\">\n<h3 class=\"product-description-heading\">&nbsp; &nbsp; &nbsp; &nbsp; &nbsp; &nbsp; &nbsp; &nbsp; &nbsp; &nbsp; &nbsp; &nbsp; &nbsp; &nbsp; &nbsp;<b><span style=\"font-size: 18px;\"> &nbsp; &nbsp;<\/span><span style=\"font-size: 14px;\"><font face=\"Arial\"><span style=\"font-size: 18px;\">Descri\u00e7\u00e3o do produto<\/span>                             <\/font><\/span><\/b><\/h3>\n<p><span style=\"font-size: 14px;\"><font face=\"Arial\">                         <\/font><\/span><\/div>\n<p><span style=\"font-size: 14px;\"><font face=\"Arial\">                           <\/font><\/span><\/p>\n<div class=\"product-description-text-content product-tab-content\"><span style=\"font-size: 14px;\"><font face=\"Arial\">                             <\/font><\/span><\/p>\n<p style=\"text-align: justify; \"><span style=\"font-size: 14px;\"><font face=\"Arial\">Colher de Mesa Tramontina Leme Cabo Azul 12 P\u00e7s<\/font><\/span><\/p>\n<p><span style=\"font-size: 14px;\"><font face=\"Arial\"> <\/font><\/span><\/p>\n<p style=\"text-align: justify;\"><span style=\"font-size: 14px;\"><font face=\"Arial\">Leve \u00e0 mesa a alegria das cores. Os talheres da linha Leme tem cabos  coloridos e resistentes de polipropileno. Com l\u00e2minas em a\u00e7o inox, os  garfos t\u00eam alta resist\u00eancia e durabilidade. Todas as pe\u00e7as podem ir \u00e0  m\u00e1quina de lavar.<\/font><\/span><\/p>\n<p><span style=\"font-size: 14px;\"><font face=\"Arial\"> <\/font><\/span><\/p>\n<p style=\"text-align: justify;\"><span style=\"font-size: 14px;\"><font face=\"Arial\"><b>Dimens\u00f5es:<\/b><\/font><\/span><\/p>\n<p><span style=\"font-size: 14px;\"><font face=\"Arial\"> <\/font><\/span><\/p>\n<p style=\"text-align: justify;\"><span style=\"font-size: 14px;\"><font face=\"Arial\"><b>Peso:<\/b> 0,027 Kg<\/font><\/span><\/p>\n<p><span style=\"font-size: 14px;\"><font face=\"Arial\"> <\/font><\/span><\/p>\n<p style=\"text-align: justify;\"><span style=\"font-size: 14px;\"><font face=\"Arial\"><b>Altura: <\/b>1,7 Cm<\/font><\/span><\/p>\n<p><span style=\"font-size: 14px;\"><font face=\"Arial\"> <\/font><\/span><\/p>\n<p style=\"text-align: justify;\"><span style=\"font-size: 14px;\"><font face=\"Arial\"><b>Largura: <\/b>18,5 Cm<\/font><\/span><\/p>\n<p><span style=\"font-size: 14px;\"><font face=\"Arial\"> <\/font><\/span><\/p>\n<p style=\"text-align: justify;\"><span style=\"font-size: 14px;\"><font face=\"Arial\"><b>Profundidade:<\/b> 3,9 Cm<\/font><\/span><\/p>\n<\/div>\n","protected":false},"excerpt":{"rendered":"<p>&nbsp; &nbsp; &nbsp; &nbsp; &nbsp; &nbsp; &nbsp; &nbsp; &nbsp; &nbsp; &nbsp; &nbsp; &nbsp; &nbsp; &nbsp; &nbsp; &nbsp;Descri\u00e7\u00e3o do produto Colher de Mesa Tramontina Leme Cabo Azul 12 P\u00e7s Leve \u00e0 mesa a alegria das cores. Os talheres da linha Leme tem cabos coloridos e resistentes de polipropileno. Com l\u00e2minas em a\u00e7o inox, os garfos t\u00eam [&hellip;]<\/p>\n","protected":false},"featured_media":12256,"comment_status":"open","ping_status":"closed","template":"","meta":[],"product_brand":[],"product_cat":[377,444],"product_tag":[667],"class_list":{"0":"post-12257","1":"product","2":"type-product","3":"status-publish","4":"has-post-thumbnail","6":"product_cat-talheres-e-acessorios","7":"product_cat-utensilios","8":"product_tag-colher-de-mesa-tramontina-leme-cabo-azul-12-pcs","10":"first","11":"instock","12":"shipping-taxable","13":"purchasable","14":"product-type-simple"},"_links":{"self":[{"href":"https:\/\/twsites.com.br\/novomigcenter\/index.php?rest_route=\/wp\/v2\/product\/12257","targetHints":{"allow":["GET"]}}],"collection":[{"href":"https:\/\/twsites.com.br\/novomigcenter\/index.php?rest_route=\/wp\/v2\/product"}],"about":[{"href":"https:\/\/twsites.com.br\/novomigcenter\/index.php?rest_route=\/wp\/v2\/types\/product"}],"replies":[{"embeddable":true,"href":"https:\/\/twsites.com.br\/novomigcenter\/index.php?rest_route=%2Fwp%2Fv2%2Fcomments&post=12257"}],"wp:featuredmedia":[{"embeddable":true,"href":"https:\/\/twsites.com.br\/novomigcenter\/index.php?rest_route=\/wp\/v2\/media\/12256"}],"wp:attachment":[{"href":"https:\/\/twsites.com.br\/novomigcenter\/index.php?rest_route=%2Fwp%2Fv2%2Fmedia&parent=12257"}],"wp:term":[{"taxonomy":"product_brand","embeddable":true,"href":"https:\/\/twsites.com.br\/novomigcenter\/index.php?rest_route=%2Fwp%2Fv2%2Fproduct_brand&post=12257"},{"taxonomy":"product_cat","embeddable":true,"href":"https:\/\/twsites.com.br\/novomigcenter\/index.php?rest_route=%2Fwp%2Fv2%2Fproduct_cat&post=12257"},{"taxonomy":"product_tag","embeddable":true,"href":"https:\/\/twsites.com.br\/novomigcenter\/index.php?rest_route=%2Fwp%2Fv2%2Fproduct_tag&post=12257"}],"curies":[{"name":"wp","href":"https:\/\/api.w.org\/{rel}","templated":true}]}}