{"id":12263,"date":"2018-05-11T16:02:03","date_gmt":"2018-05-11T16:02:03","guid":{"rendered":"https:\/\/twsites.com.br\/novomigcenter\/?product=colher-de-cha-tramontina-inox-amazonas-12-pcs"},"modified":"2018-05-11T16:02:03","modified_gmt":"2018-05-11T16:02:03","slug":"colher-de-cha-tramontina-inox-amazonas-12-pcs","status":"publish","type":"product","link":"https:\/\/twsites.com.br\/novomigcenter\/?product=colher-de-cha-tramontina-inox-amazonas-12-pcs","title":{"rendered":"Colher de Ch\u00e1 Tramontina Inox Amazonas 12 p\u00e7s"},"content":{"rendered":"<div class=\"heading-content\">\n<h3 class=\"product-description-heading\">&nbsp; &nbsp; &nbsp; &nbsp; &nbsp; &nbsp; &nbsp; &nbsp; &nbsp; &nbsp; &nbsp; &nbsp; &nbsp; &nbsp; &nbsp; <font face=\"Arial\"><b>&nbsp; &nbsp;<span style=\"font-size: 18px;\">Descri\u00e7\u00e3o do produto<\/span><\/b>                             <\/font><\/h3>\n<\/p><\/div>\n<\/p>\n<div class=\"product-description-text-content product-tab-content\">\n<p><font face=\"Arial\"><b><span style=\"font-size: 14px;\">Caracter\u00edsticas:<\/span><\/b><\/font><\/p>\n<p><span style=\"font-size: 14px;\"> <\/span><\/p>\n<p><font face=\"Arial\"><span style=\"font-size: 14px;\">Colher com bojo em formato sim\u00e9trico e bordas cuidadosamente arredondadas, proporcionando maior conforto no uso.<\/span><\/font><\/p>\n<p><span style=\"font-size: 14px;\"> <\/span><\/p>\n<p><font face=\"Arial\"><span style=\"font-size: 14px;\">Totalmente feita de a\u00e7o inox, mant\u00e9m suas caracter\u00edsticas originais,  preservando a beleza, a higiene e a durabilidade do material.<\/span><\/font><\/p>\n<p><span style=\"font-size: 14px;\"> <\/span><\/p>\n<p><font face=\"Arial\"><span style=\"font-size: 14px;\">Acabamento em brilho.<\/span><\/font><\/p>\n<p><span style=\"font-size: 14px;\"> <\/span><\/p>\n<p><font face=\"Arial\"><span style=\"font-size: 14px;\">Pr\u00f3pria para uso di\u00e1rio combina com qualquer ambiente.<\/span><\/font><\/p>\n<p><span style=\"font-size: 14px;\"> <\/span><\/p>\n<p><font face=\"Arial\"><span style=\"font-size: 14px;\">Pode ser lavada diariamente na m\u00e1quina de lavar lou\u00e7as.<\/span><\/font><\/p>\n<p><span style=\"font-size: 14px;\"> <\/span><\/p>\n<p><font face=\"Arial\"><b><span style=\"font-size: 14px;\">Peso: <\/span><\/b><span style=\"font-size: 14px;\">0,156 Kg<\/span><\/font><\/p>\n<p><span style=\"font-size: 14px;\"> <\/span><\/p>\n<p><font face=\"Arial\"><b><span style=\"font-size: 14px;\">Altura: <\/span><\/b><span style=\"font-size: 14px;\">1 cm<\/span><\/font><\/p>\n<p><span style=\"font-size: 14px;\"> <\/span><\/p>\n<p><font face=\"Arial\"><b><span style=\"font-size: 14px;\">Largura:<\/span><\/b><span style=\"font-size: 14px;\"> 13 cm<\/span><\/font><\/p>\n<p><span style=\"font-size: 14px;\"> <\/span><\/p>\n<p><font face=\"Arial\"><b><span style=\"font-size: 14px;\">Profundidade:<\/span><\/b><span style=\"font-size: 14px;\"> 3 cm<\/span><\/font><\/p>\n<\/div>\n","protected":false},"excerpt":{"rendered":"<p>&nbsp; &nbsp; &nbsp; &nbsp; &nbsp; &nbsp; &nbsp; &nbsp; &nbsp; &nbsp; &nbsp; &nbsp; &nbsp; &nbsp; &nbsp; &nbsp; &nbsp;Descri\u00e7\u00e3o do produto Caracter\u00edsticas: Colher com bojo em formato sim\u00e9trico e bordas cuidadosamente arredondadas, proporcionando maior conforto no uso. Totalmente feita de a\u00e7o inox, mant\u00e9m suas caracter\u00edsticas originais, preservando a beleza, a higiene e a durabilidade do material. Acabamento [&hellip;]<\/p>\n","protected":false},"featured_media":12260,"comment_status":"open","ping_status":"closed","template":"","meta":[],"product_brand":[],"product_cat":[377,444],"product_tag":[671],"class_list":{"0":"post-12263","1":"product","2":"type-product","3":"status-publish","4":"has-post-thumbnail","6":"product_cat-talheres-e-acessorios","7":"product_cat-utensilios","8":"product_tag-colher-de-cha-tramontina-inox-amazonas-12-pcs","10":"first","11":"instock","12":"shipping-taxable","13":"purchasable","14":"product-type-simple"},"_links":{"self":[{"href":"https:\/\/twsites.com.br\/novomigcenter\/index.php?rest_route=\/wp\/v2\/product\/12263","targetHints":{"allow":["GET"]}}],"collection":[{"href":"https:\/\/twsites.com.br\/novomigcenter\/index.php?rest_route=\/wp\/v2\/product"}],"about":[{"href":"https:\/\/twsites.com.br\/novomigcenter\/index.php?rest_route=\/wp\/v2\/types\/product"}],"replies":[{"embeddable":true,"href":"https:\/\/twsites.com.br\/novomigcenter\/index.php?rest_route=%2Fwp%2Fv2%2Fcomments&post=12263"}],"wp:featuredmedia":[{"embeddable":true,"href":"https:\/\/twsites.com.br\/novomigcenter\/index.php?rest_route=\/wp\/v2\/media\/12260"}],"wp:attachment":[{"href":"https:\/\/twsites.com.br\/novomigcenter\/index.php?rest_route=%2Fwp%2Fv2%2Fmedia&parent=12263"}],"wp:term":[{"taxonomy":"product_brand","embeddable":true,"href":"https:\/\/twsites.com.br\/novomigcenter\/index.php?rest_route=%2Fwp%2Fv2%2Fproduct_brand&post=12263"},{"taxonomy":"product_cat","embeddable":true,"href":"https:\/\/twsites.com.br\/novomigcenter\/index.php?rest_route=%2Fwp%2Fv2%2Fproduct_cat&post=12263"},{"taxonomy":"product_tag","embeddable":true,"href":"https:\/\/twsites.com.br\/novomigcenter\/index.php?rest_route=%2Fwp%2Fv2%2Fproduct_tag&post=12263"}],"curies":[{"name":"wp","href":"https:\/\/api.w.org\/{rel}","templated":true}]}}