{"id":12267,"date":"2018-05-11T16:06:15","date_gmt":"2018-05-11T16:06:15","guid":{"rendered":"https:\/\/twsites.com.br\/novomigcenter\/?product=faca-de-mesa-tramontina-inox-buzios-12-pcs"},"modified":"2018-05-11T16:06:15","modified_gmt":"2018-05-11T16:06:15","slug":"faca-de-mesa-tramontina-inox-buzios-12-pcs","status":"publish","type":"product","link":"https:\/\/twsites.com.br\/novomigcenter\/?product=faca-de-mesa-tramontina-inox-buzios-12-pcs","title":{"rendered":"Faca de Mesa Tramontina Inox Buzios 12 p\u00e7s"},"content":{"rendered":"<div class=\"heading-content\">\n<p>&nbsp; &nbsp; &nbsp; &nbsp; &nbsp; &nbsp; &nbsp; &nbsp; &nbsp; &nbsp; &nbsp; &nbsp; &nbsp; <b><font face=\"Arial\">&nbsp; &nbsp; &nbsp;&nbsp;<\/font><\/b><\/p>\n<h3 style=\"text-align: center; margin: 0cm 0cm 6.75pt;\"><span style=\"font-size: 14pt;\"><font face=\"Arial\"><b style=\"\"><span style=\"font-size: 18px;\">Descri\u00e7\u00e3o do produto<\/span><\/b><o:p><\/o:p><\/font><\/span><\/h3>\n<h3 style=\"margin-top:0cm;margin-right:0cm;margin-bottom:6.75pt;margin-left: 0cm;text-align:justify\"><span style=\"font-size: 14pt;\"><font face=\"Arial\"><o:p><\/o:p><\/font><\/span><\/h3>\n<p><span style=\"font-size: 14px;\">  <\/span><\/p>\n<p style=\"margin: 0cm 0cm 6.75pt;\"><b><span style=\"font-size: 14pt;\"><font face=\"Arial\"><span style=\"font-size: 14px;\">Caracter\u00edsticas:<\/span><o:p><\/o:p><\/font><\/span><\/b><\/p>\n<p><span style=\"font-size: 14px;\">  <\/span><\/p>\n<p style=\"margin: 0cm 0cm 6.75pt; text-align: justify;\"><span style=\"font-size: 14pt;\"><font face=\"Arial\"><span style=\"font-size: 14px;\">Talheres cl\u00e1ssicos, totalmente em a\u00e7o inox, v\u00e3o \u00e0 mesa nas refei\u00e7\u00f5es di\u00e1rias. A espessura e o brilho do a\u00e7o garantem resist\u00eancia e beleza \u00e0s pe\u00e7as mesmo ap\u00f3s muitos tempo de uso. N\u00e3o deformam mesmo expostos a altas temperaturas. Podem ir \u00e0 m\u00e1quina de lavar lou\u00e7as.<\/span><o:p><\/o:p><\/font><\/span><\/p>\n<p><span style=\"font-size: 14px;\">  <\/span><\/p>\n<p style=\"margin: 0cm 0cm 6.75pt; text-align: justify;\"><font face=\"Arial\"><b><span style=\"font-size: 14px;\">Peso:<\/span><\/b><span style=\"font-size: 14pt;\"><span style=\"font-size: 14px;\"> 0,337 Kg<\/span><o:p><\/o:p><\/span><\/font><\/p>\n<p><span style=\"font-size: 14px;\">  <\/span><\/p>\n<p style=\"margin: 0cm 0cm 6.75pt; text-align: justify;\"><font face=\"Arial\"><b><span style=\"font-size: 14px;\">Altura:<\/span><\/b><span style=\"font-size: 14pt;\"><span style=\"font-size: 14px;\"> 1 cm<\/span><o:p><\/o:p><\/span><\/font><\/p>\n<p><span style=\"font-size: 14px;\">  <\/span><\/p>\n<p style=\"margin: 0cm 0cm 6.75pt; text-align: justify;\"><font face=\"Arial\"><b><span style=\"font-size: 14px;\">Largura:<\/span><\/b><span style=\"font-size: 14pt;\"><span style=\"font-size: 14px;\"> 20,5 cm<\/span><o:p><\/o:p><\/span><\/font><\/p>\n<p><span style=\"font-size: 14px;\">  <\/span><\/p>\n<p style=\"margin: 0cm 0cm 6.75pt; text-align: justify;\"><b><span style=\"font-size: 14px;\"><font face=\"Arial\">Profundidade:<\/font><\/span><\/b><span style=\"font-size: 14pt;\"><font face=\"Arial\"><span style=\"font-size: 14px;\"> 2 cm<\/span><\/font><font face=\"Arial Narrow, sans-serif\"><o:p><\/o:p><\/font><\/span><\/p>\n<\/div>\n","protected":false},"excerpt":{"rendered":"<p>&nbsp; &nbsp; &nbsp; &nbsp; &nbsp; &nbsp; &nbsp; &nbsp; &nbsp; &nbsp; &nbsp; &nbsp; &nbsp; &nbsp; &nbsp; &nbsp;&nbsp; Descri\u00e7\u00e3o do produto Caracter\u00edsticas: Talheres cl\u00e1ssicos, totalmente em a\u00e7o inox, v\u00e3o \u00e0 mesa nas refei\u00e7\u00f5es di\u00e1rias. A espessura e o brilho do a\u00e7o garantem resist\u00eancia e beleza \u00e0s pe\u00e7as mesmo ap\u00f3s muitos tempo de uso. N\u00e3o deformam mesmo expostos [&hellip;]<\/p>\n","protected":false},"featured_media":12266,"comment_status":"open","ping_status":"closed","template":"","meta":[],"product_brand":[],"product_cat":[377,444],"product_tag":[673],"class_list":{"0":"post-12267","1":"product","2":"type-product","3":"status-publish","4":"has-post-thumbnail","6":"product_cat-talheres-e-acessorios","7":"product_cat-utensilios","8":"product_tag-faca-de-mesa-tramontina-inox-buzios-12-pcs","10":"first","11":"instock","12":"shipping-taxable","13":"purchasable","14":"product-type-simple"},"_links":{"self":[{"href":"https:\/\/twsites.com.br\/novomigcenter\/index.php?rest_route=\/wp\/v2\/product\/12267","targetHints":{"allow":["GET"]}}],"collection":[{"href":"https:\/\/twsites.com.br\/novomigcenter\/index.php?rest_route=\/wp\/v2\/product"}],"about":[{"href":"https:\/\/twsites.com.br\/novomigcenter\/index.php?rest_route=\/wp\/v2\/types\/product"}],"replies":[{"embeddable":true,"href":"https:\/\/twsites.com.br\/novomigcenter\/index.php?rest_route=%2Fwp%2Fv2%2Fcomments&post=12267"}],"wp:featuredmedia":[{"embeddable":true,"href":"https:\/\/twsites.com.br\/novomigcenter\/index.php?rest_route=\/wp\/v2\/media\/12266"}],"wp:attachment":[{"href":"https:\/\/twsites.com.br\/novomigcenter\/index.php?rest_route=%2Fwp%2Fv2%2Fmedia&parent=12267"}],"wp:term":[{"taxonomy":"product_brand","embeddable":true,"href":"https:\/\/twsites.com.br\/novomigcenter\/index.php?rest_route=%2Fwp%2Fv2%2Fproduct_brand&post=12267"},{"taxonomy":"product_cat","embeddable":true,"href":"https:\/\/twsites.com.br\/novomigcenter\/index.php?rest_route=%2Fwp%2Fv2%2Fproduct_cat&post=12267"},{"taxonomy":"product_tag","embeddable":true,"href":"https:\/\/twsites.com.br\/novomigcenter\/index.php?rest_route=%2Fwp%2Fv2%2Fproduct_tag&post=12267"}],"curies":[{"name":"wp","href":"https:\/\/api.w.org\/{rel}","templated":true}]}}