{"id":12271,"date":"2018-05-11T16:10:39","date_gmt":"2018-05-11T16:10:39","guid":{"rendered":"https:\/\/twsites.com.br\/novomigcenter\/?product=faca-tramontina-de-carne-06-com-15-cm-cabo-branco"},"modified":"2018-05-11T16:10:39","modified_gmt":"2018-05-11T16:10:39","slug":"faca-tramontina-de-carne-06-com-15-cm-cabo-branco","status":"publish","type":"product","link":"https:\/\/twsites.com.br\/novomigcenter\/?product=faca-tramontina-de-carne-06-com-15-cm-cabo-branco","title":{"rendered":"Faca Tramontina de Carne 6 com 15 cm Cabo Branco"},"content":{"rendered":"<div class=\"heading-content\">\n<h3 class=\"product-description-heading\">&nbsp; &nbsp; &nbsp; &nbsp; &nbsp; &nbsp; &nbsp; &nbsp; &nbsp; &nbsp; &nbsp; &nbsp; &nbsp; &nbsp; &nbsp; &nbsp; &nbsp; &nbsp; &nbsp; &nbsp;<font face=\"Arial\"><span style=\"font-size: 18px;\"><b>Descri\u00e7\u00e3o do produto<\/b><\/span><\/font><\/h3>\n<h3 class=\"product-description-heading\"><font face=\"Arial\"><span style=\"font-size: 14px;\"><b>Caracter\u00edsticas:<\/b><\/span><br \/><\/font><\/h3>\n<\/div>\n<div class=\"product-description-text-content product-tab-content\"><span style=\"font-size: 14px;\">  <\/span><\/p>\n<p style=\"text-align: justify; \"><font face=\"Arial\"><span style=\"font-size: 14px;\">L\u00e2mina fabricada com a\u00e7o inox de alt\u00edssima qualidade que, aliado ao  eficiente tratamento t\u00e9rmico sub-zero, confere \u00e0 faca grande resist\u00eancia  ao desgaste do fio.<\/span><\/font><\/p>\n<p><span style=\"font-size: 14px;\">  <\/span><\/p>\n<p style=\"text-align: justify;\"><font face=\"Arial\"><span style=\"font-size: 14px;\">Cabo de polipropileno com prote\u00e7\u00e3o antimicrobiana que inibe o  crescimento de bact\u00e9rias. L\u00e2mina fabricada com a\u00e7o inox de alt\u00edssima  qualidade que, aliado ao eficiente tratamento t\u00e9rmico sub-zero, confere \u00e0  faca grande resist\u00eancia ao desgaste do fio.<\/span><\/font><\/p>\n<p><span style=\"font-size: 14px;\">  <\/span><\/p>\n<p style=\"text-align: justify;\"><font face=\"Arial\"><span style=\"font-size: 14px;\">Cabo de polipropileno com prote\u00e7\u00e3o antimicrobiana que inibe o crescimento de bact\u00e9rias e fungos.<\/span><\/font><\/p>\n<p><span style=\"font-size: 14px;\">  <\/span><\/p>\n<p style=\"text-align: justify;\"><font face=\"Arial\"><span style=\"font-size: 14px;\">Certificada pelo NSF, National Sanitation Foudation, organiza\u00e7\u00e3o  reconhecida internacionalmente pelas pr\u00e1ticas de consultoria, inspe\u00e7\u00e3o e  treinamento, voltados \u00e0 garantia da sanidade de alimentos, \u00e1gua, ar e  ambiente.<\/span><\/font><\/p>\n<p><span style=\"font-size: 14px;\">  <\/span><\/p>\n<p><font face=\"Arial\"><span style=\"font-size: 14px;\">Pode ir \u00e0 m\u00e1quina de lavar lou\u00e7as.<\/span><\/font><\/p>\n<p><span style=\"font-size: 14px;\">  <\/span><\/p>\n<p><font face=\"Arial\"><span style=\"font-size: 14px;\">Permanece bonita por muito mais tempo.<\/span><\/font><\/p>\n<p><span style=\"font-size: 14px;\">  <\/span><\/p>\n<p><font face=\"Arial\"><span style=\"font-size: 14px;\"><b>Dimens\u00f5es: <\/b><\/span><\/font><\/p>\n<p><span style=\"font-size: 14px;\">  <\/span><\/p>\n<p><font face=\"Arial\"><span style=\"font-size: 14px;\"><b>Peso:<\/b> 0,100 Kg<\/span><\/font><\/p>\n<p><span style=\"font-size: 14px;\"> <\/span><\/p>\n<p><font face=\"Arial\"><span style=\"font-size: 14px;\"><b>Altura:<\/b> 2 cm<\/span><\/font><\/p>\n<p><span style=\"font-size: 14px;\"> <\/span><\/p>\n<p><font face=\"Arial\"><span style=\"font-size: 14px;\"><b>Largura:<\/b> 27 cm<\/span><\/font><\/p>\n<p><span style=\"font-size: 14px;\"> <\/span><\/p>\n<p><font face=\"Arial\"><span style=\"font-size: 14px;\"><b>Profundidade: <\/b>3 cm<\/span><\/font><\/p>\n<\/div>\n","protected":false},"excerpt":{"rendered":"<p>&nbsp; &nbsp; &nbsp; &nbsp; &nbsp; &nbsp; &nbsp; &nbsp; &nbsp; &nbsp; &nbsp; &nbsp; &nbsp; &nbsp; &nbsp; &nbsp; &nbsp; &nbsp; &nbsp; &nbsp;Descri\u00e7\u00e3o do produto Caracter\u00edsticas: L\u00e2mina fabricada com a\u00e7o inox de alt\u00edssima qualidade que, aliado ao eficiente tratamento t\u00e9rmico sub-zero, confere \u00e0 faca grande resist\u00eancia ao desgaste do fio. Cabo de polipropileno com prote\u00e7\u00e3o antimicrobiana que inibe [&hellip;]<\/p>\n","protected":false},"featured_media":12270,"comment_status":"open","ping_status":"closed","template":"","meta":[],"product_brand":[],"product_cat":[377,444],"product_tag":[675],"class_list":{"0":"post-12271","1":"product","2":"type-product","3":"status-publish","4":"has-post-thumbnail","6":"product_cat-talheres-e-acessorios","7":"product_cat-utensilios","8":"product_tag-faca-tramontina-de-carne-6-com-15-cm-cabo-branco","10":"first","11":"instock","12":"shipping-taxable","13":"purchasable","14":"product-type-simple"},"_links":{"self":[{"href":"https:\/\/twsites.com.br\/novomigcenter\/index.php?rest_route=\/wp\/v2\/product\/12271","targetHints":{"allow":["GET"]}}],"collection":[{"href":"https:\/\/twsites.com.br\/novomigcenter\/index.php?rest_route=\/wp\/v2\/product"}],"about":[{"href":"https:\/\/twsites.com.br\/novomigcenter\/index.php?rest_route=\/wp\/v2\/types\/product"}],"replies":[{"embeddable":true,"href":"https:\/\/twsites.com.br\/novomigcenter\/index.php?rest_route=%2Fwp%2Fv2%2Fcomments&post=12271"}],"wp:featuredmedia":[{"embeddable":true,"href":"https:\/\/twsites.com.br\/novomigcenter\/index.php?rest_route=\/wp\/v2\/media\/12270"}],"wp:attachment":[{"href":"https:\/\/twsites.com.br\/novomigcenter\/index.php?rest_route=%2Fwp%2Fv2%2Fmedia&parent=12271"}],"wp:term":[{"taxonomy":"product_brand","embeddable":true,"href":"https:\/\/twsites.com.br\/novomigcenter\/index.php?rest_route=%2Fwp%2Fv2%2Fproduct_brand&post=12271"},{"taxonomy":"product_cat","embeddable":true,"href":"https:\/\/twsites.com.br\/novomigcenter\/index.php?rest_route=%2Fwp%2Fv2%2Fproduct_cat&post=12271"},{"taxonomy":"product_tag","embeddable":true,"href":"https:\/\/twsites.com.br\/novomigcenter\/index.php?rest_route=%2Fwp%2Fv2%2Fproduct_tag&post=12271"}],"curies":[{"name":"wp","href":"https:\/\/api.w.org\/{rel}","templated":true}]}}