{"id":12293,"date":"2018-05-11T16:45:48","date_gmt":"2018-05-11T16:45:48","guid":{"rendered":"https:\/\/twsites.com.br\/novomigcenter\/?product=chaira-profissional-estriada-30-cm-mundial"},"modified":"2018-05-11T16:45:48","modified_gmt":"2018-05-11T16:45:48","slug":"chaira-profissional-estriada-30-cm-mundial","status":"publish","type":"product","link":"https:\/\/twsites.com.br\/novomigcenter\/?product=chaira-profissional-estriada-30-cm-mundial","title":{"rendered":"Chaira Profissional Estriada 30 cm &#8211; Mundial"},"content":{"rendered":"<div class=\"heading-content\">\n<h3 class=\"product-description-heading\">\n<p class=\"MsoNormal\" style=\"margin-bottom:6.75pt;line-height:normal;mso-outline-level: 3\"><b><span style=\"font-size: 14pt; font-family: &quot;Arial Narrow&quot;, sans-serif;\">&nbsp; &nbsp; &nbsp; &nbsp; &nbsp; &nbsp; &nbsp; &nbsp; &nbsp; &nbsp; &nbsp; &nbsp; &nbsp; &nbsp; &nbsp; &nbsp; &nbsp;<\/span><span style=\"font-size: 14pt;\"><font face=\"Arial\">Descri\u00e7\u00e3o do produto<o:p><\/o:p><\/font><\/span><\/b><\/p>\n<p class=\"MsoNormal\" style=\"margin-bottom:6.75pt;line-height:normal\"><span style=\"font-size: 14pt;\"><font face=\"Arial\"><span style=\"font-size: 14px;\"><b>Caracter\u00edsticas:<\/b><\/span><o:p><\/o:p><\/font><\/span><\/p>\n<p><span style=\"font-size: 14px;\">  <\/span><\/p>\n<p class=\"MsoNormal\" style=\"margin-bottom:6.75pt;line-height:normal\"><span style=\"font-size: 14pt;\"><font face=\"Arial\"><span style=\"font-size: 14px;\">Estriada<\/span><o:p><\/o:p><\/font><\/span><\/p>\n<p><span style=\"font-size: 14px;\">  <\/span><\/p>\n<p class=\"MsoNormal\" style=\"margin-bottom:6.75pt;line-height:normal\"><span style=\"font-size: 14pt;\"><font face=\"Arial\"><span style=\"font-size: 14px;\"><b>Dimens\u00f5es:<\/b><\/span><o:p><\/o:p><\/font><\/span><\/p>\n<p><span style=\"font-size: 14px;\">  <\/span><\/p>\n<p class=\"MsoNormal\" style=\"margin-bottom:6.75pt;line-height:normal\"><span style=\"font-size: 14pt;\"><font face=\"Arial\"><span style=\"font-size: 14px;\"><b>Peso:<\/b> 0,400 Kg<\/span><o:p><\/o:p><\/font><\/span><\/p>\n<p><span style=\"font-size: 14px;\">  <\/span><\/p>\n<p class=\"MsoNormal\" style=\"margin-bottom:6.75pt;line-height:normal\"><span style=\"font-size: 14pt;\"><font face=\"Arial\"><span style=\"font-size: 14px;\"><b>Altura: <\/b>2 cm<\/span><o:p><\/o:p><\/font><\/span><\/p>\n<p><span style=\"font-size: 14px;\">  <\/span><\/p>\n<p class=\"MsoNormal\" style=\"margin-bottom:6.75pt;line-height:normal\"><span style=\"font-size: 14pt;\"><font face=\"Arial\"><span style=\"font-size: 14px;\"><b>Largura: <\/b>43 cm<\/span><o:p><\/o:p><\/font><\/span><\/p>\n<p><span style=\"font-size: 14px;\">  <\/span><\/p>\n<p class=\"MsoNormal\" style=\"margin-bottom:6.75pt;line-height:normal\"><font face=\"Arial\"><span style=\"font-size: 14px;\">Profundidade: 5<\/span><span style=\"font-size: 14px;\"> <\/span><span style=\"font-size: 14px;\">cm<\/span><\/font><span style=\"font-size: 10pt; font-family: Arial, sans-serif;\"><o:p><\/o:p><\/span><\/p>\n<\/h3>\n<\/div>\n","protected":false},"excerpt":{"rendered":"<p>&nbsp; &nbsp; &nbsp; &nbsp; &nbsp; &nbsp; &nbsp; &nbsp; &nbsp; &nbsp; &nbsp; &nbsp; &nbsp; &nbsp; &nbsp; &nbsp; &nbsp;Descri\u00e7\u00e3o do produto Caracter\u00edsticas: Estriada Dimens\u00f5es: Peso: 0,400 Kg Altura: 2 cm Largura: 43 cm Profundidade: 5 cm<\/p>\n","protected":false},"featured_media":12292,"comment_status":"open","ping_status":"closed","template":"","meta":[],"product_brand":[],"product_cat":[377,444],"product_tag":[686],"class_list":{"0":"post-12293","1":"product","2":"type-product","3":"status-publish","4":"has-post-thumbnail","6":"product_cat-talheres-e-acessorios","7":"product_cat-utensilios","8":"product_tag-chaira-profissional-estriada-30-cm-mundial","10":"first","11":"instock","12":"shipping-taxable","13":"purchasable","14":"product-type-simple"},"_links":{"self":[{"href":"https:\/\/twsites.com.br\/novomigcenter\/index.php?rest_route=\/wp\/v2\/product\/12293","targetHints":{"allow":["GET"]}}],"collection":[{"href":"https:\/\/twsites.com.br\/novomigcenter\/index.php?rest_route=\/wp\/v2\/product"}],"about":[{"href":"https:\/\/twsites.com.br\/novomigcenter\/index.php?rest_route=\/wp\/v2\/types\/product"}],"replies":[{"embeddable":true,"href":"https:\/\/twsites.com.br\/novomigcenter\/index.php?rest_route=%2Fwp%2Fv2%2Fcomments&post=12293"}],"wp:featuredmedia":[{"embeddable":true,"href":"https:\/\/twsites.com.br\/novomigcenter\/index.php?rest_route=\/wp\/v2\/media\/12292"}],"wp:attachment":[{"href":"https:\/\/twsites.com.br\/novomigcenter\/index.php?rest_route=%2Fwp%2Fv2%2Fmedia&parent=12293"}],"wp:term":[{"taxonomy":"product_brand","embeddable":true,"href":"https:\/\/twsites.com.br\/novomigcenter\/index.php?rest_route=%2Fwp%2Fv2%2Fproduct_brand&post=12293"},{"taxonomy":"product_cat","embeddable":true,"href":"https:\/\/twsites.com.br\/novomigcenter\/index.php?rest_route=%2Fwp%2Fv2%2Fproduct_cat&post=12293"},{"taxonomy":"product_tag","embeddable":true,"href":"https:\/\/twsites.com.br\/novomigcenter\/index.php?rest_route=%2Fwp%2Fv2%2Fproduct_tag&post=12293"}],"curies":[{"name":"wp","href":"https:\/\/api.w.org\/{rel}","templated":true}]}}