{"id":12297,"date":"2018-05-11T16:54:50","date_gmt":"2018-05-11T16:54:50","guid":{"rendered":"https:\/\/twsites.com.br\/novomigcenter\/?product=faca-tramontina-century-3-de-legumes-profissional"},"modified":"2018-05-11T16:54:50","modified_gmt":"2018-05-11T16:54:50","slug":"faca-tramontina-century-3-de-legumes-profissional","status":"publish","type":"product","link":"https:\/\/twsites.com.br\/novomigcenter\/?product=faca-tramontina-century-3-de-legumes-profissional","title":{"rendered":"Faca Tramontina Century 3 de Legumes Profissional"},"content":{"rendered":"<div class=\"heading-content\">\n<h3 class=\"product-description-heading\" style=\"text-align: center; \"><font face=\"Arial\"><b>                                 <span style=\"font-size: 14px;\"><span style=\"font-size: 18px;\">Descri\u00e7\u00e3o do produto<\/span>                             <\/span><\/b><\/font><\/h3>\n<h2><span style=\"font-size: 14px;\"> <\/span><\/h2>\n<h2><font face=\"Arial\"><span style=\"font-size: 14px;\"><b>Caracter\u00edsticas Principais<\/b><\/span><\/font><\/h2>\n<h3 class=\"product-description-heading\">\n<div class=\"product-description-text-content product-tab-content\"><span style=\"font-size: 14px;\"> <\/span><\/p>\n<p style=\"text-align: justify; \"><font face=\"Arial\"><span style=\"font-size: 14px;\">As facas da linha Century s\u00e3o desenvolvidas especialmente para uso  intenso. Recebem tratamento t\u00e9rmico composto por t\u00eampera (aquecimento da  l\u00e2mina), subzero (resfriamento de 50 a 196 graus negativos) e  revenimento (aumento da flexibilidade do a\u00e7o especial), que lhes d\u00e1 vida  longa e eficiente. A seguran\u00e7a durante o manuseio \u00e9 oferecida pelo  conforto do cabo anat\u00f4mico e ergon\u00f4mico. De policarbonato com fibra de  vidro, \u00e9 injetado diretamente sobre a espiga de a\u00e7o e finalizado com  acabamentos em rebites de alum\u00ednio. A Linha Century tem garantia de 25  anos contra defeitos de fabrica\u00e7\u00e3o e \u00e9 Certificada pelo NSF, National  Sanitation Foudation, organiza\u00e7\u00e3o reconhecida internacionalmente pelas  pr\u00e1ticas de consultoria, inspe\u00e7\u00e3o e treinamento, voltados \u00e0 garantia da  sanidade de alimentos, \u00e1gua, ar e ambiente. Podem ser levadas \u00e0 m\u00e1quina  de lavar lou\u00e7as.<\/span><\/font><\/p>\n<p><span style=\"font-size: 14px;\"> <\/span><\/div>\n<\/h3>\n<h2><font face=\"Arial\"><span style=\"font-size: 14px;\"><b> Dimens\u00f5es<\/b><\/span><\/font><\/h2>\n<h3 class=\"product-description-heading\">\n<div class=\"product-description-text-content product-tab-content\"><span style=\"font-size: 14px;\"> <\/span><\/p>\n<p><font face=\"Arial\"><span style=\"font-size: 14px;\"><b>Peso:<\/b> 0,110 Kg<\/span><\/font><\/p>\n<p><span style=\"font-size: 14px;\"> <\/span><\/p>\n<p><font face=\"Arial\"><span style=\"font-size: 14px;\"><b>Altura: <\/b>1,2 cm<\/span><\/font><\/p>\n<p><span style=\"font-size: 14px;\"> <\/span><\/p>\n<p><font face=\"Arial\"><span style=\"font-size: 14px;\"><b>Largura:<\/b> 20 cm<\/span><\/font><\/p>\n<p><span style=\"font-size: 14px;\"> <\/span><\/p>\n<p><font face=\"Arial\"><span style=\"font-size: 14px;\"><b>Profundidade: <\/b>17,6 cm<\/span><\/font><\/p>\n<\/div>\n<\/h3>\n<\/div>\n","protected":false},"excerpt":{"rendered":"<p>Descri\u00e7\u00e3o do produto Caracter\u00edsticas Principais As facas da linha Century s\u00e3o desenvolvidas especialmente para uso intenso. Recebem tratamento t\u00e9rmico composto por t\u00eampera (aquecimento da l\u00e2mina), subzero (resfriamento de 50 a 196 graus negativos) e revenimento (aumento da flexibilidade do a\u00e7o especial), que lhes d\u00e1 vida longa e eficiente. A seguran\u00e7a durante o manuseio \u00e9 oferecida [&hellip;]<\/p>\n","protected":false},"featured_media":12296,"comment_status":"open","ping_status":"closed","template":"","meta":[],"product_brand":[],"product_cat":[377,444],"product_tag":[],"class_list":{"0":"post-12297","1":"product","2":"type-product","3":"status-publish","4":"has-post-thumbnail","6":"product_cat-talheres-e-acessorios","7":"product_cat-utensilios","9":"first","10":"instock","11":"shipping-taxable","12":"purchasable","13":"product-type-simple"},"_links":{"self":[{"href":"https:\/\/twsites.com.br\/novomigcenter\/index.php?rest_route=\/wp\/v2\/product\/12297","targetHints":{"allow":["GET"]}}],"collection":[{"href":"https:\/\/twsites.com.br\/novomigcenter\/index.php?rest_route=\/wp\/v2\/product"}],"about":[{"href":"https:\/\/twsites.com.br\/novomigcenter\/index.php?rest_route=\/wp\/v2\/types\/product"}],"replies":[{"embeddable":true,"href":"https:\/\/twsites.com.br\/novomigcenter\/index.php?rest_route=%2Fwp%2Fv2%2Fcomments&post=12297"}],"wp:featuredmedia":[{"embeddable":true,"href":"https:\/\/twsites.com.br\/novomigcenter\/index.php?rest_route=\/wp\/v2\/media\/12296"}],"wp:attachment":[{"href":"https:\/\/twsites.com.br\/novomigcenter\/index.php?rest_route=%2Fwp%2Fv2%2Fmedia&parent=12297"}],"wp:term":[{"taxonomy":"product_brand","embeddable":true,"href":"https:\/\/twsites.com.br\/novomigcenter\/index.php?rest_route=%2Fwp%2Fv2%2Fproduct_brand&post=12297"},{"taxonomy":"product_cat","embeddable":true,"href":"https:\/\/twsites.com.br\/novomigcenter\/index.php?rest_route=%2Fwp%2Fv2%2Fproduct_cat&post=12297"},{"taxonomy":"product_tag","embeddable":true,"href":"https:\/\/twsites.com.br\/novomigcenter\/index.php?rest_route=%2Fwp%2Fv2%2Fproduct_tag&post=12297"}],"curies":[{"name":"wp","href":"https:\/\/api.w.org\/{rel}","templated":true}]}}