{"id":12309,"date":"2018-05-14T15:49:34","date_gmt":"2018-05-14T15:49:34","guid":{"rendered":"https:\/\/twsites.com.br\/novomigcenter\/?product=cutelo-tramontina-inox-profissional"},"modified":"2018-05-14T15:49:34","modified_gmt":"2018-05-14T15:49:34","slug":"cutelo-tramontina-inox-profissional","status":"publish","type":"product","link":"https:\/\/twsites.com.br\/novomigcenter\/?product=cutelo-tramontina-inox-profissional","title":{"rendered":"Cutelo Tramontina Inox Profissional"},"content":{"rendered":"<div class=\"heading-content\">\n<h3 class=\"product-description-heading\" style=\"text-align: justify; \">&nbsp; &nbsp; &nbsp; &nbsp; &nbsp; &nbsp; &nbsp; &nbsp; &nbsp; &nbsp; &nbsp; &nbsp; &nbsp; &nbsp; &nbsp; &nbsp; <font face=\"Arial\">&nbsp;<span style=\"font-size: 18px;\">Descri\u00e7\u00e3o do produto                             <\/span><\/font><\/h3>\n<p><span style=\"font-size: 18px;\">                         <\/span><\/div>\n<p><span style=\"font-size: 18px;\">                           <\/span><\/p>\n<div class=\"product-description-text-content product-tab-content\"><span style=\"font-size: 18px;\">                             <\/span><\/p>\n<p style=\"text-align: justify;\"><font face=\"Arial\"><span style=\"font-size: 14px;\"><b>Caracter\u00edsticas: <\/b><\/span><\/font><\/p>\n<p><span style=\"font-size: 14px;\">  <\/span><\/p>\n<p style=\"text-align: justify;\"><font face=\"Arial\"><span style=\"font-size: 14px;\">Qualidade e durabilidade para profissionais que trabalham muito. Com  tecnologia de ponta, as facas profissionais est\u00e3o sempre preparadas para  entrar em a\u00e7\u00e3o e fazer bonito com qualquer ingrediente. Efici\u00eancia \u00e9 o  que n\u00e3o falta. A alt\u00edssima qualidade das l\u00e2minas, resultado do  tratamento t\u00e9rmico composto por t\u00eampera (aquecimento da l\u00e2mina), subzero  (resfriamento de 50 a 196 graus negativos) e revenimento (aumento da  elasticidade do a\u00e7o) garante vida longa e eficiente. A anatomia e  ergonomia do cabo de polipropileno texturizado, injetado diretamente  sobre a espiga da l\u00e2mina, oferecem seguran\u00e7a e conforto durante o  manuseio. A prote\u00e7\u00e3o antimicrobiana inibe e reduz o crescimento de  bact\u00e9rias e fungos. Essa tecnologia \u00e9 incorporada durante o processo de  fabri\u00e7\u00e3o do cabo e dura por toda vida \u00fatil do produto, mas n\u00e3o n\u00e3o  elimina a necessidade de lav\u00e1-los.<\/span><\/font><\/p>\n<p><span style=\"font-size: 14px;\">  <\/span><\/p>\n<p style=\"text-align: justify;\"><font face=\"Arial\"><span style=\"font-size: 14px;\"><b>Dimens\u00f5es: <\/b><\/span><\/font><\/p>\n<p><span style=\"font-size: 14px;\">  <\/span><\/p>\n<p style=\"text-align: justify;\"><font face=\"Arial\"><span style=\"font-size: 14px;\"><b>Peso: <\/b>0,200 Kg<\/span><\/font><\/p>\n<p><span style=\"font-size: 14px;\"> <\/span><\/p>\n<p style=\"text-align: justify;\"><font face=\"Arial\"><span style=\"font-size: 14px;\"><b>Altura:<\/b> 2 cm<\/span><\/font><\/p>\n<p><span style=\"font-size: 14px;\"> <\/span><\/p>\n<p style=\"text-align: justify;\"><font face=\"Arial\"><span style=\"font-size: 14px;\"><b>Largura:<\/b> 29 cm<\/span><\/font><\/p>\n<p><span style=\"font-size: 14px;\"> <\/span><\/p>\n<p style=\"text-align: justify;\"><font face=\"Arial\"><span style=\"font-size: 14px;\"><b>Profundidade: <\/b>9 cm<\/span><\/font><\/p>\n<\/div>\n","protected":false},"excerpt":{"rendered":"<p>&nbsp; &nbsp; &nbsp; &nbsp; &nbsp; &nbsp; &nbsp; &nbsp; &nbsp; &nbsp; &nbsp; &nbsp; &nbsp; &nbsp; &nbsp; &nbsp; &nbsp;Descri\u00e7\u00e3o do produto Caracter\u00edsticas: Qualidade e durabilidade para profissionais que trabalham muito. Com tecnologia de ponta, as facas profissionais est\u00e3o sempre preparadas para entrar em a\u00e7\u00e3o e fazer bonito com qualquer ingrediente. Efici\u00eancia \u00e9 o que n\u00e3o falta. A [&hellip;]<\/p>\n","protected":false},"featured_media":12308,"comment_status":"open","ping_status":"closed","template":"","meta":[],"product_brand":[],"product_cat":[377,444],"product_tag":[692],"class_list":{"0":"post-12309","1":"product","2":"type-product","3":"status-publish","4":"has-post-thumbnail","6":"product_cat-talheres-e-acessorios","7":"product_cat-utensilios","8":"product_tag-cutelo-tramontina-inox-profissional","10":"first","11":"instock","12":"shipping-taxable","13":"purchasable","14":"product-type-simple"},"_links":{"self":[{"href":"https:\/\/twsites.com.br\/novomigcenter\/index.php?rest_route=\/wp\/v2\/product\/12309","targetHints":{"allow":["GET"]}}],"collection":[{"href":"https:\/\/twsites.com.br\/novomigcenter\/index.php?rest_route=\/wp\/v2\/product"}],"about":[{"href":"https:\/\/twsites.com.br\/novomigcenter\/index.php?rest_route=\/wp\/v2\/types\/product"}],"replies":[{"embeddable":true,"href":"https:\/\/twsites.com.br\/novomigcenter\/index.php?rest_route=%2Fwp%2Fv2%2Fcomments&post=12309"}],"wp:featuredmedia":[{"embeddable":true,"href":"https:\/\/twsites.com.br\/novomigcenter\/index.php?rest_route=\/wp\/v2\/media\/12308"}],"wp:attachment":[{"href":"https:\/\/twsites.com.br\/novomigcenter\/index.php?rest_route=%2Fwp%2Fv2%2Fmedia&parent=12309"}],"wp:term":[{"taxonomy":"product_brand","embeddable":true,"href":"https:\/\/twsites.com.br\/novomigcenter\/index.php?rest_route=%2Fwp%2Fv2%2Fproduct_brand&post=12309"},{"taxonomy":"product_cat","embeddable":true,"href":"https:\/\/twsites.com.br\/novomigcenter\/index.php?rest_route=%2Fwp%2Fv2%2Fproduct_cat&post=12309"},{"taxonomy":"product_tag","embeddable":true,"href":"https:\/\/twsites.com.br\/novomigcenter\/index.php?rest_route=%2Fwp%2Fv2%2Fproduct_tag&post=12309"}],"curies":[{"name":"wp","href":"https:\/\/api.w.org\/{rel}","templated":true}]}}