{"id":12311,"date":"2018-05-14T15:56:48","date_gmt":"2018-05-14T15:56:48","guid":{"rendered":"https:\/\/twsites.com.br\/novomigcenter\/?product=faca-de-sobremesa-laguna-12-pcs"},"modified":"2018-05-14T15:56:48","modified_gmt":"2018-05-14T15:56:48","slug":"faca-de-sobremesa-laguna-12-pcs","status":"publish","type":"product","link":"https:\/\/twsites.com.br\/novomigcenter\/?product=faca-de-sobremesa-laguna-12-pcs","title":{"rendered":"Faca de Sobremesa Tramontina Laguna 12 p\u00e7s"},"content":{"rendered":"<div class=\"heading-content\">\n<h3 class=\"product-description-heading\">&nbsp; &nbsp; &nbsp; &nbsp; &nbsp; &nbsp; &nbsp; &nbsp; &nbsp; &nbsp; &nbsp; &nbsp; &nbsp; &nbsp; &nbsp; &nbsp;<font face=\"Arial\" style=\"\"><span style=\"font-size: 18px;\"> &nbsp;<\/span><span style=\"font-size: 14px;\"><span style=\"font-size: 18px;\"><b>Descri\u00e7\u00e3o do produto<\/b><\/span>                             <\/span><\/font><\/h3>\n<p><span style=\"font-size: 14px;\">                         <\/span><\/div>\n<p><span style=\"font-size: 14px;\">                           <\/span><\/p>\n<div class=\"product-description-text-content product-tab-content\"><span style=\"font-size: 14px;\">                             <\/span><\/p>\n<p><font face=\"Arial\"><span style=\"font-size: 14px;\"><b>Caracter\u00edsticas:<\/b><\/span><\/font><\/p>\n<p><span style=\"font-size: 14px;\"> <\/span><\/p>\n<p style=\"text-align: justify; \"><font face=\"Arial\"><span style=\"font-size: 14px;\">Faca totalmente temperada, que garante maior durabilidade no fio de  corte e maior resist\u00eancia \u00e0 corros\u00e3o, e por sua caracter\u00edstica de  temperabilidade, n\u00e3o risca as porcelanas.<\/span><\/font><\/p>\n<p><span style=\"font-size: 14px;\"> <\/span><\/p>\n<p style=\"text-align: justify;\"><font face=\"Arial\"><span style=\"font-size: 14px;\">Totalmente feita de a\u00e7o inox, mant\u00e9m suas caracter\u00edsticas originais,  preservando a beleza, a higiene e a durabilidade do material.<\/span><\/font><\/p>\n<p><span style=\"font-size: 14px;\"> <\/span><\/p>\n<p><font face=\"Arial\"><span style=\"font-size: 14px;\">Acabamento em brilho, com detalhes no cabo.<\/span><\/font><\/p>\n<p><span style=\"font-size: 14px;\"> <\/span><\/p>\n<p><font face=\"Arial\"><span style=\"font-size: 14px;\">Pr\u00f3pria para uso di\u00e1rio combina com qualquer ambiente.<\/span><\/font><\/p>\n<p><span style=\"font-size: 14px;\"> <\/span><\/p>\n<p><font face=\"Arial\"><span style=\"font-size: 14px;\">Pode ser lavada diariamente na m\u00e1quina de lavar lou\u00e7as.<\/span><\/font><\/p>\n<p><span style=\"font-size: 14px;\"> <\/span><\/p>\n<p><font face=\"Arial\"><span style=\"font-size: 14px;\"><b>Peso: <\/b>0,280 Kg<\/span><\/font><\/p>\n<p><span style=\"font-size: 14px;\"> <\/span><\/p>\n<p><font face=\"Arial\"><span style=\"font-size: 14px;\"><b>Altura: <\/b>2cm<\/span><\/font><\/p>\n<p><b>Largura:<\/b> 18,3 cm<\/p>\n<p><b>Profundidade: <\/b>2 cm<\/p>\n<\/div>\n","protected":false},"excerpt":{"rendered":"<p>&nbsp; &nbsp; &nbsp; &nbsp; &nbsp; &nbsp; &nbsp; &nbsp; &nbsp; &nbsp; &nbsp; &nbsp; &nbsp; &nbsp; &nbsp; &nbsp; &nbsp;Descri\u00e7\u00e3o do produto Caracter\u00edsticas: Faca totalmente temperada, que garante maior durabilidade no fio de corte e maior resist\u00eancia \u00e0 corros\u00e3o, e por sua caracter\u00edstica de temperabilidade, n\u00e3o risca as porcelanas. Totalmente feita de a\u00e7o inox, mant\u00e9m suas caracter\u00edsticas originais, [&hellip;]<\/p>\n","protected":false},"featured_media":12310,"comment_status":"open","ping_status":"closed","template":"","meta":[],"product_brand":[],"product_cat":[377,444],"product_tag":[693],"class_list":{"0":"post-12311","1":"product","2":"type-product","3":"status-publish","4":"has-post-thumbnail","6":"product_cat-talheres-e-acessorios","7":"product_cat-utensilios","8":"product_tag-faca-de-sobremesa-tramontina-laguna-12-pcs","10":"first","11":"instock","12":"shipping-taxable","13":"purchasable","14":"product-type-simple"},"_links":{"self":[{"href":"https:\/\/twsites.com.br\/novomigcenter\/index.php?rest_route=\/wp\/v2\/product\/12311","targetHints":{"allow":["GET"]}}],"collection":[{"href":"https:\/\/twsites.com.br\/novomigcenter\/index.php?rest_route=\/wp\/v2\/product"}],"about":[{"href":"https:\/\/twsites.com.br\/novomigcenter\/index.php?rest_route=\/wp\/v2\/types\/product"}],"replies":[{"embeddable":true,"href":"https:\/\/twsites.com.br\/novomigcenter\/index.php?rest_route=%2Fwp%2Fv2%2Fcomments&post=12311"}],"wp:featuredmedia":[{"embeddable":true,"href":"https:\/\/twsites.com.br\/novomigcenter\/index.php?rest_route=\/wp\/v2\/media\/12310"}],"wp:attachment":[{"href":"https:\/\/twsites.com.br\/novomigcenter\/index.php?rest_route=%2Fwp%2Fv2%2Fmedia&parent=12311"}],"wp:term":[{"taxonomy":"product_brand","embeddable":true,"href":"https:\/\/twsites.com.br\/novomigcenter\/index.php?rest_route=%2Fwp%2Fv2%2Fproduct_brand&post=12311"},{"taxonomy":"product_cat","embeddable":true,"href":"https:\/\/twsites.com.br\/novomigcenter\/index.php?rest_route=%2Fwp%2Fv2%2Fproduct_cat&post=12311"},{"taxonomy":"product_tag","embeddable":true,"href":"https:\/\/twsites.com.br\/novomigcenter\/index.php?rest_route=%2Fwp%2Fv2%2Fproduct_tag&post=12311"}],"curies":[{"name":"wp","href":"https:\/\/api.w.org\/{rel}","templated":true}]}}