{"id":12313,"date":"2018-05-14T15:59:57","date_gmt":"2018-05-14T15:59:57","guid":{"rendered":"https:\/\/twsites.com.br\/novomigcenter\/?product=faca-de-mesa-tramontina-laguna-inox-12-pcs"},"modified":"2018-05-14T15:59:57","modified_gmt":"2018-05-14T15:59:57","slug":"faca-de-mesa-tramontina-laguna-inox-12-pcs","status":"publish","type":"product","link":"https:\/\/twsites.com.br\/novomigcenter\/?product=faca-de-mesa-tramontina-laguna-inox-12-pcs","title":{"rendered":"Faca de Mesa Tramontina Laguna Inox 12 p\u00e7s"},"content":{"rendered":"<div class=\"heading-content\">\n<p>&nbsp; &nbsp; &nbsp; &nbsp; &nbsp; &nbsp; &nbsp; &nbsp; &nbsp; &nbsp; &nbsp; &nbsp; &nbsp; &nbsp; &nbsp; &nbsp; &nbsp;<\/p>\n<h3 style=\"text-align: center; margin: 0cm 0cm 6.75pt;\"><span style=\"font-size: 14pt;\"><font face=\"Arial\"><b style=\"\"><span style=\"font-size: 14px;\">Descri\u00e7\u00e3o do produto<\/span><\/b><o:p><\/o:p><\/font><\/span><\/h3>\n<p><span style=\"font-size: 14px;\">  <\/span><\/p>\n<p style=\"margin: 0cm 0cm 6.75pt;\"><b><span style=\"font-size: 14pt;\"><font face=\"Arial\"><span style=\"font-size: 14px;\">Caracter\u00edsticas:<\/span><o:p><\/o:p><\/font><\/span><\/b><\/p>\n<p><span style=\"font-size: 14px;\">  <\/span><\/p>\n<p style=\"margin: 0cm 0cm 6.75pt; text-align: justify;\"><span style=\"font-size: 14pt;\"><font face=\"Arial\"><span style=\"font-size: 14px;\">Faca totalmente temperada, que garante maior durabilidade no fio de corte e maior resist\u00eancia \u00e0 corros\u00e3o, e por sua caracter\u00edstica de temperabilidade, n\u00e3o risca as porcelanas.<\/span><o:p><\/o:p><\/font><\/span><\/p>\n<p><span style=\"font-size: 14px;\">  <\/span><\/p>\n<p style=\"margin: 0cm 0cm 6.75pt; text-align: justify;\"><span style=\"font-size: 14pt;\"><font face=\"Arial\"><span style=\"font-size: 14px;\">Totalmente feita de a\u00e7o inox, mant\u00e9m suas caracter\u00edsticas originais, preservando a beleza, a higiene e a durabilidade do material.<\/span><o:p><\/o:p><\/font><\/span><\/p>\n<p><span style=\"font-size: 14px;\">  <\/span><\/p>\n<p style=\"margin: 0cm 0cm 6.75pt; text-align: justify;\"><span style=\"font-size: 14pt;\"><font face=\"Arial\"><span style=\"font-size: 14px;\">Acabamento em brilho, com detalhes no cabo.<\/span><o:p><\/o:p><\/font><\/span><\/p>\n<p><span style=\"font-size: 14px;\">  <\/span><\/p>\n<p style=\"margin: 0cm 0cm 6.75pt; text-align: justify;\"><span style=\"font-size: 14pt;\"><font face=\"Arial\"><span style=\"font-size: 14px;\">Pr\u00f3pria para uso di\u00e1rio combina com qualquer ambiente.<\/span><o:p><\/o:p><\/font><\/span><\/p>\n<p><span style=\"font-size: 14px;\">  <\/span><\/p>\n<p style=\"margin: 0cm 0cm 6.75pt; text-align: justify;\"><span style=\"font-size: 14pt;\"><font face=\"Arial\"><span style=\"font-size: 14px;\">Pode ser lavada diariamente na m\u00e1quina de lavar lou\u00e7as.<\/span><o:p><\/o:p><\/font><\/span><\/p>\n<p><span style=\"font-size: 14px;\">  <\/span><\/p>\n<p style=\"margin: 0cm 0cm 6.75pt; text-align: justify;\"><font face=\"Arial\"><b><span style=\"font-size: 14px;\">Peso:<\/span><\/b><span style=\"font-size: 14pt;\"><span style=\"font-size: 14px;\"> 0,440 Kg<\/span><o:p><\/o:p><\/span><\/font><\/p>\n<p><span style=\"font-size: 14px;\">  <\/span><\/p>\n<p style=\"margin: 0cm 0cm 6.75pt;\"><font face=\"Arial\"><b><span style=\"font-size: 14px;\">Altura:<\/span><\/b><span style=\"font-size: 14pt;\"><span style=\"font-size: 14px;\"> 3 cm<\/span><o:p><\/o:p><\/span><\/font><\/p>\n<p><span style=\"font-size: 14px;\">  <\/span><\/p>\n<p style=\"margin: 0cm 0cm 6.75pt;\"><font face=\"Arial\"><b><span style=\"font-size: 14px;\">Largura:<\/span><\/b><span style=\"font-size: 14pt;\"><span style=\"font-size: 14px;\"> 21,2 cm<\/span><o:p><\/o:p><\/span><\/font><\/p>\n<p><span style=\"font-size: 14px;\">  <\/span><\/p>\n<p style=\"margin: 0cm 0cm 6.75pt;\"><b><span style=\"font-size: 14px;\"><font face=\"Arial\">Profundidade:<\/font><\/span><\/b><span style=\"font-size: 14pt;\"><font face=\"Arial\"><span style=\"font-size: 14px;\"> 2 cm<\/span><\/font><font face=\"Arial Narrow, sans-serif\"><o:p><\/o:p><\/font><\/span><\/p>\n<p class=\"MsoNormal\"><o:p>&nbsp;<\/o:p><\/p>\n<\/div>\n","protected":false},"excerpt":{"rendered":"<p>&nbsp; &nbsp; &nbsp; &nbsp; &nbsp; &nbsp; &nbsp; &nbsp; &nbsp; &nbsp; &nbsp; &nbsp; &nbsp; &nbsp; &nbsp; &nbsp; &nbsp; Descri\u00e7\u00e3o do produto Caracter\u00edsticas: Faca totalmente temperada, que garante maior durabilidade no fio de corte e maior resist\u00eancia \u00e0 corros\u00e3o, e por sua caracter\u00edstica de temperabilidade, n\u00e3o risca as porcelanas. Totalmente feita de a\u00e7o inox, mant\u00e9m suas caracter\u00edsticas [&hellip;]<\/p>\n","protected":false},"featured_media":12312,"comment_status":"open","ping_status":"closed","template":"","meta":[],"product_brand":[],"product_cat":[377,444],"product_tag":[694],"class_list":{"0":"post-12313","1":"product","2":"type-product","3":"status-publish","4":"has-post-thumbnail","6":"product_cat-talheres-e-acessorios","7":"product_cat-utensilios","8":"product_tag-faca-de-mesa-tramontina-laguna-inox-12-pcs","10":"first","11":"instock","12":"shipping-taxable","13":"purchasable","14":"product-type-simple"},"_links":{"self":[{"href":"https:\/\/twsites.com.br\/novomigcenter\/index.php?rest_route=\/wp\/v2\/product\/12313","targetHints":{"allow":["GET"]}}],"collection":[{"href":"https:\/\/twsites.com.br\/novomigcenter\/index.php?rest_route=\/wp\/v2\/product"}],"about":[{"href":"https:\/\/twsites.com.br\/novomigcenter\/index.php?rest_route=\/wp\/v2\/types\/product"}],"replies":[{"embeddable":true,"href":"https:\/\/twsites.com.br\/novomigcenter\/index.php?rest_route=%2Fwp%2Fv2%2Fcomments&post=12313"}],"wp:featuredmedia":[{"embeddable":true,"href":"https:\/\/twsites.com.br\/novomigcenter\/index.php?rest_route=\/wp\/v2\/media\/12312"}],"wp:attachment":[{"href":"https:\/\/twsites.com.br\/novomigcenter\/index.php?rest_route=%2Fwp%2Fv2%2Fmedia&parent=12313"}],"wp:term":[{"taxonomy":"product_brand","embeddable":true,"href":"https:\/\/twsites.com.br\/novomigcenter\/index.php?rest_route=%2Fwp%2Fv2%2Fproduct_brand&post=12313"},{"taxonomy":"product_cat","embeddable":true,"href":"https:\/\/twsites.com.br\/novomigcenter\/index.php?rest_route=%2Fwp%2Fv2%2Fproduct_cat&post=12313"},{"taxonomy":"product_tag","embeddable":true,"href":"https:\/\/twsites.com.br\/novomigcenter\/index.php?rest_route=%2Fwp%2Fv2%2Fproduct_tag&post=12313"}],"curies":[{"name":"wp","href":"https:\/\/api.w.org\/{rel}","templated":true}]}}