{"id":12317,"date":"2018-05-14T16:16:13","date_gmt":"2018-05-14T16:16:13","guid":{"rendered":"https:\/\/twsites.com.br\/novomigcenter\/?product=faca-de-churrasco-tramontina-inox-amazonas-12-pcs"},"modified":"2018-05-14T16:16:13","modified_gmt":"2018-05-14T16:16:13","slug":"faca-de-churrasco-tramontina-inox-amazonas-12-pcs","status":"publish","type":"product","link":"https:\/\/twsites.com.br\/novomigcenter\/?product=faca-de-churrasco-tramontina-inox-amazonas-12-pcs","title":{"rendered":"Faca de Churrasco Tramontina Inox Amazonas 12 p\u00e7s"},"content":{"rendered":"<div class=\"heading-content\">\n<h3 class=\"product-description-heading\">&nbsp; &nbsp; &nbsp; &nbsp; &nbsp; &nbsp; &nbsp; &nbsp; &nbsp; &nbsp; &nbsp; &nbsp; &nbsp; &nbsp; &nbsp; &nbsp; &nbsp;<b style=\"text-align: justify; font-size: 13px;\"><span style=\"font-size: 14pt; font-family: &quot;Arial Narrow&quot;, sans-serif;\">Descri\u00e7\u00e3o do produto<\/span><\/b><\/h3>\n<p class=\"MsoNormal\" style=\"margin-bottom:6.75pt;text-align:justify;line-height: normal\"><b><span style=\"font-size: 14pt; font-family: &quot;Arial Narrow&quot;, sans-serif;\">Caracter\u00edsticas:<o:p><\/o:p><\/span><\/b><\/p>\n<p class=\"MsoNormal\" style=\"margin-bottom:6.75pt;text-align:justify;line-height: normal\"><span style=\"font-size: 14pt; font-family: &quot;Arial Narrow&quot;, sans-serif;\">Faca totalmente temperada, que garante maior durabilidade no fio de corte e maior resist\u00eancia \u00e0 corros\u00e3o, e por sua caracter\u00edstica de temperabilidade, n\u00e3o risca as porcelanas.<o:p><\/o:p><\/span><\/p>\n<p class=\"MsoNormal\" style=\"margin-bottom:6.75pt;text-align:justify;line-height: normal\"><span style=\"font-size: 14pt; font-family: &quot;Arial Narrow&quot;, sans-serif;\">Totalmente feita de a\u00e7o inox, mant\u00e9m suas caracter\u00edsticas originais, preservando a beleza, a higiene e a durabilidade do material.<o:p><\/o:p><\/span><\/p>\n<p class=\"MsoNormal\" style=\"margin-bottom:6.75pt;text-align:justify;line-height: normal\"><span style=\"font-size: 14pt; font-family: &quot;Arial Narrow&quot;, sans-serif;\">Acabamento em brilho.<o:p><\/o:p><\/span><\/p>\n<p class=\"MsoNormal\" style=\"margin-bottom:6.75pt;text-align:justify;line-height: normal\"><span style=\"font-size: 14pt; font-family: &quot;Arial Narrow&quot;, sans-serif;\">Pr\u00f3pria para uso di\u00e1rio combina com qualquer ambiente.<o:p><\/o:p><\/span><\/p>\n<p class=\"MsoNormal\" style=\"margin-bottom:6.75pt;text-align:justify;line-height: normal\"><span style=\"font-size: 14pt; font-family: &quot;Arial Narrow&quot;, sans-serif;\">Pode ser lavada diariamente na m\u00e1quina de lavar lou\u00e7as.<o:p><\/o:p><\/span><\/p>\n<p class=\"MsoNormal\" style=\"margin-bottom:6.75pt;text-align:justify;line-height: normal\"><b><span style=\"font-size: 14pt; font-family: &quot;Arial Narrow&quot;, sans-serif;\">Peso:<\/span><\/b><span style=\"font-size: 14pt; font-family: &quot;Arial Narrow&quot;, sans-serif;\"> 0,620 Kg<o:p><\/o:p><\/span><\/p>\n<p class=\"MsoNormal\" style=\"margin-bottom:6.75pt;text-align:justify;line-height: normal\"><span style=\"font-size: 14pt; font-family: &quot;Arial Narrow&quot;, sans-serif;\">Altura: 1 cm<o:p><\/o:p><\/span><\/p>\n<p class=\"MsoNormal\" style=\"margin-bottom:6.75pt;text-align:justify;line-height: normal\"><b><span style=\"font-size: 14pt; font-family: &quot;Arial Narrow&quot;, sans-serif;\">Largura:<\/span><\/b><span style=\"font-size: 14pt; font-family: &quot;Arial Narrow&quot;, sans-serif;\"> 23 cm<o:p><\/o:p><\/span><\/p>\n<p class=\"MsoNormal\" style=\"margin-bottom:6.75pt;text-align:justify;line-height: normal\"><b><span style=\"font-size: 14pt; font-family: &quot;Arial Narrow&quot;, sans-serif;\">Profundidade:<\/span><\/b><span style=\"font-size: 14pt; font-family: &quot;Arial Narrow&quot;, sans-serif;\"> 2 <\/span><span style=\"font-size: 10pt; font-family: Arial, sans-serif;\">cm<o:p><\/o:p><\/span><\/p>\n<\/div>\n","protected":false},"excerpt":{"rendered":"<p>&nbsp; &nbsp; &nbsp; &nbsp; &nbsp; &nbsp; &nbsp; &nbsp; &nbsp; &nbsp; &nbsp; &nbsp; &nbsp; &nbsp; &nbsp; &nbsp; &nbsp;Descri\u00e7\u00e3o do produto Caracter\u00edsticas: Faca totalmente temperada, que garante maior durabilidade no fio de corte e maior resist\u00eancia \u00e0 corros\u00e3o, e por sua caracter\u00edstica de temperabilidade, n\u00e3o risca as porcelanas. Totalmente feita de a\u00e7o inox, mant\u00e9m suas caracter\u00edsticas originais, [&hellip;]<\/p>\n","protected":false},"featured_media":12316,"comment_status":"open","ping_status":"closed","template":"","meta":[],"product_brand":[],"product_cat":[377,444],"product_tag":[696],"class_list":{"0":"post-12317","1":"product","2":"type-product","3":"status-publish","4":"has-post-thumbnail","6":"product_cat-talheres-e-acessorios","7":"product_cat-utensilios","8":"product_tag-faca-de-churrasco-tramontina-inox-amazonas-12-pcs","10":"first","11":"instock","12":"shipping-taxable","13":"purchasable","14":"product-type-simple"},"_links":{"self":[{"href":"https:\/\/twsites.com.br\/novomigcenter\/index.php?rest_route=\/wp\/v2\/product\/12317","targetHints":{"allow":["GET"]}}],"collection":[{"href":"https:\/\/twsites.com.br\/novomigcenter\/index.php?rest_route=\/wp\/v2\/product"}],"about":[{"href":"https:\/\/twsites.com.br\/novomigcenter\/index.php?rest_route=\/wp\/v2\/types\/product"}],"replies":[{"embeddable":true,"href":"https:\/\/twsites.com.br\/novomigcenter\/index.php?rest_route=%2Fwp%2Fv2%2Fcomments&post=12317"}],"wp:featuredmedia":[{"embeddable":true,"href":"https:\/\/twsites.com.br\/novomigcenter\/index.php?rest_route=\/wp\/v2\/media\/12316"}],"wp:attachment":[{"href":"https:\/\/twsites.com.br\/novomigcenter\/index.php?rest_route=%2Fwp%2Fv2%2Fmedia&parent=12317"}],"wp:term":[{"taxonomy":"product_brand","embeddable":true,"href":"https:\/\/twsites.com.br\/novomigcenter\/index.php?rest_route=%2Fwp%2Fv2%2Fproduct_brand&post=12317"},{"taxonomy":"product_cat","embeddable":true,"href":"https:\/\/twsites.com.br\/novomigcenter\/index.php?rest_route=%2Fwp%2Fv2%2Fproduct_cat&post=12317"},{"taxonomy":"product_tag","embeddable":true,"href":"https:\/\/twsites.com.br\/novomigcenter\/index.php?rest_route=%2Fwp%2Fv2%2Fproduct_tag&post=12317"}],"curies":[{"name":"wp","href":"https:\/\/api.w.org\/{rel}","templated":true}]}}