{"id":12321,"date":"2018-05-16T12:52:13","date_gmt":"2018-05-16T12:52:13","guid":{"rendered":"https:\/\/twsites.com.br\/novomigcenter\/?product=processador-de-alimentos-pa-07-skymsen"},"modified":"2018-05-16T12:52:13","modified_gmt":"2018-05-16T12:52:13","slug":"processador-de-alimentos-pa-07-skymsen","status":"publish","type":"product","link":"https:\/\/twsites.com.br\/novomigcenter\/?product=processador-de-alimentos-pa-07-skymsen","title":{"rendered":"Processador de Alimentos PA-07 PRO Skymsen"},"content":{"rendered":"<h3 class=\"title\" style=\"font-family: OpenSans; font-weight: 800; color: rgb(69, 69, 69); margin-right: 0px; margin-bottom: 3px; margin-left: 0px; font-size: 30px; border: 0px; vertical-align: baseline; padding: 0px; text-transform: uppercase; outline: none !important;\">PA7 PRO<\/h3>\n<h4 class=\"subtitle\" style=\"font-family: OpenSans; font-weight: 800; color: rgb(69, 69, 69); margin-right: 0px; margin-bottom: 17px; margin-left: 0px; font-size: 18px; border: 0px; vertical-align: baseline; padding: 0px; text-transform: uppercase; outline: none !important;\">PROCESSADOR DE ALIMENTOS, INOX, COM 7 DISCOS DI\u00c2METRO 203 MM<\/h4>\n<div class=\"text\" style=\"border: 0px; margin: 0px 0px 30px; padding: 0px; color: rgb(69, 69, 69); font-size: 18px; font-family: OpenSans; outline: none !important;\">\n<p style=\"margin-bottom: 0px; border: 0px; vertical-align: baseline; padding: 0px 0px 15px; outline: none !important;\">Donos de bares e restaurantes primam sempre por equipamentos que proporcionem uma otimiza\u00e7\u00e3o dos processos produtivos de sua cozinha, com maior rendimento e m\u00e1xima qualidade. Tudo o que voc\u00ea precisa para ter todos esses benef\u00edcios em seu estabelecimento est\u00e1 no&nbsp;<span style=\"font-weight: 700; border: 0px; vertical-align: baseline; margin: 0px; padding: 0px; outline: none !important;\">processador de alimentos PA7 PRO<\/span>&nbsp;da&nbsp;<a href=\"https:\/\/www.skymsen.com\/\" target=\"_blank\" style=\"color: rgb(0, 0, 0); border: 0px; vertical-align: baseline; margin: 0px; padding: 0px; outline: none !important;\">Skymsen<\/a>.<\/p>\n<p style=\"margin-bottom: 0px; border: 0px; vertical-align: baseline; padding: 0px 0px 15px; outline: none !important;\">Produzido com materiais de qualidade, o&nbsp;<span style=\"font-weight: 700; border: 0px; vertical-align: baseline; margin: 0px; padding: 0px; outline: none !important;\">processador de alimentos PA7 PRO<\/span>&nbsp;apresenta diferenciais que se destacam dentre os outros equipamentos do mesmo segmento. O motor de 0,5 CV de pot\u00eancia atende \u00e0s altas demandas com precis\u00e3o e praticidade.<br style=\"outline: none !important;\"><br style=\"outline: none !important;\">A principal caracter\u00edstica do&nbsp;<span style=\"font-weight: 700; border: 0px; vertical-align: baseline; margin: 0px; padding: 0px; outline: none !important;\">PA7 PRO<\/span>&nbsp;\u00e9 a capacidade de realizar cortes combinados, o que o seu antecessor PA-7 n\u00e3o era capaz de fazer. Com isso \u00e9 poss\u00edvel realizar o corte cubo, que \u00e9 feito com a combina\u00e7\u00e3o de um disco&nbsp;<span style=\"font-weight: 700; border: 0px; vertical-align: baseline; margin: 0px; padding: 0px; outline: none !important;\">fatiador<\/span>&nbsp;e uma&nbsp;<span style=\"font-weight: 700; border: 0px; vertical-align: baseline; margin: 0px; padding: 0px; outline: none !important;\">grade cubo<\/span>, em diversas dimens\u00f5es, sendo os principais: o cubo de vinagrete (5&#215;8 mm), os cubos de 8, 10 e de 14 mm e o cubo de frutas (14&#215;20 mm), todos&nbsp;<span style=\"font-weight: 700; border: 0px; vertical-align: baseline; margin: 0px; padding: 0px; outline: none !important;\">vendidos separadamente.<\/span><\/p>\n<p style=\"margin-bottom: 0px; border: 0px; vertical-align: baseline; padding: 0px 0px 15px; outline: none !important;\">Outro grande diferencial do&nbsp;<span style=\"font-weight: 700; border: 0px; vertical-align: baseline; margin: 0px; padding: 0px; outline: none !important;\">processador de alimentos PA7 PRO<\/span>&nbsp;\u00e9 o bocal extralargo para acomodar grandes quantidades de alimentos e o empurrador, um acess\u00f3rio essencial quando se trata de empurrar alimentos com o formato cil\u00edndrico.<\/p>\n<p style=\"margin-bottom: 0px; border: 0px; vertical-align: baseline; padding: 0px 0px 15px; outline: none !important;\">A opera\u00e7\u00e3o do&nbsp;<span style=\"font-weight: 700; border: 0px; vertical-align: baseline; margin: 0px; padding: 0px; outline: none !important;\">processador de alimentos PA7 PRO<\/span>&nbsp;\u00e9 bastante simples e sem esfor\u00e7o mec\u00e2nico do operador. O equipamento conta ainda com um sistema de seguran\u00e7a que s\u00f3 permite o acionamento do produto quando a tampa e o bra\u00e7o est\u00e3o fechados.&nbsp;<\/p>\n<p style=\"margin-bottom: 0px; border: 0px; vertical-align: baseline; padding: 0px 0px 15px; outline: none !important;\">Em rela\u00e7\u00e3o aos cortes, o&nbsp;<span style=\"font-weight: 700; border: 0px; vertical-align: baseline; margin: 0px; padding: 0px; outline: none !important;\">processador de alimentos PA7 PRO<\/span>&nbsp;vai acompanhado de 7 discos que proporcionam diversos tipos de cortes de legumes, verduras e alimentos, como:&nbsp;<span style=\"font-weight: 700; border: 0px; vertical-align: baseline; margin: 0px; padding: 0px; outline: none !important;\">corte palito&nbsp;<\/span>(julienne),&nbsp;<span style=\"font-weight: 700; border: 0px; vertical-align: baseline; margin: 0px; padding: 0px; outline: none !important;\">raladores&nbsp;<\/span>de 3, 5 e 8 mm,&nbsp;<span style=\"font-weight: 700; border: 0px; vertical-align: baseline; margin: 0px; padding: 0px; outline: none !important;\">fatiadores<\/span>&nbsp;de 1 e 3 mm e um&nbsp;<span style=\"font-weight: 700; border: 0px; vertical-align: baseline; margin: 0px; padding: 0px; outline: none !important;\">ralador fino<\/span>, ideal para chocolate e coco ralado.<br style=\"outline: none !important;\"><br style=\"outline: none !important;\">Confira a linha de discos completa com 20 op\u00e7\u00f5es de cortes, dentre fatiar, ralar, cortar palitos (julienne) e cubos de diversos tamanhos e espessuras.<\/p>\n<p style=\"margin-bottom: 0px; border: 0px; vertical-align: baseline; padding: 0px 0px 15px; outline: none !important;\">Sua cozinha comercial precisa do&nbsp;<span style=\"font-weight: 700; border: 0px; vertical-align: baseline; margin: 0px; padding: 0px; outline: none !important;\">processador de alimentos PA7 PRO<\/span>&nbsp;da&nbsp;<a href=\"https:\/\/www.skymsen.com\/\" target=\"_blank\" style=\"color: rgb(0, 0, 0); border: 0px; vertical-align: baseline; margin: 0px; padding: 0px; outline: none !important;\">Skymsen<\/a>.<\/p>\n<p style=\"margin-bottom: 0px; border: 0px; vertical-align: baseline; padding: 0px 0px 15px; outline: none !important;\">&nbsp;<\/p>\n<\/div>\n<div class=\"selo-include\" style=\"border: 0px; margin: 0px; padding: 0px; font-family: OpenSans; font-size: 15px; outline: none !important;\">\ufeff<\/p>\n<table border=\"0\" style=\"border-collapse: separate; border: 0px; margin: 0px; padding: 0px; outline: none !important;\">\n<tbody style=\"border: 0px; margin: 0px; padding: 0px; outline: none !important;\">\n<tr style=\"border: 0px; margin: 0px; padding: 0px; outline: none !important;\">\n<td style=\"border: 0px; margin: 0px; vertical-align: middle; outline: none !important;\"><img decoding=\"async\" src=\"https:\/\/www.skymsen.com\/imagens\/selo_inmetro.jpg\" width=\"228px\" height=\"180px\" style=\"margin: 0px; padding: 0px; outline: none !important;\"><\/td>\n<\/tr>\n<\/tbody>\n<\/table>\n<\/div>\n<div class=\"selo-include\" style=\"border: 0px; margin: 0px; padding: 0px; font-family: OpenSans; font-size: 15px; outline: none !important;\">\n<table border=\"0\" style=\"border-collapse: separate; border: 0px; margin: 0px; padding: 0px; outline: none !important;\">\n<tbody style=\"border: 0px; margin: 0px; padding: 0px; outline: none !important;\">\n<tr style=\"border: 0px; margin: 0px; padding: 0px; outline: none !important;\">\n<td style=\"border: 0px; margin: 0px; vertical-align: middle; outline: none !important;\"><br style=\"outline: none !important;\"><\/p>\n<div class=\"caracteristicas\" style=\"border: 1px solid rgb(216, 216, 216); margin: 0px 0px 20px; padding: 30px; background-color: rgb(233, 233, 233); border-radius: 10px; outline: none !important;\">\n<h3 class=\"title__info\" style=\"font-weight: 800; line-height: 20px; color: rgb(69, 69, 69); margin-right: 0px; margin-bottom: 20px; margin-left: 0px; font-size: 20px; border: 0px; vertical-align: baseline; padding: 0px; text-transform: uppercase; outline: none !important;\">CARACTER\u00cdSTICAS T\u00c9CNICAS<\/h3>\n<div class=\"box-table\" style=\"border: 0px; margin: 0px; padding: 0px; outline: none !important;\">\n<div class=\"row\" style=\"border: 0px; margin-top: 0px; margin-bottom: 0px; padding: 0px; outline: none !important;\">\n<div class=\"col-md-12\" style=\"border: 0px; margin: 0px; padding-top: 0px; padding-bottom: 0px; width: 538px; outline: none !important;\">\n<div class=\"item\" style=\"border-width: 1px 0px 0px; border-style: solid; border-color: rgb(187, 187, 187); border-image: initial; margin: 0px; padding: 10px 0px; color: rgb(77, 79, 80); font-size: 13px; min-height: 55px; line-height: 1.2; display: flex; flex-wrap: wrap; align-content: center; outline: none !important;\"><span style=\"font-weight: 700; border: 0px; vertical-align: baseline; margin: 0px 5px 0px 0px; padding: 0px; display: inline-block; outline: none !important;\">C\u00f3digo:<\/span>70260.9<\/div>\n<\/div>\n<div class=\"col-md-12\" style=\"border: 0px; margin: 0px; padding-top: 0px; padding-bottom: 0px; width: 538px; outline: none !important;\">\n<div class=\"item\" style=\"border-width: 1px 0px 0px; border-style: solid; border-color: rgb(187, 187, 187); border-image: initial; margin: 0px; padding: 10px 0px; color: rgb(77, 79, 80); font-size: 13px; min-height: 55px; line-height: 1.2; display: flex; flex-wrap: wrap; align-content: center; outline: none !important;\"><span style=\"font-weight: 700; border: 0px; vertical-align: baseline; margin: 0px 5px 0px 0px; padding: 0px; display: inline-block; outline: none !important;\">Modelo:<\/span>PA7 PRO<\/div>\n<\/div>\n<div class=\"col-md-12\" style=\"border: 0px; margin: 0px; padding-top: 0px; padding-bottom: 0px; width: 538px; outline: none !important;\">\n<div class=\"item\" style=\"border-width: 1px 0px 0px; border-style: solid; border-color: rgb(187, 187, 187); border-image: initial; margin: 0px; padding: 10px 0px; color: rgb(77, 79, 80); font-size: 13px; min-height: 55px; line-height: 1.2; display: flex; flex-wrap: wrap; align-content: center; outline: none !important;\"><span style=\"font-weight: 700; border: 0px; vertical-align: baseline; margin: 0px 5px 0px 0px; padding: 0px; display: inline-block; outline: none !important;\">Tens\u00e3o el\u00e9trica \/ frequ\u00eancia \/ fases:<\/span>127\/220 V \/ 60 Hz \/ 1<\/div>\n<\/div>\n<div class=\"col-md-12\" style=\"border: 0px; margin: 0px; padding-top: 0px; padding-bottom: 0px; width: 538px; outline: none !important;\">\n<div class=\"item\" style=\"border-width: 1px 0px 0px; border-style: solid; border-color: rgb(187, 187, 187); border-image: initial; margin: 0px; padding: 10px 0px; color: rgb(77, 79, 80); font-size: 13px; min-height: 55px; line-height: 1.2; display: flex; flex-wrap: wrap; align-content: center; outline: none !important;\"><span style=\"font-weight: 700; border: 0px; vertical-align: baseline; margin: 0px 5px 0px 0px; padding: 0px; display: inline-block; outline: none !important;\">Pot\u00eancia nominal:<\/span>600 W<\/div>\n<\/div>\n<div class=\"col-md-12\" style=\"border: 0px; margin: 0px; padding-top: 0px; padding-bottom: 0px; width: 538px; outline: none !important;\">\n<div class=\"item\" style=\"border-width: 1px 0px 0px; border-style: solid; border-color: rgb(187, 187, 187); border-image: initial; margin: 0px; padding: 10px 0px; color: rgb(77, 79, 80); font-size: 13px; min-height: 55px; line-height: 1.2; display: flex; flex-wrap: wrap; align-content: center; outline: none !important;\"><span style=\"font-weight: 700; border: 0px; vertical-align: baseline; margin: 0px 5px 0px 0px; padding: 0px; display: inline-block; outline: none !important;\">Pot\u00eancia do motor:<\/span>0,5 HP-CV<\/div>\n<\/div>\n<div class=\"col-md-12\" style=\"border: 0px; margin: 0px; padding-top: 0px; padding-bottom: 0px; width: 538px; outline: none !important;\">\n<div class=\"item\" style=\"border-width: 1px 0px 0px; border-style: solid; border-color: rgb(187, 187, 187); border-image: initial; margin: 0px; padding: 10px 0px; color: rgb(77, 79, 80); font-size: 13px; min-height: 55px; line-height: 1.2; display: flex; flex-wrap: wrap; align-content: center; outline: none !important;\"><span style=\"font-weight: 700; border: 0px; vertical-align: baseline; margin: 0px 5px 0px 0px; padding: 0px; display: inline-block; outline: none !important;\">Consumo:<\/span>0,6 kW.h<\/div>\n<\/div>\n<div class=\"col-md-12\" style=\"border: 0px; margin: 0px; padding-top: 0px; padding-bottom: 0px; width: 538px; outline: none !important;\">\n<div class=\"item\" style=\"border-width: 1px 0px 0px; border-style: solid; border-color: rgb(187, 187, 187); border-image: initial; margin: 0px; padding: 10px 0px; color: rgb(77, 79, 80); font-size: 13px; min-height: 55px; line-height: 1.2; display: flex; flex-wrap: wrap; align-content: center; outline: none !important;\"><span style=\"font-weight: 700; border: 0px; vertical-align: baseline; margin: 0px 5px 0px 0px; padding: 0px; display: inline-block; outline: none !important;\">Dimens\u00f5es (AxLxP):<\/span>580 x 290 x 520 mm<\/div>\n<\/div>\n<div class=\"col-md-12\" style=\"border: 0px; margin: 0px; padding-top: 0px; padding-bottom: 0px; width: 538px; outline: none !important;\">\n<div class=\"item\" style=\"border-width: 1px 0px 0px; border-style: solid; border-color: rgb(187, 187, 187); border-image: initial; margin: 0px; padding: 10px 0px; color: rgb(77, 79, 80); font-size: 13px; min-height: 55px; line-height: 1.2; display: flex; flex-wrap: wrap; align-content: center; outline: none !important;\"><span style=\"font-weight: 700; border: 0px; vertical-align: baseline; margin: 0px 5px 0px 0px; padding: 0px; display: inline-block; outline: none !important;\">Dimens\u00f5es da embalagem (AxLxP):<\/span>640 x 400 x 620 mm<\/div>\n<\/div>\n<div class=\"col-md-12\" style=\"border: 0px; margin: 0px; padding-top: 0px; padding-bottom: 0px; width: 538px; outline: none !important;\">\n<div class=\"item\" style=\"border-width: 1px 0px 0px; border-style: solid; border-color: rgb(187, 187, 187); border-image: initial; margin: 0px; padding: 10px 0px; color: rgb(77, 79, 80); font-size: 13px; min-height: 55px; line-height: 1.2; display: flex; flex-wrap: wrap; align-content: center; outline: none !important;\"><span style=\"font-weight: 700; border: 0px; vertical-align: baseline; margin: 0px 5px 0px 0px; padding: 0px; display: inline-block; outline: none !important;\">Peso l\u00edquido \/ bruto:<\/span>27,80 kg \/ 32,00 kg<\/div>\n<\/div>\n<div class=\"col-md-12\" style=\"border: 0px; margin: 0px; padding-top: 0px; padding-bottom: 0px; width: 538px; outline: none !important;\">\n<div class=\"item\" style=\"border-width: 1px 0px 0px; border-style: solid; border-color: rgb(187, 187, 187); border-image: initial; margin: 0px; padding: 10px 0px; color: rgb(77, 79, 80); font-size: 13px; min-height: 55px; line-height: 1.2; display: flex; flex-wrap: wrap; align-content: center; outline: none !important;\"><span style=\"font-weight: 700; border: 0px; vertical-align: baseline; margin: 0px 5px 0px 0px; padding: 0px; display: inline-block; outline: none !important;\">Produ\u00e7\u00e3o aproximada:<\/span>250 kg\/h<\/div>\n<\/div>\n<div class=\"col-md-12\" style=\"border: 0px; margin: 0px; padding-top: 0px; padding-bottom: 0px; width: 538px; outline: none !important;\">\n<div class=\"item\" style=\"border-width: 1px 0px 0px; border-style: solid; border-color: rgb(187, 187, 187); border-image: initial; margin: 0px; padding: 10px 0px; color: rgb(77, 79, 80); font-size: 13px; min-height: 55px; line-height: 1.2; display: flex; flex-wrap: wrap; align-content: center; outline: none !important;\"><span style=\"font-weight: 700; border: 0px; vertical-align: baseline; margin: 0px 5px 0px 0px; padding: 0px; display: inline-block; outline: none !important;\">Rota\u00e7\u00e3o:<\/span>380 rpm<\/div>\n<\/div>\n<div class=\"col-md-12\" style=\"border: 0px; margin: 0px; padding-top: 0px; padding-bottom: 0px; width: 538px; outline: none !important;\">\n<div class=\"item\" style=\"border-width: 1px 0px 0px; border-style: solid; border-color: rgb(187, 187, 187); border-image: initial; margin: 0px; padding: 10px 0px; color: rgb(77, 79, 80); font-size: 13px; min-height: 55px; line-height: 1.2; display: flex; flex-wrap: wrap; align-content: center; outline: none !important;\"><span style=\"font-weight: 700; border: 0px; vertical-align: baseline; margin: 0px 5px 0px 0px; padding: 0px; display: inline-block; outline: none !important;\">Di\u00e2metro do disco:<\/span>203 mm<\/div>\n<\/div>\n<div class=\"col-md-12\" style=\"border: 0px; margin: 0px; padding-top: 0px; padding-bottom: 0px; width: 538px; outline: none !important;\">\n<div class=\"item\" style=\"border-width: 1px 0px 0px; border-style: solid; border-color: rgb(187, 187, 187); border-image: initial; margin: 0px; padding: 10px 0px; color: rgb(77, 79, 80); font-size: 13px; min-height: 55px; line-height: 1.2; display: flex; flex-wrap: wrap; align-content: center; outline: none !important;\"><span style=\"font-weight: 700; border: 0px; vertical-align: baseline; margin: 0px 5px 0px 0px; padding: 0px; display: inline-block; outline: none !important;\">Classifica\u00e7\u00e3o fiscal (NCM):<\/span>84386000<\/div>\n<\/div>\n<div class=\"col-md-12\" style=\"border: 0px; margin: 0px; padding-top: 0px; padding-bottom: 0px; width: 538px; outline: none !important;\">\n<div class=\"item\" style=\"border-width: 1px 0px 0px; border-style: solid; border-color: rgb(187, 187, 187); border-image: initial; margin: 0px; padding: 10px 0px; color: rgb(77, 79, 80); font-size: 13px; min-height: 55px; line-height: 1.2; display: flex; flex-wrap: wrap; align-content: center; outline: none !important;\"><span style=\"font-weight: 700; border: 0px; vertical-align: baseline; margin: 0px 5px 0px 0px; padding: 0px; display: inline-block; outline: none !important;\">EAN-13:<\/span>7895707702608<\/div>\n<div><\/div>\n<\/div>\n<\/div>\n<\/div>\n<\/div>\n<\/td>\n<\/tr>\n<\/tbody>\n<\/table>\n<\/div>\n","protected":false},"excerpt":{"rendered":"<p>PA7 PRO PROCESSADOR DE ALIMENTOS, INOX, COM 7 DISCOS DI\u00c2METRO 203 MM Donos de bares e restaurantes primam sempre por equipamentos que proporcionem uma otimiza\u00e7\u00e3o dos processos produtivos de sua cozinha, com maior rendimento e m\u00e1xima qualidade. Tudo o que voc\u00ea precisa para ter todos esses benef\u00edcios em seu estabelecimento est\u00e1 no&nbsp;processador de alimentos PA7 [&hellip;]<\/p>\n","protected":false},"featured_media":12320,"comment_status":"open","ping_status":"closed","template":"","meta":[],"product_brand":[],"product_cat":[314,440],"product_tag":[698],"class_list":{"0":"post-12321","1":"product","2":"type-product","3":"status-publish","4":"has-post-thumbnail","6":"product_cat-processador-de-alimentos","7":"product_cat-maquinas","8":"product_tag-processador-de-alimentos-pa-07-skymsen","10":"first","11":"instock","12":"shipping-taxable","13":"purchasable","14":"product-type-simple"},"_links":{"self":[{"href":"https:\/\/twsites.com.br\/novomigcenter\/index.php?rest_route=\/wp\/v2\/product\/12321","targetHints":{"allow":["GET"]}}],"collection":[{"href":"https:\/\/twsites.com.br\/novomigcenter\/index.php?rest_route=\/wp\/v2\/product"}],"about":[{"href":"https:\/\/twsites.com.br\/novomigcenter\/index.php?rest_route=\/wp\/v2\/types\/product"}],"replies":[{"embeddable":true,"href":"https:\/\/twsites.com.br\/novomigcenter\/index.php?rest_route=%2Fwp%2Fv2%2Fcomments&post=12321"}],"wp:featuredmedia":[{"embeddable":true,"href":"https:\/\/twsites.com.br\/novomigcenter\/index.php?rest_route=\/wp\/v2\/media\/12320"}],"wp:attachment":[{"href":"https:\/\/twsites.com.br\/novomigcenter\/index.php?rest_route=%2Fwp%2Fv2%2Fmedia&parent=12321"}],"wp:term":[{"taxonomy":"product_brand","embeddable":true,"href":"https:\/\/twsites.com.br\/novomigcenter\/index.php?rest_route=%2Fwp%2Fv2%2Fproduct_brand&post=12321"},{"taxonomy":"product_cat","embeddable":true,"href":"https:\/\/twsites.com.br\/novomigcenter\/index.php?rest_route=%2Fwp%2Fv2%2Fproduct_cat&post=12321"},{"taxonomy":"product_tag","embeddable":true,"href":"https:\/\/twsites.com.br\/novomigcenter\/index.php?rest_route=%2Fwp%2Fv2%2Fproduct_tag&post=12321"}],"curies":[{"name":"wp","href":"https:\/\/api.w.org\/{rel}","templated":true}]}}