{"id":12323,"date":"2018-05-16T12:55:05","date_gmt":"2018-05-16T12:55:05","guid":{"rendered":"https:\/\/twsites.com.br\/novomigcenter\/?product=fatiador-de-frios-automatico-inox-skymsen-220v-ca-300l-hd"},"modified":"2018-05-16T12:55:05","modified_gmt":"2018-05-16T12:55:05","slug":"fatiador-de-frios-automatico-inox-skymsen-220v-ca-300l-hd","status":"publish","type":"product","link":"https:\/\/twsites.com.br\/novomigcenter\/?product=fatiador-de-frios-automatico-inox-skymsen-220v-ca-300l-hd","title":{"rendered":"Fatiador de Frios Autom\u00e1tico Inox Skymsen 220V"},"content":{"rendered":"<div><font face=\"Arial\"><b><span style=\"font-size: 14px;\">Modelo:&nbsp;<\/span><\/b><span style=\"font-size: 14px;\">CA-300L-HD<\/span><\/font><\/div>\n<div><font face=\"Arial\"><br \/><\/font><\/div>\n<div><font face=\"Arial\"><span style=\"font-size: 14px;\">SKU: CA300LHD<\/span><\/font><\/div>\n<div><font face=\"Arial\"><br \/><\/font><\/div>\n<div><font face=\"Arial\"><span style=\"font-size: 14px;\">Altura: 76 cm<\/span><\/font><\/div>\n<div><font face=\"Arial\"><br \/><\/font><\/div>\n<div><font face=\"Arial\"><span style=\"font-size: 14px;\">Largura: 59 cm<\/span><\/font><\/div>\n<div><font face=\"Arial\"><br \/><\/font><\/div>\n<div><font face=\"Arial\"><span style=\"font-size: 14px;\">Profundidade: 75 cm<\/span><\/font><\/div>\n<div><font face=\"Arial\"><br \/><\/font><\/div>\n<div><font face=\"Arial\"><span style=\"font-size: 14px;\">Pot\u00eancia do Motor 2x 0,5 CV<\/span><\/font><\/div>\n<div><font face=\"Arial\"><br \/><\/font><\/div>\n<div><font face=\"Arial\"><span style=\"font-size: 14px;\">Frequ\u00eancia: 60 Hz<\/span><\/font><\/div>\n<div><font face=\"Arial\"><br \/><\/font><\/div>\n<div><font face=\"Arial\"><span style=\"font-size: 14px;\">Tens\u00e3o: 220V<\/span><\/font><\/div>\n<div><\/div>\n<div>&nbsp;Peso: 104 Kg<\/div>\n","protected":false},"excerpt":{"rendered":"<p>Modelo:&nbsp;CA-300L-HD SKU: CA300LHD Altura: 76 cm Largura: 59 cm Profundidade: 75 cm Pot\u00eancia do Motor 2x 0,5 CV Frequ\u00eancia: 60 Hz Tens\u00e3o: 220V &nbsp;Peso: 104 Kg<\/p>\n","protected":false},"featured_media":12322,"comment_status":"open","ping_status":"closed","template":"","meta":[],"product_brand":[],"product_cat":[301,440],"product_tag":[699],"class_list":{"0":"post-12323","1":"product","2":"type-product","3":"status-publish","4":"has-post-thumbnail","6":"product_cat-cortador-de-frios","7":"product_cat-maquinas","8":"product_tag-fatiador-de-frios-automatico-inox-skymsen-220v","10":"first","11":"instock","12":"shipping-taxable","13":"purchasable","14":"product-type-simple"},"_links":{"self":[{"href":"https:\/\/twsites.com.br\/novomigcenter\/index.php?rest_route=\/wp\/v2\/product\/12323","targetHints":{"allow":["GET"]}}],"collection":[{"href":"https:\/\/twsites.com.br\/novomigcenter\/index.php?rest_route=\/wp\/v2\/product"}],"about":[{"href":"https:\/\/twsites.com.br\/novomigcenter\/index.php?rest_route=\/wp\/v2\/types\/product"}],"replies":[{"embeddable":true,"href":"https:\/\/twsites.com.br\/novomigcenter\/index.php?rest_route=%2Fwp%2Fv2%2Fcomments&post=12323"}],"wp:featuredmedia":[{"embeddable":true,"href":"https:\/\/twsites.com.br\/novomigcenter\/index.php?rest_route=\/wp\/v2\/media\/12322"}],"wp:attachment":[{"href":"https:\/\/twsites.com.br\/novomigcenter\/index.php?rest_route=%2Fwp%2Fv2%2Fmedia&parent=12323"}],"wp:term":[{"taxonomy":"product_brand","embeddable":true,"href":"https:\/\/twsites.com.br\/novomigcenter\/index.php?rest_route=%2Fwp%2Fv2%2Fproduct_brand&post=12323"},{"taxonomy":"product_cat","embeddable":true,"href":"https:\/\/twsites.com.br\/novomigcenter\/index.php?rest_route=%2Fwp%2Fv2%2Fproduct_cat&post=12323"},{"taxonomy":"product_tag","embeddable":true,"href":"https:\/\/twsites.com.br\/novomigcenter\/index.php?rest_route=%2Fwp%2Fv2%2Fproduct_tag&post=12323"}],"curies":[{"name":"wp","href":"https:\/\/api.w.org\/{rel}","templated":true}]}}