{"id":12328,"date":"2018-05-16T13:01:48","date_gmt":"2018-05-16T13:01:48","guid":{"rendered":"https:\/\/twsites.com.br\/novomigcenter\/?product=fatiador-de-frios-pequeno-porte-branco-170-mm-220v-arbel"},"modified":"2018-05-16T13:01:48","modified_gmt":"2018-05-16T13:01:48","slug":"fatiador-de-frios-pequeno-porte-branco-170-mm-220v-arbel","status":"publish","type":"product","link":"https:\/\/twsites.com.br\/novomigcenter\/?product=fatiador-de-frios-pequeno-porte-branco-170-mm-220v-arbel","title":{"rendered":"Fatiador de Frios Pequeno Porte Branco 170 mm 220V &#8211; Arbel"},"content":{"rendered":"<div class=\"product-description-text-content product-tab-content\">\n<p>Fatiador de Frios Pequeno Porte Branco 170 mm 220V &#8211; Arbel<\/p>\n<p>Os Cortadores de Frios da Linha 170 foram desenvolvidos especialmente  para atender aos pequenos e m\u00e9dios comerciantes de estabelecimentos  como restaurantes, mercearias, rotisserias, traillers de lanches etc.Com  capacidade para cortar at\u00e9 12 Kg de frios, legumes e carnes (bife,  lagarto, lombo, carpaccio, entre outros), atende na medida exata \u00e0s  necessidades desses estabelecimentos. S\u00e3o Pr\u00e1ticos, por serem f\u00e1ceis e  r\u00e1pidos de manusear. O disco de corte \u00e9 gume temperado por indu\u00e7\u00e3o o  que garante afia\u00e7\u00e3o por mais tempo e remov\u00edvel para f\u00e1cil higieniza\u00e7\u00e3o,  S\u00e3o econ\u00f4micos, por possibilitar a aquisi\u00e7\u00e3o por pre\u00e7os vantajosos de  pe\u00e7as inteiras de frios e carnes, com utiliza\u00e7\u00e3o de acordo com a  demanda di\u00e1ria.<\/p>\n<p>Dimen\u00e7\u00f5es:<\/p>\n<p>Peso: 8,26 Kg<\/p>\n<p>Altura: 34 Cm<\/p>\n<p>Largura: 36 Cm<\/p>\n<p>Profundidade: 29,5 Cm<\/p>\n<\/div>\n","protected":false},"excerpt":{"rendered":"<p>Fatiador de Frios Pequeno Porte Branco 170 mm 220V &#8211; Arbel Os Cortadores de Frios da Linha 170 foram desenvolvidos especialmente para atender aos pequenos e m\u00e9dios comerciantes de estabelecimentos como restaurantes, mercearias, rotisserias, traillers de lanches etc.Com capacidade para cortar at\u00e9 12 Kg de frios, legumes e carnes (bife, lagarto, lombo, carpaccio, entre outros), [&hellip;]<\/p>\n","protected":false},"featured_media":12327,"comment_status":"open","ping_status":"closed","template":"","meta":[],"product_brand":[],"product_cat":[301,440],"product_tag":[701],"class_list":{"0":"post-12328","1":"product","2":"type-product","3":"status-publish","4":"has-post-thumbnail","6":"product_cat-cortador-de-frios","7":"product_cat-maquinas","8":"product_tag-fatiador-de-frios-pequeno-porte-branco-170-mm-220v-arbel","10":"first","11":"instock","12":"shipping-taxable","13":"purchasable","14":"product-type-simple"},"_links":{"self":[{"href":"https:\/\/twsites.com.br\/novomigcenter\/index.php?rest_route=\/wp\/v2\/product\/12328","targetHints":{"allow":["GET"]}}],"collection":[{"href":"https:\/\/twsites.com.br\/novomigcenter\/index.php?rest_route=\/wp\/v2\/product"}],"about":[{"href":"https:\/\/twsites.com.br\/novomigcenter\/index.php?rest_route=\/wp\/v2\/types\/product"}],"replies":[{"embeddable":true,"href":"https:\/\/twsites.com.br\/novomigcenter\/index.php?rest_route=%2Fwp%2Fv2%2Fcomments&post=12328"}],"wp:featuredmedia":[{"embeddable":true,"href":"https:\/\/twsites.com.br\/novomigcenter\/index.php?rest_route=\/wp\/v2\/media\/12327"}],"wp:attachment":[{"href":"https:\/\/twsites.com.br\/novomigcenter\/index.php?rest_route=%2Fwp%2Fv2%2Fmedia&parent=12328"}],"wp:term":[{"taxonomy":"product_brand","embeddable":true,"href":"https:\/\/twsites.com.br\/novomigcenter\/index.php?rest_route=%2Fwp%2Fv2%2Fproduct_brand&post=12328"},{"taxonomy":"product_cat","embeddable":true,"href":"https:\/\/twsites.com.br\/novomigcenter\/index.php?rest_route=%2Fwp%2Fv2%2Fproduct_cat&post=12328"},{"taxonomy":"product_tag","embeddable":true,"href":"https:\/\/twsites.com.br\/novomigcenter\/index.php?rest_route=%2Fwp%2Fv2%2Fproduct_tag&post=12328"}],"curies":[{"name":"wp","href":"https:\/\/api.w.org\/{rel}","templated":true}]}}