{"id":12338,"date":"2018-05-16T14:58:57","date_gmt":"2018-05-16T14:58:57","guid":{"rendered":"https:\/\/twsites.com.br\/novomigcenter\/?product=fogao-2-eletrico-layr"},"modified":"2018-05-16T14:58:57","modified_gmt":"2018-05-16T14:58:57","slug":"fogao-2-eletrico-layr","status":"publish","type":"product","link":"https:\/\/twsites.com.br\/novomigcenter\/?product=fogao-2-eletrico-layr","title":{"rendered":"Fog\u00e3o El\u00e9trico Top\u00e1zio 4.0 2 Bocas Layr"},"content":{"rendered":"<p><font face=\"Arial\"><font color=\"#CA0000\"><b><span style=\"font-size: 14px;\">Caracter\u00edsticas:<\/span><\/b><\/font><\/p>\n<p><span style=\"font-size: 14px;\">Voltagem 220 V.<\/span><br \/><span style=\"font-size: 14px;\">Corpo em a\u00e7o inoxid\u00e1vel<\/span><br \/><span style=\"font-size: 14px;\">02 Placas aquecedoras com di\u00e2metro de 180mm com 1913 W cada.<\/span><br \/><span style=\"font-size: 14px;\">02 Termostatos.<\/span><br \/><span style=\"font-size: 14px;\">Painel indicativo de n\u00edvel de calor.<\/span><br \/><span style=\"font-size: 14px;\">Certificada pelo INMETRO.<\/span><br \/><span style=\"font-size: 14px;\">Painel em braile.<\/span><br \/><span style=\"font-size: 14px;\">*  O gabinete externo vem protegido com uma pel\u00edcula pl\u00e1stica (branca,  azul ou transparente) de prote\u00e7\u00e3o e dever\u00e1 ser retirada no momento do  primeiro uso.<\/span><\/p>\n<p><font color=\"#CA0000\"><b><span style=\"font-size: 14px;\">Caracter\u00edsticas T\u00e9cnicas:<\/span><\/b><\/font><\/p>\n<p><\/font><\/p>\n<table cellspacing=\"0\" cellpadding=\"0\" border=\"0\">\n<tbody>\n<tr>\n<td>\n<div align=\"left\"><font face=\"Arial\"><span style=\"font-size: 14px;\">Pot\u00eancia : <\/span><br \/><span style=\"font-size: 14px;\">Altura : <\/span><br \/><span style=\"font-size: 14px;\">Largura : <\/span><br \/><span style=\"font-size: 14px;\">Profundidade : <\/span><br \/><span style=\"font-size: 14px;\">Peso liquido : <\/span><br \/><span style=\"font-size: 14px;\">Peso bruto : <\/span><br \/><span style=\"font-size: 14px;\">Consumo m\u00e1ximo \u00e0 300\u00baC : <\/span><br \/><\/font><\/div>\n<\/td>\n<td>\n<div align=\"right\"><font face=\"Arial\"><span style=\"font-size: 14px;\">3.826 W<\/span><br \/><span style=\"font-size: 14px;\">78mm (110mm com os p\u00e9s)<\/span><br \/><span style=\"font-size: 14px;\">495mm<\/span><br \/><span style=\"font-size: 14px;\">310mm<\/span><br \/><span style=\"font-size: 14px;\">5,65kg<\/span><br \/><span style=\"font-size: 14px;\">5,99kg<\/span><br \/><span style=\"font-size: 14px;\">0,9kw\/h<\/span><br \/><\/font><\/div>\n<\/td>\n<\/tr>\n<tr>\n<td colspan=\"2\"><font face=\"Arial\"><span style=\"font-size: 14px;\">&nbsp;<\/span><\/font><\/td>\n<\/tr>\n<\/tbody>\n<\/table>\n","protected":false},"excerpt":{"rendered":"<p>Caracter\u00edsticas: Voltagem 220 V.Corpo em a\u00e7o inoxid\u00e1vel02 Placas aquecedoras com di\u00e2metro de 180mm com 1913 W cada.02 Termostatos.Painel indicativo de n\u00edvel de calor.Certificada pelo INMETRO.Painel em braile.* O gabinete externo vem protegido com uma pel\u00edcula pl\u00e1stica (branca, azul ou transparente) de prote\u00e7\u00e3o e dever\u00e1 ser retirada no momento do primeiro uso. Caracter\u00edsticas T\u00e9cnicas: Pot\u00eancia : [&hellip;]<\/p>\n","protected":false},"featured_media":12337,"comment_status":"open","ping_status":"closed","template":"","meta":[],"product_brand":[],"product_cat":[308,440],"product_tag":[706],"class_list":{"0":"post-12338","1":"product","2":"type-product","3":"status-publish","4":"has-post-thumbnail","6":"product_cat-fogao-eletrico","7":"product_cat-maquinas","8":"product_tag-fogao-eletrico-topazio-4-0-2-bocas-layr","10":"first","11":"instock","12":"shipping-taxable","13":"purchasable","14":"product-type-simple"},"_links":{"self":[{"href":"https:\/\/twsites.com.br\/novomigcenter\/index.php?rest_route=\/wp\/v2\/product\/12338","targetHints":{"allow":["GET"]}}],"collection":[{"href":"https:\/\/twsites.com.br\/novomigcenter\/index.php?rest_route=\/wp\/v2\/product"}],"about":[{"href":"https:\/\/twsites.com.br\/novomigcenter\/index.php?rest_route=\/wp\/v2\/types\/product"}],"replies":[{"embeddable":true,"href":"https:\/\/twsites.com.br\/novomigcenter\/index.php?rest_route=%2Fwp%2Fv2%2Fcomments&post=12338"}],"wp:featuredmedia":[{"embeddable":true,"href":"https:\/\/twsites.com.br\/novomigcenter\/index.php?rest_route=\/wp\/v2\/media\/12337"}],"wp:attachment":[{"href":"https:\/\/twsites.com.br\/novomigcenter\/index.php?rest_route=%2Fwp%2Fv2%2Fmedia&parent=12338"}],"wp:term":[{"taxonomy":"product_brand","embeddable":true,"href":"https:\/\/twsites.com.br\/novomigcenter\/index.php?rest_route=%2Fwp%2Fv2%2Fproduct_brand&post=12338"},{"taxonomy":"product_cat","embeddable":true,"href":"https:\/\/twsites.com.br\/novomigcenter\/index.php?rest_route=%2Fwp%2Fv2%2Fproduct_cat&post=12338"},{"taxonomy":"product_tag","embeddable":true,"href":"https:\/\/twsites.com.br\/novomigcenter\/index.php?rest_route=%2Fwp%2Fv2%2Fproduct_tag&post=12338"}],"curies":[{"name":"wp","href":"https:\/\/api.w.org\/{rel}","templated":true}]}}