{"id":12342,"date":"2018-05-16T15:18:24","date_gmt":"2018-05-16T15:18:24","guid":{"rendered":"https:\/\/twsites.com.br\/novomigcenter\/?product=mesa-le-cook-gd"},"modified":"2018-05-16T15:18:24","modified_gmt":"2018-05-16T15:18:24","slug":"mesa-le-cook-gd","status":"publish","type":"product","link":"https:\/\/twsites.com.br\/novomigcenter\/?product=mesa-le-cook-gd","title":{"rendered":"Rechaud Mesa T\u00e9rmica A\u00e7o 76,5&#215;46,5cm 220V &#8211; Le Cook &#8211;"},"content":{"rendered":"<p style=\"text-align: left; color: rgb(51, 51, 51); font-size: 13px;\" data-mce-style=\"color: #333333; font-family: sans-serif, Arial, Verdana, 'Trebuchet MS'; font-size: 13px; text-align: center;\"><span style=\"font-family: sans-serif, Arial, Verdana, &quot;Trebuchet MS&quot;;\"><b>&nbsp;<\/b><\/span><font face=\"Arial\"><b>Dimens\u00f5es: <\/b>76,5&nbsp;X 46,5&nbsp;X 3,2&nbsp;cm <\/font><\/p>\n<p style=\"text-align: left; color: rgb(51, 51, 51); font-size: 13px;\" data-mce-style=\"color: #333333; font-family: sans-serif, Arial, Verdana, 'Trebuchet MS'; font-size: 13px; text-align: center;\"><font face=\"Arial\"> \u00c1rea de Aquecimento: 71,5&nbsp;X 44,5 cm <\/font><\/p>\n<p style=\"text-align: left; color: rgb(51, 51, 51); font-size: 13px;\" data-mce-style=\"color: #333333; font-family: sans-serif, Arial, Verdana, 'Trebuchet MS'; font-size: 13px; text-align: center;\"><font face=\"Arial\"> Capacidade m\u00e1xima de&nbsp; 50kg <\/font><\/p>\n<p style=\"text-align: left; color: rgb(51, 51, 51); font-size: 13px;\" data-mce-style=\"color: #333333; font-family: sans-serif, Arial, Verdana, 'Trebuchet MS'; font-size: 13px; text-align: center;\"><font face=\"Arial\"><b>  Tens\u00e3o:<\/b> 220V \u2013 60Hz  <\/font><\/p>\n<p style=\"text-align: left; color: rgb(51, 51, 51); font-size: 13px;\" data-mce-style=\"color: #333333; font-family: sans-serif, Arial, Verdana, 'Trebuchet MS'; font-size: 13px; text-align: center;\"><font face=\"Arial\"><b> Pot\u00eancia:<\/b>&nbsp; 600W <\/font><\/p>\n<p style=\"text-align: left; color: rgb(51, 51, 51); font-size: 13px;\" data-mce-style=\"color: #333333; font-family: sans-serif, Arial, Verdana, 'Trebuchet MS'; font-size: 13px; text-align: center;\"><font face=\"Arial\"> Temperatura&nbsp; at\u00e9 150\u00b0C (com varia\u00e7\u00e3o +\/- 20\u00b0C) <\/font><\/p>\n<p style=\"text-align: left; color: rgb(51, 51, 51); font-size: 13px;\" data-mce-style=\"color: #333333; font-family: sans-serif, Arial, Verdana, 'Trebuchet MS'; font-size: 13px; text-align: center;\"><font face=\"Arial\"><b> Garantia Fabricante: <\/b>12 meses&nbsp;<\/font><\/p>\n","protected":false},"excerpt":{"rendered":"<p>&nbsp;Dimens\u00f5es: 76,5&nbsp;X 46,5&nbsp;X 3,2&nbsp;cm \u00c1rea de Aquecimento: 71,5&nbsp;X 44,5 cm Capacidade m\u00e1xima de&nbsp; 50kg Tens\u00e3o: 220V \u2013 60Hz Pot\u00eancia:&nbsp; 600W Temperatura&nbsp; at\u00e9 150\u00b0C (com varia\u00e7\u00e3o +\/- 20\u00b0C) Garantia Fabricante: 12 meses&nbsp;<\/p>\n","protected":false},"featured_media":12341,"comment_status":"open","ping_status":"closed","template":"","meta":[],"product_brand":[],"product_cat":[308,440],"product_tag":[709,708,707],"class_list":{"0":"post-12342","1":"product","2":"type-product","3":"status-publish","4":"has-post-thumbnail","6":"product_cat-fogao-eletrico","7":"product_cat-maquinas","8":"product_tag-5cm-220v-le-cook","9":"product_tag-5x46","10":"product_tag-rechaud-mesa-termica-aco-76","12":"first","13":"instock","14":"shipping-taxable","15":"purchasable","16":"product-type-simple"},"_links":{"self":[{"href":"https:\/\/twsites.com.br\/novomigcenter\/index.php?rest_route=\/wp\/v2\/product\/12342","targetHints":{"allow":["GET"]}}],"collection":[{"href":"https:\/\/twsites.com.br\/novomigcenter\/index.php?rest_route=\/wp\/v2\/product"}],"about":[{"href":"https:\/\/twsites.com.br\/novomigcenter\/index.php?rest_route=\/wp\/v2\/types\/product"}],"replies":[{"embeddable":true,"href":"https:\/\/twsites.com.br\/novomigcenter\/index.php?rest_route=%2Fwp%2Fv2%2Fcomments&post=12342"}],"wp:featuredmedia":[{"embeddable":true,"href":"https:\/\/twsites.com.br\/novomigcenter\/index.php?rest_route=\/wp\/v2\/media\/12341"}],"wp:attachment":[{"href":"https:\/\/twsites.com.br\/novomigcenter\/index.php?rest_route=%2Fwp%2Fv2%2Fmedia&parent=12342"}],"wp:term":[{"taxonomy":"product_brand","embeddable":true,"href":"https:\/\/twsites.com.br\/novomigcenter\/index.php?rest_route=%2Fwp%2Fv2%2Fproduct_brand&post=12342"},{"taxonomy":"product_cat","embeddable":true,"href":"https:\/\/twsites.com.br\/novomigcenter\/index.php?rest_route=%2Fwp%2Fv2%2Fproduct_cat&post=12342"},{"taxonomy":"product_tag","embeddable":true,"href":"https:\/\/twsites.com.br\/novomigcenter\/index.php?rest_route=%2Fwp%2Fv2%2Fproduct_tag&post=12342"}],"curies":[{"name":"wp","href":"https:\/\/api.w.org\/{rel}","templated":true}]}}