{"id":12370,"date":"2018-05-21T12:21:18","date_gmt":"2018-05-21T12:21:18","guid":{"rendered":"https:\/\/twsites.com.br\/novomigcenter\/?product=cafeteira-automatica-marchesoni-2l"},"modified":"2018-05-21T12:21:18","modified_gmt":"2018-05-21T12:21:18","slug":"cafeteira-automatica-marchesoni-2l","status":"publish","type":"product","link":"https:\/\/twsites.com.br\/novomigcenter\/?product=cafeteira-automatica-marchesoni-2l","title":{"rendered":"Cafeteira Autom\u00e1tica 2L Marchesoni"},"content":{"rendered":"<div class=\"wpb_column vc_column_container vc_col-sm-3\">\n<div class=\"vc_column-inner \">\n<div class=\"wpb_wrapper\">\n<div class=\"wpb_text_column wpb_content_element \">\n<div class=\"wpb_wrapper\">\n<h2><font face=\"Arial\"><span style=\"font-size: 14px;\"><b>Especifica\u00e7\u00f5es<\/b><\/span><\/font><\/h2>\n<\/div>\n<\/div>\n<p><span style=\"font-size: 14px;\"> <\/span><\/p>\n<div class=\"wpb_text_column wpb_content_element \"><span style=\"font-size: 14px;\"> <\/span><\/p>\n<div class=\"wpb_wrapper\"><span style=\"font-size: 14px;\"> <\/span><\/p>\n<h4><font face=\"Arial\"><span style=\"font-size: 14px;\"><b>Capacidade<\/b><\/span><\/font><\/h4>\n<p><span style=\"font-size: 14px;\"><b> <\/b><\/span><\/p>\n<p><font face=\"Arial\"><span style=\"font-size: 14px;\">2 litros<\/span><\/font><\/p>\n<p><span style=\"font-size: 14px;\"> <\/span><\/p>\n<h4><font face=\"Arial\"><span style=\"font-size: 14px;\"><b>Consumo<\/b><\/span><\/font><\/h4>\n<p><span style=\"font-size: 14px;\"> <\/span><\/p>\n<p><font face=\"Arial\"><span style=\"font-size: 14px;\">1000W \/ 1,00 kw\/h<\/span><\/font><\/p>\n<p><span style=\"font-size: 14px;\"> <\/span><\/p>\n<h4><font face=\"Arial\"><span style=\"font-size: 14px;\"><b>Alimenta\u00e7\u00e3o<\/b><\/span><\/font><\/h4>\n<p><span style=\"font-size: 14px;\"> <\/span><\/p>\n<p><font face=\"Arial\"><span style=\"font-size: 14px;\">127V \/ 220V<\/span><\/font><\/p>\n<p><span style=\"font-size: 14px;\"> <\/span><\/p>\n<h4><font face=\"Arial\"><span style=\"font-size: 14px;\"><b>Dimens\u00f5es<\/b> (CxLxA)<\/span><\/font><\/h4>\n<p><span style=\"font-size: 14px;\"> <\/span><\/p>\n<p><font face=\"Arial\"><span style=\"font-size: 14px;\"><b>Produto: <\/b>25 x 26 x 31 (cm)<\/span><\/font><\/p>\n<p><span style=\"font-size: 14px;\"> <\/span><\/p>\n<p><font face=\"Arial\"><span style=\"font-size: 14px;\"><b>Embalagem:<\/b> 25 x 25 x 34&nbsp;(cm)<\/span><\/font><\/p>\n<p><span style=\"font-size: 14px;\"> <\/span><\/p>\n<h4><font face=\"Arial\"><span style=\"font-size: 14px;\"><b>Peso l\u00edquido \/ bruto<\/b><\/span><\/font><\/h4>\n<p><span style=\"font-size: 14px;\"> <\/span><\/p>\n<p><font face=\"Arial\"><span style=\"font-size: 14px;\">1,2 kg \/ 1,6 kg<\/span><\/font><\/p>\n<p><span style=\"font-size: 14px;\"> <\/span><\/div>\n<p><span style=\"font-size: 14px;\"> <\/span><\/div>\n<p><span style=\"font-size: 14px;\"> <\/span><\/p>\n<div class=\"gap\" style=\"line-height: 10px; height: 10px;\"><\/div>\n<p><span style=\"font-size: 14px;\"> <\/span><\/p>\n<div class=\"wpb_text_column wpb_content_element  vc_custom_1490902853320\"><span style=\"font-size: 14px;\"> <\/span><\/p>\n<div class=\"wpb_wrapper\"><span style=\"font-size: 14px;\"> <\/span><\/p>\n<h4 style=\"text-align: center;\"><font face=\"Arial\"><span style=\"font-size: 14px;\">Produto certificado de acordo com a portaria Inmetro n\u00ba 371 de 2009.<\/span><\/font><\/h4>\n<p><span style=\"font-size: 14px;\"> <\/span><\/div>\n<p><span style=\"font-size: 14px;\"> <\/span><\/div>\n<p><span style=\"font-size: 14px;\"> <\/span><\/div>\n<\/div>\n<\/div>\n<div class=\"wpb_column vc_column_container vc_col-sm-3\">\n<div class=\"vc_column-inner \">\n<div class=\"wpb_wrapper\"><span style=\"font-size: 14px;\"> <\/span><\/p>\n<div class=\"wpb_text_column wpb_content_element \"><span style=\"font-size: 14px;\"><b> <\/b><\/span><\/p>\n<div class=\"wpb_wrapper\"><span style=\"font-size: 14px;\"><b> <\/b><\/span><\/p>\n<h2><font face=\"Arial\"><span style=\"font-size: 18px;\"><b>Descri\u00e7\u00e3o<\/b><\/span><\/font><\/h2>\n<\/div>\n<\/div>\n<p><span style=\"font-size: 14px;\"> <\/span><\/p>\n<div class=\"wpb_text_column wpb_content_element \"><span style=\"font-size: 14px;\"> <\/span><\/p>\n<div class=\"wpb_wrapper\"><span style=\"font-size: 14px;\"> <\/span><\/p>\n<ul><span style=\"font-size: 14px;\"> <\/span><\/p>\n<li><font face=\"Arial\"><span style=\"font-size: 14px;\">Cesto coador, dispensa o uso de filtro de papel ou pano;<\/span><\/font><\/li>\n<p><span style=\"font-size: 14px;\"> <\/span><\/p>\n<li><font face=\"Arial\"><span style=\"font-size: 14px;\">Corpo em a\u00e7o inox;<\/span><\/font><\/li>\n<p><span style=\"font-size: 14px;\"> <\/span><\/p>\n<li><font face=\"Arial\"><span style=\"font-size: 14px;\">L\u00e2mpada indicadora de aquecimento;<\/span><\/font><\/li>\n<p><span style=\"font-size: 14px;\"> <\/span><\/p>\n<li><font face=\"Arial\"><span style=\"font-size: 14px;\">Prepara e mant\u00e9m o caf\u00e9 aquecido;<\/span><\/font><\/li>\n<p><span style=\"font-size: 14px;\"> <\/span><\/p>\n<li><font face=\"Arial\"><span style=\"font-size: 14px;\">Ideal para buffets, consult\u00f3rios, escrit\u00f3rios, com\u00e9rcio e at\u00e9 para o uso dom\u00e9stico;<\/span><\/font><\/li>\n<p><span style=\"font-size: 14px;\"> <\/span><\/p>\n<li><font face=\"Arial\"><span style=\"font-size: 14px;\">Modelo exclusivo: Pr\u00e1tica, compacta e econ\u00f4mica.<\/span><\/font><\/li>\n<p><span style=\"font-size: 14px;\"> <\/span><\/p>\n<li><strong><font face=\"Arial\"><span style=\"font-size: 14px;\">Autom\u00e1tica: Prepara o caf\u00e9 sozinha!<\/span><\/font><\/strong><\/li>\n<p><span style=\"font-size: 14px;\"> <\/span><\/ul>\n<p><span style=\"font-size: 14px;\"> <\/span><\/div>\n<p><span style=\"font-size: 14px;\"> <\/span><\/div>\n<p><span style=\"font-size: 14px;\"> <\/span><\/p>\n<div class=\"gap\" style=\"line-height: 10px; height: 10px;\"><\/div>\n<\/div>\n<\/div>\n<\/div>\n","protected":false},"excerpt":{"rendered":"<p>Especifica\u00e7\u00f5es Capacidade 2 litros Consumo 1000W \/ 1,00 kw\/h Alimenta\u00e7\u00e3o 127V \/ 220V Dimens\u00f5es (CxLxA) Produto: 25 x 26 x 31 (cm) Embalagem: 25 x 25 x 34&nbsp;(cm) Peso l\u00edquido \/ bruto 1,2 kg \/ 1,6 kg Produto certificado de acordo com a portaria Inmetro n\u00ba 371 de 2009. Descri\u00e7\u00e3o Cesto coador, dispensa o uso [&hellip;]<\/p>\n","protected":false},"featured_media":12369,"comment_status":"open","ping_status":"closed","template":"","meta":[],"product_brand":[],"product_cat":[299,440],"product_tag":[719],"class_list":{"0":"post-12370","1":"product","2":"type-product","3":"status-publish","4":"has-post-thumbnail","6":"product_cat-cafeteira","7":"product_cat-maquinas","8":"product_tag-cafeteira-automatica-2l-marchesoni","10":"first","11":"instock","12":"shipping-taxable","13":"purchasable","14":"product-type-simple"},"_links":{"self":[{"href":"https:\/\/twsites.com.br\/novomigcenter\/index.php?rest_route=\/wp\/v2\/product\/12370","targetHints":{"allow":["GET"]}}],"collection":[{"href":"https:\/\/twsites.com.br\/novomigcenter\/index.php?rest_route=\/wp\/v2\/product"}],"about":[{"href":"https:\/\/twsites.com.br\/novomigcenter\/index.php?rest_route=\/wp\/v2\/types\/product"}],"replies":[{"embeddable":true,"href":"https:\/\/twsites.com.br\/novomigcenter\/index.php?rest_route=%2Fwp%2Fv2%2Fcomments&post=12370"}],"wp:featuredmedia":[{"embeddable":true,"href":"https:\/\/twsites.com.br\/novomigcenter\/index.php?rest_route=\/wp\/v2\/media\/12369"}],"wp:attachment":[{"href":"https:\/\/twsites.com.br\/novomigcenter\/index.php?rest_route=%2Fwp%2Fv2%2Fmedia&parent=12370"}],"wp:term":[{"taxonomy":"product_brand","embeddable":true,"href":"https:\/\/twsites.com.br\/novomigcenter\/index.php?rest_route=%2Fwp%2Fv2%2Fproduct_brand&post=12370"},{"taxonomy":"product_cat","embeddable":true,"href":"https:\/\/twsites.com.br\/novomigcenter\/index.php?rest_route=%2Fwp%2Fv2%2Fproduct_cat&post=12370"},{"taxonomy":"product_tag","embeddable":true,"href":"https:\/\/twsites.com.br\/novomigcenter\/index.php?rest_route=%2Fwp%2Fv2%2Fproduct_tag&post=12370"}],"curies":[{"name":"wp","href":"https:\/\/api.w.org\/{rel}","templated":true}]}}