{"id":12380,"date":"2018-05-21T12:36:14","date_gmt":"2018-05-21T12:36:14","guid":{"rendered":"https:\/\/twsites.com.br\/novomigcenter\/?product=fritadeira-agua-e-oleo-25l-marchesoni"},"modified":"2018-05-21T12:36:14","modified_gmt":"2018-05-21T12:36:14","slug":"fritadeira-agua-e-oleo-25l-marchesoni","status":"publish","type":"product","link":"https:\/\/twsites.com.br\/novomigcenter\/?product=fritadeira-agua-e-oleo-25l-marchesoni","title":{"rendered":"Fritadeira \u00c1gua e \u00d3leo 25L &#8211; Marchesoni"},"content":{"rendered":"<div class=\"wpb_column vc_column_container vc_col-sm-3\">\n<div class=\"vc_column-inner \">\n<div class=\"wpb_wrapper\">\n<div class=\"wpb_text_column wpb_content_element \">\n<div class=\"wpb_wrapper\">\n<h2 style=\"margin-top:0cm;margin-right:0cm;margin-bottom:6.75pt;margin-left: 0cm\"><font face=\"Arial\"><b><span style=\"font-size: 14px; line-height: 107%;\">Especifica\u00e7\u00f5es<\/span><\/b><span style=\"font-size: 14pt; line-height: 107%;\"><o:p><\/o:p><\/span><\/font><\/h2>\n<h4 style=\"margin: 0cm 0cm 6.75pt;\"><b><span style=\"font-size: 14pt; line-height: 107%;\"><font face=\"Arial\"><span style=\"font-size: 14px;\">Capacidade<\/span><o:p><\/o:p><\/font><\/span><\/b><\/h4>\n<h2 style=\"margin-top:0cm;margin-right:0cm;margin-bottom:6.75pt;margin-left: 0cm\"><span style=\"font-size: 14px;\">    <\/span><\/p>\n<p style=\"margin: 0cm 0cm 6.75pt;\"><span style=\"font-size: 14pt;\"><font face=\"Arial\"><span style=\"font-size: 14px;\">25 litros<\/span><o:p><\/o:p><\/font><\/span><\/p>\n<p><span style=\"font-size: 14px;\">  <\/span><\/h2>\n<h4 style=\"margin: 0cm 0cm 6.75pt;\"><font face=\"Arial\"><b><span style=\"font-size: 14px; line-height: 107%;\">Consumo<\/span><\/b><span style=\"font-size: 14pt; line-height: 107%;\"><o:p><\/o:p><\/span><\/font><\/h4>\n<h2 style=\"margin-top:0cm;margin-right:0cm;margin-bottom:6.75pt;margin-left: 0cm\"><span style=\"font-size: 14px;\">  <\/span><\/p>\n<p style=\"margin: 0cm 0cm 6.75pt;\"><span style=\"font-size: 14pt;\"><font face=\"Arial\"><span style=\"font-size: 14px;\">110V \u2013 3500W\/ 3.5kw\/h<\/span><o:p><\/o:p><\/font><\/span><\/p>\n<p><span style=\"font-size: 14px;\">  <\/span><\/p>\n<p style=\"margin: 0cm 0cm 6.75pt;\"><span style=\"font-size: 14pt;\"><font face=\"Arial\"><span style=\"font-size: 14px;\">220V \u2013 5000W\/ 5.0kw\/h<\/span><o:p><\/o:p><\/font><\/span><\/p>\n<p><span style=\"font-size: 14px;\">  <\/span><\/h2>\n<h4 style=\"margin: 0cm 0cm 6.75pt;\"><font face=\"Arial\"><b><span style=\"font-size: 14px; line-height: 107%;\">Alimenta\u00e7\u00e3o<\/span><\/b><span style=\"font-size: 14pt; line-height: 107%;\"><o:p><\/o:p><\/span><\/font><\/h4>\n<h2 style=\"margin-top:0cm;margin-right:0cm;margin-bottom:6.75pt;margin-left: 0cm\"><span style=\"font-size: 14px;\">  <\/span><\/p>\n<p style=\"margin: 0cm 0cm 6.75pt;\"><span style=\"font-size: 14pt;\"><font face=\"Arial\"><span style=\"font-size: 14px;\">110V \/ 220V<\/span><o:p><\/o:p><\/font><\/span><\/p>\n<p><span style=\"font-size: 14px;\">  <\/span><\/h2>\n<h4 style=\"margin: 0cm 0cm 6.75pt;\"><font face=\"Arial\"><b><span style=\"font-size: 14px; line-height: 107%;\">Medidas (c x l x a)<\/span><\/b><span style=\"font-size: 14pt; line-height: 107%;\"><o:p><\/o:p><\/span><\/font><\/h4>\n<h2 style=\"margin-top:0cm;margin-right:0cm;margin-bottom:6.75pt;margin-left: 0cm\"><span style=\"font-size: 14px;\">  <\/span><\/p>\n<p style=\"margin: 0cm 0cm 6.75pt;\"><font face=\"Arial\"><b><span style=\"font-size: 14px;\">Produto:<\/span><\/b><span style=\"font-size: 14pt;\"><span style=\"font-size: 14px;\"> 38 x 45 x 98 (cm)<\/span><o:p><\/o:p><\/span><\/font><\/p>\n<p><span style=\"font-size: 14px;\">  <\/span><\/p>\n<p style=\"margin: 0cm 0cm 6.75pt;\"><font face=\"Arial\"><b><span style=\"font-size: 14px;\">Embalagem:<\/span><\/b><span style=\"font-size: 14pt;\"><span style=\"font-size: 14px;\"> 48 x 46 x 102 (cm)<\/span><o:p><\/o:p><\/span><\/font><\/p>\n<p><span style=\"font-size: 14px;\">  <\/span><\/h2>\n<h4 style=\"margin: 0cm 0cm 6.75pt;\"><font face=\"Arial\"><b><span style=\"font-size: 14px; line-height: 107%;\">Peso l\u00edquido \/ bruto<\/span><\/b><span style=\"font-size: 14pt; line-height: 107%;\"><o:p><\/o:p><\/span><\/font><\/h4>\n<h2 style=\"margin-top:0cm;margin-right:0cm;margin-bottom:6.75pt;margin-left: 0cm\"><span style=\"font-size: 14px;\">  <\/span><\/p>\n<p style=\"margin: 0cm 0cm 6.75pt;\"><span style=\"font-size: 14pt;\"><font face=\"Arial\"><span style=\"font-size: 14px;\">15,4 kg \/ 17,2 kg<\/span><o:p><\/o:p><\/font><\/span><\/p>\n<p><span style=\"font-size: 14px;\">  <\/span><\/h2>\n<h2 style=\"margin: 0cm 0cm 6.75pt;\"><font face=\"Arial\"><b><span style=\"font-size: 14px; line-height: 107%;\">Descri\u00e7\u00e3o<\/span><\/b><span style=\"font-size: 12pt; line-height: 107%;\"><o:p><\/o:p><\/span><\/font><\/h2>\n<h2 style=\"margin-top:0cm;margin-right:0cm;margin-bottom:6.75pt;margin-left: 0cm\"><span style=\"font-size: 14px;\">  <\/span><\/p>\n<ul type=\"disc\"><span style=\"font-size: 14px;\">  <\/span><\/p>\n<li class=\"MsoNormal\" style=\"line-height: normal;\"><span style=\"font-size: 12pt;\"><font face=\"Arial\"><span style=\"font-size: 14px;\">Termostato regul\u00e1vel at\u00e9&nbsp;200\u00baC;<\/span><o:p><\/o:p><\/font><\/span><\/li>\n<p><span style=\"font-size: 14px;\">  <\/span><\/p>\n<li class=\"MsoNormal\" style=\"line-height: normal;\"><span style=\"font-size: 12pt;\"><font face=\"Arial\"><span style=\"font-size: 14px;\">Cuba com al\u00e7as em a\u00e7o 430 e resist\u00eancia      remov\u00edveis \u2013 Facilidade e praticidade na limpeza;<\/span><o:p><\/o:p><\/font><\/span><\/li>\n<p><span style=\"font-size: 14px;\">  <\/span><\/p>\n<li class=\"MsoNormal\" style=\"line-height: normal;\"><span style=\"font-size: 12pt;\"><font face=\"Arial\"><span style=\"font-size: 14px;\">Resist\u00eancia de a\u00e7\u00e3o horizontal \u2013 Temperatura      constante em toda a \u00e1rea de fritura;<\/span><o:p><\/o:p><\/font><\/span><\/li>\n<p><span style=\"font-size: 14px;\">  <\/span><\/p>\n<li class=\"MsoNormal\" style=\"line-height: normal;\"><span style=\"font-size: 12pt;\"><font face=\"Arial\"><span style=\"font-size: 14px;\">Sistema de filtragem para economia de \u00f3leo;<\/span><o:p><\/o:p><\/font><\/span><\/li>\n<p><span style=\"font-size: 14px;\">  <\/span><\/p>\n<li class=\"MsoNormal\" style=\"line-height: normal;\"><span style=\"font-size: 12pt;\"><font face=\"Arial\"><span style=\"font-size: 14px;\">Apoio escorredor da peneira e cestos com cabo      em baquelite;<\/span><o:p><\/o:p><\/font><\/span><\/li>\n<p><span style=\"font-size: 14px;\">  <\/span><\/p>\n<li class=\"MsoNormal\" style=\"line-height: normal;\"><span style=\"font-size: 12pt;\"><font face=\"Arial\"><span style=\"font-size: 14px;\">Ideal para todos os tipos de frituras.<\/span><o:p><\/o:p><\/font><\/span><\/li>\n<p><span style=\"font-size: 14px;\"> <\/span><\/ul>\n<p><span style=\"font-size: 14px;\">  <\/span><span style=\"font-size: 14px; line-height: 107%;\"><font face=\"Arial\">Indicada para bares, padarias, restaurantes, cafeterias, buffets, lanchonetes, lojas de conveni\u00eancia e cozinhas em geral<\/font><\/span><br \/><\/h2>\n<h2 style=\"margin-top:0cm;margin-right:0cm;margin-bottom:6.75pt;margin-left: 0cm\">\n<ul type=\"disc\"> <\/ul>\n<\/h2>\n<h2>\n<ul type=\"disc\"> <\/ul>\n<\/h2>\n<\/div>\n<\/div>\n<\/div>\n<\/div>\n<\/div>\n<div class=\"wpb_column vc_column_container vc_col-sm-3\">\n<div class=\"vc_column-inner \">\n<div class=\"wpb_wrapper\">\n<div class=\"wpb_text_column wpb_content_element \">\n<div class=\"wpb_wrapper\">\n<ul class=\"standard-arrow bullet-top\"> <\/ul>\n<\/p><\/div>\n<\/div>\n<\/div>\n<\/div>\n<\/div>\n","protected":false},"excerpt":{"rendered":"<p>Especifica\u00e7\u00f5es Capacidade 25 litros Consumo 110V \u2013 3500W\/ 3.5kw\/h 220V \u2013 5000W\/ 5.0kw\/h Alimenta\u00e7\u00e3o 110V \/ 220V Medidas (c x l x a) Produto: 38 x 45 x 98 (cm) Embalagem: 48 x 46 x 102 (cm) Peso l\u00edquido \/ bruto 15,4 kg \/ 17,2 kg Descri\u00e7\u00e3o Termostato regul\u00e1vel at\u00e9&nbsp;200\u00baC; Cuba com al\u00e7as em a\u00e7o [&hellip;]<\/p>\n","protected":false},"featured_media":12379,"comment_status":"open","ping_status":"closed","template":"","meta":[],"product_brand":[],"product_cat":[310,440],"product_tag":[726,724,723,727,725],"class_list":{"0":"post-12380","1":"product","2":"type-product","3":"status-publish","4":"has-post-thumbnail","6":"product_cat-fritadeira","7":"product_cat-maquinas","8":"product_tag-25l","9":"product_tag-agua","10":"product_tag-fritadeira","11":"product_tag-marchesoni","12":"product_tag-oleo","14":"first","15":"instock","16":"shipping-taxable","17":"purchasable","18":"product-type-simple"},"_links":{"self":[{"href":"https:\/\/twsites.com.br\/novomigcenter\/index.php?rest_route=\/wp\/v2\/product\/12380","targetHints":{"allow":["GET"]}}],"collection":[{"href":"https:\/\/twsites.com.br\/novomigcenter\/index.php?rest_route=\/wp\/v2\/product"}],"about":[{"href":"https:\/\/twsites.com.br\/novomigcenter\/index.php?rest_route=\/wp\/v2\/types\/product"}],"replies":[{"embeddable":true,"href":"https:\/\/twsites.com.br\/novomigcenter\/index.php?rest_route=%2Fwp%2Fv2%2Fcomments&post=12380"}],"wp:featuredmedia":[{"embeddable":true,"href":"https:\/\/twsites.com.br\/novomigcenter\/index.php?rest_route=\/wp\/v2\/media\/12379"}],"wp:attachment":[{"href":"https:\/\/twsites.com.br\/novomigcenter\/index.php?rest_route=%2Fwp%2Fv2%2Fmedia&parent=12380"}],"wp:term":[{"taxonomy":"product_brand","embeddable":true,"href":"https:\/\/twsites.com.br\/novomigcenter\/index.php?rest_route=%2Fwp%2Fv2%2Fproduct_brand&post=12380"},{"taxonomy":"product_cat","embeddable":true,"href":"https:\/\/twsites.com.br\/novomigcenter\/index.php?rest_route=%2Fwp%2Fv2%2Fproduct_cat&post=12380"},{"taxonomy":"product_tag","embeddable":true,"href":"https:\/\/twsites.com.br\/novomigcenter\/index.php?rest_route=%2Fwp%2Fv2%2Fproduct_tag&post=12380"}],"curies":[{"name":"wp","href":"https:\/\/api.w.org\/{rel}","templated":true}]}}