{"id":12394,"date":"2018-05-21T12:56:41","date_gmt":"2018-05-21T12:56:41","guid":{"rendered":"https:\/\/twsites.com.br\/novomigcenter\/?product=fritadeira-eletrica-6l-ft-1-601-602-marchesoni"},"modified":"2018-05-21T12:56:41","modified_gmt":"2018-05-21T12:56:41","slug":"fritadeira-eletrica-6l-ft-1-601-602-marchesoni","status":"publish","type":"product","link":"https:\/\/twsites.com.br\/novomigcenter\/?product=fritadeira-eletrica-6l-ft-1-601-602-marchesoni","title":{"rendered":"Fritadeira El\u00e9trica 6L FT.1.601.602 -Marchesoni"},"content":{"rendered":"<div class=\"wpb_column vc_column_container vc_col-sm-3\">\n<div class=\"vc_column-inner \">\n<div class=\"wpb_wrapper\">\n<div class=\"wpb_text_column wpb_content_element \">\n<div class=\"wpb_wrapper\">\n<h2><font face=\"Arial\"><span style=\"font-size: 18px;\"><b>Especifica\u00e7\u00f5es<\/b><\/span><\/font><\/h2>\n<\/div>\n<\/div>\n<p><span style=\"font-size: 14px;\"> <\/span><\/p>\n<div class=\"wpb_text_column wpb_content_element \"><span style=\"font-size: 14px;\"> <\/span><\/p>\n<div class=\"wpb_wrapper\"><span style=\"font-size: 14px;\"> <\/span><\/p>\n<h4><font face=\"Arial\"><span style=\"font-size: 14px;\"><b>Capacidade:<\/b><\/span><\/font><\/h4>\n<p><span style=\"font-size: 14px;\"> <\/span><\/p>\n<p><font face=\"Arial\"><span style=\"font-size: 14px;\">6&nbsp;litros<\/span><\/font><\/p>\n<p><span style=\"font-size: 14px;\"> <\/span><\/p>\n<h4><font face=\"Arial\"><span style=\"font-size: 14px;\"><b>Consumo:<\/b><\/span><\/font><\/h4>\n<p><span style=\"font-size: 14px;\"> <\/span><\/p>\n<p><font face=\"Arial\"><span style=\"font-size: 14px;\">1600W\/ 1.6kw\/h \u2013 127V<\/span><\/font><\/p>\n<p><span style=\"font-size: 14px;\"> <\/span><\/p>\n<p><font face=\"Arial\"><span style=\"font-size: 14px;\">3000W\/ 3.0kw\/h \u2013 220V<\/span><\/font><\/p>\n<p><span style=\"font-size: 14px;\"> <\/span><\/p>\n<h4><font face=\"Arial\"><span style=\"font-size: 14px;\"><b>Alimenta\u00e7\u00e3o:<\/b><\/span><\/font><\/h4>\n<p><span style=\"font-size: 14px;\"> <\/span><\/p>\n<p><font face=\"Arial\"><span style=\"font-size: 14px;\">127V \/ 220V<\/span><\/font><\/p>\n<p><span style=\"font-size: 14px;\"> <\/span><\/p>\n<h4><font face=\"Arial\"><span style=\"font-size: 14px;\"><b>Medidas:<\/b> (c x l x a)<\/span><\/font><\/h4>\n<p><span style=\"font-size: 14px;\"> <\/span><\/p>\n<p><font face=\"Arial\"><span style=\"font-size: 14px;\"><b>Produto:<\/b> (cm): 27 x 40 x 32<\/span><\/font><\/p>\n<p><span style=\"font-size: 14px;\"> <\/span><\/p>\n<p><font face=\"Arial\"><span style=\"font-size: 14px;\"><b>Embalagem; <\/b>(cm): 33 x 52 x 33<\/span><\/font><\/p>\n<p><span style=\"font-size: 14px;\"> <\/span><\/p>\n<h4><font face=\"Arial\"><span style=\"font-size: 14px;\"><b>Peso l\u00edquido \/ bruto<\/b><\/span><\/font><\/h4>\n<p><span style=\"font-size: 14px;\"> <\/span><\/p>\n<p><font face=\"Arial\"><span style=\"font-size: 14px;\">4,0 kg \/ 4,8&nbsp;kg<\/span><\/font><\/p>\n<p><span style=\"font-size: 14px;\"> <\/span><\/div>\n<p><span style=\"font-size: 14px;\"> <\/span><\/div>\n<p><span style=\"font-size: 14px;\"> <\/span><\/p>\n<div class=\"gap\" style=\"line-height: 10px; height: 10px;\"><\/div>\n<p><span style=\"font-size: 14px;\"> <\/span><\/p>\n<div class=\"wpb_text_column wpb_content_element \"><span style=\"font-size: 14px;\"> <\/span><\/p>\n<div class=\"wpb_wrapper\"><span style=\"font-size: 14px;\"> <\/span><\/p>\n<h4><font face=\"Arial\"><span style=\"font-size: 14px;\">Produto certificado de acordo com a portaria Inmetro n\u00ba 371 de 2009.<\/span><\/font><\/h4>\n<p><span style=\"font-size: 14px;\"> <\/span><\/div>\n<p><span style=\"font-size: 14px;\"> <\/span><\/div>\n<p><span style=\"font-size: 14px;\"> <\/span><\/div>\n<\/div>\n<\/div>\n<div class=\"wpb_column vc_column_container vc_col-sm-3\">\n<div class=\"vc_column-inner \">\n<div class=\"wpb_wrapper\"><span style=\"font-size: 14px;\"> <\/span><\/p>\n<div class=\"wpb_text_column wpb_content_element \"><span style=\"font-size: 14px;\"><font face=\"Arial\"><b> <\/b><\/font><\/span><\/p>\n<div class=\"wpb_wrapper\"><span style=\"font-size: 14px;\"><font face=\"Arial\"><b> <\/b><\/font><\/span><\/p>\n<h2><font face=\"Arial\"><span style=\"font-size: 18px;\"><b>Descri\u00e7\u00e3o<\/b><\/span><\/font><\/h2>\n<p><span style=\"font-size: 14px;\"> <\/span><\/div>\n<p><span style=\"font-size: 14px;\"> <\/span><\/div>\n<p><span style=\"font-size: 14px;\"> <\/span><\/p>\n<div class=\"gap\" style=\"line-height: 30px; height: 30px;\"><\/div>\n<p><span style=\"font-size: 14px;\"> <\/span><\/p>\n<div class=\"wpb_text_column wpb_content_element \"><span style=\"font-size: 14px;\"> <\/span><\/p>\n<div class=\"wpb_wrapper\"><span style=\"font-size: 14px;\"> <\/span><\/p>\n<ul class=\"standard-arrow bullet-top\"><span style=\"font-size: 14px;\"> <\/span><\/p>\n<li><font face=\"Arial\"><span style=\"font-size: 14px;\">P\u00e9s niveladores regul\u00e1veis;<\/span><\/font><\/li>\n<p><span style=\"font-size: 14px;\"> <\/span><\/p>\n<li><font face=\"Arial\"><span style=\"font-size: 14px;\">Apoio escorredor de \u00f3leo e peneira com pegador em baquelite;<\/span><\/font><\/li>\n<p><span style=\"font-size: 14px;\"> <\/span><\/p>\n<li><font face=\"Arial\"><span style=\"font-size: 14px;\">Termostato regul\u00e1vel at\u00e9 200\u00baC;<\/span><\/font><\/li>\n<p><span style=\"font-size: 14px;\"> <\/span><\/p>\n<li><font face=\"Arial\"><span style=\"font-size: 14px;\">L\u00e2mpada piloto indicadora de aquecimento;<\/span><\/font><\/li>\n<p><span style=\"font-size: 14px;\"> <\/span><\/p>\n<li><font face=\"Arial\"><span style=\"font-size: 14px;\">Cubas gastron\u00f4micas com al\u00e7as para facilitar a remo\u00e7\u00e3o;<\/span><\/font><\/li>\n<p><span style=\"font-size: 14px;\"> <\/span><\/p>\n<li><font face=\"Arial\"><span style=\"font-size: 14px;\">Todos os modelos acompanham tampa em a\u00e7o inox;<\/span><\/font><\/li>\n<p><span style=\"font-size: 14px;\"> <\/span><\/p>\n<li><font face=\"Arial\"><span style=\"font-size: 14px;\">Ideal para todos os tipos de frituras;<\/span><\/font><\/li>\n<p><span style=\"font-size: 14px;\"> <\/span><\/p>\n<li><font face=\"Arial\"><span style=\"font-size: 14px;\">Indicada para bares, padarias, restaurantes, cafeterias, buffets, lanchonetes, lojas de conveni\u00eancia e cozinhas em geral.<\/span><\/font><\/li>\n<\/ul><\/div>\n<\/div>\n<\/div>\n<\/div>\n<\/div>\n","protected":false},"excerpt":{"rendered":"<p>Especifica\u00e7\u00f5es Capacidade: 6&nbsp;litros Consumo: 1600W\/ 1.6kw\/h \u2013 127V 3000W\/ 3.0kw\/h \u2013 220V Alimenta\u00e7\u00e3o: 127V \/ 220V Medidas: (c x l x a) Produto: (cm): 27 x 40 x 32 Embalagem; (cm): 33 x 52 x 33 Peso l\u00edquido \/ bruto 4,0 kg \/ 4,8&nbsp;kg Produto certificado de acordo com a portaria Inmetro n\u00ba 371 de [&hellip;]<\/p>\n","protected":false},"featured_media":12392,"comment_status":"open","ping_status":"closed","template":"","meta":[],"product_brand":[],"product_cat":[310,440],"product_tag":[732],"class_list":{"0":"post-12394","1":"product","2":"type-product","3":"status-publish","4":"has-post-thumbnail","6":"product_cat-fritadeira","7":"product_cat-maquinas","8":"product_tag-fritadeira-eletrica-6l-ft-1-601-602-marchesoni","10":"first","11":"instock","12":"shipping-taxable","13":"purchasable","14":"product-type-simple"},"_links":{"self":[{"href":"https:\/\/twsites.com.br\/novomigcenter\/index.php?rest_route=\/wp\/v2\/product\/12394","targetHints":{"allow":["GET"]}}],"collection":[{"href":"https:\/\/twsites.com.br\/novomigcenter\/index.php?rest_route=\/wp\/v2\/product"}],"about":[{"href":"https:\/\/twsites.com.br\/novomigcenter\/index.php?rest_route=\/wp\/v2\/types\/product"}],"replies":[{"embeddable":true,"href":"https:\/\/twsites.com.br\/novomigcenter\/index.php?rest_route=%2Fwp%2Fv2%2Fcomments&post=12394"}],"wp:featuredmedia":[{"embeddable":true,"href":"https:\/\/twsites.com.br\/novomigcenter\/index.php?rest_route=\/wp\/v2\/media\/12392"}],"wp:attachment":[{"href":"https:\/\/twsites.com.br\/novomigcenter\/index.php?rest_route=%2Fwp%2Fv2%2Fmedia&parent=12394"}],"wp:term":[{"taxonomy":"product_brand","embeddable":true,"href":"https:\/\/twsites.com.br\/novomigcenter\/index.php?rest_route=%2Fwp%2Fv2%2Fproduct_brand&post=12394"},{"taxonomy":"product_cat","embeddable":true,"href":"https:\/\/twsites.com.br\/novomigcenter\/index.php?rest_route=%2Fwp%2Fv2%2Fproduct_cat&post=12394"},{"taxonomy":"product_tag","embeddable":true,"href":"https:\/\/twsites.com.br\/novomigcenter\/index.php?rest_route=%2Fwp%2Fv2%2Fproduct_tag&post=12394"}],"curies":[{"name":"wp","href":"https:\/\/api.w.org\/{rel}","templated":true}]}}