{"id":12397,"date":"2018-05-21T12:59:59","date_gmt":"2018-05-21T12:59:59","guid":{"rendered":"https:\/\/twsites.com.br\/novomigcenter\/?product=sova-facil-capacidade-de-ate-3kg-de-massa-arke"},"modified":"2018-05-21T12:59:59","modified_gmt":"2018-05-21T12:59:59","slug":"sova-facil-capacidade-de-ate-3kg-de-massa-arke","status":"publish","type":"product","link":"https:\/\/twsites.com.br\/novomigcenter\/?product=sova-facil-capacidade-de-ate-3kg-de-massa-arke","title":{"rendered":"Sova F\u00e1cil (capacidade de at\u00e9 3kg de massa) &#8211; Arke"},"content":{"rendered":"<div class=\"title part-title\"><font face=\"Arial\"><span style=\"font-size: 14px;\"><span style=\"font-size: 18px;\">Especifica\u00e7\u00f5es T\u00e9cnicas<\/span>                 <\/span><\/font><\/div>\n<p><span style=\"font-size: 14px;\">                 <\/span><\/p>\n<div class=\"content\"><span style=\"font-size: 14px;\">                                             <\/span><\/p>\n<div class=\"item\"><span style=\"font-size: 14px;\">                             <\/span><\/p>\n<div class=\"left\"><font face=\"Arial\"><span style=\"font-size: 14px;\"><b>Capacidade <\/b><\/span><\/font><\/div>\n<p><span style=\"font-size: 14px;\">                             <\/span><\/p>\n<div class=\"right\"><font face=\"Arial\"><span style=\"font-size: 14px;\">3kg de massa pronta<\/span><\/font><\/div>\n<p><span style=\"font-size: 14px;\">                         <\/span><\/div>\n<p><span style=\"font-size: 14px;\">                                             <\/span><\/p>\n<div class=\"item\"><span style=\"font-size: 14px;\">                             <\/span><\/p>\n<div class=\"left\"><font face=\"Arial\"><span style=\"font-size: 14px;\"><b>Cilindros laminadores cromados: <\/b><\/span><\/font><\/div>\n<p><span style=\"font-size: 14px;\">                             <\/span><\/p>\n<div class=\"right\"><font face=\"Arial\"><span style=\"font-size: 14px;\">Largura: 300mm | Di\u00e2metro: 57mm | Abertura entre cilindros: 8mm<\/span><\/font><\/div>\n<p><span style=\"font-size: 14px;\">                         <\/span><\/div>\n<p><span style=\"font-size: 14px;\">                                             <\/span><\/p>\n<div class=\"item\"><span style=\"font-size: 14px;\">                             <\/span><\/p>\n<div class=\"left\"><font face=\"Arial\"><span style=\"font-size: 14px;\"><b>Frequ\u00eancia <\/b><\/span><\/font><\/div>\n<p><span style=\"font-size: 14px;\">                             <\/span><\/p>\n<div class=\"right\"><font face=\"Arial\"><span style=\"font-size: 14px;\">60 Hz<\/span><\/font><\/div>\n<p><span style=\"font-size: 14px;\">                         <\/span><\/div>\n<p><span style=\"font-size: 14px;\">                                             <\/span><\/p>\n<div class=\"item\"><span style=\"font-size: 14px;\">                             <\/span><\/p>\n<div class=\"left\"><font face=\"Arial\"><span style=\"font-size: 14px;\"><b>Medidas da Caixa (mm) AxLxP <\/b><\/span><\/font><\/div>\n<p><span style=\"font-size: 14px;\">                             <\/span><\/p>\n<div class=\"right\"><font face=\"Arial\"><span style=\"font-size: 14px;\">290 x 670 x 490<\/span><\/font><\/div>\n<p><span style=\"font-size: 14px;\">                         <\/span><\/div>\n<p><span style=\"font-size: 14px;\">                                             <\/span><\/p>\n<div class=\"item\"><span style=\"font-size: 14px;\">                             <\/span><\/p>\n<div class=\"left\"><font face=\"Arial\"><span style=\"font-size: 14px;\"><b>Medidas do produto (mm) AxLxP <\/b><\/span><\/font><\/div>\n<p><span style=\"font-size: 14px;\">                             <\/span><\/p>\n<div class=\"right\"><font face=\"Arial\"><span style=\"font-size: 14px;\">270 x 570 x 260<\/span><\/font><\/div>\n<p><span style=\"font-size: 14px;\">                         <\/span><\/div>\n<p><span style=\"font-size: 14px;\">                                             <\/span><\/p>\n<div class=\"item\"><span style=\"font-size: 14px;\">                             <\/span><\/p>\n<div class=\"left\"><font face=\"Arial\"><span style=\"font-size: 14px;\"><b>Motor <\/b><\/span><\/font><\/div>\n<p><span style=\"font-size: 14px;\">                             <\/span><\/p>\n<div class=\"right\"><font face=\"Arial\"><span style=\"font-size: 14px;\">1\/3 cv<\/span><\/font><\/div>\n<p><span style=\"font-size: 14px;\">                         <\/span><\/div>\n<p><span style=\"font-size: 14px;\">                                             <\/span><\/p>\n<div class=\"item\"><span style=\"font-size: 14px;\">                             <\/span><\/p>\n<div class=\"left\"><font face=\"Arial\"><span style=\"font-size: 14px;\"><b>Peso l\u00edquido <\/b><\/span><\/font><\/div>\n<p><span style=\"font-size: 14px;\">                             <\/span><\/p>\n<div class=\"right\"><font face=\"Arial\"><span style=\"font-size: 14px;\">30kg<\/span><\/font><\/div>\n<p><span style=\"font-size: 14px;\">                         <\/span><\/div>\n<p><span style=\"font-size: 14px;\">                                             <\/span><\/p>\n<div class=\"item\"><span style=\"font-size: 14px;\">                             <\/span><\/p>\n<div class=\"left\"><font face=\"Arial\"><span style=\"font-size: 14px;\"><b>Pot\u00eancia do aparelho <\/b><\/span><\/font><\/div>\n<p><span style=\"font-size: 14px;\">                             <\/span><\/p>\n<div class=\"right\"><font face=\"Arial\"><span style=\"font-size: 14px;\">427\/390 W<\/span><\/font><\/div>\n<\/p><\/div>\n<div class=\"item\">\n<div class=\"left\">Tens\u00e3o <\/div>\n<div class=\"right\">127\/220 V<\/div>\n<\/p><\/div>\n<\/div>\n","protected":false},"excerpt":{"rendered":"<p>Especifica\u00e7\u00f5es T\u00e9cnicas Capacidade 3kg de massa pronta Cilindros laminadores cromados: Largura: 300mm | Di\u00e2metro: 57mm | Abertura entre cilindros: 8mm Frequ\u00eancia 60 Hz Medidas da Caixa (mm) AxLxP 290 x 670 x 490 Medidas do produto (mm) AxLxP 270 x 570 x 260 Motor 1\/3 cv Peso l\u00edquido 30kg Pot\u00eancia do aparelho 427\/390 W Tens\u00e3o [&hellip;]<\/p>\n","protected":false},"featured_media":12395,"comment_status":"open","ping_status":"closed","template":"","meta":[],"product_brand":[],"product_cat":[317,440],"product_tag":[733],"class_list":{"0":"post-12397","1":"product","2":"type-product","3":"status-publish","4":"has-post-thumbnail","6":"product_cat-sova-facil-massa","7":"product_cat-maquinas","8":"product_tag-sova-facil-capacidade-de-ate-3kg-de-massa-arke","10":"first","11":"instock","12":"shipping-taxable","13":"purchasable","14":"product-type-simple"},"_links":{"self":[{"href":"https:\/\/twsites.com.br\/novomigcenter\/index.php?rest_route=\/wp\/v2\/product\/12397","targetHints":{"allow":["GET"]}}],"collection":[{"href":"https:\/\/twsites.com.br\/novomigcenter\/index.php?rest_route=\/wp\/v2\/product"}],"about":[{"href":"https:\/\/twsites.com.br\/novomigcenter\/index.php?rest_route=\/wp\/v2\/types\/product"}],"replies":[{"embeddable":true,"href":"https:\/\/twsites.com.br\/novomigcenter\/index.php?rest_route=%2Fwp%2Fv2%2Fcomments&post=12397"}],"wp:featuredmedia":[{"embeddable":true,"href":"https:\/\/twsites.com.br\/novomigcenter\/index.php?rest_route=\/wp\/v2\/media\/12395"}],"wp:attachment":[{"href":"https:\/\/twsites.com.br\/novomigcenter\/index.php?rest_route=%2Fwp%2Fv2%2Fmedia&parent=12397"}],"wp:term":[{"taxonomy":"product_brand","embeddable":true,"href":"https:\/\/twsites.com.br\/novomigcenter\/index.php?rest_route=%2Fwp%2Fv2%2Fproduct_brand&post=12397"},{"taxonomy":"product_cat","embeddable":true,"href":"https:\/\/twsites.com.br\/novomigcenter\/index.php?rest_route=%2Fwp%2Fv2%2Fproduct_cat&post=12397"},{"taxonomy":"product_tag","embeddable":true,"href":"https:\/\/twsites.com.br\/novomigcenter\/index.php?rest_route=%2Fwp%2Fv2%2Fproduct_tag&post=12397"}],"curies":[{"name":"wp","href":"https:\/\/api.w.org\/{rel}","templated":true}]}}