{"id":12407,"date":"2018-05-21T15:38:44","date_gmt":"2018-05-21T15:38:44","guid":{"rendered":"https:\/\/twsites.com.br\/novomigcenter\/?product=assador-eletrico-rotativo-5-espetos-vitta-smart-05"},"modified":"2018-05-21T15:38:44","modified_gmt":"2018-05-21T15:38:44","slug":"assador-eletrico-rotativo-5-espetos-vitta-smart-05","status":"publish","type":"product","link":"https:\/\/twsites.com.br\/novomigcenter\/?product=assador-eletrico-rotativo-5-espetos-vitta-smart-05","title":{"rendered":"Assador El\u00e9trico Rotativo 5 Espetos &#8211; VITTA SMART"},"content":{"rendered":"<div class=\"content\">\n<div class=\"item\">\n<div class=\"left\"><b><br \/><\/b><\/div>\n<p><span style=\"font-size: 14px;\"><b>                         <\/b><\/span><\/div>\n<p><span style=\"font-size: 14px;\"><b>                                             <\/b><\/span><\/p>\n<div class=\"item\"><span style=\"font-size: 14px;\"><b>                             <\/b><\/span><\/p>\n<div class=\"left\"><font face=\"Arial\"><span style=\"font-size: 14px;\"><b>Medidas externas <\/b><\/span><\/font><\/div>\n<p><span style=\"font-size: 14px;\">                             <\/span><\/p>\n<div class=\"right\"><font face=\"Arial\"><span style=\"font-size: 14px;\"><b>Altura:<\/b> 670 | Largura: 551mm| Profundidade: 340 mm<\/span><\/font><\/div>\n<p><span style=\"font-size: 14px;\">                         <\/span><\/div>\n<p><span style=\"font-size: 14px;\">                                             <\/span><\/p>\n<div class=\"item\"><span style=\"font-size: 14px;\">                             <\/span><\/p>\n<div class=\"left\"><font face=\"Arial\"><span style=\"font-size: 14px;\"><br \/><\/span><\/font><\/div>\n<div class=\"left\"><font face=\"Arial\"><span style=\"font-size: 14px;\"><b>Medidas internas:<\/b><\/span><\/font><\/div>\n<p><span style=\"font-size: 14px;\">                             <\/span><\/p>\n<div class=\"right\"><font face=\"Arial\"><span style=\"font-size: 14px;\"><b>Altura:<\/b> 619; Largura=420; Profundidade=250 mm<\/span><\/font><\/div>\n<p><span style=\"font-size: 14px;\">                         <\/span><\/div>\n<p><span style=\"font-size: 14px;\">                                             <\/span><\/p>\n<div class=\"item\"><span style=\"font-size: 14px;\">                             <\/span><\/p>\n<div class=\"left\"><font face=\"Arial\"><span style=\"font-size: 14px;\"><b>Pot\u00eancia:&nbsp;<\/b><\/span><\/font><span style=\"font-size: 14px; font-family: Arial;\">3.200W &#8211; 220v   |    2.500W &#8211; 127v<\/span><\/div>\n<p><span style=\"font-size: 14px;\">                         <\/span><\/div>\n<p><span style=\"font-size: 14px;\">                                             <\/span><\/p>\n<div class=\"item\"><span style=\"font-size: 14px;\">                             <\/span><\/p>\n<div class=\"left\"><font face=\"Arial\"><span style=\"font-size: 14px;\">Aplica\u00e7\u00e3o do aparelho <\/span><\/font><\/div>\n<p><span style=\"font-size: 14px;\">                             <\/span><\/p>\n<div class=\"right\"><font face=\"Arial\"><span style=\"font-size: 14px;\">Assamento de carnes em geral (salsich\u00e3o, carne de gado, su\u00edna, frango, peixe)<\/span><\/font><\/div>\n<p><span style=\"font-size: 14px;\">                         <\/span><\/div>\n<p><span style=\"font-size: 14px;\">                                             <\/span><\/p>\n<div class=\"item\"><span style=\"font-size: 14px;\">                             <\/span><\/p>\n<div class=\"left\"><font face=\"Arial\"><span style=\"font-size: 14px;\"><br \/><\/span><\/font><\/div>\n<div class=\"left\"><font face=\"Arial\"><span style=\"font-size: 14px;\"><b>Consumo de energia:<\/b><\/span><\/font><\/div>\n<p><span style=\"font-size: 14px;\">                             <\/span><\/p>\n<div class=\"right\"><font face=\"Arial\"><span style=\"font-size: 14px;\">2,53 kW\/h<\/span><\/font><\/div>\n<p><span style=\"font-size: 14px;\">                         <\/span><\/div>\n<p><span style=\"font-size: 14px;\">                                             <\/span><\/p>\n<div class=\"item\"><span style=\"font-size: 14px;\">                             <\/span><\/p>\n<div class=\"left\"><font face=\"Arial\"><span style=\"font-size: 14px;\"><br \/><\/span><\/font><\/div>\n<div class=\"left\"><font face=\"Arial\"><span style=\"font-size: 14px;\"><b>Giro dos espetos:<\/b><\/span><\/font><\/div>\n<p><span style=\"font-size: 14px;\">                             <\/span><\/p>\n<div class=\"right\"><font face=\"Arial\"><span style=\"font-size: 14px;\">5,5 rpm<\/span><\/font><\/div>\n<div class=\"right\"><font face=\"Arial\"><span style=\"font-size: 14px;\"><br \/><\/span><\/font><\/div>\n<p><span style=\"font-size: 14px;\">                         <\/span><\/div>\n<p><span style=\"font-size: 14px;\">                                             <\/span><\/p>\n<div class=\"item\"><span style=\"font-size: 14px;\">                             <\/span><\/p>\n<div class=\"left\"><font face=\"Arial\"><span style=\"font-size: 14px;\"><b>Medida dos espetos <\/b><\/span><\/font><\/div>\n<p><span style=\"font-size: 14px;\">                             <\/span><\/p>\n<div class=\"right\"><font face=\"Arial\"><span style=\"font-size: 14px;\">550 de l\u00e2mina + 120 de cabo = 670<\/span><\/font><\/div>\n<p><span style=\"font-size: 14px;\">                         <\/span><\/div>\n<p><span style=\"font-size: 14px;\">                                             <\/span><\/p>\n<div class=\"item\"><span style=\"font-size: 14px;\">                             <\/span><\/p>\n<div class=\"left\"><font face=\"Arial\"><span style=\"font-size: 14px;\"><br \/><\/span><\/font><\/div>\n<div class=\"left\"><font face=\"Arial\"><span style=\"font-size: 14px;\"><b>Medidas da Caixa <\/b><\/span><\/font><\/div>\n<p><span style=\"font-size: 14px;\">                             <\/span><\/p>\n<div class=\"right\"><font face=\"Arial\"><span style=\"font-size: 14px;\"><b>Altura:<\/b> 730; Largura=585; Profundidade=390 mm<\/span><\/font><\/div>\n<p><span style=\"font-size: 14px;\">                         <\/span><\/div>\n<p><span style=\"font-size: 14px;\">                                             <\/span><\/p>\n<div class=\"item\"><span style=\"font-size: 14px;\">                             <\/span><\/p>\n<div class=\"left\"><font face=\"Arial\"><span style=\"font-size: 14px;\"><br \/><\/span><\/font><\/div>\n<div class=\"left\"><font face=\"Arial\"><span style=\"font-size: 14px;\"><b>Peso:<\/b><\/span><\/font><\/div>\n<p><span style=\"font-size: 14px;\">                             <\/span><\/p>\n<div class=\"right\"><font face=\"Arial\"><span style=\"font-size: 14px;\">24 kg<\/span><\/font><\/div>\n<p><span style=\"font-size: 14px;\">                         <\/span><\/div>\n<p><span style=\"font-size: 14px;\">                                             <\/span><\/p>\n<div class=\"item\"><span style=\"font-size: 14px;\">                             <\/span><\/p>\n<div class=\"left\"><font face=\"Arial\"><span style=\"font-size: 14px;\"><br \/><\/span><\/font><\/div>\n<div class=\"left\"><font face=\"Arial\"><span style=\"font-size: 14px;\"><b>Quantidade de espetos:<\/b><\/span><\/font><\/div>\n<p><span style=\"font-size: 14px;\">                             <\/span><\/p>\n<div class=\"right\"><font face=\"Arial\"><span style=\"font-size: 14px;\">5<\/span><\/font><\/div>\n<p><span style=\"font-size: 14px;\">                         <\/span><\/div>\n<p><span style=\"font-size: 14px;\">                                             <\/span><\/p>\n<div class=\"item\"><span style=\"font-size: 14px;\">                             <\/span><\/p>\n<div class=\"left\"><font face=\"Arial\"><span style=\"font-size: 14px;\"><b>Voltagem:<\/b><\/span><\/font><\/div>\n<p><span style=\"font-size: 14px;\">                             <\/span><\/p>\n<div class=\"right\"><font face=\"Arial\"><span style=\"font-size: 14px;\">127 v ou 220 v<\/span><\/font><\/div>\n<div class=\"right\">\n<div class=\"left\"><font face=\"Arial\"><span style=\"font-size: 14px;\"><b><br \/><\/b><\/span><\/font><\/div>\n<div class=\"left\"><font face=\"Arial\"><span style=\"font-size: 14px;\"><b>Garantia:<\/b><\/span><\/font><\/div>\n<p><span style=\"font-size: 14px;\"><\/span><\/p>\n<div class=\"right\"><font face=\"Arial\"><span style=\"font-size: 14px;\">6 meses<\/span><\/font><\/div>\n<\/div><\/div>\n<\/div>\n","protected":false},"excerpt":{"rendered":"<p>Medidas externas Altura: 670 | Largura: 551mm| Profundidade: 340 mm Medidas internas: Altura: 619; Largura=420; Profundidade=250 mm Pot\u00eancia:&nbsp;3.200W &#8211; 220v | 2.500W &#8211; 127v Aplica\u00e7\u00e3o do aparelho Assamento de carnes em geral (salsich\u00e3o, carne de gado, su\u00edna, frango, peixe) Consumo de energia: 2,53 kW\/h Giro dos espetos: 5,5 rpm Medida dos espetos 550 de l\u00e2mina [&hellip;]<\/p>\n","protected":false},"featured_media":12406,"comment_status":"open","ping_status":"closed","template":"","meta":[],"product_brand":[],"product_cat":[311,440],"product_tag":[736],"class_list":{"0":"post-12407","1":"product","2":"type-product","3":"status-publish","4":"has-post-thumbnail","6":"product_cat-gira-grill","7":"product_cat-maquinas","8":"product_tag-assador-eletrico-rotativo-5-espetos-vitta-smart","10":"first","11":"instock","12":"shipping-taxable","13":"purchasable","14":"product-type-simple"},"_links":{"self":[{"href":"https:\/\/twsites.com.br\/novomigcenter\/index.php?rest_route=\/wp\/v2\/product\/12407","targetHints":{"allow":["GET"]}}],"collection":[{"href":"https:\/\/twsites.com.br\/novomigcenter\/index.php?rest_route=\/wp\/v2\/product"}],"about":[{"href":"https:\/\/twsites.com.br\/novomigcenter\/index.php?rest_route=\/wp\/v2\/types\/product"}],"replies":[{"embeddable":true,"href":"https:\/\/twsites.com.br\/novomigcenter\/index.php?rest_route=%2Fwp%2Fv2%2Fcomments&post=12407"}],"wp:featuredmedia":[{"embeddable":true,"href":"https:\/\/twsites.com.br\/novomigcenter\/index.php?rest_route=\/wp\/v2\/media\/12406"}],"wp:attachment":[{"href":"https:\/\/twsites.com.br\/novomigcenter\/index.php?rest_route=%2Fwp%2Fv2%2Fmedia&parent=12407"}],"wp:term":[{"taxonomy":"product_brand","embeddable":true,"href":"https:\/\/twsites.com.br\/novomigcenter\/index.php?rest_route=%2Fwp%2Fv2%2Fproduct_brand&post=12407"},{"taxonomy":"product_cat","embeddable":true,"href":"https:\/\/twsites.com.br\/novomigcenter\/index.php?rest_route=%2Fwp%2Fv2%2Fproduct_cat&post=12407"},{"taxonomy":"product_tag","embeddable":true,"href":"https:\/\/twsites.com.br\/novomigcenter\/index.php?rest_route=%2Fwp%2Fv2%2Fproduct_tag&post=12407"}],"curies":[{"name":"wp","href":"https:\/\/api.w.org\/{rel}","templated":true}]}}