{"id":12409,"date":"2018-05-22T15:04:27","date_gmt":"2018-05-22T15:04:27","guid":{"rendered":"https:\/\/twsites.com.br\/novomigcenter\/?product=descascador-inox-db-06-skymsen"},"modified":"2018-05-22T15:04:27","modified_gmt":"2018-05-22T15:04:27","slug":"descascador-inox-db-06-skymsen","status":"publish","type":"product","link":"https:\/\/twsites.com.br\/novomigcenter\/?product=descascador-inox-db-06-skymsen","title":{"rendered":"Descascador Inox, 6 kg Skymsen"},"content":{"rendered":"<div class=\"campos w926\" style=\"list-style-type: none; width: 916px; padding: 10px; border: 1px solid rgb(223, 223, 223); border-radius: 5px; margin-bottom: 10px; max-width: 916px; box-shadow: rgb(236, 236, 236) 0px 4px 5px 0px inset; background-position: 0% 0%; background-repeat: repeat-y;\">\n<h3 style=\"list-style-type: none; font-size: 20px; color: rgb(0, 0, 0); font-weight: bold; margin-right: 0px; margin-bottom: 0px; margin-left: 0px; padding: 0px; width: 860px; max-width: 860px; float: left;\"><font face=\"Arial\" style=\"\"><span style=\"font-size: 18px;\">Caracter\u00edsticas do Equipamento<\/span><\/font><\/h3>\n<\/div>\n<div class=\"conteudos\" style=\"list-style-type: none; margin-left: 15px;\">\n<p style=\"list-style-type: none; margin-top: 10px; margin-bottom: 10px;\"><font face=\"Arial\" style=\"\"><br \/><\/font><\/p>\n<p style=\"list-style-type: none; margin-top: 10px; margin-bottom: 10px;\"><font face=\"Arial\" style=\"\"><span style=\"font-size: 14px;\"><b>Modelo:<\/b> DB-06<\/span><br style=\"list-style-type: none;\"><span style=\"font-size: 14px;\"><b>Pot\u00eancia do Motor:<\/b> 0,25CV<\/span><br style=\"list-style-type: none;\"><span style=\"font-size: 14px;\"><b>Frequ\u00eancia: <\/b>60Hz<\/span><br style=\"list-style-type: none;\"><span style=\"font-size: 14px;\"><b>Tens\u00e3o: <\/b>127 ou 220V (Produtos Diferentes)<\/span><br style=\"list-style-type: none;\"><span style=\"font-size: 14px;\"><b>Altura:<\/b> 585.00 mm<\/span><br style=\"list-style-type: none;\"><span style=\"font-size: 14px;\"><b>Largura:<\/b> 490.00 mm<\/span><br style=\"list-style-type: none;\"><span style=\"font-size: 14px;\"><b>Profundidade:<\/b> 390.00 mm<\/span><br style=\"list-style-type: none;\"><span style=\"font-size: 14px;\"><b>Peso L\u00edquido: <\/b>20.70 kg<\/span><br style=\"list-style-type: none;\"><span style=\"font-size: 14px;\"><b>Peso Bruto: <\/b>22.50 kg&nbsp;<\/span><br style=\"list-style-type: none;\"><span style=\"font-size: 14px;\"><b>C. Fiscal:<\/b> 84386000&nbsp;<\/span><br style=\"list-style-type: none;\"><span style=\"font-size: 14px;\"><b>Produ\u00e7\u00e3o<\/b><\/span><b style=\"font-size: 14px;\">:<\/b><span style=\"font-size: 14px;\"> 120 kg\/h<\/span><br style=\"list-style-type: none;\"><span style=\"font-size: 14px;\"><b>Capacidade<\/b>: 6 kg<\/span><br style=\"list-style-type: none;\"><\/font><\/p>\n<\/div>\n<div class=\"campos w926\" style=\"list-style-type: none; width: 916px; padding: 10px; border: 1px solid rgb(223, 223, 223); border-radius: 5px; margin-bottom: 10px; max-width: 916px; box-shadow: rgb(236, 236, 236) 0px 4px 5px 0px inset; background-position: 0% 0%; background-repeat: repeat-y;\">\n<h3 style=\"list-style-type: none; font-size: 20px; color: rgb(0, 0, 0); font-weight: bold; margin-right: 0px; margin-bottom: 0px; margin-left: 0px; padding: 0px; width: 860px; max-width: 860px; float: left;\"><font face=\"Arial\" style=\"\"><span style=\"font-size: 18px;\">Caracter\u00edsticas da Embalagem<\/span><\/font><\/h3>\n<p><font face=\"Arial\" style=\"\"><br class=\"both\" style=\"list-style-type: none; clear: both;\"><\/font><\/div>\n<p><font face=\"Arial\" style=\"\"><a name=\"detalhe_produto\" style=\"list-style-type: none; color: rgb(0, 0, 0); cursor: pointer;\"><\/a><a name=\"detalhe_produto\" style=\"list-style-type: none; color: rgb(0, 0, 0); cursor: pointer;\"><\/a><\/font><\/p>\n<div class=\"conteudos\" style=\"list-style-type: none; margin-left: 15px;\">\n<p style=\"list-style-type: none; margin-top: 10px; margin-bottom: 10px;\"><font face=\"Arial\" style=\"\"><span style=\"font-size: 14px;\"><b>Altura:<\/b> 650.00 mm<\/span><br style=\"list-style-type: none;\"><span style=\"font-size: 14px;\"><b>Largura: <\/b>410.00 mm<\/span><br style=\"list-style-type: none;\"><span style=\"font-size: 14px;\"><b>Profundidade: <\/b>410.00 mm<\/span><br style=\"list-style-type: none;\"><span style=\"font-size: 14px;\"><b>Peso Bruto: <\/b>22.50 kg&nbsp;<\/span><br style=\"list-style-type: none;\"><\/font><\/p>\n<\/div>\n","protected":false},"excerpt":{"rendered":"<p>Caracter\u00edsticas do Equipamento Modelo: DB-06Pot\u00eancia do Motor: 0,25CVFrequ\u00eancia: 60HzTens\u00e3o: 127 ou 220V (Produtos Diferentes)Altura: 585.00 mmLargura: 490.00 mmProfundidade: 390.00 mmPeso L\u00edquido: 20.70 kgPeso Bruto: 22.50 kg&nbsp;C. Fiscal: 84386000&nbsp;Produ\u00e7\u00e3o: 120 kg\/hCapacidade: 6 kg Caracter\u00edsticas da Embalagem Altura: 650.00 mmLargura: 410.00 mmProfundidade: 410.00 mmPeso Bruto: 22.50 kg&nbsp;<\/p>\n","protected":false},"featured_media":12408,"comment_status":"open","ping_status":"closed","template":"","meta":[],"product_brand":[],"product_cat":[303],"product_tag":[738,737],"class_list":{"0":"post-12409","1":"product","2":"type-product","3":"status-publish","4":"has-post-thumbnail","6":"product_cat-descascador-de-legumes","7":"product_tag-6-kg-skymsen","8":"product_tag-descascador-inox","10":"first","11":"instock","12":"shipping-taxable","13":"purchasable","14":"product-type-simple"},"_links":{"self":[{"href":"https:\/\/twsites.com.br\/novomigcenter\/index.php?rest_route=\/wp\/v2\/product\/12409","targetHints":{"allow":["GET"]}}],"collection":[{"href":"https:\/\/twsites.com.br\/novomigcenter\/index.php?rest_route=\/wp\/v2\/product"}],"about":[{"href":"https:\/\/twsites.com.br\/novomigcenter\/index.php?rest_route=\/wp\/v2\/types\/product"}],"replies":[{"embeddable":true,"href":"https:\/\/twsites.com.br\/novomigcenter\/index.php?rest_route=%2Fwp%2Fv2%2Fcomments&post=12409"}],"wp:featuredmedia":[{"embeddable":true,"href":"https:\/\/twsites.com.br\/novomigcenter\/index.php?rest_route=\/wp\/v2\/media\/12408"}],"wp:attachment":[{"href":"https:\/\/twsites.com.br\/novomigcenter\/index.php?rest_route=%2Fwp%2Fv2%2Fmedia&parent=12409"}],"wp:term":[{"taxonomy":"product_brand","embeddable":true,"href":"https:\/\/twsites.com.br\/novomigcenter\/index.php?rest_route=%2Fwp%2Fv2%2Fproduct_brand&post=12409"},{"taxonomy":"product_cat","embeddable":true,"href":"https:\/\/twsites.com.br\/novomigcenter\/index.php?rest_route=%2Fwp%2Fv2%2Fproduct_cat&post=12409"},{"taxonomy":"product_tag","embeddable":true,"href":"https:\/\/twsites.com.br\/novomigcenter\/index.php?rest_route=%2Fwp%2Fv2%2Fproduct_tag&post=12409"}],"curies":[{"name":"wp","href":"https:\/\/api.w.org\/{rel}","templated":true}]}}