{"id":12415,"date":"2018-05-22T15:40:04","date_gmt":"2018-05-22T15:40:04","guid":{"rendered":"https:\/\/twsites.com.br\/novomigcenter\/?product=tacho-a-gas-7-5-l-marchesoni-th-1718"},"modified":"2018-05-22T15:40:04","modified_gmt":"2018-05-22T15:40:04","slug":"tacho-a-gas-7-5-l-marchesoni-th-1718","status":"publish","type":"product","link":"https:\/\/twsites.com.br\/novomigcenter\/?product=tacho-a-gas-7-5-l-marchesoni-th-1718","title":{"rendered":"Tacho a G\u00e1s Baixa Press\u00e3o A\u00e7o Inox 7.5L &#8211; Marchesoni"},"content":{"rendered":"<div class=\"wpb_column vc_column_container vc_col-sm-3\">\n<div class=\"vc_column-inner \">\n<div class=\"wpb_wrapper\">\n<div class=\"wpb_text_column wpb_content_element \">\n<div class=\"wpb_wrapper\">\n<h2><font face=\"Arial\"><span style=\"font-size: 18px;\"><b>Especifica\u00e7\u00f5es<\/b><\/span><\/font><\/h2>\n<\/div>\n<\/div>\n<p><span style=\"font-size: 14px;\"> <\/span><\/p>\n<div class=\"wpb_text_column wpb_content_element \"><span style=\"font-size: 14px;\"> <\/span><\/p>\n<div class=\"wpb_wrapper\"><span style=\"font-size: 14px;\"> <\/span><\/p>\n<h4><font face=\"Arial\"><span style=\"font-size: 14px;\">Capacidade<\/span><\/font><\/h4>\n<p><span style=\"font-size: 14px;\"> <\/span><\/p>\n<p><font face=\"Arial\"><span style=\"font-size: 14px;\">7,5 litros<\/span><\/font><\/p>\n<p><span style=\"font-size: 14px;\"> <\/span><\/p>\n<h4><font face=\"Arial\"><span style=\"font-size: 14px;\">Consumo<\/span><\/font><\/h4>\n<p><span style=\"font-size: 14px;\"> <\/span><\/p>\n<p><font face=\"Arial\"><span style=\"font-size: 14px;\">150g\/h \u2013 GLP<\/span><\/font><\/p>\n<p><span style=\"font-size: 14px;\"> <\/span><\/p>\n<h4><font face=\"Arial\"><span style=\"font-size: 14px;\">Alimenta\u00e7\u00e3o<\/span><\/font><\/h4>\n<p><span style=\"font-size: 14px;\"> <\/span><\/p>\n<p><font face=\"Arial\"><span style=\"font-size: 14px;\">G\u00e1s<\/span><\/font><\/p>\n<p><span style=\"font-size: 14px;\"> <\/span><\/p>\n<h4><font face=\"Arial\"><span style=\"font-size: 14px;\">Medidas (c x l x a)<\/span><\/font><\/h4>\n<p><span style=\"font-size: 14px;\"> <\/span><\/p>\n<p><font face=\"Arial\"><span style=\"font-size: 14px;\">Produto (cm): 45&nbsp;x 63&nbsp;x 27<\/span><\/font><\/p>\n<p><span style=\"font-size: 14px;\"> <\/span><\/p>\n<p><font face=\"Arial\"><span style=\"font-size: 14px;\">Embalagem&nbsp;(cm): 46&nbsp;x 50&nbsp;x 29<\/span><\/font><\/p>\n<p><span style=\"font-size: 14px;\"> <\/span><\/p>\n<h4><font face=\"Arial\"><span style=\"font-size: 14px;\">Peso l\u00edquido \/ bruto<\/span><\/font><\/h4>\n<p><span style=\"font-size: 14px;\"> <\/span><\/p>\n<p><font face=\"Arial\"><span style=\"font-size: 14px;\">4,4&nbsp;kg \/ 5,4&nbsp;kg<\/span><\/font><\/p>\n<p><span style=\"font-size: 14px;\"> <\/span><\/div>\n<p><span style=\"font-size: 14px;\"> <\/span><\/div>\n<p><span style=\"font-size: 14px;\"> <\/span><\/p>\n<div class=\"gap\" style=\"line-height: 10px; height: 10px;\"><\/div>\n<\/div>\n<\/div>\n<\/div>\n<div class=\"wpb_column vc_column_container vc_col-sm-3\">\n<div class=\"vc_column-inner \">\n<div class=\"wpb_wrapper\"><span style=\"font-size: 14px;\"> <\/span><\/p>\n<div class=\"wpb_text_column wpb_content_element \"><span style=\"font-size: 14px;\"> <\/span><\/p>\n<div class=\"wpb_wrapper\"><span style=\"font-size: 14px;\"> <\/span><\/p>\n<h2><font face=\"Arial\"><span style=\"font-size: 18px;\">Descri\u00e7\u00e3o<\/span><\/font><\/h2>\n<\/div>\n<\/div>\n<p><span style=\"font-size: 14px;\"> <\/span><\/p>\n<div class=\"wpb_text_column wpb_content_element \"><span style=\"font-size: 14px;\"> <\/span><\/p>\n<div class=\"wpb_wrapper\"><span style=\"font-size: 14px;\"> <\/span><\/p>\n<ul class=\"standard-arrow bullet-top\"><span style=\"font-size: 14px;\"> <\/span><\/p>\n<li><font face=\"Arial\"><span style=\"font-size: 14px;\">Corpo em a\u00e7o inox 430;<\/span><\/font><\/li>\n<p><span style=\"font-size: 14px;\"> <\/span><\/p>\n<li><font face=\"Arial\"><span style=\"font-size: 14px;\">Bacia esmaltada (\u00fanico material aprovado pela vigil\u00e2ncia sanit\u00e1ria);<\/span><\/font><\/li>\n<p><span style=\"font-size: 14px;\"> <\/span><\/p>\n<li><font face=\"Arial\"><span style=\"font-size: 14px;\">Baixa Press\u00e3o;<\/span><\/font><\/li>\n<p><span style=\"font-size: 14px;\"> <\/span><\/p>\n<li><font face=\"Arial\"><span style=\"font-size: 14px;\">Praticidade: Bacia remov\u00edvel \u2013 facilita a limpeza;<\/span><\/font><\/li>\n<p><span style=\"font-size: 14px;\"> <\/span><\/p>\n<li><font face=\"Arial\"><span style=\"font-size: 14px;\">Compacto: F\u00e1cil de ser transportado;<\/span><\/font><\/li>\n<p><span style=\"font-size: 14px;\"> <\/span><\/p>\n<li><font face=\"Arial\"><span style=\"font-size: 14px;\">Funcionamento atrav\u00e9s do g\u00e1s de cozinha (botij\u00e3o);<\/span><\/font><\/li>\n<p><span style=\"font-size: 14px;\"> <\/span><\/p>\n<li><font face=\"Arial\"><span style=\"font-size: 14px;\">Ideal para frituras em geral como pasteis, batatas, salgadinhos, acaraj\u00e9 e muito mais;<\/span><\/font><\/li>\n<p><span style=\"font-size: 14px;\"> <\/span><\/ul>\n<p><span style=\"font-size: 14px;\"> <\/span><\/p>\n<p><font face=\"Arial\"><span style=\"font-size: 14px;\">Indicado para lanchonetes, bares, buffets, restaurantes e com\u00e9rcio ambulante.<\/span><\/font><\/p>\n<\/p><\/div>\n<\/div>\n<\/div>\n<\/div>\n<\/div>\n","protected":false},"excerpt":{"rendered":"<p>Especifica\u00e7\u00f5es Capacidade 7,5 litros Consumo 150g\/h \u2013 GLP Alimenta\u00e7\u00e3o G\u00e1s Medidas (c x l x a) Produto (cm): 45&nbsp;x 63&nbsp;x 27 Embalagem&nbsp;(cm): 46&nbsp;x 50&nbsp;x 29 Peso l\u00edquido \/ bruto 4,4&nbsp;kg \/ 5,4&nbsp;kg Descri\u00e7\u00e3o Corpo em a\u00e7o inox 430; Bacia esmaltada (\u00fanico material aprovado pela vigil\u00e2ncia sanit\u00e1ria); Baixa Press\u00e3o; Praticidade: Bacia remov\u00edvel \u2013 facilita a limpeza; [&hellip;]<\/p>\n","protected":false},"featured_media":12411,"comment_status":"open","ping_status":"closed","template":"","meta":[],"product_brand":[],"product_cat":[403,440],"product_tag":[742],"class_list":{"0":"post-12415","1":"product","2":"type-product","3":"status-publish","4":"has-post-thumbnail","6":"product_cat-tacho-de-fritura","7":"product_cat-maquinas","8":"product_tag-tacho-a-gas-baixa-pressao-aco-inox-7-5l-marchesoni","10":"first","11":"instock","12":"shipping-taxable","13":"purchasable","14":"product-type-simple"},"_links":{"self":[{"href":"https:\/\/twsites.com.br\/novomigcenter\/index.php?rest_route=\/wp\/v2\/product\/12415","targetHints":{"allow":["GET"]}}],"collection":[{"href":"https:\/\/twsites.com.br\/novomigcenter\/index.php?rest_route=\/wp\/v2\/product"}],"about":[{"href":"https:\/\/twsites.com.br\/novomigcenter\/index.php?rest_route=\/wp\/v2\/types\/product"}],"replies":[{"embeddable":true,"href":"https:\/\/twsites.com.br\/novomigcenter\/index.php?rest_route=%2Fwp%2Fv2%2Fcomments&post=12415"}],"wp:featuredmedia":[{"embeddable":true,"href":"https:\/\/twsites.com.br\/novomigcenter\/index.php?rest_route=\/wp\/v2\/media\/12411"}],"wp:attachment":[{"href":"https:\/\/twsites.com.br\/novomigcenter\/index.php?rest_route=%2Fwp%2Fv2%2Fmedia&parent=12415"}],"wp:term":[{"taxonomy":"product_brand","embeddable":true,"href":"https:\/\/twsites.com.br\/novomigcenter\/index.php?rest_route=%2Fwp%2Fv2%2Fproduct_brand&post=12415"},{"taxonomy":"product_cat","embeddable":true,"href":"https:\/\/twsites.com.br\/novomigcenter\/index.php?rest_route=%2Fwp%2Fv2%2Fproduct_cat&post=12415"},{"taxonomy":"product_tag","embeddable":true,"href":"https:\/\/twsites.com.br\/novomigcenter\/index.php?rest_route=%2Fwp%2Fv2%2Fproduct_tag&post=12415"}],"curies":[{"name":"wp","href":"https:\/\/api.w.org\/{rel}","templated":true}]}}