{"id":12427,"date":"2018-05-22T16:18:47","date_gmt":"2018-05-22T16:18:47","guid":{"rendered":"https:\/\/twsites.com.br\/novomigcenter\/?product=esterilizador-2-bules-inox-1-8lt-cada-marchesoni"},"modified":"2018-05-22T16:18:47","modified_gmt":"2018-05-22T16:18:47","slug":"esterilizador-2-bules-inox-1-8lt-cada-marchesoni","status":"publish","type":"product","link":"https:\/\/twsites.com.br\/novomigcenter\/?product=esterilizador-2-bules-inox-1-8lt-cada-marchesoni","title":{"rendered":"Esterilizador 2 Bules Inox 1.8lt cada &#8211; Marchesoni"},"content":{"rendered":"<div class=\"wpb_column vc_column_container vc_col-sm-3\">\n<div class=\"vc_column-inner \">\n<div class=\"wpb_wrapper\">\n<div class=\"wpb_text_column wpb_content_element \">\n<div class=\"wpb_wrapper\">\n<h2><font face=\"Arial\"><span style=\"font-size: 18px;\">Especifica\u00e7\u00f5es<\/span><\/font><\/h2>\n<\/div>\n<\/div>\n<p><span style=\"font-size: 14px;\"> <\/span><\/p>\n<div class=\"wpb_text_column wpb_content_element \"><span style=\"font-size: 14px;\"> <\/span><\/p>\n<div class=\"wpb_wrapper\"><span style=\"font-size: 14px;\"> <\/span><\/p>\n<h4><font face=\"Arial\"><span style=\"font-size: 14px;\">Bules<\/span><\/font><\/h4>\n<p><span style=\"font-size: 14px;\"> <\/span><\/p>\n<p><font face=\"Arial\"><span style=\"font-size: 14px;\">2 bules \/ 1,8 litros cada<\/span><\/font><\/p>\n<p><span style=\"font-size: 14px;\"> <\/span><\/p>\n<h4><font face=\"Arial\"><span style=\"font-size: 14px;\"><b>Consumo:<\/b><\/span><\/font><\/h4>\n<p><span style=\"font-size: 14px;\"> <\/span><\/p>\n<p><font face=\"Arial\"><span style=\"font-size: 14px;\">750W \/ 0,75kw\/h<\/span><\/font><\/p>\n<p><span style=\"font-size: 14px;\"> <\/span><\/p>\n<h4><font face=\"Arial\"><span style=\"font-size: 14px;\"><b>Alimenta\u00e7\u00e3o:<\/b><\/span><\/font><\/h4>\n<p><span style=\"font-size: 14px;\"> <\/span><\/p>\n<p><font face=\"Arial\"><span style=\"font-size: 14px;\">127V \/ 220V<\/span><\/font><\/p>\n<p><span style=\"font-size: 14px;\"> <\/span><\/p>\n<h4><font face=\"Arial\"><span style=\"font-size: 14px;\"><b>Dimens\u00f5es:<\/b> (CxLxA)<\/span><\/font><\/h4>\n<p><span style=\"font-size: 14px;\"> <\/span><\/p>\n<p><font face=\"Arial\"><span style=\"font-size: 14px;\"><b>Produto:<\/b> 38 x 31 x 30 (cm)<\/span><\/font><\/p>\n<p><span style=\"font-size: 14px;\"> <\/span><\/p>\n<p><font face=\"Arial\"><span style=\"font-size: 14px;\"><b>Embalagem: <\/b>42 x 42 x 33 (cm)<\/span><\/font><\/p>\n<p><span style=\"font-size: 14px;\"> <\/span><\/p>\n<h4><font face=\"Arial\"><span style=\"font-size: 14px;\"><b>Peso: l\u00edquido \/ bruto<\/b><\/span><\/font><\/h4>\n<p><span style=\"font-size: 14px;\"> <\/span><\/p>\n<p><font face=\"Arial\"><span style=\"font-size: 14px;\">&nbsp; &nbsp; &nbsp; &nbsp; &nbsp; 2,6 kg \/ 3,2 kg<\/span><\/font><\/p>\n<p><span style=\"font-size: 14px;\"> <\/span><\/div>\n<p><span style=\"font-size: 14px;\"> <\/span><\/div>\n<p><span style=\"font-size: 14px;\"> <\/span><\/p>\n<div class=\"gap\" style=\"line-height: 10px; height: 10px;\"><\/div>\n<p><span style=\"font-size: 14px;\"> <\/span><\/p>\n<div class=\"wpb_text_column wpb_content_element \"><span style=\"font-size: 14px;\"> <\/span><\/p>\n<div class=\"wpb_wrapper\"><span style=\"font-size: 14px;\"> <\/span><\/p>\n<h4><font face=\"Arial\"><span style=\"font-size: 14px;\">Produto certificado de acordo com a portaria Inmetro n\u00ba 371 de 2009.<\/span><\/font><\/h4>\n<p><span style=\"font-size: 14px;\"> <\/span><\/div>\n<p><span style=\"font-size: 14px;\"> <\/span><\/div>\n<p><span style=\"font-size: 14px;\"> <\/span><\/div>\n<\/div>\n<\/div>\n<div class=\"wpb_column vc_column_container vc_col-sm-3\">\n<div class=\"vc_column-inner \">\n<div class=\"wpb_wrapper\"><span style=\"font-size: 14px;\"> <\/span><\/p>\n<div class=\"wpb_text_column wpb_content_element \"><span style=\"font-size: 14px;\"><b> <\/b><\/span><\/p>\n<div class=\"wpb_wrapper\"><span style=\"font-size: 14px;\"><b> <\/b><\/span><\/p>\n<h2><font face=\"Arial\"><span style=\"font-size: 18px;\"><b>Descri\u00e7\u00e3o<\/b><\/span><\/font><\/h2>\n<p><span style=\"font-size: 14px;\"> <\/span><\/div>\n<p><span style=\"font-size: 14px;\"> <\/span><\/div>\n<p><span style=\"font-size: 14px;\"> <\/span><\/p>\n<div class=\"wpb_text_column wpb_content_element \">\n<div class=\"wpb_wrapper\">\n<ul class=\"standard-arrow bullet-top\">\n<li><font face=\"Arial\"><span style=\"font-size: 14px;\">Corpo em a\u00e7o inoxid\u00e1vel 430 refor\u00e7ado;<\/span><\/font><\/li>\n<p><span style=\"font-size: 14px;\"> <\/span><\/p>\n<li><font face=\"Arial\"><span style=\"font-size: 14px;\">Bule Tradicional em a\u00e7o 304. (material indicado para o contato com alimentos e bebidas);<\/span><\/font><\/li>\n<p><span style=\"font-size: 14px;\"> <\/span><\/p>\n<li><font face=\"Arial\"><span style=\"font-size: 14px;\">Resist\u00eancia tubular em inox blindada;<\/span><\/font><\/li>\n<p><span style=\"font-size: 14px;\"> <\/span><\/p>\n<li><font face=\"Arial\"><span style=\"font-size: 14px;\">P\u00e9s de borracha anti-derrapante;<\/span><\/font><\/li>\n<p><span style=\"font-size: 14px;\"> <\/span><\/p>\n<li><font face=\"Arial\"><span style=\"font-size: 14px;\">Termostato regul\u00e1vel de 20\u00baC a 120\u00baC;<\/span><\/font><\/li>\n<p><span style=\"font-size: 14px;\"> <\/span><\/p>\n<li><font face=\"Arial\"><span style=\"font-size: 14px;\">Ideal para servir e manter quente caf\u00e9, leite, ch\u00e1s e achocolatado;<\/span><\/font><\/li>\n<p><span style=\"font-size: 14px;\"> <\/span><\/p>\n<li><font face=\"Arial\"><span style=\"font-size: 14px;\">Indicados para bares, padarias, restaurantes, cafeterias, lanchonetes e servi\u00e7os de alimenta\u00e7\u00e3o em geral.<\/span><\/font><\/li>\n<\/ul><\/div>\n<\/div>\n<\/div>\n<\/div>\n<\/div>\n","protected":false},"excerpt":{"rendered":"<p>Especifica\u00e7\u00f5es Bules 2 bules \/ 1,8 litros cada Consumo: 750W \/ 0,75kw\/h Alimenta\u00e7\u00e3o: 127V \/ 220V Dimens\u00f5es: (CxLxA) Produto: 38 x 31 x 30 (cm) Embalagem: 42 x 42 x 33 (cm) Peso: l\u00edquido \/ bruto &nbsp; &nbsp; &nbsp; &nbsp; &nbsp; 2,6 kg \/ 3,2 kg Produto certificado de acordo com a portaria Inmetro n\u00ba [&hellip;]<\/p>\n","protected":false},"featured_media":12426,"comment_status":"open","ping_status":"closed","template":"","meta":[],"product_brand":[],"product_cat":[304,440],"product_tag":[749],"class_list":{"0":"post-12427","1":"product","2":"type-product","3":"status-publish","4":"has-post-thumbnail","6":"product_cat-esterilizador","7":"product_cat-maquinas","8":"product_tag-esterilizador-2-bules-inox-1-8lt-cada-marchesoni","10":"first","11":"instock","12":"shipping-taxable","13":"purchasable","14":"product-type-simple"},"_links":{"self":[{"href":"https:\/\/twsites.com.br\/novomigcenter\/index.php?rest_route=\/wp\/v2\/product\/12427","targetHints":{"allow":["GET"]}}],"collection":[{"href":"https:\/\/twsites.com.br\/novomigcenter\/index.php?rest_route=\/wp\/v2\/product"}],"about":[{"href":"https:\/\/twsites.com.br\/novomigcenter\/index.php?rest_route=\/wp\/v2\/types\/product"}],"replies":[{"embeddable":true,"href":"https:\/\/twsites.com.br\/novomigcenter\/index.php?rest_route=%2Fwp%2Fv2%2Fcomments&post=12427"}],"wp:featuredmedia":[{"embeddable":true,"href":"https:\/\/twsites.com.br\/novomigcenter\/index.php?rest_route=\/wp\/v2\/media\/12426"}],"wp:attachment":[{"href":"https:\/\/twsites.com.br\/novomigcenter\/index.php?rest_route=%2Fwp%2Fv2%2Fmedia&parent=12427"}],"wp:term":[{"taxonomy":"product_brand","embeddable":true,"href":"https:\/\/twsites.com.br\/novomigcenter\/index.php?rest_route=%2Fwp%2Fv2%2Fproduct_brand&post=12427"},{"taxonomy":"product_cat","embeddable":true,"href":"https:\/\/twsites.com.br\/novomigcenter\/index.php?rest_route=%2Fwp%2Fv2%2Fproduct_cat&post=12427"},{"taxonomy":"product_tag","embeddable":true,"href":"https:\/\/twsites.com.br\/novomigcenter\/index.php?rest_route=%2Fwp%2Fv2%2Fproduct_tag&post=12427"}],"curies":[{"name":"wp","href":"https:\/\/api.w.org\/{rel}","templated":true}]}}