{"id":12439,"date":"2018-05-25T15:34:49","date_gmt":"2018-05-25T15:34:49","guid":{"rendered":"https:\/\/twsites.com.br\/novomigcenter\/?product=exaustor-50-cm-vitalex"},"modified":"2018-05-25T15:34:49","modified_gmt":"2018-05-25T15:34:49","slug":"exaustor-50-cm-vitalex","status":"publish","type":"product","link":"https:\/\/twsites.com.br\/novomigcenter\/?product=exaustor-50-cm-vitalex","title":{"rendered":"EXAUSTOR 50CM -VITALEX"},"content":{"rendered":"<table class=\"avia-table avia-data-table avia-table-1  avia-builder-el-4  el_before_av_textblock  avia-builder-el-first  avia_pricing_default\" itemscope=\"itemscope\" itemtype=\"https:\/\/schema.org\/Table\" style=\"font-family: -webkit-standard;\">\n<tbody>\n<tr class=\"\">\n<th class=\"avia-desc-col\"><font face=\"Arial\"><span style=\"font-size: 14px;\">Modelo<\/span><\/font><\/th>\n<td class=\"\"><font face=\"Arial\"><span style=\"font-size: 14px;\">EX50\/127 \u2013 EX50\/220<\/span><\/font><\/td>\n<\/tr>\n<tr class=\"\">\n<th class=\"avia-desc-col\"><font face=\"Arial\"><span style=\"font-size: 14px;\">Di\u00e2metro \/ Profundidade<\/span><\/font><\/th>\n<td class=\"\"><font face=\"Arial\"><span style=\"font-size: 14px;\">500x200mm<\/span><\/font><\/td>\n<\/tr>\n<tr class=\"\">\n<th class=\"avia-desc-col\"><font face=\"Arial\"><span style=\"font-size: 14px;\">Tens\u00e3o (Monovolt)<\/span><\/font><\/th>\n<td class=\"\"><font face=\"Arial\"><span style=\"font-size: 14px;\">127V ou 220V<\/span><\/font><\/td>\n<\/tr>\n<tr class=\"\">\n<th class=\"avia-desc-col\"><font face=\"Arial\"><span style=\"font-size: 14px;\">Pot\u00eancia El\u00e9trica<\/span><\/font><\/th>\n<td class=\"\"><font face=\"Arial\"><span style=\"font-size: 14px;\">110W<\/span><\/font><\/td>\n<\/tr>\n<tr class=\"\">\n<th class=\"avia-desc-col\"><font face=\"Arial\"><span style=\"font-size: 14px;\">Frequencia<\/span><\/font><\/th>\n<td class=\"\"><font face=\"Arial\"><span style=\"font-size: 14px;\">50Hz \/ 60Hz<\/span><\/font><\/td>\n<\/tr>\n<tr class=\"\">\n<th class=\"avia-desc-col\"><font face=\"Arial\"><span style=\"font-size: 14px;\">Pot\u00eancia Motor<\/span><\/font><\/th>\n<td class=\"\"><font face=\"Arial\"><span style=\"font-size: 14px;\">1\/4 CV (HP)<\/span><\/font><\/td>\n<\/tr>\n<tr class=\"\">\n<th class=\"avia-desc-col\"><font face=\"Arial\"><span style=\"font-size: 14px;\">Rota\u00e7\u00e3o<\/span><\/font><\/th>\n<td class=\"\"><font face=\"Arial\"><span style=\"font-size: 14px;\">1700 rpm<\/span><\/font><\/td>\n<\/tr>\n<tr class=\"\">\n<th class=\"avia-desc-col\"><font face=\"Arial\"><span style=\"font-size: 14px;\">Vaz\u00e3o<\/span><\/font><\/th>\n<td class=\"\"><font face=\"Arial\"><span style=\"font-size: 14px;\">6500 m\u00b3\/h<\/span><\/font><\/td>\n<\/tr>\n<tr class=\"\">\n<th class=\"avia-desc-col\"><font face=\"Arial\"><span style=\"font-size: 14px;\">Ru\u00eddo<\/span><\/font><\/th>\n<td class=\"\"><font face=\"Arial\"><span style=\"font-size: 14px;\">70dB<\/span><\/font><\/td>\n<\/tr>\n<tr class=\"\">\n<th class=\"avia-desc-col\"><font face=\"Arial\"><span style=\"font-size: 14px;\">CHAVE DE REVERS\u00c3O<\/span><\/font><\/th>\n<td class=\"\"><font face=\"Arial\"><span style=\"font-size: 14px;\">Exaust\u00e3o e Ventila\u00e7\u00e3o<\/span><\/font><\/td>\n<\/tr>\n<tr class=\"\">\n<th class=\"avia-desc-col\"><font face=\"Arial\"><span style=\"font-size: 14px;\">Pintura<\/span><\/font><\/th>\n<td class=\"\"><font face=\"Arial\"><span style=\"font-size: 14px;\">Eletrost\u00e1tica\/Epoxi<\/span><\/font><\/td>\n<\/tr>\n<tr class=\"\">\n<th class=\"avia-desc-col\"><font face=\"Arial\"><span style=\"font-size: 14px;\">Peso L\u00edquido<\/span><\/font><\/th>\n<td class=\"\"><font face=\"Arial\"><span style=\"font-size: 14px;\">8,530 kg<\/span><\/font><\/td>\n<\/tr>\n<tr class=\"\">\n<th class=\"avia-desc-col\"><font face=\"Arial\"><span style=\"font-size: 14px;\">Conformidade<\/span><\/font><\/th>\n<td class=\"\"><font face=\"Arial\"><span style=\"font-size: 14px;\">Portaria 371<\/span><\/font><\/td>\n<\/tr>\n<\/tbody>\n<\/table>\n","protected":false},"excerpt":{"rendered":"<p>Modelo EX50\/127 \u2013 EX50\/220 Di\u00e2metro \/ Profundidade 500x200mm Tens\u00e3o (Monovolt) 127V ou 220V Pot\u00eancia El\u00e9trica 110W Frequencia 50Hz \/ 60Hz Pot\u00eancia Motor 1\/4 CV (HP) Rota\u00e7\u00e3o 1700 rpm Vaz\u00e3o 6500 m\u00b3\/h Ru\u00eddo 70dB CHAVE DE REVERS\u00c3O Exaust\u00e3o e Ventila\u00e7\u00e3o Pintura Eletrost\u00e1tica\/Epoxi Peso L\u00edquido 8,530 kg Conformidade Portaria 371<\/p>\n","protected":false},"featured_media":12438,"comment_status":"open","ping_status":"closed","template":"","meta":[],"product_brand":[],"product_cat":[305,440],"product_tag":[752],"class_list":{"0":"post-12439","1":"product","2":"type-product","3":"status-publish","4":"has-post-thumbnail","6":"product_cat-exaustor","7":"product_cat-maquinas","8":"product_tag-exaustor-50cm-vitalex","10":"first","11":"instock","12":"shipping-taxable","13":"purchasable","14":"product-type-simple"},"_links":{"self":[{"href":"https:\/\/twsites.com.br\/novomigcenter\/index.php?rest_route=\/wp\/v2\/product\/12439","targetHints":{"allow":["GET"]}}],"collection":[{"href":"https:\/\/twsites.com.br\/novomigcenter\/index.php?rest_route=\/wp\/v2\/product"}],"about":[{"href":"https:\/\/twsites.com.br\/novomigcenter\/index.php?rest_route=\/wp\/v2\/types\/product"}],"replies":[{"embeddable":true,"href":"https:\/\/twsites.com.br\/novomigcenter\/index.php?rest_route=%2Fwp%2Fv2%2Fcomments&post=12439"}],"wp:featuredmedia":[{"embeddable":true,"href":"https:\/\/twsites.com.br\/novomigcenter\/index.php?rest_route=\/wp\/v2\/media\/12438"}],"wp:attachment":[{"href":"https:\/\/twsites.com.br\/novomigcenter\/index.php?rest_route=%2Fwp%2Fv2%2Fmedia&parent=12439"}],"wp:term":[{"taxonomy":"product_brand","embeddable":true,"href":"https:\/\/twsites.com.br\/novomigcenter\/index.php?rest_route=%2Fwp%2Fv2%2Fproduct_brand&post=12439"},{"taxonomy":"product_cat","embeddable":true,"href":"https:\/\/twsites.com.br\/novomigcenter\/index.php?rest_route=%2Fwp%2Fv2%2Fproduct_cat&post=12439"},{"taxonomy":"product_tag","embeddable":true,"href":"https:\/\/twsites.com.br\/novomigcenter\/index.php?rest_route=%2Fwp%2Fv2%2Fproduct_tag&post=12439"}],"curies":[{"name":"wp","href":"https:\/\/api.w.org\/{rel}","templated":true}]}}