{"id":12443,"date":"2018-05-25T15:38:04","date_gmt":"2018-05-25T15:38:04","guid":{"rendered":"https:\/\/twsites.com.br\/novomigcenter\/?product=exaustor-30cm-vitalex"},"modified":"2018-05-25T15:38:04","modified_gmt":"2018-05-25T15:38:04","slug":"exaustor-30cm-vitalex","status":"publish","type":"product","link":"https:\/\/twsites.com.br\/novomigcenter\/?product=exaustor-30cm-vitalex","title":{"rendered":"EXAUSTOR 30CM &#8211; VITALEX"},"content":{"rendered":"<table class=\"avia-table avia-data-table avia-table-1  avia-builder-el-4  el_before_av_textblock  avia-builder-el-first  avia_pricing_default\" itemscope=\"itemscope\" itemtype=\"https:\/\/schema.org\/Table\" style=\"font-family: -webkit-standard;\">\n<tbody>\n<tr class=\"\">\n<th class=\"avia-desc-col\"><font face=\"Arial\"><span style=\"font-size: 14px;\">Modelo<\/span><\/font><\/th>\n<td class=\"\"><font face=\"Arial\"><span style=\"font-size: 14px;\">&nbsp;EX30\/127 \u2013 EX30\/220<\/span><\/font><\/td>\n<\/tr>\n<tr class=\"\">\n<th class=\"avia-desc-col\"><font face=\"Arial\"><span style=\"font-size: 14px;\">Di\u00e2metro \/ Profundidade<\/span><\/font><\/th>\n<td class=\"\"><font face=\"Arial\"><span style=\"font-size: 14px;\">&nbsp;300x200mm<\/span><\/font><\/td>\n<\/tr>\n<tr class=\"\">\n<th class=\"avia-desc-col\"><font face=\"Arial\"><span style=\"font-size: 14px;\">Tens\u00e3o (Monovolt)<\/span><\/font><\/th>\n<td class=\"\"><font face=\"Arial\"><span style=\"font-size: 14px;\">&nbsp;127V ou 220V<\/span><\/font><\/td>\n<\/tr>\n<tr class=\"\">\n<th class=\"avia-desc-col\"><font face=\"Arial\"><span style=\"font-size: 14px;\">Pot\u00eancia El\u00e9trica<\/span><\/font><\/th>\n<td class=\"\"><font face=\"Arial\"><span style=\"font-size: 14px;\">&nbsp;73W<\/span><\/font><\/td>\n<\/tr>\n<tr class=\"\">\n<th class=\"avia-desc-col\"><font face=\"Arial\"><span style=\"font-size: 14px;\">Frequencia<\/span><\/font><\/th>\n<td class=\"\"><font face=\"Arial\"><span style=\"font-size: 14px;\">&nbsp;50Hz \/ 60Hz<\/span><\/font><\/td>\n<\/tr>\n<tr class=\"\">\n<th class=\"avia-desc-col\"><font face=\"Arial\"><span style=\"font-size: 14px;\">Pot\u00eancia Motor<\/span><\/font><\/th>\n<td class=\"\"><font face=\"Arial\"><span style=\"font-size: 14px;\">&nbsp;1\/4 CV (HP)<\/span><\/font><\/td>\n<\/tr>\n<tr class=\"\">\n<th class=\"avia-desc-col\"><font face=\"Arial\"><span style=\"font-size: 14px;\">Rota\u00e7\u00e3o<\/span><\/font><\/th>\n<td class=\"\"><font face=\"Arial\"><span style=\"font-size: 14px;\">&nbsp;1700 rpm<\/span><\/font><\/td>\n<\/tr>\n<tr class=\"\">\n<th class=\"avia-desc-col\"><font face=\"Arial\"><span style=\"font-size: 14px;\">Vaz\u00e3o<\/span><\/font><\/th>\n<td class=\"\"><font face=\"Arial\"><span style=\"font-size: 14px;\">&nbsp;1500 m\u00b3\/h<\/span><\/font><\/td>\n<\/tr>\n<tr class=\"\">\n<th class=\"avia-desc-col\"><font face=\"Arial\"><span style=\"font-size: 14px;\">Ru\u00eddo<\/span><\/font><\/th>\n<td class=\"\"><font face=\"Arial\"><span style=\"font-size: 14px;\">&nbsp;58dB<\/span><\/font><\/td>\n<\/tr>\n<tr class=\"\">\n<th class=\"avia-desc-col\"><font face=\"Arial\"><span style=\"font-size: 14px;\">CHAVE DE REVERS\u00c3O<\/span><\/font><\/th>\n<td class=\"\"><font face=\"Arial\"><span style=\"font-size: 14px;\">&nbsp;Exaust\u00e3o e Ventila\u00e7\u00e3o<\/span><\/font><\/td>\n<\/tr>\n<tr class=\"\">\n<th class=\"avia-desc-col\"><font face=\"Arial\"><span style=\"font-size: 14px;\">Pintura<\/span><\/font><\/th>\n<td class=\"\"><font face=\"Arial\"><span style=\"font-size: 14px;\">&nbsp;Eletrost\u00e1tica\/Epoxi<\/span><\/font><\/td>\n<\/tr>\n<tr class=\"\">\n<th class=\"avia-desc-col\"><font face=\"Arial\"><span style=\"font-size: 14px;\">Peso L\u00edquido<\/span><\/font><\/th>\n<td class=\"\"><font face=\"Arial\"><span style=\"font-size: 14px;\">&nbsp;5,825 kg<\/span><\/font><\/td>\n<\/tr>\n<tr class=\"\">\n<th class=\"avia-desc-col\"><font face=\"Arial\"><span style=\"font-size: 14px;\">Conformidade<\/span><\/font><\/th>\n<td class=\"\"><font face=\"Arial\"><span style=\"font-size: 14px;\">&nbsp;Portaria 371<\/span><\/font><\/td>\n<\/tr>\n<\/tbody>\n<\/table>\n","protected":false},"excerpt":{"rendered":"<p>Modelo &nbsp;EX30\/127 \u2013 EX30\/220 Di\u00e2metro \/ Profundidade &nbsp;300x200mm Tens\u00e3o (Monovolt) &nbsp;127V ou 220V Pot\u00eancia El\u00e9trica &nbsp;73W Frequencia &nbsp;50Hz \/ 60Hz Pot\u00eancia Motor &nbsp;1\/4 CV (HP) Rota\u00e7\u00e3o &nbsp;1700 rpm Vaz\u00e3o &nbsp;1500 m\u00b3\/h Ru\u00eddo &nbsp;58dB CHAVE DE REVERS\u00c3O &nbsp;Exaust\u00e3o e Ventila\u00e7\u00e3o Pintura &nbsp;Eletrost\u00e1tica\/Epoxi Peso L\u00edquido &nbsp;5,825 kg Conformidade &nbsp;Portaria 371<\/p>\n","protected":false},"featured_media":12442,"comment_status":"open","ping_status":"closed","template":"","meta":[],"product_brand":[],"product_cat":[305,440],"product_tag":[754],"class_list":{"0":"post-12443","1":"product","2":"type-product","3":"status-publish","4":"has-post-thumbnail","6":"product_cat-exaustor","7":"product_cat-maquinas","8":"product_tag-exaustor-30cm-vitalex","10":"first","11":"instock","12":"shipping-taxable","13":"purchasable","14":"product-type-simple"},"_links":{"self":[{"href":"https:\/\/twsites.com.br\/novomigcenter\/index.php?rest_route=\/wp\/v2\/product\/12443","targetHints":{"allow":["GET"]}}],"collection":[{"href":"https:\/\/twsites.com.br\/novomigcenter\/index.php?rest_route=\/wp\/v2\/product"}],"about":[{"href":"https:\/\/twsites.com.br\/novomigcenter\/index.php?rest_route=\/wp\/v2\/types\/product"}],"replies":[{"embeddable":true,"href":"https:\/\/twsites.com.br\/novomigcenter\/index.php?rest_route=%2Fwp%2Fv2%2Fcomments&post=12443"}],"wp:featuredmedia":[{"embeddable":true,"href":"https:\/\/twsites.com.br\/novomigcenter\/index.php?rest_route=\/wp\/v2\/media\/12442"}],"wp:attachment":[{"href":"https:\/\/twsites.com.br\/novomigcenter\/index.php?rest_route=%2Fwp%2Fv2%2Fmedia&parent=12443"}],"wp:term":[{"taxonomy":"product_brand","embeddable":true,"href":"https:\/\/twsites.com.br\/novomigcenter\/index.php?rest_route=%2Fwp%2Fv2%2Fproduct_brand&post=12443"},{"taxonomy":"product_cat","embeddable":true,"href":"https:\/\/twsites.com.br\/novomigcenter\/index.php?rest_route=%2Fwp%2Fv2%2Fproduct_cat&post=12443"},{"taxonomy":"product_tag","embeddable":true,"href":"https:\/\/twsites.com.br\/novomigcenter\/index.php?rest_route=%2Fwp%2Fv2%2Fproduct_tag&post=12443"}],"curies":[{"name":"wp","href":"https:\/\/api.w.org\/{rel}","templated":true}]}}