{"id":12445,"date":"2018-05-25T16:06:20","date_gmt":"2018-05-25T16:06:20","guid":{"rendered":"https:\/\/twsites.com.br\/novomigcenter\/?product=purificador-press-side-libell"},"modified":"2018-05-25T16:06:20","modified_gmt":"2018-05-25T16:06:20","slug":"purificador-press-side-libell","status":"publish","type":"product","link":"https:\/\/twsites.com.br\/novomigcenter\/?product=purificador-press-side-libell","title":{"rendered":"Purificador Press Side Libell"},"content":{"rendered":"<p style=\"\"><font face=\"Arial\">Aliando praticidade e comodidade, o purificador de \u00e1gua Press Side atende em um s\u00f3 produto, adultos e crian\u00e7as. Com seu sistema sintetizado de tripla filtragem, at\u00f3xico e livre de contamina\u00e7\u00e3o, este purificador oferece \u00e1gua de alt\u00edssima qualidade. O Press Side tem grau de prote\u00e7\u00e3o IPX4 e refrigera at\u00e9 6 litros de \u00e1gua por hora.<\/font><\/p>\n<p style=\"\"><font face=\"Arial\">Caracter\u00edsticas<\/font><\/p>\n<p style=\"\"><font face=\"Arial\">&#8211; Gabinete sem emendas.<br \/>&#8211; Gabinete em a\u00e7o inox ou a\u00e7o eletrozincado branco, oferecendo mais vida \u00fatil ao produto.<br \/>&#8211; Base pl\u00e1stica de alto impacto.<br \/>&#8211; Pia em a\u00e7o inox polido.<br \/>&#8211; Torneiras para copo e jato cromadas, com regulagem de jato d\u00b4\u00e1gua.<br \/>&#8211; Conex\u00f5es hidr\u00e1ulicas internas em material at\u00f3xico.<br \/>&#8211; Reservat\u00f3rio para \u00e1gua gelada em a\u00e7o inox 304.<br \/>&#8211; Serpentina em a\u00e7o inox localizada na parte interna do reservat\u00f3rio.<br \/>&#8211; Refrigerado por compressor.<br \/>&#8211; Controlador de temperatura entre 4 e 15\u00baC, com sete n\u00edveis de temperatura.<br \/>&#8211; Sistema interno de filtra\u00e7\u00e3o, com 3 etapas de filtragem.<br \/>&#8211; Vida \u00fatil do elemento filtrante: 4.000 litros ou m\u00e1ximo 6 meses.<\/font><\/p>\n","protected":false},"excerpt":{"rendered":"<p>Aliando praticidade e comodidade, o purificador de \u00e1gua Press Side atende em um s\u00f3 produto, adultos e crian\u00e7as. Com seu sistema sintetizado de tripla filtragem, at\u00f3xico e livre de contamina\u00e7\u00e3o, este purificador oferece \u00e1gua de alt\u00edssima qualidade. O Press Side tem grau de prote\u00e7\u00e3o IPX4 e refrigera at\u00e9 6 litros de \u00e1gua por hora. Caracter\u00edsticas [&hellip;]<\/p>\n","protected":false},"featured_media":12444,"comment_status":"open","ping_status":"closed","template":"","meta":[],"product_brand":[],"product_cat":[15],"product_tag":[],"class_list":{"0":"post-12445","1":"product","2":"type-product","3":"status-publish","4":"has-post-thumbnail","6":"product_cat-uncategorized","8":"first","9":"instock","10":"shipping-taxable","11":"purchasable","12":"product-type-simple"},"_links":{"self":[{"href":"https:\/\/twsites.com.br\/novomigcenter\/index.php?rest_route=\/wp\/v2\/product\/12445","targetHints":{"allow":["GET"]}}],"collection":[{"href":"https:\/\/twsites.com.br\/novomigcenter\/index.php?rest_route=\/wp\/v2\/product"}],"about":[{"href":"https:\/\/twsites.com.br\/novomigcenter\/index.php?rest_route=\/wp\/v2\/types\/product"}],"replies":[{"embeddable":true,"href":"https:\/\/twsites.com.br\/novomigcenter\/index.php?rest_route=%2Fwp%2Fv2%2Fcomments&post=12445"}],"wp:featuredmedia":[{"embeddable":true,"href":"https:\/\/twsites.com.br\/novomigcenter\/index.php?rest_route=\/wp\/v2\/media\/12444"}],"wp:attachment":[{"href":"https:\/\/twsites.com.br\/novomigcenter\/index.php?rest_route=%2Fwp%2Fv2%2Fmedia&parent=12445"}],"wp:term":[{"taxonomy":"product_brand","embeddable":true,"href":"https:\/\/twsites.com.br\/novomigcenter\/index.php?rest_route=%2Fwp%2Fv2%2Fproduct_brand&post=12445"},{"taxonomy":"product_cat","embeddable":true,"href":"https:\/\/twsites.com.br\/novomigcenter\/index.php?rest_route=%2Fwp%2Fv2%2Fproduct_cat&post=12445"},{"taxonomy":"product_tag","embeddable":true,"href":"https:\/\/twsites.com.br\/novomigcenter\/index.php?rest_route=%2Fwp%2Fv2%2Fproduct_tag&post=12445"}],"curies":[{"name":"wp","href":"https:\/\/api.w.org\/{rel}","templated":true}]}}