{"id":12463,"date":"2018-05-30T11:37:19","date_gmt":"2018-05-30T11:37:19","guid":{"rendered":"https:\/\/twsites.com.br\/novomigcenter\/?product=maquina-de-gelo-em-cubos-75kg-everest"},"modified":"2018-05-30T11:37:19","modified_gmt":"2018-05-30T11:37:19","slug":"maquina-de-gelo-em-cubos-75kg-everest","status":"publish","type":"product","link":"https:\/\/twsites.com.br\/novomigcenter\/?product=maquina-de-gelo-em-cubos-75kg-everest","title":{"rendered":"M\u00e1quina de Gelo em Cubos 75 KG &#8211; Everest"},"content":{"rendered":"<p><span style=\"font-family: -webkit-standard;\">Tipo de Gelo<\/span><span style=\"font-family: -webkit-standard; font-size: medium;\"><\/span><\/p>\n<div style=\"font-family: -webkit-standard;\">Gelo em Cubo<\/div>\n<p><span style=\"font-family: -webkit-standard;\">Medida Total<\/span><span style=\"font-family: -webkit-standard; font-size: medium;\"><\/span><\/p>\n<div class=\"tipo_medida\" style=\"font-family: -webkit-standard;\">A<\/div>\n<div class=\"valor_medida\" style=\"font-family: -webkit-standard;\">111 CM<\/div>\n<div class=\"clear\" style=\"font-family: -webkit-standard;\"><\/div>\n<div class=\"tipo_medida\" style=\"font-family: -webkit-standard;\">L<\/div>\n<div class=\"valor_medida\" style=\"font-family: -webkit-standard;\">57 CM<\/div>\n<div class=\"clear\" style=\"font-family: -webkit-standard;\"><\/div>\n<div class=\"tipo_medida\" style=\"font-family: -webkit-standard;\">P<\/div>\n<div class=\"valor_medida\" style=\"font-family: -webkit-standard;\">54 CM<\/div>\n<div class=\"clear\" style=\"font-family: -webkit-standard;\"><\/div>\n<p><span style=\"font-family: -webkit-standard;\">Capacidade do Dep\u00f3sito<\/span><span style=\"font-family: -webkit-standard; font-size: medium;\"><\/span><\/p>\n<div style=\"font-family: -webkit-standard;\">25 KG\/1125 CUBOS<\/div>\n<div style=\"font-family: -webkit-standard;\"><\/div>\n<div style=\"font-family: -webkit-standard;\">\n<div class=\"wrap\">\n<section class=\"conteudo\">\n<section class=\"desc_produto\">\n<div class=\"TabControl\">\n<div id=\"conteudo_abas\">\n<div class=\"tabs_conteudo\">\n<p><strong>Gabinete<\/strong><br \/>A\u00e7o inox com dep\u00f3sito incorporado<\/p>\n<p><strong>Produ\u00e7\u00e3o (KG\/24 horas em temperatura ambiente)<\/strong><br \/>22\u00b0C: 82 KG<br \/>27\u00b0C: 80 KG<br \/>32\u00b0C: 76 KG<br \/>37\u00b0C: 70 KG<\/p>\n<p><strong>Peso da m\u00e1quina sem embalagem<\/strong><br \/>50 KG *<\/p>\n<p><strong>Tens\u00e3o<\/strong><br \/>127V\/220V<\/p>\n<p><strong>HP Nominal<\/strong><br \/>1\/3<\/p>\n<p><strong>* Para m\u00e1quinas de gelo com tens\u00e3o 127V, adicionar 2KG.<\/strong><\/p>\n<\/div>\n<\/div>\n<\/div>\n<\/section>\n<\/section>\n<div class=\"clear\"><\/div>\n<\/div>\n<div class=\"rodape1\"><\/div>\n<\/div>\n","protected":false},"excerpt":{"rendered":"<p>Tipo de Gelo Gelo em Cubo Medida Total A 111 CM L 57 CM P 54 CM Capacidade do Dep\u00f3sito 25 KG\/1125 CUBOS GabineteA\u00e7o inox com dep\u00f3sito incorporado Produ\u00e7\u00e3o (KG\/24 horas em temperatura ambiente)22\u00b0C: 82 KG27\u00b0C: 80 KG32\u00b0C: 76 KG37\u00b0C: 70 KG Peso da m\u00e1quina sem embalagem50 KG * Tens\u00e3o127V\/220V HP Nominal1\/3 * Para m\u00e1quinas [&hellip;]<\/p>\n","protected":false},"featured_media":12462,"comment_status":"open","ping_status":"closed","template":"","meta":[],"product_brand":[],"product_cat":[329,442],"product_tag":[761],"class_list":{"0":"post-12463","1":"product","2":"type-product","3":"status-publish","4":"has-post-thumbnail","6":"product_cat-maquina-de-gelo","7":"product_cat-refrigeracao","8":"product_tag-maquina-de-gelo-em-cubos-75-kg-everest","10":"first","11":"instock","12":"shipping-taxable","13":"purchasable","14":"product-type-simple"},"_links":{"self":[{"href":"https:\/\/twsites.com.br\/novomigcenter\/index.php?rest_route=\/wp\/v2\/product\/12463","targetHints":{"allow":["GET"]}}],"collection":[{"href":"https:\/\/twsites.com.br\/novomigcenter\/index.php?rest_route=\/wp\/v2\/product"}],"about":[{"href":"https:\/\/twsites.com.br\/novomigcenter\/index.php?rest_route=\/wp\/v2\/types\/product"}],"replies":[{"embeddable":true,"href":"https:\/\/twsites.com.br\/novomigcenter\/index.php?rest_route=%2Fwp%2Fv2%2Fcomments&post=12463"}],"wp:featuredmedia":[{"embeddable":true,"href":"https:\/\/twsites.com.br\/novomigcenter\/index.php?rest_route=\/wp\/v2\/media\/12462"}],"wp:attachment":[{"href":"https:\/\/twsites.com.br\/novomigcenter\/index.php?rest_route=%2Fwp%2Fv2%2Fmedia&parent=12463"}],"wp:term":[{"taxonomy":"product_brand","embeddable":true,"href":"https:\/\/twsites.com.br\/novomigcenter\/index.php?rest_route=%2Fwp%2Fv2%2Fproduct_brand&post=12463"},{"taxonomy":"product_cat","embeddable":true,"href":"https:\/\/twsites.com.br\/novomigcenter\/index.php?rest_route=%2Fwp%2Fv2%2Fproduct_cat&post=12463"},{"taxonomy":"product_tag","embeddable":true,"href":"https:\/\/twsites.com.br\/novomigcenter\/index.php?rest_route=%2Fwp%2Fv2%2Fproduct_tag&post=12463"}],"curies":[{"name":"wp","href":"https:\/\/api.w.org\/{rel}","templated":true}]}}