{"id":12467,"date":"2018-05-30T11:41:51","date_gmt":"2018-05-30T11:41:51","guid":{"rendered":"https:\/\/twsites.com.br\/novomigcenter\/?product=maquina-de-gelo-em-cubos-150kg-everest"},"modified":"2018-05-30T11:41:51","modified_gmt":"2018-05-30T11:41:51","slug":"maquina-de-gelo-em-cubos-150kg-everest","status":"publish","type":"product","link":"https:\/\/twsites.com.br\/novomigcenter\/?product=maquina-de-gelo-em-cubos-150kg-everest","title":{"rendered":"M\u00e1quina de Gelo em Cubos 150 KG &#8211; Everest"},"content":{"rendered":"<p><span style=\"font-family: -webkit-standard;\">Tipo de Gelo<\/span><span style=\"font-family: -webkit-standard; font-size: medium;\"><\/span><\/p>\n<div style=\"font-family: -webkit-standard;\">Gelo em Cubo<\/div>\n<p><span style=\"font-family: -webkit-standard;\">Medida Total<\/span><span style=\"font-family: -webkit-standard; font-size: medium;\"><\/span><\/p>\n<div class=\"tipo_medida\" style=\"font-family: -webkit-standard;\">A<\/div>\n<div class=\"valor_medida\" style=\"font-family: -webkit-standard;\">111 CM<\/div>\n<div class=\"clear\" style=\"font-family: -webkit-standard;\"><\/div>\n<div class=\"tipo_medida\" style=\"font-family: -webkit-standard;\">L<\/div>\n<div class=\"valor_medida\" style=\"font-family: -webkit-standard;\">89 CM<\/div>\n<div class=\"clear\" style=\"font-family: -webkit-standard;\"><\/div>\n<div class=\"tipo_medida\" style=\"font-family: -webkit-standard;\">P<\/div>\n<div class=\"valor_medida\" style=\"font-family: -webkit-standard;\">54 CM<\/div>\n<div class=\"clear\" style=\"font-family: -webkit-standard;\"><\/div>\n<p><span style=\"font-family: -webkit-standard;\">Capacidade do Dep\u00f3sito<\/span><span style=\"font-family: -webkit-standard; font-size: medium;\"><\/span><\/p>\n<div style=\"font-family: -webkit-standard;\">50 KG\/2250 CUBOS<\/div>\n<div style=\"font-family: -webkit-standard;\"><\/div>\n<div style=\"font-family: -webkit-standard;\">\n<div class=\"tabs_conteudo\">\n<p><strong>Gabinete<\/strong><br \/>A\u00e7o inox com dep\u00f3sito incorporado<\/p>\n<p><strong>Produ\u00e7\u00e3o (KG\/24 horas em temperatura ambiente)<\/strong><br \/>22\u00b0C: 166 KG<br \/>27\u00b0C: 160 KG<br \/>32\u00b0C: 152 KG<br \/>37\u00b0C: 140 KG<\/p>\n<p><strong>Peso da m\u00e1quina sem embalagem<\/strong><br \/>77 KG *<\/p>\n<p><strong>Tens\u00e3o<\/strong><br \/>127V\/220V<\/p>\n<p><strong>HP Nominal<\/strong><br \/>2X1\/3<\/p>\n<p><strong>* Para m\u00e1quinas de gelo com tens\u00e3o 127V, adicionar 2KG.<\/strong><\/p>\n<\/div>\n<\/div>\n","protected":false},"excerpt":{"rendered":"<p>Tipo de Gelo Gelo em Cubo Medida Total A 111 CM L 89 CM P 54 CM Capacidade do Dep\u00f3sito 50 KG\/2250 CUBOS GabineteA\u00e7o inox com dep\u00f3sito incorporado Produ\u00e7\u00e3o (KG\/24 horas em temperatura ambiente)22\u00b0C: 166 KG27\u00b0C: 160 KG32\u00b0C: 152 KG37\u00b0C: 140 KG Peso da m\u00e1quina sem embalagem77 KG * Tens\u00e3o127V\/220V HP Nominal2X1\/3 * Para m\u00e1quinas [&hellip;]<\/p>\n","protected":false},"featured_media":12466,"comment_status":"open","ping_status":"closed","template":"","meta":[],"product_brand":[],"product_cat":[329,442],"product_tag":[763],"class_list":{"0":"post-12467","1":"product","2":"type-product","3":"status-publish","4":"has-post-thumbnail","6":"product_cat-maquina-de-gelo","7":"product_cat-refrigeracao","8":"product_tag-maquina-de-gelo-em-cubos-150-kg-everest","10":"first","11":"instock","12":"shipping-taxable","13":"purchasable","14":"product-type-simple"},"_links":{"self":[{"href":"https:\/\/twsites.com.br\/novomigcenter\/index.php?rest_route=\/wp\/v2\/product\/12467","targetHints":{"allow":["GET"]}}],"collection":[{"href":"https:\/\/twsites.com.br\/novomigcenter\/index.php?rest_route=\/wp\/v2\/product"}],"about":[{"href":"https:\/\/twsites.com.br\/novomigcenter\/index.php?rest_route=\/wp\/v2\/types\/product"}],"replies":[{"embeddable":true,"href":"https:\/\/twsites.com.br\/novomigcenter\/index.php?rest_route=%2Fwp%2Fv2%2Fcomments&post=12467"}],"wp:featuredmedia":[{"embeddable":true,"href":"https:\/\/twsites.com.br\/novomigcenter\/index.php?rest_route=\/wp\/v2\/media\/12466"}],"wp:attachment":[{"href":"https:\/\/twsites.com.br\/novomigcenter\/index.php?rest_route=%2Fwp%2Fv2%2Fmedia&parent=12467"}],"wp:term":[{"taxonomy":"product_brand","embeddable":true,"href":"https:\/\/twsites.com.br\/novomigcenter\/index.php?rest_route=%2Fwp%2Fv2%2Fproduct_brand&post=12467"},{"taxonomy":"product_cat","embeddable":true,"href":"https:\/\/twsites.com.br\/novomigcenter\/index.php?rest_route=%2Fwp%2Fv2%2Fproduct_cat&post=12467"},{"taxonomy":"product_tag","embeddable":true,"href":"https:\/\/twsites.com.br\/novomigcenter\/index.php?rest_route=%2Fwp%2Fv2%2Fproduct_tag&post=12467"}],"curies":[{"name":"wp","href":"https:\/\/api.w.org\/{rel}","templated":true}]}}