{"id":12469,"date":"2018-05-30T11:44:49","date_gmt":"2018-05-30T11:44:49","guid":{"rendered":"https:\/\/twsites.com.br\/novomigcenter\/?product=maquina-de-gelo-em-cubos-150kg-modular-everest"},"modified":"2018-05-30T11:44:49","modified_gmt":"2018-05-30T11:44:49","slug":"maquina-de-gelo-em-cubos-150kg-modular-everest","status":"publish","type":"product","link":"https:\/\/twsites.com.br\/novomigcenter\/?product=maquina-de-gelo-em-cubos-150kg-modular-everest","title":{"rendered":"M\u00e1quina de Gelo em Cubos 150 KG Modular &#8211; Everest"},"content":{"rendered":"<p><span style=\"font-family: -webkit-standard;\">Tipo de Gelo<\/span><span style=\"font-family: -webkit-standard; font-size: medium;\"><\/span><\/p>\n<div style=\"font-family: -webkit-standard;\">Gelo em Cubo<\/div>\n<p><span style=\"font-family: -webkit-standard;\">Medida Total<\/span><span style=\"font-family: -webkit-standard; font-size: medium;\"><\/span><\/p>\n<div class=\"tipo_medida\" style=\"font-family: -webkit-standard;\">A<\/div>\n<div class=\"valor_medida\" style=\"font-family: -webkit-standard;\">63 CM<\/div>\n<div class=\"clear\" style=\"font-family: -webkit-standard;\"><\/div>\n<div class=\"tipo_medida\" style=\"font-family: -webkit-standard;\">L<\/div>\n<div class=\"valor_medida\" style=\"font-family: -webkit-standard;\">93 CM<\/div>\n<div class=\"clear\" style=\"font-family: -webkit-standard;\"><\/div>\n<div class=\"tipo_medida\" style=\"font-family: -webkit-standard;\">P<\/div>\n<p><div class=\"clear\" style=\"font-family: -webkit-standard;\"><\/div>\n<p><span style=\"font-family: -webkit-standard;\"><a class=\"youtube cboxElement\" href=\"http:\/\/www.youtube.com\/embed\/F-0To5OlBZQ?rel=0&amp;wmode=transparent\"><\/a><\/span><\/p>\n<div class=\"valor_medida\" style=\"caret-color: rgb(0, 0, 0); color: rgb(0, 0, 0); font-family: -webkit-standard; font-style: normal; font-variant-caps: normal; font-weight: normal; letter-spacing: normal; orphans: auto; text-align: start; text-indent: 0px; text-transform: none; white-space: normal; widows: auto; word-spacing: 0px; -webkit-text-size-adjust: auto; -webkit-text-stroke-width: 0px; text-decoration: none;\">35 CM<\/div>\n<div class=\"valor_medida\" style=\"caret-color: rgb(0, 0, 0); color: rgb(0, 0, 0); font-family: -webkit-standard; font-style: normal; font-variant-caps: normal; font-weight: normal; letter-spacing: normal; orphans: auto; text-align: start; text-indent: 0px; text-transform: none; white-space: normal; widows: auto; word-spacing: 0px; -webkit-text-size-adjust: auto; -webkit-text-stroke-width: 0px; text-decoration: none;\"><\/div>\n<div class=\"valor_medida\" style=\"caret-color: rgb(0, 0, 0); color: rgb(0, 0, 0); font-family: -webkit-standard; font-style: normal; font-variant-caps: normal; font-weight: normal; letter-spacing: normal; orphans: auto; text-align: start; text-indent: 0px; text-transform: none; white-space: normal; widows: auto; word-spacing: 0px; -webkit-text-size-adjust: auto; -webkit-text-stroke-width: 0px; text-decoration: none;\">\n<div class=\"tabs_conteudo\">\n<p><strong>Gabinete<\/strong><br \/>A\u00e7o inox<\/p>\n<p><strong>Produ\u00e7\u00e3o (Kg\/24 horas em temperatura ambiente)<\/strong><br \/>22\u00b0C: 162 KG<br \/>27\u00b0C: 158 KG<br \/>32\u00b0C: 144 KG<br \/>37\u00b0C: 130 KG<\/p>\n<p><strong>Peso da m\u00e1quina sem embalagem<\/strong><br \/>63 KG<\/p>\n<p><strong>Tens\u00e3o<\/strong><br \/>220V<\/p>\n<p><strong>HP Nominal<\/strong><br \/>2X1\/3<\/p>\n<\/div>\n<\/div>\n","protected":false},"excerpt":{"rendered":"<p>Tipo de Gelo Gelo em Cubo Medida Total A 63 CM L 93 CM P 35 CM GabineteA\u00e7o inox Produ\u00e7\u00e3o (Kg\/24 horas em temperatura ambiente)22\u00b0C: 162 KG27\u00b0C: 158 KG32\u00b0C: 144 KG37\u00b0C: 130 KG Peso da m\u00e1quina sem embalagem63 KG Tens\u00e3o220V HP Nominal2X1\/3<\/p>\n","protected":false},"featured_media":12468,"comment_status":"open","ping_status":"closed","template":"","meta":[],"product_brand":[],"product_cat":[329,442],"product_tag":[764],"class_list":{"0":"post-12469","1":"product","2":"type-product","3":"status-publish","4":"has-post-thumbnail","6":"product_cat-maquina-de-gelo","7":"product_cat-refrigeracao","8":"product_tag-maquina-de-gelo-em-cubos-150-kg-modular-everest","10":"first","11":"instock","12":"shipping-taxable","13":"purchasable","14":"product-type-simple"},"_links":{"self":[{"href":"https:\/\/twsites.com.br\/novomigcenter\/index.php?rest_route=\/wp\/v2\/product\/12469","targetHints":{"allow":["GET"]}}],"collection":[{"href":"https:\/\/twsites.com.br\/novomigcenter\/index.php?rest_route=\/wp\/v2\/product"}],"about":[{"href":"https:\/\/twsites.com.br\/novomigcenter\/index.php?rest_route=\/wp\/v2\/types\/product"}],"replies":[{"embeddable":true,"href":"https:\/\/twsites.com.br\/novomigcenter\/index.php?rest_route=%2Fwp%2Fv2%2Fcomments&post=12469"}],"wp:featuredmedia":[{"embeddable":true,"href":"https:\/\/twsites.com.br\/novomigcenter\/index.php?rest_route=\/wp\/v2\/media\/12468"}],"wp:attachment":[{"href":"https:\/\/twsites.com.br\/novomigcenter\/index.php?rest_route=%2Fwp%2Fv2%2Fmedia&parent=12469"}],"wp:term":[{"taxonomy":"product_brand","embeddable":true,"href":"https:\/\/twsites.com.br\/novomigcenter\/index.php?rest_route=%2Fwp%2Fv2%2Fproduct_brand&post=12469"},{"taxonomy":"product_cat","embeddable":true,"href":"https:\/\/twsites.com.br\/novomigcenter\/index.php?rest_route=%2Fwp%2Fv2%2Fproduct_cat&post=12469"},{"taxonomy":"product_tag","embeddable":true,"href":"https:\/\/twsites.com.br\/novomigcenter\/index.php?rest_route=%2Fwp%2Fv2%2Fproduct_tag&post=12469"}],"curies":[{"name":"wp","href":"https:\/\/api.w.org\/{rel}","templated":true}]}}