{"id":12473,"date":"2018-05-30T11:49:39","date_gmt":"2018-05-30T11:49:39","guid":{"rendered":"https:\/\/twsites.com.br\/novomigcenter\/?product=maquina-de-gelo-em-cubos-150kg-deposito-de-250kg-everest"},"modified":"2018-05-30T11:49:39","modified_gmt":"2018-05-30T11:49:39","slug":"maquina-de-gelo-em-cubos-150kg-deposito-de-250kg-everest","status":"publish","type":"product","link":"https:\/\/twsites.com.br\/novomigcenter\/?product=maquina-de-gelo-em-cubos-150kg-deposito-de-250kg-everest","title":{"rendered":"M\u00e1quina de Gelo em Cubos 150 KG C\/ Dep\u00f3sito de 250Kg &#8211; Everest"},"content":{"rendered":"<p><span style=\"font-family: -webkit-standard;\">Tipo de Gelo<\/span><span style=\"font-family: -webkit-standard; font-size: medium;\"><\/span><\/p>\n<div style=\"font-family: -webkit-standard;\">Gelo em Cubo<\/div>\n<p><span style=\"font-family: -webkit-standard;\">Medida Total<\/span><span style=\"font-family: -webkit-standard; font-size: medium;\"><\/span><\/p>\n<div class=\"tipo_medida\" style=\"font-family: -webkit-standard;\">A<\/div>\n<div class=\"valor_medida\" style=\"font-family: -webkit-standard;\">167 CM<\/div>\n<div class=\"clear\" style=\"font-family: -webkit-standard;\"><\/div>\n<div class=\"tipo_medida\" style=\"font-family: -webkit-standard;\">L<\/div>\n<div class=\"valor_medida\" style=\"font-family: -webkit-standard;\">93 CM<\/div>\n<div class=\"clear\" style=\"font-family: -webkit-standard;\"><\/div>\n<div class=\"tipo_medida\" style=\"font-family: -webkit-standard;\">P<\/div>\n<div class=\"valor_medida\" style=\"font-family: -webkit-standard;\">97 CM<\/div>\n<div class=\"clear\" style=\"font-family: -webkit-standard;\"><\/div>\n<p><span style=\"font-family: -webkit-standard;\">Capacidade do Dep\u00f3sito<\/span><span style=\"font-family: -webkit-standard; font-size: medium;\"><\/span><span style=\"font-family: -webkit-standard;\"><a class=\"youtube cboxElement\" href=\"http:\/\/www.youtube.com\/embed\/F-0To5OlBZQ?rel=0&amp;wmode=transparent\"><\/a><\/span><\/p>\n<div style=\"caret-color: rgb(0, 0, 0); color: rgb(0, 0, 0); font-family: -webkit-standard; font-style: normal; font-variant-caps: normal; font-weight: normal; letter-spacing: normal; orphans: auto; text-align: start; text-indent: 0px; text-transform: none; white-space: normal; widows: auto; word-spacing: 0px; -webkit-text-size-adjust: auto; -webkit-text-stroke-width: 0px; text-decoration: none;\">250 KG\/11250 CUBOS<\/div>\n<div style=\"caret-color: rgb(0, 0, 0); color: rgb(0, 0, 0); font-family: -webkit-standard; font-style: normal; font-variant-caps: normal; font-weight: normal; letter-spacing: normal; orphans: auto; text-align: start; text-indent: 0px; text-transform: none; white-space: normal; widows: auto; word-spacing: 0px; -webkit-text-size-adjust: auto; -webkit-text-stroke-width: 0px; text-decoration: none;\"><\/div>\n<div style=\"caret-color: rgb(0, 0, 0); color: rgb(0, 0, 0); font-family: -webkit-standard; font-style: normal; font-variant-caps: normal; font-weight: normal; letter-spacing: normal; orphans: auto; text-align: start; text-indent: 0px; text-transform: none; white-space: normal; widows: auto; word-spacing: 0px; -webkit-text-size-adjust: auto; -webkit-text-stroke-width: 0px; text-decoration: none;\">\n<div class=\"tabs_conteudo\">\n<p><strong>Gabinete<\/strong><br \/>A\u00e7o inox com dep\u00f3sito<\/p>\n<p><strong>Produ\u00e7\u00e3o (KG\/24 horas em temperatura ambiente)<\/strong><br \/>22\u00b0C: 162 KG<br \/>27\u00b0C: 158 KG<br \/>32\u00b0C: 144 KG<br \/>37\u00b0C: 130 KG<\/p>\n<p><strong>Peso da m\u00e1quina sem embalagem<\/strong><br \/>120 KG *<\/p>\n<p><strong>Tens\u00e3o<\/strong><br \/>220V<\/p>\n<p><strong>HP Nominal<\/strong><br \/>2X1\/3<\/p>\n<p><strong>* Para m\u00e1quinas de gelo com tens\u00e3o de 127V, adicionar 2KG.<\/strong><\/p>\n<p><strong>Medida<\/strong><br \/>Altura: 167 CM |Largura: 93 CM | Profundidade: 97 CM<\/p>\n<p><strong>GABINETE<\/strong><br \/>A\u00e7o inox<\/p>\n<p><strong>Capacidade do dep\u00f3sito<\/strong><br \/>250 KG\/11250 cubos<\/p>\n<p><strong>Peso da m\u00e1quina sem embalagem<\/strong><br \/>120 KG<\/p>\n<\/div>\n<\/div>\n","protected":false},"excerpt":{"rendered":"<p>Tipo de Gelo Gelo em Cubo Medida Total A 167 CM L 93 CM P 97 CM Capacidade do Dep\u00f3sito 250 KG\/11250 CUBOS GabineteA\u00e7o inox com dep\u00f3sito Produ\u00e7\u00e3o (KG\/24 horas em temperatura ambiente)22\u00b0C: 162 KG27\u00b0C: 158 KG32\u00b0C: 144 KG37\u00b0C: 130 KG Peso da m\u00e1quina sem embalagem120 KG * Tens\u00e3o220V HP Nominal2X1\/3 * Para m\u00e1quinas de [&hellip;]<\/p>\n","protected":false},"featured_media":12472,"comment_status":"open","ping_status":"closed","template":"","meta":[],"product_brand":[],"product_cat":[329,442],"product_tag":[766],"class_list":{"0":"post-12473","1":"product","2":"type-product","3":"status-publish","4":"has-post-thumbnail","6":"product_cat-maquina-de-gelo","7":"product_cat-refrigeracao","8":"product_tag-maquina-de-gelo-em-cubos-150-kg-c-deposito-de-250kg-everest","10":"first","11":"instock","12":"shipping-taxable","13":"purchasable","14":"product-type-simple"},"_links":{"self":[{"href":"https:\/\/twsites.com.br\/novomigcenter\/index.php?rest_route=\/wp\/v2\/product\/12473","targetHints":{"allow":["GET"]}}],"collection":[{"href":"https:\/\/twsites.com.br\/novomigcenter\/index.php?rest_route=\/wp\/v2\/product"}],"about":[{"href":"https:\/\/twsites.com.br\/novomigcenter\/index.php?rest_route=\/wp\/v2\/types\/product"}],"replies":[{"embeddable":true,"href":"https:\/\/twsites.com.br\/novomigcenter\/index.php?rest_route=%2Fwp%2Fv2%2Fcomments&post=12473"}],"wp:featuredmedia":[{"embeddable":true,"href":"https:\/\/twsites.com.br\/novomigcenter\/index.php?rest_route=\/wp\/v2\/media\/12472"}],"wp:attachment":[{"href":"https:\/\/twsites.com.br\/novomigcenter\/index.php?rest_route=%2Fwp%2Fv2%2Fmedia&parent=12473"}],"wp:term":[{"taxonomy":"product_brand","embeddable":true,"href":"https:\/\/twsites.com.br\/novomigcenter\/index.php?rest_route=%2Fwp%2Fv2%2Fproduct_brand&post=12473"},{"taxonomy":"product_cat","embeddable":true,"href":"https:\/\/twsites.com.br\/novomigcenter\/index.php?rest_route=%2Fwp%2Fv2%2Fproduct_cat&post=12473"},{"taxonomy":"product_tag","embeddable":true,"href":"https:\/\/twsites.com.br\/novomigcenter\/index.php?rest_route=%2Fwp%2Fv2%2Fproduct_tag&post=12473"}],"curies":[{"name":"wp","href":"https:\/\/api.w.org\/{rel}","templated":true}]}}