{"id":12486,"date":"2018-06-11T15:46:21","date_gmt":"2018-06-11T15:46:21","guid":{"rendered":"https:\/\/twsites.com.br\/novomigcenter\/?product=camara-climatica-gctp-1200"},"modified":"2018-06-11T15:46:21","modified_gmt":"2018-06-11T15:46:21","slug":"camara-climatica-gctp-1200","status":"publish","type":"product","link":"https:\/\/twsites.com.br\/novomigcenter\/?product=camara-climatica-gctp-1200","title":{"rendered":"C\u00e2mara Clim\u00e1tica Termop\u00e3o 1200L GCTP-1200"},"content":{"rendered":"<div class=\"bloco-desc-prod\" style=\"\"><font face=\"Arial\"><b>Descri\u00e7\u00e3o do Produto<\/b><\/font><\/p>\n<p style=\"margin: 0cm 0cm 0.0001pt;\"><font face=\"Arial\">-Controle da fermenta\u00e7\u00e3o de p\u00e3es<o:p><\/o:p><\/font><\/p>\n<p style=\"margin: 0cm 0cm 0.0001pt; outline: none !important;\"><font face=\"Arial\">-Temperatura:\u25aaRefrigera\u00e7\u00e3o +5\u00b0 a +10\u00b0C<o:p><\/o:p><\/font><\/p>\n<p style=\"margin: 0cm 0cm 0.0001pt; outline: none !important;\"><font face=\"Arial\">-Aquecimento +30\u00b0 a +35\u00b0C<o:p><\/o:p><\/font><\/p>\n<p style=\"margin: 0cm 0cm 0.0001pt; outline: none !important;\"><font face=\"Arial\">-Refrigera\u00e7\u00e3o: Ar for\u00e7ado com 2 placas frias<o:p><\/o:p><\/font><\/p>\n<p style=\"margin: 0cm 0cm 0.0001pt; outline: none !important;\"><font face=\"Arial\">-Aquecimento: Resist\u00eancia blindada<o:p><\/o:p><\/font><\/p>\n<p style=\"margin: 0cm 0cm 0.0001pt; outline: none !important;\"><font face=\"Arial\">-Controle de temperatura: Controlador eletr\u00f4nico (termostato, timer,term\u00f4metro digital)<o:p><\/o:p><\/font><\/p>\n<p style=\"margin: 0cm 0cm 0.0001pt; outline: none !important;\"><font face=\"Arial\">-Perfeito controle da fermenta\u00e7\u00e3o de p\u00e3es, acelera ou retarda automaticamente a fermenta\u00e7\u00e3o antes do cozimento<o:p><\/o:p><\/font><\/p>\n<p style=\"margin: 0cm 0cm 0.0001pt; outline: none !important;\"><font face=\"Arial\">-Revestimento interno em a\u00e7o inox 430<o:p><\/o:p><\/font><\/p>\n<p style=\"margin: 0cm 0cm 0.0001pt; outline: none !important;\"><font face=\"Arial\">-Revestimento externo em chapa pintada<o:p><\/o:p><\/font><\/p>\n<p style=\"margin: 0cm 0cm 0.0001pt; outline: none !important;\"><font face=\"Arial\">-Gabinete com rod\u00edzios<o:p><\/o:p><\/font><\/p>\n<p style=\"margin: 0cm 0cm 0.0001pt; outline: none !important;\"><font face=\"Arial\">-Vaporizador que ajuda a umidificar a massa evitando o seu ressecamento<o:p><\/o:p><\/font><\/p>\n<p style=\"margin: 0cm 0cm 0.0001pt; outline: none !important;\"><font face=\"Arial\"><b>Obs.:\u25aa<\/b>As bandejas n\u00e3o acompanham o produto<\/font><\/p>\n<p style=\"margin: 0cm 0cm 0.0001pt; outline: none !important;\"><font face=\"Arial\">N\u00e3o recomendado para descongelamento de p\u00e3es<\/font><\/p>\n<p style=\"margin: 0cm 0cm 0.0001pt; font-size: 12pt;\"><font face=\"Arial\"><span style=\"font-weight: bold;\"><span style=\"font-size: 7.5pt; border: 1pt none windowtext; padding: 0cm;\">Informa\u00e7\u00f5es importantes:<\/span><u1:p><\/u1:p>&nbsp; &nbsp;<\/span>&nbsp;<span style=\"font-size: 10pt; color: rgb(76, 76, 76);\"><br \/><\/span><\/font><\/p>\n<p class=\"mb-5\" style=\"margin: 0cm 0cm 0.0001pt; font-size: 12pt; vertical-align: baseline;\"><font face=\"Arial\"><span style=\"font-size: 7.5pt;\">&#8211;<span class=\"apple-converted-space\">&nbsp;<\/span><\/span><span style=\"font-size: 7.5pt;\">Imagens meramente ilustrativas. Imagens e informa\u00e7\u00f5es sujeitas a altera\u00e7\u00f5es sem aviso pr\u00e9vio.&nbsp;<\/span><\/font><\/p>\n<p class=\"mb-5\" style=\"margin: 0cm 0cm 0.0001pt; font-size: 12pt; vertical-align: baseline;\"><span style=\"font-size: 7.5pt;\"><font face=\"Arial\">&#8211; Cores de acabamento e materiais sujeitos a varia\u00e7\u00e3o de acordo com o lote de produ\u00e7\u00e3o e\/ou entre os materiais que comp\u00f5em o produto (ex.: chapa, pl\u00e1stico, madeiras e etc.)<\/font><\/span><\/p>\n<p class=\"mb-5\" style=\"margin: 0cm 0cm 0.0001pt; font-size: 12pt; vertical-align: baseline;\"><span style=\"font-size: 7.5pt;\"><font face=\"Arial\"><\/font><\/span><\/p>\n<p class=\"mb-5\" style=\"margin: 0cm 0cm 0.0001pt; vertical-align: baseline;\"><font face=\"Arial\"><span style=\"font-size: 10px;\"><b><br \/><\/b><\/span><\/font><\/p>\n<p class=\"mb-5\" style=\"margin: 0cm 0cm 0.0001pt; vertical-align: baseline;\"><font face=\"Arial\"><span style=\"font-size: 10px;\"><b>CAPACIDADE P\u00c3ES&nbsp;<\/b><\/span><\/font><span style=\"font-size: 10px; font-family: Arial;\">GCTP-1200<\/span><\/p>\n<p class=\"mb-5\" style=\"margin: 0cm 0cm 0.0001pt; vertical-align: baseline;\"><span style=\"font-size: 10px; font-family: Arial;\"><br \/><\/span><\/p>\n<p class=\"mb-5\" style=\"margin: 0cm 0cm 0.0001pt; vertical-align: baseline;\"><span style=\"font-size: 10px; font-family: Arial;\"> 680x580mm 1000 \u00e0 1200 40 bandejas<\/span><\/p>\n<p class=\"mb-5\" style=\"margin: 0cm 0cm 0.0001pt; vertical-align: baseline;\"><font face=\"Arial\"><span style=\"font-size: 10px;\">700x600mm 1000 \u00e0 1200 40 bandejas<\/span><\/font><\/p>\n<div><\/div>\n<p class=\"mb-5\" style=\"margin: 0cm 0cm 0.0001pt; font-size: 12pt; vertical-align: baseline;\"><span style=\"font-size: 7.5pt;\"><font face=\"Arial\"><br \/><\/font><\/span><\/p>\n<\/div>\n<table class=\"table table-bordered\">\n<tbody>\n<tr>\n<td><font face=\"Arial\">Frente(mm)<br \/><\/font><\/td>\n<td>860<font face=\"Arial\"><br \/><\/font><\/td>\n<\/tr>\n<tr>\n<td><font face=\"Arial\">Profundidade(mm)<br \/><\/font><\/td>\n<td>1347<font face=\"Arial\"><br \/><\/font><\/td>\n<\/tr>\n<tr>\n<td><font face=\"Arial\">Altura(mm)&nbsp; &nbsp; &nbsp; &nbsp;&nbsp;<br \/><\/font><\/td>\n<td>2035<font face=\"Arial\"><br \/><\/font><\/td>\n<\/tr>\n<tr>\n<td><font face=\"Arial\">Peso bruto(kg)&nbsp;<br \/><\/font><\/td>\n<td>271<font face=\"Arial\"><br \/><\/font><\/td>\n<\/tr>\n<tr>\n<td><font face=\"Arial\">Tens\u00e3o(V)<br \/><\/font><\/td>\n<td><font face=\"Arial\">220<\/font><\/td>\n<\/tr>\n<tr>\n<td>\n<p class=\"MsoNormal\"><font face=\"Arial\">Frequ\u00eancia(Hz) <\/font><o:p><\/o:p><\/p>\n<\/td>\n<td>50 ou 60&nbsp;<\/td>\n<\/tr>\n<\/tbody>\n<\/table>\n<div class=\"bloco-desc-prod\" style=\"\">\n<p class=\"mb-5\" style=\"margin: 0cm 0cm 0.0001pt; font-size: 12pt; vertical-align: baseline;\"><span style=\"font-size: 7.5pt;\"><font face=\"Arial\"><br \/><\/font><\/span><\/p>\n<\/div>\n","protected":false},"excerpt":{"rendered":"<p>Descri\u00e7\u00e3o do Produto -Controle da fermenta\u00e7\u00e3o de p\u00e3es -Temperatura:\u25aaRefrigera\u00e7\u00e3o +5\u00b0 a +10\u00b0C -Aquecimento +30\u00b0 a +35\u00b0C -Refrigera\u00e7\u00e3o: Ar for\u00e7ado com 2 placas frias -Aquecimento: Resist\u00eancia blindada -Controle de temperatura: Controlador eletr\u00f4nico (termostato, timer,term\u00f4metro digital) -Perfeito controle da fermenta\u00e7\u00e3o de p\u00e3es, acelera ou retarda automaticamente a fermenta\u00e7\u00e3o antes do cozimento -Revestimento interno em a\u00e7o inox 430 [&hellip;]<\/p>\n","protected":false},"featured_media":12485,"comment_status":"open","ping_status":"closed","template":"","meta":[],"product_brand":[],"product_cat":[339,425],"product_tag":[],"class_list":{"0":"post-12486","1":"product","2":"type-product","3":"status-publish","4":"has-post-thumbnail","6":"product_cat-camara-climatica","7":"product_cat-padaria","9":"first","10":"instock","11":"shipping-taxable","12":"purchasable","13":"product-type-simple"},"_links":{"self":[{"href":"https:\/\/twsites.com.br\/novomigcenter\/index.php?rest_route=\/wp\/v2\/product\/12486","targetHints":{"allow":["GET"]}}],"collection":[{"href":"https:\/\/twsites.com.br\/novomigcenter\/index.php?rest_route=\/wp\/v2\/product"}],"about":[{"href":"https:\/\/twsites.com.br\/novomigcenter\/index.php?rest_route=\/wp\/v2\/types\/product"}],"replies":[{"embeddable":true,"href":"https:\/\/twsites.com.br\/novomigcenter\/index.php?rest_route=%2Fwp%2Fv2%2Fcomments&post=12486"}],"wp:featuredmedia":[{"embeddable":true,"href":"https:\/\/twsites.com.br\/novomigcenter\/index.php?rest_route=\/wp\/v2\/media\/12485"}],"wp:attachment":[{"href":"https:\/\/twsites.com.br\/novomigcenter\/index.php?rest_route=%2Fwp%2Fv2%2Fmedia&parent=12486"}],"wp:term":[{"taxonomy":"product_brand","embeddable":true,"href":"https:\/\/twsites.com.br\/novomigcenter\/index.php?rest_route=%2Fwp%2Fv2%2Fproduct_brand&post=12486"},{"taxonomy":"product_cat","embeddable":true,"href":"https:\/\/twsites.com.br\/novomigcenter\/index.php?rest_route=%2Fwp%2Fv2%2Fproduct_cat&post=12486"},{"taxonomy":"product_tag","embeddable":true,"href":"https:\/\/twsites.com.br\/novomigcenter\/index.php?rest_route=%2Fwp%2Fv2%2Fproduct_tag&post=12486"}],"curies":[{"name":"wp","href":"https:\/\/api.w.org\/{rel}","templated":true}]}}