{"id":12488,"date":"2018-06-25T09:54:42","date_gmt":"2018-06-25T09:54:42","guid":{"rendered":"https:\/\/twsites.com.br\/novomigcenter\/?product=camara-climatica-gctp-1200l"},"modified":"2018-06-25T09:54:42","modified_gmt":"2018-06-25T09:54:42","slug":"camara-climatica-gctp-1200l","status":"publish","type":"product","link":"https:\/\/twsites.com.br\/novomigcenter\/?product=camara-climatica-gctp-1200l","title":{"rendered":"C\u00e2mara Clim\u00e1tica Termop\u00e3o Toda em Inox 1200 Litros- GCTP 1200L -Gelopar"},"content":{"rendered":"<div class=\"bloco-desc-prod\" style=\"outline: 0px; -webkit-font-smoothing: antialiased; text-rendering: optimizeLegibility; border: 0px; font-size: 15px; margin: 0px 20px 0px 0px; padding: 0px; vertical-align: baseline; float: left; clear: both; width: 440px; color: rgb(76, 76, 76); line-height: 30px; caret-color: rgb(76, 76, 76);\"><strong class=\"tit-bloco-desc\" style=\"outline: transparent none medium; -webkit-font-smoothing: antialiased; text-rendering: optimizeLegibility;\"><font face=\"Arial\">Descri\u00e7\u00e3o do Produto<\/font><\/strong><\/p>\n<p style=\"outline: 0px; -webkit-font-smoothing: antialiased; text-rendering: optimizeLegibility; border: 0px; font-style: inherit; font-size: inherit; margin-bottom: 0px; padding: 0px; vertical-align: baseline;\"><font face=\"Arial\">Controle da fermenta\u00e7\u00e3o de p\u00e3es&nbsp;<\/font><\/p>\n<p style=\"outline: 0px; -webkit-font-smoothing: antialiased; text-rendering: optimizeLegibility; border: 0px; font-style: inherit; font-size: inherit; margin-bottom: 0px; padding: 0px; vertical-align: baseline;\"><font face=\"Arial\">Temperatura: \u25aa Refrigera\u00e7\u00e3o +5\u00b0 a +10\u00b0C&nbsp;<\/font><\/p>\n<p style=\"outline: 0px; -webkit-font-smoothing: antialiased; text-rendering: optimizeLegibility; border: 0px; font-style: inherit; font-size: inherit; margin-bottom: 0px; padding: 0px; vertical-align: baseline;\"><font face=\"Arial\">&nbsp;\u25aa Aquecimento +30\u00b0 a +35\u00b0C&nbsp;<\/font><\/p>\n<p style=\"outline: 0px; -webkit-font-smoothing: antialiased; text-rendering: optimizeLegibility; border: 0px; font-style: inherit; font-size: inherit; margin-bottom: 0px; padding: 0px; vertical-align: baseline;\"><font face=\"Arial\">Refrigera\u00e7\u00e3o: Ar for\u00e7ado com evaporador aletado&nbsp;<\/font><\/p>\n<p style=\"outline: 0px; -webkit-font-smoothing: antialiased; text-rendering: optimizeLegibility; border: 0px; font-style: inherit; font-size: inherit; margin-bottom: 0px; padding: 0px; vertical-align: baseline;\"><font face=\"Arial\">Aquecimento: Resist\u00eancia blindada&nbsp;<\/font><\/p>\n<p style=\"outline: 0px; -webkit-font-smoothing: antialiased; text-rendering: optimizeLegibility; border: 0px; font-style: inherit; font-size: inherit; margin-bottom: 0px; padding: 0px; vertical-align: baseline;\"><font face=\"Arial\">Controle de temperatura: Controlador eletr\u00f4nico (termostato, timer, term\u00f4metro digital)&nbsp;<\/font><\/p>\n<p style=\"outline: 0px; -webkit-font-smoothing: antialiased; text-rendering: optimizeLegibility; border: 0px; font-style: inherit; font-size: inherit; margin-bottom: 0px; padding: 0px; vertical-align: baseline;\"><font face=\"Arial\">Perfeito controle da fermenta\u00e7\u00e3o de p\u00e3es, acelera ou retarda automaticamente a fermenta\u00e7\u00e3o antes do cozimento&nbsp;<\/font><\/p>\n<p style=\"outline: 0px; -webkit-font-smoothing: antialiased; text-rendering: optimizeLegibility; border: 0px; font-style: inherit; font-size: inherit; margin-bottom: 0px; padding: 0px; vertical-align: baseline;\"><font face=\"Arial\">Vaporizador que ajuda a umidificar a massa evitando o seu ressecamento&nbsp;<\/font><\/p>\n<p style=\"outline: 0px; -webkit-font-smoothing: antialiased; text-rendering: optimizeLegibility; border: 0px; font-style: inherit; font-size: inherit; margin-bottom: 0px; padding: 0px; vertical-align: baseline;\"><font face=\"Arial\">Ilumina\u00e7\u00e3o: LED com interruptor&nbsp;<\/font><\/p>\n<p style=\"outline: 0px; -webkit-font-smoothing: antialiased; text-rendering: optimizeLegibility; border: 0px; font-style: inherit; font-size: inherit; margin-bottom: 0px; padding: 0px; vertical-align: baseline;\"><font face=\"Arial\">Prateleiras regul\u00e1veis e ajust\u00e1vel na largura de 520 a 700mm<\/font><\/p>\n<p style=\"outline: 0px; -webkit-font-smoothing: antialiased; text-rendering: optimizeLegibility; border: 0px; font-style: inherit; font-size: inherit; margin-bottom: 0px; padding: 0px; vertical-align: baseline;\"><font face=\"Arial\">Revestimento interno em a\u00e7o inox 430&nbsp;<\/font><\/p>\n<p style=\"outline: 0px; -webkit-font-smoothing: antialiased; text-rendering: optimizeLegibility; border: 0px; font-style: inherit; font-size: inherit; margin-bottom: 0px; padding: 0px; vertical-align: baseline;\"><font face=\"Arial\">Revestimento externo frontal em a\u00e7o inox 304 e laterais em A\u00e7o revestido Tipo Inox<\/font><\/p>\n<p style=\"outline: 0px; -webkit-font-smoothing: antialiased; text-rendering: optimizeLegibility; border: 0px; font-style: inherit; font-size: inherit; margin-bottom: 0px; padding: 0px; vertical-align: baseline;\"><font face=\"Arial\">Gabinete com rod\u00edzios&nbsp;<\/font><\/p>\n<p style=\"outline: 0px; -webkit-font-smoothing: antialiased; text-rendering: optimizeLegibility; border: 0px; font-style: inherit; font-size: inherit; margin-bottom: 0px; padding: 0px; vertical-align: baseline;\"><font face=\"Arial\">Obs.: \u25aa As bandejas n\u00e3o acompanham o produto&nbsp;<\/font><\/p>\n<p style=\"outline: 0px; -webkit-font-smoothing: antialiased; text-rendering: optimizeLegibility; border: 0px; font-style: inherit; font-size: inherit; margin-bottom: 0px; padding: 0px; vertical-align: baseline;\"><font face=\"Arial\">&nbsp;\u25aa N\u00e3o recomendado para descongelamento de p\u00e3es&nbsp;<\/font><\/p>\n<p style=\"outline: 0px; -webkit-font-smoothing: antialiased; text-rendering: optimizeLegibility; border: 0px; font-style: inherit; font-size: inherit; margin-bottom: 0px; padding: 0px; vertical-align: baseline;\"><font face=\"Arial\">\u25aa Capacidade para 1200 P\u00e3es<\/font><br style=\"outline: transparent none medium; -webkit-font-smoothing: antialiased; text-rendering: optimizeLegibility;\"><\/p>\n<\/div>\n<table class=\"tabela-especificacoes\" style=\"outline: 0px; -webkit-font-smoothing: antialiased; text-rendering: optimizeLegibility; border: 0px; font-size: inherit; font-family: alegreya_sansregular; margin: 0px; padding: 0px; vertical-align: baseline; border-collapse: separate; width: 330px; table-layout: fixed; caret-color: rgb(76, 76, 76); color: rgb(76, 76, 76);\">\n<tbody style=\"outline: 0px; -webkit-font-smoothing: antialiased; text-rendering: optimizeLegibility; border: 0px; font-style: inherit; font-size: inherit; font-family: inherit; margin: 0px; padding: 0px; vertical-align: baseline;\">\n<tr style=\"outline: 0px; -webkit-font-smoothing: antialiased; text-rendering: optimizeLegibility; border: 0px; font-style: inherit; font-size: inherit; font-family: inherit; margin: 0px; padding: 0px; vertical-align: baseline;\">\n<td class=\"label-especificacoes\" width=\"190\" style=\"outline: 0px; -webkit-font-smoothing: antialiased; text-rendering: optimizeLegibility; border-width: 0px 5px 5px 0px; border-right-style: solid; border-bottom-style: solid; border-right-color: rgb(255, 255, 255); border-bottom-color: rgb(255, 255, 255); font-style: inherit; font-size: 15px; margin: 0px; padding: 7px; vertical-align: baseline; background-color: rgb(249, 249, 249); color: rgb(74, 74, 74); word-wrap: break-word; overflow-wrap: break-word;\"><font face=\"Arial\">Frente(mm)<\/font><\/td>\n<td colspan=\"2\" style=\"outline: 0px; -webkit-font-smoothing: antialiased; text-rendering: optimizeLegibility; border-width: 0px 5px 5px 0px; border-right-style: solid; border-bottom-style: solid; border-right-color: rgb(255, 255, 255); border-bottom-color: rgb(255, 255, 255); font-style: inherit; font-size: 15px; margin: 0px; padding: 7px; vertical-align: baseline; background-color: rgb(249, 249, 249); color: rgb(74, 74, 74); word-wrap: break-word; overflow-wrap: break-word;\"><font face=\"Arial\">875<\/font><\/td>\n<\/tr>\n<tr style=\"outline: 0px; -webkit-font-smoothing: antialiased; text-rendering: optimizeLegibility; border: 0px; font-style: inherit; font-size: inherit; margin: 0px; padding: 0px; vertical-align: baseline;\">\n<td class=\"label-especificacoes\" width=\"190\" style=\"outline: 0px; -webkit-font-smoothing: antialiased; text-rendering: optimizeLegibility; border-width: 0px 5px 5px 0px; border-right-style: solid; border-bottom-style: solid; border-right-color: rgb(255, 255, 255); border-bottom-color: rgb(255, 255, 255); font-style: inherit; font-size: 15px; margin: 0px; padding: 7px; vertical-align: baseline; background-color: rgb(249, 249, 249); color: rgb(74, 74, 74); word-wrap: break-word; overflow-wrap: break-word;\"><font face=\"Arial\">Profundidade(mm)<\/font><\/td>\n<td colspan=\"2\" style=\"outline: 0px; -webkit-font-smoothing: antialiased; text-rendering: optimizeLegibility; border-width: 0px 5px 5px 0px; border-right-style: solid; border-bottom-style: solid; border-right-color: rgb(255, 255, 255); border-bottom-color: rgb(255, 255, 255); font-style: inherit; font-size: 15px; margin: 0px; padding: 7px; vertical-align: baseline; background-color: rgb(249, 249, 249); color: rgb(74, 74, 74); word-wrap: break-word; overflow-wrap: break-word;\"><font face=\"Arial\">1385<\/font><\/td>\n<\/tr>\n<tr style=\"outline: 0px; -webkit-font-smoothing: antialiased; text-rendering: optimizeLegibility; border: 0px; font-style: inherit; font-size: inherit; margin: 0px; padding: 0px; vertical-align: baseline;\">\n<td class=\"label-especificacoes\" width=\"190\" style=\"outline: 0px; -webkit-font-smoothing: antialiased; text-rendering: optimizeLegibility; border-width: 0px 5px 5px 0px; border-right-style: solid; border-bottom-style: solid; border-right-color: rgb(255, 255, 255); border-bottom-color: rgb(255, 255, 255); font-style: inherit; font-size: 15px; margin: 0px; padding: 7px; vertical-align: baseline; background-color: rgb(249, 249, 249); color: rgb(74, 74, 74); word-wrap: break-word; overflow-wrap: break-word;\"><font face=\"Arial\">Altura(mm)<\/font><\/td>\n<td colspan=\"2\" style=\"outline: 0px; -webkit-font-smoothing: antialiased; text-rendering: optimizeLegibility; border-width: 0px 5px 5px 0px; border-right-style: solid; border-bottom-style: solid; border-right-color: rgb(255, 255, 255); border-bottom-color: rgb(255, 255, 255); font-style: inherit; font-size: 15px; margin: 0px; padding: 7px; vertical-align: baseline; background-color: rgb(249, 249, 249); color: rgb(74, 74, 74); word-wrap: break-word; overflow-wrap: break-word;\"><font face=\"Arial\">2085<\/font><\/td>\n<\/tr>\n<tr style=\"outline: 0px; -webkit-font-smoothing: antialiased; text-rendering: optimizeLegibility; border: 0px; font-style: inherit; font-size: inherit; margin: 0px; padding: 0px; vertical-align: baseline;\">\n<td class=\"label-especificacoes\" width=\"190\" style=\"outline: 0px; -webkit-font-smoothing: antialiased; text-rendering: optimizeLegibility; border-width: 0px 5px 5px 0px; border-right-style: solid; border-bottom-style: solid; border-right-color: rgb(255, 255, 255); border-bottom-color: rgb(255, 255, 255); font-style: inherit; font-size: 15px; margin: 0px; padding: 7px; vertical-align: baseline; background-color: rgb(249, 249, 249); color: rgb(74, 74, 74); word-wrap: break-word; overflow-wrap: break-word;\"><font face=\"Arial\">Peso bruto(kg)<\/font><\/td>\n<td colspan=\"2\" style=\"outline: 0px; -webkit-font-smoothing: antialiased; text-rendering: optimizeLegibility; border-width: 0px 5px 5px 0px; border-right-style: solid; border-bottom-style: solid; border-right-color: rgb(255, 255, 255); border-bottom-color: rgb(255, 255, 255); font-style: inherit; font-size: 15px; margin: 0px; padding: 7px; vertical-align: baseline; background-color: rgb(249, 249, 249); color: rgb(74, 74, 74); word-wrap: break-word; overflow-wrap: break-word;\"><font face=\"Arial\">271<\/font><\/td>\n<\/tr>\n<tr style=\"outline: 0px; -webkit-font-smoothing: antialiased; text-rendering: optimizeLegibility; border: 0px; font-style: inherit; font-size: inherit; margin: 0px; padding: 0px; vertical-align: baseline;\">\n<td class=\"label-especificacoes\" width=\"190\" style=\"outline: 0px; -webkit-font-smoothing: antialiased; text-rendering: optimizeLegibility; border-width: 0px 5px 5px 0px; border-right-style: solid; border-bottom-style: solid; border-right-color: rgb(255, 255, 255); border-bottom-color: rgb(255, 255, 255); font-style: inherit; font-size: 15px; margin: 0px; padding: 7px; vertical-align: baseline; background-color: rgb(249, 249, 249); color: rgb(74, 74, 74); word-wrap: break-word; overflow-wrap: break-word;\"><font face=\"Arial\">Tens\u00e3o(V)<\/font><\/td>\n<td colspan=\"2\" style=\"outline: 0px; -webkit-font-smoothing: antialiased; text-rendering: optimizeLegibility; border-width: 0px 5px 5px 0px; border-right-style: solid; border-bottom-style: solid; border-right-color: rgb(255, 255, 255); border-bottom-color: rgb(255, 255, 255); font-style: inherit; font-size: 15px; margin: 0px; padding: 7px; vertical-align: baseline; background-color: rgb(249, 249, 249); color: rgb(74, 74, 74); word-wrap: break-word; overflow-wrap: break-word;\"><font face=\"Arial\">220<\/font><\/td>\n<\/tr>\n<tr style=\"outline: 0px; -webkit-font-smoothing: antialiased; text-rendering: optimizeLegibility; border: 0px; font-style: inherit; font-size: inherit; margin: 0px; padding: 0px; vertical-align: baseline;\">\n<td class=\"label-especificacoes\" width=\"190\" style=\"outline: 0px; -webkit-font-smoothing: antialiased; text-rendering: optimizeLegibility; border-width: 0px 5px 5px 0px; border-right-style: solid; border-bottom-style: solid; border-right-color: rgb(255, 255, 255); border-bottom-color: rgb(255, 255, 255); font-style: inherit; font-size: 15px; margin: 0px; padding: 7px; vertical-align: baseline; background-color: rgb(249, 249, 249); color: rgb(74, 74, 74); word-wrap: break-word; overflow-wrap: break-word;\"><font face=\"Arial\">Frequ\u00eancia(Hz)<\/font><\/td>\n<td colspan=\"2\" style=\"outline: 0px; -webkit-font-smoothing: antialiased; text-rendering: optimizeLegibility; border-width: 0px 5px 5px 0px; border-right-style: solid; border-bottom-style: solid; border-right-color: rgb(255, 255, 255); border-bottom-color: rgb(255, 255, 255); font-style: inherit; font-size: 15px; margin: 0px; padding: 7px; vertical-align: baseline; background-color: rgb(249, 249, 249); color: rgb(74, 74, 74); word-wrap: break-word; overflow-wrap: break-word;\"><font face=\"Arial\">50 ou 60<\/font><\/td>\n<\/tr>\n<tr style=\"outline: 0px; -webkit-font-smoothing: antialiased; text-rendering: optimizeLegibility; border: 0px; font-style: inherit; font-size: inherit; margin: 0px; padding: 0px; vertical-align: baseline;\">\n<td class=\"label-especificacoes\" width=\"190\" style=\"outline: 0px; -webkit-font-smoothing: antialiased; text-rendering: optimizeLegibility; border-width: 0px 5px 5px 0px; border-right-style: solid; border-bottom-style: solid; border-right-color: rgb(255, 255, 255); border-bottom-color: rgb(255, 255, 255); font-style: inherit; font-size: 15px; margin: 0px; padding: 7px; vertical-align: baseline; background-color: rgb(249, 249, 249); color: rgb(74, 74, 74); word-wrap: break-word; overflow-wrap: break-word;\"><font face=\"Arial\">Consumo kWh\/dia &#8211; Aquecimento<\/font><\/td>\n<td colspan=\"2\" style=\"outline: 0px; -webkit-font-smoothing: antialiased; text-rendering: optimizeLegibility; border-width: 0px 5px 5px 0px; border-right-style: solid; border-bottom-style: solid; border-right-color: rgb(255, 255, 255); border-bottom-color: rgb(255, 255, 255); font-style: inherit; font-size: 15px; margin: 0px; padding: 7px; vertical-align: baseline; background-color: rgb(249, 249, 249); color: rgb(74, 74, 74); word-wrap: break-word; overflow-wrap: break-word;\"><font face=\"Arial\">1,4<\/font><\/td>\n<\/tr>\n<tr style=\"outline: 0px; -webkit-font-smoothing: antialiased; text-rendering: optimizeLegibility; border: 0px; font-style: inherit; font-size: inherit; margin: 0px; padding: 0px; vertical-align: baseline;\">\n<td class=\"label-especificacoes\" width=\"190\" style=\"outline: 0px; -webkit-font-smoothing: antialiased; text-rendering: optimizeLegibility; border-width: 0px 5px 5px 0px; border-right-style: solid; border-bottom-style: solid; border-right-color: rgb(255, 255, 255); border-bottom-color: rgb(255, 255, 255); font-style: inherit; font-size: 15px; margin: 0px; padding: 7px; vertical-align: baseline; background-color: rgb(249, 249, 249); color: rgb(74, 74, 74); word-wrap: break-word; overflow-wrap: break-word;\"><font face=\"Arial\">Consumo kWh\/dia &#8211; Refrigera\u00e7\u00e3o<\/font><\/td>\n<td colspan=\"2\" style=\"outline: 0px; -webkit-font-smoothing: antialiased; text-rendering: optimizeLegibility; border-width: 0px 5px 5px 0px; border-right-style: solid; border-bottom-style: solid; border-right-color: rgb(255, 255, 255); border-bottom-color: rgb(255, 255, 255); font-style: inherit; font-size: 15px; margin: 0px; padding: 7px; vertical-align: baseline; background-color: rgb(249, 249, 249); color: rgb(74, 74, 74); word-wrap: break-word; overflow-wrap: break-word;\"><font face=\"Arial\">0,7<\/font><\/td>\n<\/tr>\n<tr style=\"outline: 0px; -webkit-font-smoothing: antialiased; text-rendering: optimizeLegibility; border: 0px; font-style: inherit; font-size: inherit; font-family: inherit; margin: 0px; padding: 0px; vertical-align: baseline;\">\n<td class=\"label-especificacoes\" width=\"190\" style=\"outline: 0px; -webkit-font-smoothing: antialiased; text-rendering: optimizeLegibility; border-width: 0px 5px 5px 0px; border-right-style: solid; border-bottom-style: solid; border-right-color: rgb(255, 255, 255); border-bottom-color: rgb(255, 255, 255); font-style: inherit; font-size: 15px; margin: 0px; padding: 7px; vertical-align: baseline; background-color: rgb(249, 249, 249); color: rgb(74, 74, 74); word-wrap: break-word; overflow-wrap: break-word;\"><font face=\"Arial\">Bandejas 600x400mm<\/font><\/td>\n<td colspan=\"2\" style=\"outline: 0px; -webkit-font-smoothing: antialiased; text-rendering: optimizeLegibility; border-width: 0px 5px 5px 0px; border-right-style: solid; border-bottom-style: solid; border-right-color: rgb(255, 255, 255); border-bottom-color: rgb(255, 255, 255); font-style: inherit; font-size: 15px; margin: 0px; padding: 7px; vertical-align: baseline; background-color: rgb(249, 249, 249); color: rgb(74, 74, 74); word-wrap: break-word; overflow-wrap: break-word;\"><font face=\"Arial\">40<\/font><\/td>\n<\/tr>\n<\/tbody>\n<\/table>\n","protected":false},"excerpt":{"rendered":"<p>Descri\u00e7\u00e3o do Produto Controle da fermenta\u00e7\u00e3o de p\u00e3es&nbsp; Temperatura: \u25aa Refrigera\u00e7\u00e3o +5\u00b0 a +10\u00b0C&nbsp; &nbsp;\u25aa Aquecimento +30\u00b0 a +35\u00b0C&nbsp; Refrigera\u00e7\u00e3o: Ar for\u00e7ado com evaporador aletado&nbsp; Aquecimento: Resist\u00eancia blindada&nbsp; Controle de temperatura: Controlador eletr\u00f4nico (termostato, timer, term\u00f4metro digital)&nbsp; Perfeito controle da fermenta\u00e7\u00e3o de p\u00e3es, acelera ou retarda automaticamente a fermenta\u00e7\u00e3o antes do cozimento&nbsp; Vaporizador que ajuda [&hellip;]<\/p>\n","protected":false},"featured_media":12487,"comment_status":"open","ping_status":"closed","template":"","meta":[],"product_brand":[],"product_cat":[339,425],"product_tag":[],"class_list":{"0":"post-12488","1":"product","2":"type-product","3":"status-publish","4":"has-post-thumbnail","6":"product_cat-camara-climatica","7":"product_cat-padaria","9":"first","10":"instock","11":"shipping-taxable","12":"purchasable","13":"product-type-simple"},"_links":{"self":[{"href":"https:\/\/twsites.com.br\/novomigcenter\/index.php?rest_route=\/wp\/v2\/product\/12488","targetHints":{"allow":["GET"]}}],"collection":[{"href":"https:\/\/twsites.com.br\/novomigcenter\/index.php?rest_route=\/wp\/v2\/product"}],"about":[{"href":"https:\/\/twsites.com.br\/novomigcenter\/index.php?rest_route=\/wp\/v2\/types\/product"}],"replies":[{"embeddable":true,"href":"https:\/\/twsites.com.br\/novomigcenter\/index.php?rest_route=%2Fwp%2Fv2%2Fcomments&post=12488"}],"wp:featuredmedia":[{"embeddable":true,"href":"https:\/\/twsites.com.br\/novomigcenter\/index.php?rest_route=\/wp\/v2\/media\/12487"}],"wp:attachment":[{"href":"https:\/\/twsites.com.br\/novomigcenter\/index.php?rest_route=%2Fwp%2Fv2%2Fmedia&parent=12488"}],"wp:term":[{"taxonomy":"product_brand","embeddable":true,"href":"https:\/\/twsites.com.br\/novomigcenter\/index.php?rest_route=%2Fwp%2Fv2%2Fproduct_brand&post=12488"},{"taxonomy":"product_cat","embeddable":true,"href":"https:\/\/twsites.com.br\/novomigcenter\/index.php?rest_route=%2Fwp%2Fv2%2Fproduct_cat&post=12488"},{"taxonomy":"product_tag","embeddable":true,"href":"https:\/\/twsites.com.br\/novomigcenter\/index.php?rest_route=%2Fwp%2Fv2%2Fproduct_tag&post=12488"}],"curies":[{"name":"wp","href":"https:\/\/api.w.org\/{rel}","templated":true}]}}