{"id":12490,"date":"2018-06-25T14:27:16","date_gmt":"2018-06-25T14:27:16","guid":{"rendered":"https:\/\/twsites.com.br\/novomigcenter\/?product=balanca-mecanica-micheletti-100-kg"},"modified":"2018-06-25T14:27:16","modified_gmt":"2018-06-25T14:27:16","slug":"balanca-mecanica-micheletti-100-kg","status":"publish","type":"product","link":"https:\/\/twsites.com.br\/novomigcenter\/?product=balanca-mecanica-micheletti-100-kg","title":{"rendered":"Balan\u00e7a Mec\u00e2nica Micheletti 100 KG"},"content":{"rendered":"<p><strong style=\"border: 0px; margin: 0px; padding: 0px; font-family: &quot;Open Sans&quot;; font-size: 14px; outline: 0px; text-align: justify;\">Balan\u00e7a Mec\u00e2nica 100 KG | Micheletti MIC 1B<\/strong><br style=\"border: 0px; margin: 0px; padding: 0px; font-family: &quot;Open Sans&quot;; outline: 0px; color: rgb(85, 85, 85); clear: right; text-align: justify;\"><br style=\"border: 0px; margin: 0px; padding: 0px; font-family: &quot;Open Sans&quot;; outline: 0px; color: rgb(85, 85, 85); clear: right; text-align: justify;\"><span style=\"caret-color: rgb(51, 51, 51); color: rgb(51, 51, 51); font-family: &quot;Open Sans&quot;; font-size: 14px; text-align: justify;\">Balan\u00e7a mec\u00e2nica, plataforma em a\u00e7o carbono SAE 1020, projetada com maior robustez e versatilidade para atender todas as necessidades.<\/span><br style=\"border: 0px; margin: 0px; padding: 0px; font-family: &quot;Open Sans&quot;; outline: 0px; color: rgb(85, 85, 85); clear: right; text-align: justify;\"><br style=\"border: 0px; margin: 0px; padding: 0px; font-family: &quot;Open Sans&quot;; outline: 0px; color: rgb(85, 85, 85); clear: right; text-align: justify;\"><span style=\"caret-color: rgb(51, 51, 51); color: rgb(51, 51, 51); font-family: &quot;Open Sans&quot;; font-size: 14px; text-align: justify;\">\u00c9 um produto que proporciona pesagem eficiente e com precis\u00e3o, tem alta durabilidade, baixa manuten\u00e7\u00e3o, design avan\u00e7ado e tamanho compat\u00edvel com o ambiente operacional.<\/span><br style=\"border: 0px; margin: 0px; padding: 0px; font-family: &quot;Open Sans&quot;; outline: 0px; color: rgb(85, 85, 85); clear: right; text-align: justify;\"><br style=\"border: 0px; margin: 0px; padding: 0px; font-family: &quot;Open Sans&quot;; outline: 0px; color: rgb(85, 85, 85); clear: right; text-align: justify;\"><span style=\"caret-color: rgb(51, 51, 51); color: rgb(51, 51, 51); font-family: &quot;Open Sans&quot;; font-size: 14px; text-align: justify;\">Adequada para setores industriais e comerciais onde necessitam efetuar pesagens e confer\u00eancias de materiais na produ\u00e7\u00e3o, recebimentos e ou expedi\u00e7\u00f5es, perfeita para ambientes mais r\u00fasticos ou com aus\u00eancia de energia el\u00e9trica.<\/span><br style=\"border: 0px; margin: 0px; padding: 0px; font-family: &quot;Open Sans&quot;; outline: 0px; color: rgb(85, 85, 85); clear: right; text-align: justify;\"><br style=\"border: 0px; margin: 0px; padding: 0px; font-family: &quot;Open Sans&quot;; outline: 0px; color: rgb(85, 85, 85); clear: right; text-align: justify;\"><br style=\"border: 0px; margin: 0px; padding: 0px; font-family: &quot;Open Sans&quot;; outline: 0px; color: rgb(85, 85, 85); clear: right; text-align: justify;\"><strong style=\"border: 0px; margin: 0px; padding: 0px; font-family: &quot;Open Sans&quot;; font-size: 14px; outline: 0px; text-align: justify;\">Caracter\u00edsticas<\/strong><br style=\"border: 0px; margin: 0px; padding: 0px; font-family: &quot;Open Sans&quot;; outline: 0px; color: rgb(85, 85, 85); clear: right; text-align: justify;\"><span style=\"caret-color: rgb(51, 51, 51); color: rgb(51, 51, 51); font-family: &quot;Open Sans&quot;; font-size: 14px; text-align: justify;\">Aprovado pelo INMETRO conforme portaria 236 Estrutura em chapa de a\u00e7o carbono Pinturas marteladas\t<\/span><br style=\"border: 0px; margin: 0px; padding: 0px; font-family: &quot;Open Sans&quot;; outline: 0px; color: rgb(85, 85, 85); clear: right; text-align: justify;\"><br style=\"border: 0px; margin: 0px; padding: 0px; font-family: &quot;Open Sans&quot;; outline: 0px; color: rgb(85, 85, 85); clear: right; text-align: justify;\"><b style=\"border: 0px; margin: 0px; padding: 0px; font-family: &quot;Open Sans&quot;; font-size: 14px; outline: 0px; text-align: justify;\">&#8211; Dados T\u00e9cnicos:<\/b><br style=\"border: 0px; margin: 0px; padding: 0px; font-family: &quot;Open Sans&quot;; outline: 0px; color: rgb(85, 85, 85); clear: right; text-align: justify;\"><b style=\"border: 0px; margin: 0px; padding: 0px; font-family: &quot;Open Sans&quot;; font-size: 14px; outline: 0px; text-align: justify;\">Capacidade (Kg):&nbsp;<\/b><span style=\"caret-color: rgb(51, 51, 51); color: rgb(51, 51, 51); font-family: &quot;Open Sans&quot;; font-size: 14px; text-align: justify;\">100kg &#8211; 50g<\/span><br style=\"border: 0px; margin: 0px; padding: 0px; font-family: &quot;Open Sans&quot;; outline: 0px; color: rgb(85, 85, 85); clear: right; text-align: justify;\"><b style=\"border: 0px; margin: 0px; padding: 0px; font-family: &quot;Open Sans&quot;; font-size: 14px; outline: 0px; text-align: justify;\">Coluna:&nbsp;<\/b><span style=\"caret-color: rgb(51, 51, 51); color: rgb(51, 51, 51); font-family: &quot;Open Sans&quot;; font-size: 14px; text-align: justify;\">35<\/span><br style=\"border: 0px; margin: 0px; padding: 0px; font-family: &quot;Open Sans&quot;; outline: 0px; color: rgb(85, 85, 85); clear: right; text-align: justify;\"><b style=\"border: 0px; margin: 0px; padding: 0px; font-family: &quot;Open Sans&quot;; font-size: 14px; outline: 0px; text-align: justify;\">Peso (Kg):&nbsp;<\/b><span style=\"caret-color: rgb(51, 51, 51); color: rgb(51, 51, 51); font-family: &quot;Open Sans&quot;; font-size: 14px; text-align: justify;\">11<\/span><br style=\"border: 0px; margin: 0px; padding: 0px; font-family: &quot;Open Sans&quot;; outline: 0px; color: rgb(85, 85, 85); clear: right; text-align: justify;\"><b style=\"border: 0px; margin: 0px; padding: 0px; font-family: &quot;Open Sans&quot;; font-size: 14px; outline: 0px; text-align: justify;\">Plataforma:&nbsp;<\/b><span style=\"caret-color: rgb(51, 51, 51); color: rgb(51, 51, 51); font-family: &quot;Open Sans&quot;; font-size: 14px; text-align: justify;\">30 x 40 (cm)<\/span><br style=\"border: 0px; margin: 0px; padding: 0px; font-family: &quot;Open Sans&quot;; outline: 0px; color: rgb(85, 85, 85); clear: right; text-align: justify;\"><b style=\"border: 0px; margin: 0px; padding: 0px; font-family: &quot;Open Sans&quot;; font-size: 14px; outline: 0px; text-align: justify;\">Refer\u00eancia Micheletti:<\/b><span style=\"caret-color: rgb(51, 51, 51); color: rgb(51, 51, 51); font-family: &quot;Open Sans&quot;; font-size: 14px; text-align: justify;\">&nbsp;120.107.010<\/span><br style=\"border: 0px; margin: 0px; padding: 0px; font-family: &quot;Open Sans&quot;; outline: 0px; color: rgb(85, 85, 85); clear: right; text-align: justify;\"><b style=\"border: 0px; margin: 0px; padding: 0px; font-family: &quot;Open Sans&quot;; font-size: 14px; outline: 0px; text-align: justify;\">Garantia:<\/b><span style=\"caret-color: rgb(51, 51, 51); color: rgb(51, 51, 51); font-family: &quot;Open Sans&quot;; font-size: 14px; text-align: justify;\">&nbsp;1 ano<\/span><br style=\"border: 0px; margin: 0px; padding: 0px; font-family: &quot;Open Sans&quot;; outline: 0px; color: rgb(85, 85, 85); clear: right; text-align: justify;\"><b style=\"border: 0px; margin: 0px; padding: 0px; font-family: &quot;Open Sans&quot;; font-size: 14px; outline: 0px; text-align: justify;\">Despacho:<\/b><span style=\"caret-color: rgb(51, 51, 51); color: rgb(51, 51, 51); font-family: &quot;Open Sans&quot;; font-size: 14px; text-align: justify;\">&nbsp;Em at\u00e9 20 dias \u00fateis.<\/span><\/p>\n","protected":false},"excerpt":{"rendered":"<p>Balan\u00e7a Mec\u00e2nica 100 KG | Micheletti MIC 1BBalan\u00e7a mec\u00e2nica, plataforma em a\u00e7o carbono SAE 1020, projetada com maior robustez e versatilidade para atender todas as necessidades.\u00c9 um produto que proporciona pesagem eficiente e com precis\u00e3o, tem alta durabilidade, baixa manuten\u00e7\u00e3o, design avan\u00e7ado e tamanho compat\u00edvel com o ambiente operacional.Adequada para setores industriais e comerciais onde [&hellip;]<\/p>\n","protected":false},"featured_media":12489,"comment_status":"open","ping_status":"closed","template":"","meta":[],"product_brand":[],"product_cat":[297,440],"product_tag":[],"class_list":{"0":"post-12490","1":"product","2":"type-product","3":"status-publish","4":"has-post-thumbnail","6":"product_cat-balanca","7":"product_cat-maquinas","9":"first","10":"instock","11":"shipping-taxable","12":"purchasable","13":"product-type-simple"},"_links":{"self":[{"href":"https:\/\/twsites.com.br\/novomigcenter\/index.php?rest_route=\/wp\/v2\/product\/12490","targetHints":{"allow":["GET"]}}],"collection":[{"href":"https:\/\/twsites.com.br\/novomigcenter\/index.php?rest_route=\/wp\/v2\/product"}],"about":[{"href":"https:\/\/twsites.com.br\/novomigcenter\/index.php?rest_route=\/wp\/v2\/types\/product"}],"replies":[{"embeddable":true,"href":"https:\/\/twsites.com.br\/novomigcenter\/index.php?rest_route=%2Fwp%2Fv2%2Fcomments&post=12490"}],"wp:featuredmedia":[{"embeddable":true,"href":"https:\/\/twsites.com.br\/novomigcenter\/index.php?rest_route=\/wp\/v2\/media\/12489"}],"wp:attachment":[{"href":"https:\/\/twsites.com.br\/novomigcenter\/index.php?rest_route=%2Fwp%2Fv2%2Fmedia&parent=12490"}],"wp:term":[{"taxonomy":"product_brand","embeddable":true,"href":"https:\/\/twsites.com.br\/novomigcenter\/index.php?rest_route=%2Fwp%2Fv2%2Fproduct_brand&post=12490"},{"taxonomy":"product_cat","embeddable":true,"href":"https:\/\/twsites.com.br\/novomigcenter\/index.php?rest_route=%2Fwp%2Fv2%2Fproduct_cat&post=12490"},{"taxonomy":"product_tag","embeddable":true,"href":"https:\/\/twsites.com.br\/novomigcenter\/index.php?rest_route=%2Fwp%2Fv2%2Fproduct_tag&post=12490"}],"curies":[{"name":"wp","href":"https:\/\/api.w.org\/{rel}","templated":true}]}}