{"id":12492,"date":"2018-06-25T14:39:46","date_gmt":"2018-06-25T14:39:46","guid":{"rendered":"https:\/\/twsites.com.br\/novomigcenter\/?product=sanduicheira-eletrica-conjugada-gigante-chapa-estriada-scge"},"modified":"2018-06-25T14:39:46","modified_gmt":"2018-06-25T14:39:46","slug":"sanduicheira-eletrica-conjugada-gigante-chapa-estriada-scge","status":"publish","type":"product","link":"https:\/\/twsites.com.br\/novomigcenter\/?product=sanduicheira-eletrica-conjugada-gigante-chapa-estriada-scge","title":{"rendered":"Sanduicheira Eletretrica Conjugada Gigante (Chapa Estriada) &#8211; SCGE"},"content":{"rendered":"<h3 style=\"color: rgb(0, 0, 0);\"><font face=\"Arial\"><span style=\"font-size: 18px;\">Dados T\u00e9cnicos<\/span><\/font><\/h3>\n<p style=\"\">\n<p style=\"\"><font face=\"Arial\"><span style=\"font-size: 14px;\"><b>Capacidade Nominal: <\/b>24 sanduiches<\/span><br \/><span style=\"font-size: 14px;\"><b>Pot\u00eancia(220v):<\/b> 5500W<\/span><br \/><span style=\"font-size: 14px;\"><b>Pot\u00eancia(127v): <\/b>3250W<\/span><br \/><span style=\"font-size: 14px;\"><b>Corrente(220v):<\/b> 25,0A<\/span><br \/><span style=\"font-size: 14px;\">Corrente(127v): 25,6A<\/span><br \/><span style=\"font-size: 14px;\"><b>Altura:<\/b> 32cm<\/span><br \/><span style=\"font-size: 14px;\"><b>Largura:<\/b> 90cm<\/span><br \/><span style=\"font-size: 14px;\"><b>Profundidade: <\/b>62cm<\/span><br \/><span style=\"font-size: 14px;\"><b>Peso L\u00edquido: <\/b>37kg<\/span><br \/><span style=\"font-size: 14px;\"><b>Peso Bruto: <\/b>39,9kg<\/span><br \/><span style=\"font-size: 14px;\"><b>Consumo(220v): <\/b>2,8kw\/h<\/span><br \/><span style=\"font-size: 14px;\"><b>Consumo(127v): <\/b>1,6kw\/h<\/span><\/font><\/p>\n","protected":false},"excerpt":{"rendered":"<p>Dados T\u00e9cnicos Capacidade Nominal: 24 sanduichesPot\u00eancia(220v): 5500WPot\u00eancia(127v): 3250WCorrente(220v): 25,0ACorrente(127v): 25,6AAltura: 32cmLargura: 90cmProfundidade: 62cmPeso L\u00edquido: 37kgPeso Bruto: 39,9kgConsumo(220v): 2,8kw\/hConsumo(127v): 1,6kw\/h<\/p>\n","protected":false},"featured_media":12491,"comment_status":"open","ping_status":"closed","template":"","meta":[],"product_brand":[],"product_cat":[400,440],"product_tag":[],"class_list":{"0":"post-12492","1":"product","2":"type-product","3":"status-publish","4":"has-post-thumbnail","6":"product_cat-sanduicheira","7":"product_cat-maquinas","9":"first","10":"instock","11":"shipping-taxable","12":"purchasable","13":"product-type-simple"},"_links":{"self":[{"href":"https:\/\/twsites.com.br\/novomigcenter\/index.php?rest_route=\/wp\/v2\/product\/12492","targetHints":{"allow":["GET"]}}],"collection":[{"href":"https:\/\/twsites.com.br\/novomigcenter\/index.php?rest_route=\/wp\/v2\/product"}],"about":[{"href":"https:\/\/twsites.com.br\/novomigcenter\/index.php?rest_route=\/wp\/v2\/types\/product"}],"replies":[{"embeddable":true,"href":"https:\/\/twsites.com.br\/novomigcenter\/index.php?rest_route=%2Fwp%2Fv2%2Fcomments&post=12492"}],"wp:featuredmedia":[{"embeddable":true,"href":"https:\/\/twsites.com.br\/novomigcenter\/index.php?rest_route=\/wp\/v2\/media\/12491"}],"wp:attachment":[{"href":"https:\/\/twsites.com.br\/novomigcenter\/index.php?rest_route=%2Fwp%2Fv2%2Fmedia&parent=12492"}],"wp:term":[{"taxonomy":"product_brand","embeddable":true,"href":"https:\/\/twsites.com.br\/novomigcenter\/index.php?rest_route=%2Fwp%2Fv2%2Fproduct_brand&post=12492"},{"taxonomy":"product_cat","embeddable":true,"href":"https:\/\/twsites.com.br\/novomigcenter\/index.php?rest_route=%2Fwp%2Fv2%2Fproduct_cat&post=12492"},{"taxonomy":"product_tag","embeddable":true,"href":"https:\/\/twsites.com.br\/novomigcenter\/index.php?rest_route=%2Fwp%2Fv2%2Fproduct_tag&post=12492"}],"curies":[{"name":"wp","href":"https:\/\/api.w.org\/{rel}","templated":true}]}}