{"id":12496,"date":"2018-06-25T14:49:55","date_gmt":"2018-06-25T14:49:55","guid":{"rendered":"https:\/\/twsites.com.br\/novomigcenter\/?product=balanca-micheletti-eletronica-sem-coluna-150-kg-mic-150"},"modified":"2018-06-25T14:49:55","modified_gmt":"2018-06-25T14:49:55","slug":"balanca-micheletti-eletronica-sem-coluna-150-kg-mic-150","status":"publish","type":"product","link":"https:\/\/twsites.com.br\/novomigcenter\/?product=balanca-micheletti-eletronica-sem-coluna-150-kg-mic-150","title":{"rendered":"Balan\u00e7a Micheletti Eletr\u00f4nica Sem Coluna 150Kg &#8211; Mic 150"},"content":{"rendered":"<p style=\"border: 0px; padding: 0px; margin-bottom: 15px; background-color: transparent; outline: 0px; vertical-align: top; -webkit-font-smoothing: antialiased; font-family: Ubuntu; color: rgb(69, 69, 70); line-height: 20px;\">Adequada para setores industriais e comerciais que necessitem efetuar pesagens e confer\u00eancias de materiais na produ\u00e7\u00e3o, recebimento e ou expedi\u00e7\u00e3o.<\/p>\n<p style=\"border: 0px; padding: 0px; margin-bottom: 15px; background-color: transparent; outline: 0px; vertical-align: top; -webkit-font-smoothing: antialiased; font-family: Ubuntu; color: rgb(69, 69, 70); line-height: 20px;\">Confira algumas caracter\u00edsticas das balan\u00e7as eletr\u00f4nicas da Micheletti<\/p>\n<p style=\"border: 0px; padding: 0px; margin-bottom: 15px; background-color: transparent; outline: 0px; vertical-align: top; -webkit-font-smoothing: antialiased; font-family: Ubuntu; color: rgb(69, 69, 70); line-height: 20px;\">\u2022 Constru\u00eddas em a\u00e7o carbono SAE 1020<br style=\"border: none; padding: 0px; margin: 0px;\">\u2022 Estrutura refor\u00e7adas<br style=\"border: none; padding: 0px; margin: 0px;\">\u2022 Acabamento em pintura industrial martelada<br style=\"border: none; padding: 0px; margin: 0px;\">\u2022 Superf\u00edcie de pesagem lisa<br style=\"border: none; padding: 0px; margin: 0px;\">\u2022 P\u00e9s emborrachados que garantem a fixa\u00e7\u00e3o e ader\u00eancia<br style=\"border: none; padding: 0px; margin: 0px;\">\u2022 Indicador de peso remoto ou fixado em coluna<br style=\"border: none; padding: 0px; margin: 0px;\">\u2022 Display de alta luminosidade que garante perfeita visualiza\u00e7\u00e3o do resultado da pesagem.<\/p>\n","protected":false},"excerpt":{"rendered":"<p>Adequada para setores industriais e comerciais que necessitem efetuar pesagens e confer\u00eancias de materiais na produ\u00e7\u00e3o, recebimento e ou expedi\u00e7\u00e3o. Confira algumas caracter\u00edsticas das balan\u00e7as eletr\u00f4nicas da Micheletti \u2022 Constru\u00eddas em a\u00e7o carbono SAE 1020\u2022 Estrutura refor\u00e7adas\u2022 Acabamento em pintura industrial martelada\u2022 Superf\u00edcie de pesagem lisa\u2022 P\u00e9s emborrachados que garantem a fixa\u00e7\u00e3o e ader\u00eancia\u2022 Indicador [&hellip;]<\/p>\n","protected":false},"featured_media":12495,"comment_status":"open","ping_status":"closed","template":"","meta":[],"product_brand":[],"product_cat":[297,440],"product_tag":[],"class_list":{"0":"post-12496","1":"product","2":"type-product","3":"status-publish","4":"has-post-thumbnail","6":"product_cat-balanca","7":"product_cat-maquinas","9":"first","10":"instock","11":"shipping-taxable","12":"purchasable","13":"product-type-simple"},"_links":{"self":[{"href":"https:\/\/twsites.com.br\/novomigcenter\/index.php?rest_route=\/wp\/v2\/product\/12496","targetHints":{"allow":["GET"]}}],"collection":[{"href":"https:\/\/twsites.com.br\/novomigcenter\/index.php?rest_route=\/wp\/v2\/product"}],"about":[{"href":"https:\/\/twsites.com.br\/novomigcenter\/index.php?rest_route=\/wp\/v2\/types\/product"}],"replies":[{"embeddable":true,"href":"https:\/\/twsites.com.br\/novomigcenter\/index.php?rest_route=%2Fwp%2Fv2%2Fcomments&post=12496"}],"wp:featuredmedia":[{"embeddable":true,"href":"https:\/\/twsites.com.br\/novomigcenter\/index.php?rest_route=\/wp\/v2\/media\/12495"}],"wp:attachment":[{"href":"https:\/\/twsites.com.br\/novomigcenter\/index.php?rest_route=%2Fwp%2Fv2%2Fmedia&parent=12496"}],"wp:term":[{"taxonomy":"product_brand","embeddable":true,"href":"https:\/\/twsites.com.br\/novomigcenter\/index.php?rest_route=%2Fwp%2Fv2%2Fproduct_brand&post=12496"},{"taxonomy":"product_cat","embeddable":true,"href":"https:\/\/twsites.com.br\/novomigcenter\/index.php?rest_route=%2Fwp%2Fv2%2Fproduct_cat&post=12496"},{"taxonomy":"product_tag","embeddable":true,"href":"https:\/\/twsites.com.br\/novomigcenter\/index.php?rest_route=%2Fwp%2Fv2%2Fproduct_tag&post=12496"}],"curies":[{"name":"wp","href":"https:\/\/api.w.org\/{rel}","templated":true}]}}