{"id":12508,"date":"2018-06-25T16:26:20","date_gmt":"2018-06-25T16:26:20","guid":{"rendered":"https:\/\/twsites.com.br\/novomigcenter\/?product=modulo-balanca-pop-duplex-mdpa-080"},"modified":"2018-06-25T16:26:20","modified_gmt":"2018-06-25T16:26:20","slug":"modulo-balanca-pop-duplex-mdpa-080","status":"publish","type":"product","link":"https:\/\/twsites.com.br\/novomigcenter\/?product=modulo-balanca-pop-duplex-mdpa-080","title":{"rendered":"M\u00d3DULO BALAN\u00c7A Pop Duplex MDPA-080"},"content":{"rendered":"<div class=\"miolo\" style=\"outline: 0px; -webkit-font-smoothing: antialiased; text-rendering: optimizeLegibility; border: 0px; font-size: inherit; font-family: alegreya_sansregular; margin: 0px; padding: 0px; vertical-align: baseline; float: right; width: 790px; caret-color: rgb(76, 76, 76); color: rgb(76, 76, 76);\">\n<div class=\"bloco-desc-prod\" style=\"outline: 0px; -webkit-font-smoothing: antialiased; text-rendering: optimizeLegibility; border: 0px; font-style: inherit; font-size: 15px; font-family: inherit; margin: 0px 20px 0px 0px; padding: 0px; vertical-align: baseline; float: left; clear: both; width: 440px; line-height: 30px;\"><strong class=\"tit-bloco-desc\" style=\"outline: transparent none medium; -webkit-font-smoothing: antialiased; text-rendering: optimizeLegibility;\">Descri\u00e7\u00e3o do Produto<\/strong><\/p>\n<p style=\"outline: 0px; -webkit-font-smoothing: antialiased; text-rendering: optimizeLegibility; border: 0px; font-style: inherit; font-size: inherit; font-family: inherit; margin-bottom: 0px; padding: 0px; vertical-align: baseline;\">\n<p class=\"MsoNormal\" style=\"outline: 0px; -webkit-font-smoothing: antialiased; text-rendering: optimizeLegibility; border: 0px; font-style: inherit; font-size: 12pt; font-family: Calibri; margin: 0cm 0cm 0.0001pt; padding: 0px; vertical-align: baseline;\"><span style=\"outline: 0px; -webkit-font-smoothing: antialiased; text-rendering: optimizeLegibility; border: 0px; font-style: inherit; font-size: 10pt; font-family: Arial; margin: 0px; padding: 0px; vertical-align: baseline; color: rgb(82, 82, 82);\">Acondicionamento de balan\u00e7a<\/span><span style=\"outline: 0px; -webkit-font-smoothing: antialiased; text-rendering: optimizeLegibility; border: 0px; font-style: inherit; font-size: 10pt; font-family: Arial; margin: 0px; padding: 0px; vertical-align: baseline; color: rgb(82, 82, 82);\"><br style=\"outline: transparent none medium; -webkit-font-smoothing: antialiased; text-rendering: optimizeLegibility;\"><span style=\"outline: 0px; -webkit-font-smoothing: antialiased; text-rendering: optimizeLegibility; border: 0px; font-style: inherit; font-size: inherit; font-family: inherit; margin: 0px; padding: 0px; vertical-align: baseline;\">P\u00e9s regul\u00e1veis<\/span><br style=\"outline: transparent none medium; -webkit-font-smoothing: antialiased; text-rendering: optimizeLegibility;\"><span style=\"outline: 0px; -webkit-font-smoothing: antialiased; text-rendering: optimizeLegibility; border: 0px; font-style: inherit; font-size: inherit; font-family: inherit; margin: 0px; padding: 0px; vertical-align: baseline;\">2 Op\u00e7\u00f5es de Cores: Para-choque Vermelho (padr\u00e3o), Para-choque Azul (opcional)<\/span><\/span><span style=\"outline: 0px; -webkit-font-smoothing: antialiased; text-rendering: optimizeLegibility; border: 0px; font-style: inherit; font-size: 10pt; font-family: Arial; margin: 0px; padding: 0px; vertical-align: baseline;\"><o:p style=\"outline: transparent none medium; -webkit-font-smoothing: antialiased; text-rendering: optimizeLegibility;\"><\/o:p><\/span><\/p>\n<p class=\"MsoNormal\" style=\"outline: 0px; -webkit-font-smoothing: antialiased; text-rendering: optimizeLegibility; border: 0px; font-style: inherit; font-size: 12pt; font-family: Calibri; margin: 0cm 0cm 0.0001pt; padding: 0px; vertical-align: baseline;\"><span style=\"outline: 0px; -webkit-font-smoothing: antialiased; text-rendering: optimizeLegibility; border: 0px; font-style: inherit; font-size: 10pt; font-family: Arial; margin: 0px; padding: 0px; vertical-align: baseline; color: rgb(82, 82, 82);\"><span style=\"outline: 0px; -webkit-font-smoothing: antialiased; text-rendering: optimizeLegibility; border: 0px; font-style: inherit; font-size: inherit; font-family: inherit; margin: 0px; padding: 0px; vertical-align: baseline;\"><br style=\"outline: transparent none medium; -webkit-font-smoothing: antialiased; text-rendering: optimizeLegibility;\"><\/span><\/span><\/p>\n<p style=\"outline: 0px; -webkit-font-smoothing: antialiased; text-rendering: optimizeLegibility; border: 0px; font-style: inherit; font-size: 12pt; font-family: &quot;Times New Roman&quot;; margin: 0cm 0cm 0.0001pt; padding: 0px; vertical-align: baseline;\"><span style=\"outline: 0px; -webkit-font-smoothing: antialiased; text-rendering: optimizeLegibility; border: 0px; font-weight: bold; font-style: inherit; font-size: inherit; font-family: inherit; margin: 0px; padding: 0px; vertical-align: baseline;\"><span style=\"outline: 0px; -webkit-font-smoothing: antialiased; text-rendering: optimizeLegibility; border: 1pt none windowtext; font-weight: 400; font-style: inherit; font-size: 7.5pt; font-family: Arial; margin: 0px; padding: 0cm; vertical-align: baseline; color: black;\">Informa\u00e7\u00f5es importantes:<\/span><u1:p style=\"outline: transparent none medium; -webkit-font-smoothing: antialiased; text-rendering: optimizeLegibility;\"><\/u1:p>&nbsp; &nbsp;<\/span>&nbsp;<span style=\"outline: 0px; -webkit-font-smoothing: antialiased; text-rendering: optimizeLegibility; border: 0px; font-style: inherit; font-size: 10pt; font-family: Arial; margin: 0px; padding: 0px; vertical-align: baseline;\"><br style=\"outline: transparent none medium; -webkit-font-smoothing: antialiased; text-rendering: optimizeLegibility;\"><\/span><\/p>\n<p class=\"mb-5\" style=\"outline: 0px; -webkit-font-smoothing: antialiased; text-rendering: optimizeLegibility; border: 0px; font-style: inherit; font-size: 12pt; font-family: &quot;Times New Roman&quot;; margin: 0cm 0cm 0.0001pt; padding: 0px; vertical-align: baseline;\"><span style=\"outline: 0px; -webkit-font-smoothing: antialiased; text-rendering: optimizeLegibility; border: 0px; font-style: inherit; font-size: 7.5pt; font-family: Arial; margin: 0px; padding: 0px; vertical-align: baseline; color: black;\">&#8211;<span class=\"apple-converted-space\" style=\"outline: 0px; -webkit-font-smoothing: antialiased; text-rendering: optimizeLegibility; border: 0px; font-style: inherit; font-size: inherit; font-family: inherit; margin: 0px; padding: 0px; vertical-align: baseline;\">&nbsp;<\/span><\/span><span style=\"outline: 0px; -webkit-font-smoothing: antialiased; text-rendering: optimizeLegibility; border: 0px; font-style: inherit; font-size: 7.5pt; font-family: Arial; margin: 0px; padding: 0px; vertical-align: baseline;\">Imagens meramente ilustrativas. Imagens e informa\u00e7\u00f5es sujeitas a altera\u00e7\u00f5es sem aviso pr\u00e9vio.&nbsp;<\/span><span style=\"outline: 0px; -webkit-font-smoothing: antialiased; text-rendering: optimizeLegibility; border: 0px; font-style: inherit; font-size: 7.5pt; font-family: inherit; margin: 0px; padding: 0px; vertical-align: baseline;\"><o:p style=\"outline: transparent none medium; -webkit-font-smoothing: antialiased; text-rendering: optimizeLegibility;\"><\/o:p><\/span><\/p>\n<p class=\"mb-5\" style=\"outline: 0px; -webkit-font-smoothing: antialiased; text-rendering: optimizeLegibility; border: 0px; font-style: inherit; font-size: 12pt; font-family: &quot;Times New Roman&quot;; margin: 0cm 0cm 0.0001pt; padding: 0px; vertical-align: baseline;\"><span style=\"outline: 0px; -webkit-font-smoothing: antialiased; text-rendering: optimizeLegibility; border: 0px; font-style: inherit; font-size: 7.5pt; font-family: Arial; margin: 0px; padding: 0px; vertical-align: baseline;\">&#8211; Cores de acabamento e materiais sujeitos a varia\u00e7\u00e3o de acordo com o lote de produ\u00e7\u00e3o e\/ou entre os materiais que comp\u00f5em o produto (ex.: chapa, pl\u00e1stico, madeiras e etc.).<\/span><\/p>\n<\/div>\n<table class=\"tabela-especificacoes\" style=\"outline: 0px; -webkit-font-smoothing: antialiased; text-rendering: optimizeLegibility; border: 0px; font-style: inherit; font-size: inherit; font-family: inherit; margin: 0px; padding: 0px; vertical-align: baseline; border-collapse: separate; width: 330px; table-layout: fixed;\">\n<tbody style=\"outline: 0px; -webkit-font-smoothing: antialiased; text-rendering: optimizeLegibility; border: 0px; font-style: inherit; font-size: inherit; font-family: inherit; margin: 0px; padding: 0px; vertical-align: baseline;\">\n<tr style=\"outline: 0px; -webkit-font-smoothing: antialiased; text-rendering: optimizeLegibility; border: 0px; font-style: inherit; font-size: inherit; font-family: inherit; margin: 0px; padding: 0px; vertical-align: baseline;\">\n<td class=\"label-especificacoes\" width=\"190\" style=\"outline: 0px; -webkit-font-smoothing: antialiased; text-rendering: optimizeLegibility; border-width: 0px 5px 5px 0px; border-right-style: solid; border-bottom-style: solid; border-right-color: rgb(255, 255, 255); border-bottom-color: rgb(255, 255, 255); font-style: inherit; font-size: 15px; font-family: alegreya_sansmedium; margin: 0px; padding: 7px; vertical-align: baseline; background-color: rgb(249, 249, 249); color: rgb(74, 74, 74); word-wrap: break-word; overflow-wrap: break-word;\">Frente(mm)<\/td>\n<td colspan=\"2\" style=\"outline: 0px; -webkit-font-smoothing: antialiased; text-rendering: optimizeLegibility; border-width: 0px 5px 5px 0px; border-right-style: solid; border-bottom-style: solid; border-right-color: rgb(255, 255, 255); border-bottom-color: rgb(255, 255, 255); font-style: inherit; font-size: 15px; font-family: alegreya_sansmedium; margin: 0px; padding: 7px; vertical-align: baseline; background-color: rgb(249, 249, 249); color: rgb(74, 74, 74); word-wrap: break-word; overflow-wrap: break-word;\">800<\/td>\n<\/tr>\n<tr style=\"outline: 0px; -webkit-font-smoothing: antialiased; text-rendering: optimizeLegibility; border: 0px; font-style: inherit; font-size: inherit; font-family: inherit; margin: 0px; padding: 0px; vertical-align: baseline;\">\n<td class=\"label-especificacoes\" width=\"190\" style=\"outline: 0px; -webkit-font-smoothing: antialiased; text-rendering: optimizeLegibility; border-width: 0px 5px 5px 0px; border-right-style: solid; border-bottom-style: solid; border-right-color: rgb(255, 255, 255); border-bottom-color: rgb(255, 255, 255); font-style: inherit; font-size: 15px; font-family: alegreya_sansmedium; margin: 0px; padding: 7px; vertical-align: baseline; background-color: rgb(249, 249, 249); color: rgb(74, 74, 74); word-wrap: break-word; overflow-wrap: break-word;\">Profundidade(mm)<\/td>\n<td colspan=\"2\" style=\"outline: 0px; -webkit-font-smoothing: antialiased; text-rendering: optimizeLegibility; border-width: 0px 5px 5px 0px; border-right-style: solid; border-bottom-style: solid; border-right-color: rgb(255, 255, 255); border-bottom-color: rgb(255, 255, 255); font-style: inherit; font-size: 15px; font-family: alegreya_sansmedium; margin: 0px; padding: 7px; vertical-align: baseline; background-color: rgb(249, 249, 249); color: rgb(74, 74, 74); word-wrap: break-word; overflow-wrap: break-word;\">935<\/td>\n<\/tr>\n<tr style=\"outline: 0px; -webkit-font-smoothing: antialiased; text-rendering: optimizeLegibility; border: 0px; font-style: inherit; font-size: inherit; font-family: inherit; margin: 0px; padding: 0px; vertical-align: baseline;\">\n<td class=\"label-especificacoes\" width=\"190\" style=\"outline: 0px; -webkit-font-smoothing: antialiased; text-rendering: optimizeLegibility; border-width: 0px 5px 5px 0px; border-right-style: solid; border-bottom-style: solid; border-right-color: rgb(255, 255, 255); border-bottom-color: rgb(255, 255, 255); font-style: inherit; font-size: 15px; font-family: alegreya_sansmedium; margin: 0px; padding: 7px; vertical-align: baseline; background-color: rgb(249, 249, 249); color: rgb(74, 74, 74); word-wrap: break-word; overflow-wrap: break-word;\">Altura(mm)<\/td>\n<td colspan=\"2\" style=\"outline: 0px; -webkit-font-smoothing: antialiased; text-rendering: optimizeLegibility; border-width: 0px 5px 5px 0px; border-right-style: solid; border-bottom-style: solid; border-right-color: rgb(255, 255, 255); border-bottom-color: rgb(255, 255, 255); font-style: inherit; font-size: 15px; font-family: alegreya_sansmedium; margin: 0px; padding: 7px; vertical-align: baseline; background-color: rgb(249, 249, 249); color: rgb(74, 74, 74); word-wrap: break-word; overflow-wrap: break-word;\">790<\/td>\n<\/tr>\n<tr style=\"outline: 0px; -webkit-font-smoothing: antialiased; text-rendering: optimizeLegibility; border: 0px; font-style: inherit; font-size: inherit; font-family: inherit; margin: 0px; padding: 0px; vertical-align: baseline;\">\n<td class=\"label-especificacoes\" width=\"190\" style=\"outline: 0px; -webkit-font-smoothing: antialiased; text-rendering: optimizeLegibility; border-width: 0px 5px 5px 0px; border-right-style: solid; border-bottom-style: solid; border-right-color: rgb(255, 255, 255); border-bottom-color: rgb(255, 255, 255); font-style: inherit; font-size: 15px; font-family: alegreya_sansmedium; margin: 0px; padding: 7px; vertical-align: baseline; background-color: rgb(249, 249, 249); color: rgb(74, 74, 74); word-wrap: break-word; overflow-wrap: break-word;\">Peso bruto(kg)<\/td>\n<td colspan=\"2\" style=\"outline: 0px; -webkit-font-smoothing: antialiased; text-rendering: optimizeLegibility; border-width: 0px 5px 5px 0px; border-right-style: solid; border-bottom-style: solid; border-right-color: rgb(255, 255, 255); border-bottom-color: rgb(255, 255, 255); font-style: inherit; font-size: 15px; font-family: alegreya_sansmedium; margin: 0px; padding: 7px; vertical-align: baseline; background-color: rgb(249, 249, 249); color: rgb(74, 74, 74); word-wrap: break-word; overflow-wrap: break-word;\">69<\/td>\n<\/tr>\n<\/tbody>\n<\/table>\n<\/div>\n<div class=\"produtos-relacionados\" style=\"outline: 0px; -webkit-font-smoothing: antialiased; text-rendering: optimizeLegibility; border: 0px; font-size: inherit; font-family: alegreya_sansregular; margin: 0px; padding: 40px 0px 0px; vertical-align: baseline; float: left; width: 1175px; caret-color: rgb(76, 76, 76); color: rgb(76, 76, 76);\"><\/div>\n","protected":false},"excerpt":{"rendered":"<p>Descri\u00e7\u00e3o do Produto Acondicionamento de balan\u00e7aP\u00e9s regul\u00e1veis2 Op\u00e7\u00f5es de Cores: Para-choque Vermelho (padr\u00e3o), Para-choque Azul (opcional) Informa\u00e7\u00f5es importantes:&nbsp; &nbsp;&nbsp; &#8211;&nbsp;Imagens meramente ilustrativas. Imagens e informa\u00e7\u00f5es sujeitas a altera\u00e7\u00f5es sem aviso pr\u00e9vio.&nbsp; &#8211; Cores de acabamento e materiais sujeitos a varia\u00e7\u00e3o de acordo com o lote de produ\u00e7\u00e3o e\/ou entre os materiais que comp\u00f5em o produto [&hellip;]<\/p>\n","protected":false},"featured_media":12505,"comment_status":"open","ping_status":"closed","template":"","meta":[],"product_brand":[],"product_cat":[407],"product_tag":[],"class_list":{"0":"post-12508","1":"product","2":"type-product","3":"status-publish","4":"has-post-thumbnail","6":"product_cat-modulos","8":"first","9":"instock","10":"shipping-taxable","11":"purchasable","12":"product-type-simple"},"_links":{"self":[{"href":"https:\/\/twsites.com.br\/novomigcenter\/index.php?rest_route=\/wp\/v2\/product\/12508","targetHints":{"allow":["GET"]}}],"collection":[{"href":"https:\/\/twsites.com.br\/novomigcenter\/index.php?rest_route=\/wp\/v2\/product"}],"about":[{"href":"https:\/\/twsites.com.br\/novomigcenter\/index.php?rest_route=\/wp\/v2\/types\/product"}],"replies":[{"embeddable":true,"href":"https:\/\/twsites.com.br\/novomigcenter\/index.php?rest_route=%2Fwp%2Fv2%2Fcomments&post=12508"}],"wp:featuredmedia":[{"embeddable":true,"href":"https:\/\/twsites.com.br\/novomigcenter\/index.php?rest_route=\/wp\/v2\/media\/12505"}],"wp:attachment":[{"href":"https:\/\/twsites.com.br\/novomigcenter\/index.php?rest_route=%2Fwp%2Fv2%2Fmedia&parent=12508"}],"wp:term":[{"taxonomy":"product_brand","embeddable":true,"href":"https:\/\/twsites.com.br\/novomigcenter\/index.php?rest_route=%2Fwp%2Fv2%2Fproduct_brand&post=12508"},{"taxonomy":"product_cat","embeddable":true,"href":"https:\/\/twsites.com.br\/novomigcenter\/index.php?rest_route=%2Fwp%2Fv2%2Fproduct_cat&post=12508"},{"taxonomy":"product_tag","embeddable":true,"href":"https:\/\/twsites.com.br\/novomigcenter\/index.php?rest_route=%2Fwp%2Fv2%2Fproduct_tag&post=12508"}],"curies":[{"name":"wp","href":"https:\/\/api.w.org\/{rel}","templated":true}]}}